{"id":4187,"date":"2025-12-30T11:22:54","date_gmt":"2025-12-30T03:22:54","guid":{"rendered":"https:\/\/minghanggroup.com\/?post_type=product&#038;p=4187"},"modified":"2025-12-30T17:03:18","modified_gmt":"2025-12-30T09:03:18","slug":"glass-perfume-spray-bottles-for-packaging-wholesale","status":"publish","type":"product","link":"https:\/\/minghanggroup.com\/tr\/urun\/glass-perfume-spray-bottles-for-packaging-wholesale\/","title":{"rendered":"50 ml ve 100 ml&#039;lik Cam Parf\u00fcm Sprey \u015ei\u015feleri, Toptan Ambalaj \u0130\u00e7in"},"content":{"rendered":"<p>Cam parf\u00fcm sprey \u015fi\u015feleriniz, m\u00fc\u015fterilerin durup hayranl\u0131kla bakmas\u0131n\u0131 sa\u011flamal\u0131. Parf\u00fcm ambalaj\u0131nda \u200b\u200bba\u015far\u0131 i\u00e7in tasarlanm\u0131\u015f, toptan olarak sat\u0131lan birinci s\u0131n\u0131f parf\u00fcm \u015fi\u015feleri \u00fcretiyoruz; her bir cam parf\u00fcm sprey \u015fi\u015fesi markan\u0131z\u0131n imzas\u0131 haline geliyor.<\/p>\n<h2>\u00dcr\u00fcn \u00d6zellikleri<\/h2>\n<ul>\n<li><strong>Y\u00fcksek \u015eeffafl\u0131kta Cam G\u00f6vde: <\/strong>\u015ei\u015fenin g\u00f6vdesi \u00e7ok berrak, temiz ve \u015feffaf camdan yap\u0131lm\u0131\u015ft\u0131r, bu sayede parf\u00fcm\u00fcn rengi \u00e7ok net bir \u015fekilde g\u00f6r\u00fclebilir.<\/li>\n<li><strong>G\u00fc\u00e7lendirilmi\u015f Kal\u0131n Cam Taban:<\/strong> Kal\u0131nla\u015ft\u0131r\u0131lm\u0131\u015f cam taban, \u015fi\u015feyi dengelemekle kalmaz, ayn\u0131 zamanda ona l\u00fcks, a\u011f\u0131r ve sa\u011flam bir dokunsal etki de kazand\u0131r\u0131r.<\/li>\n<li><strong>Zamans\u0131z Minimalist Tasar\u0131m:<\/strong> Sade ve g\u00fczel tasar\u0131m\u0131 hem \u00e7a\u011fda\u015f hem de geleneksel koku konseptleriyle uyumlu oldu\u011fundan, hem perakende sat\u0131\u015f hem de hediye verme i\u00e7in m\u00fckemmeldir.<\/li>\n<\/ul>\n<h2>Temel \u00d6zellikler<\/h2>\n<table style=\"border-collapse: collapse; width: 80%; margin-left: auto; margin-right: auto;\" border=\"0\" width=\"288\" cellspacing=\"0\" cellpadding=\"0\">\n<tbody>\n<tr style=\"height: 13.50pt;\">\n<td style=\"height: 13.5pt; width: 54pt; text-align: center;\" width=\"72\" height=\"18\">Kapasite(ml)<\/td>\n<td style=\"width: 54pt; text-align: center;\" width=\"72\">\u00d6l\u00e7\u00fcler (mm)<\/td>\n<td style=\"width: 54pt; text-align: center;\" width=\"72\">M\u00fch\u00fcr Tipi<\/td>\n<td style=\"width: 54pt; text-align: center;\" width=\"72\">Renk Se\u00e7enekleri<\/td>\n<\/tr>\n<tr style=\"height: 13.50pt;\">\n<td style=\"height: 13.5pt; text-align: center;\" align=\"right\" height=\"18\">50<\/td>\n<td style=\"text-align: center;\">47 x 81<\/td>\n<td class=\"et2\" style=\"text-align: center;\" rowspan=\"2\">15 mm S\u0131k\u0131\u015ft\u0131rma boyunlu + p\u00fcsk\u00fcrt\u00fcc\u00fc<\/td>\n<td class=\"et2\" style=\"text-align: center;\" rowspan=\"2\">\u00d6zelle\u015ftirilebilir<\/td>\n<\/tr>\n<tr style=\"height: 13.50pt;\">\n<td style=\"height: 13.5pt; text-align: center;\" align=\"right\" height=\"18\">100<\/td>\n<td style=\"text-align: center;\">59 x 103<\/td>\n<\/tr>\n<\/tbody>\n<\/table>\n<h2>Ba\u015far\u0131 \u00d6rne\u011fi<\/h2>\n<p>Bir parf\u00fcm markas\u0131, ilk ambalaj\u0131n\u0131n kokular\u0131n\u0131n kalitesini tam olarak yans\u0131tmad\u0131\u011f\u0131na inan\u0131yordu. Cam parf\u00fcm sprey \u015fi\u015felerinde de\u011fi\u015fiklik yaparak, \u015fi\u015feleri buzlu bir g\u00f6r\u00fcn\u00fcm, kabartmal\u0131 bir logo ve \u00fcst d\u00fczey bir metal sprey pompas\u0131yla ki\u015fiselle\u015ftirdiler.<\/p>\n<p>Geli\u015ftirilmi\u015f ambalaj, raflardaki g\u00f6r\u00fcn\u00fcm\u00fcne an\u0131nda yepyeni bir hava katt\u0131 ve bu da ilk \u00e7eyrekte sat\u0131\u015flar\u0131n artmas\u0131na neden oldu. Marka, daha fazla sipari\u015f vermeye ve yeni parf\u00fcm lansmanlar\u0131 i\u00e7in de ayn\u0131 \u015fi\u015fe tasar\u0131m\u0131n\u0131 kullanmaya karar verdi.<\/p>\n<h2>\u00d6zelle\u015ftirme Se\u00e7enekleriniz<\/h2>\n<ol>\n<li><strong>Kapak Kaplamalar\u0131: <\/strong>Kapaklar\u0131 markan\u0131zla uyumlu hale getirmek i\u00e7in alt\u0131n, g\u00fcm\u00fc\u015f veya siyah metalik se\u00e7enekleri tercih edin.<\/li>\n<li><strong>Renk Uyumu: <\/strong>Markan\u0131z\u0131n renk paletine uygun cam tonlar\u0131n\u0131 \u00f6zelle\u015ftirin.<\/li>\n<li><strong>Etiket Yerle\u015fimi: <\/strong>An\u0131nda tan\u0131nabilirlik i\u00e7in silindirik cam \u015fi\u015feye \u00f6zel marka logosu ekleyin.<\/li>\n<li><strong>Premium Dekorasyon: <\/strong>Netli\u011fi bozmadan l\u00fcks bir g\u00f6r\u00fcn\u00fcm i\u00e7in ince kabartma detaylar\u0131 ekleyin.<\/li>\n<\/ol>","protected":false},"excerpt":{"rendered":"<p>Kal\u0131n tabanl\u0131 ve metal p\u00fcsk\u00fcrtme ba\u015fl\u0131\u011f\u0131na sahip cam parf\u00fcm sprey \u015fi\u015feleri. Fabrikadan do\u011frudan toptan parf\u00fcm \u015fi\u015feleri, \u00fccretsiz numuneler ve toplu sipari\u015flerde \u00f6zelle\u015ftirme se\u00e7enekleri mevcuttur.<\/p>","protected":false},"featured_media":4192,"template":"","meta":{"postBodyCss":"","postBodyMargin":[],"postBodyPadding":[],"postBodyBackground":{"backgroundType":"classic","gradient":""}},"product_brand":[],"product_cat":[15,16,62],"product_tag":[],"class_list":{"0":"post-4187","1":"product","2":"type-product","3":"status-publish","4":"has-post-thumbnail","6":"product_cat-glass-containers","7":"product_cat-glass-bottles","8":"product_cat-perfume-bottles","10":"first","11":"instock","12":"shipping-taxable","13":"product-type-simple"},"jetpack_sharing_enabled":true,"_links":{"self":[{"href":"https:\/\/minghanggroup.com\/tr\/wp-json\/wp\/v2\/product\/4187","targetHints":{"allow":["GET"]}}],"collection":[{"href":"https:\/\/minghanggroup.com\/tr\/wp-json\/wp\/v2\/product"}],"about":[{"href":"https:\/\/minghanggroup.com\/tr\/wp-json\/wp\/v2\/types\/product"}],"wp:featuredmedia":[{"embeddable":true,"href":"https:\/\/minghanggroup.com\/tr\/wp-json\/wp\/v2\/media\/4192"}],"wp:attachment":[{"href":"https:\/\/minghanggroup.com\/tr\/wp-json\/wp\/v2\/media?parent=4187"}],"wp:term":[{"taxonomy":"product_brand","embeddable":true,"href":"https:\/\/minghanggroup.com\/tr\/wp-json\/wp\/v2\/product_brand?post=4187"},{"taxonomy":"product_cat","embeddable":true,"href":"https:\/\/minghanggroup.com\/tr\/wp-json\/wp\/v2\/product_cat?post=4187"},{"taxonomy":"product_tag","embeddable":true,"href":"https:\/\/minghanggroup.com\/tr\/wp-json\/wp\/v2\/product_tag?post=4187"}],"curies":[{"name":"wp","href":"https:\/\/api.w.org\/{rel}","templated":true}]}}