{"id":4186,"date":"2025-12-30T10:18:04","date_gmt":"2025-12-30T02:18:04","guid":{"rendered":"https:\/\/minghanggroup.com\/?post_type=product&#038;p=4186"},"modified":"2025-12-30T13:02:03","modified_gmt":"2025-12-30T05:02:03","slug":"crystal-fragrance-bottle-with-thick-base-bulk","status":"publish","type":"product","link":"https:\/\/minghanggroup.com\/tr\/urun\/crystal-fragrance-bottle-with-thick-base-bulk\/","title":{"rendered":"100 ml Kal\u0131n Tabanl\u0131 Kristal Parf\u00fcm \u015ei\u015fesi (Toptan Sat\u0131\u015f)"},"content":{"rendered":"<p>Bu kristal parf\u00fcm \u015fi\u015fesi, kristal berrakl\u0131\u011f\u0131nda ve parlak camdan yap\u0131lm\u0131\u015ft\u0131r (dayan\u0131kl\u0131l\u0131\u011f\u0131 ve sa\u011flaml\u0131\u011f\u0131 art\u0131rmak i\u00e7in taban\u0131 kal\u0131nla\u015ft\u0131r\u0131lm\u0131\u015ft\u0131r). Kapa\u011f\u0131 g\u00f6z kama\u015ft\u0131r\u0131c\u0131 elmas kesim kristalden yap\u0131lm\u0131\u015ft\u0131r ve daha da parlamas\u0131 i\u00e7in \u00fczerine alt\u0131n bir halka yerle\u015ftirilmi\u015ftir.<\/p>\n<h2>\u00dcr\u00fcn \u00d6zellikleri<\/h2>\n<ul>\n<li><strong>Elmas Kesim \u015eapka:<\/strong> \u015eeffaf kapak, \u0131\u015f\u0131\u011f\u0131 yans\u0131tan elmas desenli bir kesime sahiptir; bu da \u015fi\u015feye daha zarif bir g\u00f6r\u00fcn\u00fcm kazand\u0131r\u0131r ve \u00fcr\u00fcn\u00fcn l\u00fcks do\u011fas\u0131n\u0131 daha belirgin hale getirir.<\/li>\n<li><strong>Alt\u0131n Y\u00fcz\u00fck Detay\u0131:<\/strong> Kapak ve \u015fi\u015feyi birbirine ba\u011flayan alt\u0131n halka, tasar\u0131ma g\u00f6rsel bir derinlik kat\u0131yor ve k\u00fc\u00e7\u00fck ama \u015f\u0131k bir incelik dokunu\u015fu ekliyor.<\/li>\n<li><strong>\u00c7ok Katmanl\u0131 Tasar\u0131m Taban\u0131:<\/strong> Taban, kal\u0131n, \u00e7ok katmanl\u0131 ve dolay\u0131s\u0131yla daha sa\u011flam olacak \u015fekilde tasarlanm\u0131\u015ft\u0131r. Bunun yan\u0131 s\u0131ra, cam\u0131n dokusuna da dikkat \u00e7ekmektedir.<\/li>\n<\/ul>\n<h2 style=\"text-align: left;\">Temel \u00d6zellikler<\/h2>\n<table class=\"aligncenter\" style=\"border-collapse: collapse; width: 548.27pt;\" border=\"0\" width=\"731\" cellspacing=\"0\" cellpadding=\"0\">\n<tbody>\n<tr style=\"height: 13.50pt;\">\n<td style=\"height: 13.50pt; width: 130.50pt;\" width=\"174\" height=\"18\">\u015eartname<\/td>\n<td style=\"width: 417.75pt;\" width=\"557\">Detaylar<\/td>\n<\/tr>\n<tr style=\"height: 13.50pt;\">\n<td style=\"height: 13.50pt;\" height=\"18\">Kapasite<\/td>\n<td>100 ml<\/td>\n<\/tr>\n<tr style=\"height: 13.50pt;\">\n<td style=\"height: 13.50pt;\" height=\"18\">Boyutlar<\/td>\n<td>55\u00d7114 mm<\/td>\n<\/tr>\n<tr style=\"height: 13.50pt;\">\n<td style=\"height: 13.50pt;\" height=\"18\">Malzeme<\/td>\n<td>\u015eeffaf Cam G\u00f6vde; Kristal Benzeri \u00c7ok Y\u00fczl\u00fc Kapak; Alt\u0131n Metal Halka Detay\u0131<\/td>\n<\/tr>\n<tr style=\"height: 13.50pt;\">\n<td style=\"height: 13.50pt;\" height=\"18\">Kapatma T\u00fcr\u00fc<\/td>\n<td>Alt\u0131n metal halkal\u0131 kristal kesim kapak; entegre hassas p\u00fcsk\u00fcrtme pompas\u0131<\/td>\n<\/tr>\n<tr style=\"height: 13.50pt;\">\n<td style=\"height: 13.50pt;\" height=\"18\">\u0130\u015f\u00e7ilik \u00d6zelli\u011fi<\/td>\n<td>A\u011f\u0131rl\u0131kl\u0131 Katmanl\u0131 Taban Kal\u0131b\u0131, Hassas Kristal Y\u00fczey \u0130\u015flemesi (Kapak)<\/td>\n<\/tr>\n<tr style=\"height: 13.50pt;\">\n<td style=\"height: 13.50pt;\" height=\"18\">\u0130deal \u0130\u00e7in<\/td>\n<td>Kristal Parf\u00fcm \u015ei\u015fesi, Toplu Parf\u00fcm Cam \u015ei\u015fesi<\/td>\n<\/tr>\n<\/tbody>\n<\/table>\n<h2>Ba\u015far\u0131 Hikayesi<\/h2>\n<p>Milano&#039;nun b\u00fcy\u00fck moda evlerinden biri, 100 ml&#039;lik bu parf\u00fcm \u015fi\u015fesini \u00fcretmemiz i\u00e7in bize sipari\u015f verdi. \u015ei\u015fenin g\u00f6vdesi f\u00fcme kuvars camdan, dekoratif halkas\u0131 ise 24 ayar alt\u0131n kaplamadan yap\u0131ld\u0131. Kristal kesimli kapak, pazarlama kampanyas\u0131nda dikkat \u00e7ekici bir unsur haline geldi ve foto\u011frafik g\u00f6r\u00fcn\u00fcm\u00fc sayesinde medya g\u00f6r\u00fcn\u00fcrl\u00fc\u011f\u00fcne 0 de\u011fer katt\u0131. A\u011f\u0131rl\u0131\u011f\u0131 da piyasa ortalamas\u0131n\u0131n \u00fczerinde olan fiyat\u0131na de\u011fiyor. Bu tasar\u0131m o kadar ba\u015far\u0131l\u0131 oldu ki, marka sonraki iki parf\u00fcm serisi i\u00e7in 250.000 \u015fi\u015fe daha sipari\u015f etti.<\/p>\n<h2>Kristal Parf\u00fcm \u015ei\u015felerinin Ki\u015fiselle\u015ftirilmesi<\/h2>\n<ul>\n<li>Ki\u015fiye \u00d6zel Cam Rengi ve \u015eeffafl\u0131\u011f\u0131 \u2013 Farkl\u0131 \u015feffafl\u0131k seviyelerinde \u00e7e\u015fitli renklerde (safir, z\u00fcmr\u00fct ye\u015fili, kehribar) mevcuttur.<\/li>\n<li>Metal Y\u00fcz\u00fckler \u2013 Ala\u015f\u0131mdan (pembe alt\u0131n, platin, paladyum) ve kaplamadan \u00f6zel tasar\u0131m metal y\u00fcz\u00fckler.<\/li>\n<li>Buzlu Cam \u015ei\u015fe \u2013 Daha yumu\u015fak ve zarif bir l\u00fcks hissi sa\u011flamak i\u00e7in buzlu veya degrade buzlu se\u00e7enekler mevcuttur.<\/li>\n<\/ul>","protected":false},"excerpt":{"rendered":"<p>Kal\u0131nla\u015ft\u0131r\u0131lm\u0131\u015f cam g\u00f6vdesi, kristal kesim kapa\u011f\u0131 ve modern l\u00fcks tarz\u0131yla \u00fcst d\u00fczey kristal parf\u00fcm \u015fi\u015fesi. H\u0131zl\u0131 kargo, g\u00fcvenilir ve zaman\u0131nda teslimat\u0131 garanti eder.<\/p>","protected":false},"featured_media":4195,"template":"","meta":{"postBodyCss":"","postBodyMargin":[],"postBodyPadding":[],"postBodyBackground":{"backgroundType":"classic","gradient":""}},"product_brand":[],"product_cat":[15,16,62],"product_tag":[],"class_list":{"0":"post-4186","1":"product","2":"type-product","3":"status-publish","4":"has-post-thumbnail","6":"product_cat-glass-containers","7":"product_cat-glass-bottles","8":"product_cat-perfume-bottles","10":"first","11":"instock","12":"shipping-taxable","13":"product-type-simple"},"jetpack_sharing_enabled":true,"_links":{"self":[{"href":"https:\/\/minghanggroup.com\/tr\/wp-json\/wp\/v2\/product\/4186","targetHints":{"allow":["GET"]}}],"collection":[{"href":"https:\/\/minghanggroup.com\/tr\/wp-json\/wp\/v2\/product"}],"about":[{"href":"https:\/\/minghanggroup.com\/tr\/wp-json\/wp\/v2\/types\/product"}],"wp:featuredmedia":[{"embeddable":true,"href":"https:\/\/minghanggroup.com\/tr\/wp-json\/wp\/v2\/media\/4195"}],"wp:attachment":[{"href":"https:\/\/minghanggroup.com\/tr\/wp-json\/wp\/v2\/media?parent=4186"}],"wp:term":[{"taxonomy":"product_brand","embeddable":true,"href":"https:\/\/minghanggroup.com\/tr\/wp-json\/wp\/v2\/product_brand?post=4186"},{"taxonomy":"product_cat","embeddable":true,"href":"https:\/\/minghanggroup.com\/tr\/wp-json\/wp\/v2\/product_cat?post=4186"},{"taxonomy":"product_tag","embeddable":true,"href":"https:\/\/minghanggroup.com\/tr\/wp-json\/wp\/v2\/product_tag?post=4186"}],"curies":[{"name":"wp","href":"https:\/\/api.w.org\/{rel}","templated":true}]}}