{"id":4177,"date":"2025-12-30T10:17:25","date_gmt":"2025-12-30T02:17:25","guid":{"rendered":"https:\/\/minghanggroup.com\/?post_type=product&#038;p=4177"},"modified":"2025-12-30T17:04:12","modified_gmt":"2025-12-30T09:04:12","slug":"100ml-cologne-bottles-for-fragrance-in-bulk","status":"publish","type":"product","link":"https:\/\/minghanggroup.com\/tr\/urun\/100ml-cologne-bottles-for-fragrance-in-bulk\/","title":{"rendered":"100 ml&#039;lik Parf\u00fcm \u015ei\u015feleri (Toptan Al\u0131m \u0130\u00e7in)"},"content":{"rendered":"<p>100 ml&#039;lik kolonya \u015fi\u015feniz, m\u00fc\u015fterilerin durup bakmas\u0131na neden olmal\u0131. Parf\u00fcm ambalaj\u0131nda \u200b\u200bba\u015far\u0131y\u0131 hedefleyen, her bir cam parf\u00fcm \u015fi\u015fesinin markan\u0131z\u0131n imzas\u0131 haline geldi\u011fi, y\u00fcksek kaliteli parf\u00fcm \u015fi\u015felerini toplu olarak \u00fcretiyoruz.<\/p>\n<h2>\u00dcr\u00fcn \u00d6zellikleri<\/h2>\n<ul>\n<li><strong>Kristal Berrakl\u0131k Vitrini: <\/strong>Cam parf\u00fcm \u015fi\u015femiz, parf\u00fcm\u00fcn\u00fcz\u00fcn ger\u00e7ek rengini sergileyerek, parf\u00fcm ambalaj\u0131n\u0131z\u0131 an\u0131nda g\u00f6rsel olarak \u00e7ekici hale getirir.<\/li>\n<li><strong>Sa\u011flam Silindirik Taban: <\/strong>Camdan yap\u0131lm\u0131\u015f 100 ml&#039;lik kolonya \u015fi\u015fenizin g\u00fc\u00e7lendirilmi\u015f taban\u0131, hem sergileme s\u0131ras\u0131nda hem de g\u00fcnl\u00fck kullan\u0131mda \u015fi\u015fenin m\u00fckemmel bir \u015fekilde dik durmas\u0131n\u0131 sa\u011flar.<\/li>\n<li><strong>Ki\u015fiselle\u015ftirilebilir Metal Kapak: <\/strong>Markan\u0131z\u0131n g\u00f6r\u00fcn\u00fcm\u00fcn\u00fc siyah, alt\u0131n veya g\u00fcm\u00fc\u015f renkli, diledi\u011finiz bir \u015fapka ile tamamlamaya ne dersiniz?<\/li>\n<\/ul>\n<h2>Temel \u00d6zellikler<\/h2>\n<table style=\"border-collapse: collapse; width: 80%; margin-left: auto; margin-right: auto;\" border=\"0\" width=\"432\" cellspacing=\"0\" cellpadding=\"0\">\n<tbody>\n<tr style=\"height: 13.50pt;\">\n<td style=\"height: 13.5pt; width: 54pt; text-align: center;\" width=\"72\" height=\"18\">Kapasite<\/td>\n<td style=\"width: 54pt; text-align: center;\" width=\"72\">Boyutlar<\/td>\n<td style=\"width: 54pt; text-align: center;\" width=\"72\">Kalibre<\/td>\n<td style=\"width: 54pt; text-align: center;\" width=\"72\">\u015eekil<\/td>\n<td style=\"width: 54pt; text-align: center;\" width=\"72\">M\u00fch\u00fcr Tipi<\/td>\n<td style=\"width: 54pt; text-align: center;\" width=\"72\">Renk Se\u00e7enekleri<\/td>\n<\/tr>\n<tr style=\"height: 13.50pt;\">\n<td style=\"height: 13.5pt; text-align: center;\" height=\"18\">100 ml<\/td>\n<td style=\"text-align: center;\">55 x 98 mm<\/td>\n<td style=\"text-align: center;\">15 mm<\/td>\n<td style=\"text-align: center;\">Silindirik<\/td>\n<td style=\"text-align: center;\">S\u0131k\u0131\u015ft\u0131rma boyunlu + p\u00fcsk\u00fcrt\u00fcc\u00fc<\/td>\n<td style=\"text-align: center;\">\u00d6zelle\u015ftirilebilir<\/td>\n<\/tr>\n<\/tbody>\n<\/table>\n<h2>Ba\u015far\u0131 \u00d6rne\u011fi<\/h2>\n<p>Ni\u015f bir parf\u00fcm markas\u0131 harika bir kokuya sahipti ancak orijinal ambalaj\u0131n\u0131n perakende raflar\u0131nda \u00e7ok s\u0131radan g\u00f6r\u00fcnd\u00fc\u011f\u00fcn\u00fc d\u00fc\u015f\u00fcnd\u00fc. 100 ml&#039;lik cam kolonya \u015fi\u015femize ge\u00e7tiler, \u00f6zel olarak tasarlanm\u0131\u015f benzersiz bir g\u00fcm\u00fc\u015f \u015fi\u015fe kapa\u011f\u0131 ve serigrafi bask\u0131l\u0131 marka logosuyla bu koku serisinin \u00e7ekicili\u011fini vurgulad\u0131lar. \u0130lk sipari\u015f olarak 5.000 adet verdiler. Yeniden lansman\u0131n sonucu olarak, markan\u0131n geli\u015ftirilmi\u015f g\u00f6r\u00fcn\u00fcm\u00fc daha g\u00f6r\u00fcn\u00fcr hale gelmesine yard\u0131mc\u0131 oldu ve b\u00f6ylece markan\u0131n \u00e7evrimi\u00e7i sat\u0131\u015flar\u0131 \u00fc\u00e7 ay i\u00e7inde artt\u0131.<\/p>\n<h2>\u00d6zelle\u015ftirme Se\u00e7enekleriniz<\/h2>\n<ol>\n<li><strong>Kapak Kaplamalar\u0131:<\/strong> Siyah, alt\u0131n veya g\u00fcm\u00fc\u015f metalik kapak se\u00e7enekleriyle marka renklerinizi daha da \u00f6n plana \u00e7\u0131kar\u0131n.<\/li>\n<li><strong>Etiket Entegrasyonu:<\/strong> Kolay tan\u0131nabilirlik i\u00e7in sade cam \u015fi\u015feyi \u00f6zel markan\u0131zla etiketleyin.<\/li>\n<li><strong>Premium Dekorasyon:<\/strong> \u015eeffafl\u0131\u011f\u0131 etkilemeyen zarif kabartma deseniyle \u015fi\u015feye biraz l\u00fcks kat\u0131n.<\/li>\n<\/ol>","protected":false},"excerpt":{"rendered":"<p>\u015eeffaf cam ve sa\u011flam tabanl\u0131 100 ml kolonya \u015fi\u015fesi. Fabrikadan do\u011frudan tedarik, \u00fccretsiz numuneler mevcuttur, \u00f6zel se\u00e7eneklerle toplu parf\u00fcm \u015fi\u015fesi sipari\u015fleri i\u00e7in idealdir.<\/p>","protected":false},"featured_media":4185,"template":"","meta":{"postBodyCss":"","postBodyMargin":[],"postBodyPadding":[],"postBodyBackground":{"backgroundType":"classic","gradient":""}},"product_brand":[],"product_cat":[15,16,62],"product_tag":[],"class_list":{"0":"post-4177","1":"product","2":"type-product","3":"status-publish","4":"has-post-thumbnail","6":"product_cat-glass-containers","7":"product_cat-glass-bottles","8":"product_cat-perfume-bottles","10":"first","11":"instock","12":"shipping-taxable","13":"product-type-simple"},"jetpack_sharing_enabled":true,"_links":{"self":[{"href":"https:\/\/minghanggroup.com\/tr\/wp-json\/wp\/v2\/product\/4177","targetHints":{"allow":["GET"]}}],"collection":[{"href":"https:\/\/minghanggroup.com\/tr\/wp-json\/wp\/v2\/product"}],"about":[{"href":"https:\/\/minghanggroup.com\/tr\/wp-json\/wp\/v2\/types\/product"}],"wp:featuredmedia":[{"embeddable":true,"href":"https:\/\/minghanggroup.com\/tr\/wp-json\/wp\/v2\/media\/4185"}],"wp:attachment":[{"href":"https:\/\/minghanggroup.com\/tr\/wp-json\/wp\/v2\/media?parent=4177"}],"wp:term":[{"taxonomy":"product_brand","embeddable":true,"href":"https:\/\/minghanggroup.com\/tr\/wp-json\/wp\/v2\/product_brand?post=4177"},{"taxonomy":"product_cat","embeddable":true,"href":"https:\/\/minghanggroup.com\/tr\/wp-json\/wp\/v2\/product_cat?post=4177"},{"taxonomy":"product_tag","embeddable":true,"href":"https:\/\/minghanggroup.com\/tr\/wp-json\/wp\/v2\/product_tag?post=4177"}],"curies":[{"name":"wp","href":"https:\/\/api.w.org\/{rel}","templated":true}]}}