{"id":4176,"date":"2025-12-30T09:08:22","date_gmt":"2025-12-30T01:08:22","guid":{"rendered":"https:\/\/minghanggroup.com\/?post_type=product&#038;p=4176"},"modified":"2025-12-30T10:17:42","modified_gmt":"2025-12-30T02:17:42","slug":"50ml-empty-perfume-spray-bottles-with-vertical-stripes-bulk","status":"publish","type":"product","link":"https:\/\/minghanggroup.com\/tr\/urun\/50ml-empty-perfume-spray-bottles-with-vertical-stripes-bulk\/","title":{"rendered":"50 ml&#039;lik Dikey \u00c7izgili Bo\u015f Parf\u00fcm Sprey \u015ei\u015feleri (Toptan)"},"content":{"rendered":"<p>Bo\u015f 50 ml&#039;lik parf\u00fcm \u015fi\u015fesi y\u00fcksek kaliteli \u015feffaf camdan \u00fcretilmi\u015ftir. \u015ei\u015fe dikey \u00e7izgili bir dokuya sahiptir ve \u0131\u015f\u0131kta par\u0131ldar; \u015fi\u015fenin \u00fczerindeki sade kapak ise \u015f\u0131k siyah renktedir (parlak alt\u0131n halka ile) ve zarif bir l\u00fcks dokunu\u015fu katar.<\/p>\n<h2>\u00dcr\u00fcn \u00d6zellikleri<\/h2>\n<ul>\n<li><strong>Dikey \u00c7izgili \u015ei\u015fe:<\/strong> \u015ei\u015fenin y\u00fczeyinde, \u0131\u015f\u0131k k\u0131r\u0131lmas\u0131n\u0131 art\u0131ran ve tutu\u015fu kolayla\u015ft\u0131ran yo\u011fun dikey \u00e7izgiler bulunmaktad\u0131r.<\/li>\n<li><strong>Metal Halka Kapak:<\/strong> Metal halka ve alt\u0131n metal halkal\u0131 siyah kapak, l\u00fcks bir dokunu\u015fla tamamen do\u011fal bir kombinasyon olu\u015fturarak \u00fcst d\u00fczey bir konumland\u0131rma sergiliyor.<\/li>\n<li><strong>50 ml Evrensel Kapasite:<\/strong> 50 ml kapasitesi ve \u00e7arp\u0131c\u0131 dikey tasar\u0131m\u0131yla her makyaj masas\u0131na m\u00fckemmel bir katk\u0131 sa\u011flar.<\/li>\n<\/ul>\n<h2 style=\"text-align: left;\">Temel \u00d6zellikler<\/h2>\n<table class=\"aligncenter\" style=\"border-collapse: collapse; width: 412.52pt;\" border=\"0\" width=\"550\" cellspacing=\"0\" cellpadding=\"0\">\n<tbody>\n<tr style=\"height: 13.50pt;\">\n<td style=\"height: 13.50pt; width: 80.25pt;\" width=\"107\" height=\"18\">\u015eartname<\/td>\n<td style=\"width: 332.25pt;\" width=\"443\">Detaylar<\/td>\n<\/tr>\n<tr style=\"height: 13.50pt;\">\n<td style=\"height: 13.50pt;\" height=\"18\">Kapasite<\/td>\n<td>50 ml<\/td>\n<\/tr>\n<tr style=\"height: 13.50pt;\">\n<td style=\"height: 13.50pt;\" height=\"18\">Boyutlar<\/td>\n<td>55\u00d793 mm<\/td>\n<\/tr>\n<tr style=\"height: 13.50pt;\">\n<td style=\"height: 13.50pt;\" height=\"18\">Malzeme<\/td>\n<td>\u00c7izgili Kesimli \u015eeffaf Cam G\u00f6vde; Siyah Kapak; Alt\u0131n Metal Halka<\/td>\n<\/tr>\n<tr style=\"height: 13.50pt;\">\n<td style=\"height: 13.50pt;\" height=\"18\">\u015ei\u015fe \u015eekli<\/td>\n<td>Silindirik<\/td>\n<\/tr>\n<tr style=\"height: 13.50pt;\">\n<td style=\"height: 13.50pt;\" height=\"18\">Kapatma T\u00fcr\u00fc<\/td>\n<td>Alt\u0131n metal halkal\u0131 siyah kapak; entegre sprey pompas\u0131<\/td>\n<\/tr>\n<tr style=\"height: 13.50pt;\">\n<td style=\"height: 13.50pt;\" height=\"18\">\u0130deal \u0130\u00e7in<\/td>\n<td>Bo\u015f Parf\u00fcm Sprey \u015ei\u015feleri, Toplu Parf\u00fcm Sprey \u015ei\u015feleri<\/td>\n<\/tr>\n<\/tbody>\n<\/table>\n<h2>Ba\u015far\u0131: \u00dcnl\u00fc Bir New York Eczane Markas\u0131n\u0131n \u00d6zel Koleksiyonu<\/h2>\n<p>New York&#039;ta pop\u00fcler bir eczane, sipari\u015f \u00fczerine tasarlanan unisex bir parf\u00fcm serisi piyasaya s\u00fcrd\u00fc. \u00d6zel ambalaj olarak dikey \u00e7izgili 50 ml&#039;lik cam parf\u00fcm \u015fi\u015femizi se\u00e7tiler ve koyu ceviz a\u011fac\u0131ndan bir kapakla kapatt\u0131lar. Dikey \u00e7izgili doku, m\u00fckemmel bir tutu\u015f sa\u011fl\u0131yor ve bu \u00f6zellik, \u00e7evrimi\u00e7i yorumlar\u0131n &#039;inde olumlu puan ald\u0131. \u00d6zg\u00fcn dokusu olduk\u00e7a tan\u0131d\u0131k geldi ve bu da ilk \u00e7eyrekte &#039;lik sat\u0131\u015f oran\u0131na yol a\u00e7t\u0131. Eczac\u0131, marka geli\u015fiminden ve m\u00fc\u015fteri tepkisinden memnun kalarak uluslararas\u0131 pazar\u0131 test etmek i\u00e7in 300.000 \u015fi\u015fe sipari\u015f verdi.<\/p>\n<h2>Ki\u015fiselle\u015ftirilmi\u015f Bo\u015f Parf\u00fcm Sprey \u015ei\u015feleri<\/h2>\n<ul>\n<li>\u00d6zel Cam Renkleri \u2013 F\u00fcme gri, kobalt mavisi veya kehribar gibi \u00e7izgili kesim cam renklerinde sunulmaktad\u0131r.<\/li>\n<li>\u00d6zel Metal Y\u00fcz\u00fckler \u2013 Bir\u00e7ok metal t\u00fcr\u00fcnde (bak\u0131r, tun\u00e7, g\u00fcm\u00fc\u015f) ve dekoratif y\u00fcz\u00fcklerin farkl\u0131 y\u00fczey i\u015flemleriyle yap\u0131labilir.<\/li>\n<li>Buzlu \u00c7izgi Etkisi \u2013 I\u015f\u0131k da\u011f\u0131l\u0131m\u0131n\u0131 iyile\u015ftirmek i\u00e7in buzlu, kabartmal\u0131 \u00e7izgiler.<\/li>\n<li>Kabartmal\u0131 Taban \u2013 Bu, \u015fi\u015fenin alt k\u0131sm\u0131nda yer alan ve g\u00f6r\u00fcnmeyen, y\u00fckseltilmi\u015f bir logo veya amblemdir.<\/li>\n<\/ul>","protected":false},"excerpt":{"rendered":"<p>Y\u00fcksek kaliteli bo\u015f parf\u00fcm sprey \u015fi\u015feleri, 50 ml&#039;lik dikey dokulu caml\u0131, siyah kapakl\u0131 ve alt\u0131n halkal\u0131 parf\u00fcm cam \u015fi\u015fesi. Fabrikadan do\u011frudan tedarik, h\u0131zl\u0131 kargo.<\/p>","protected":false},"featured_media":4178,"template":"","meta":{"postBodyCss":"","postBodyMargin":[],"postBodyPadding":[],"postBodyBackground":{"backgroundType":"classic","gradient":""}},"product_brand":[],"product_cat":[15,16,62],"product_tag":[],"class_list":{"0":"post-4176","1":"product","2":"type-product","3":"status-publish","4":"has-post-thumbnail","6":"product_cat-glass-containers","7":"product_cat-glass-bottles","8":"product_cat-perfume-bottles","10":"first","11":"instock","12":"shipping-taxable","13":"product-type-simple"},"jetpack_sharing_enabled":true,"_links":{"self":[{"href":"https:\/\/minghanggroup.com\/tr\/wp-json\/wp\/v2\/product\/4176","targetHints":{"allow":["GET"]}}],"collection":[{"href":"https:\/\/minghanggroup.com\/tr\/wp-json\/wp\/v2\/product"}],"about":[{"href":"https:\/\/minghanggroup.com\/tr\/wp-json\/wp\/v2\/types\/product"}],"wp:featuredmedia":[{"embeddable":true,"href":"https:\/\/minghanggroup.com\/tr\/wp-json\/wp\/v2\/media\/4178"}],"wp:attachment":[{"href":"https:\/\/minghanggroup.com\/tr\/wp-json\/wp\/v2\/media?parent=4176"}],"wp:term":[{"taxonomy":"product_brand","embeddable":true,"href":"https:\/\/minghanggroup.com\/tr\/wp-json\/wp\/v2\/product_brand?post=4176"},{"taxonomy":"product_cat","embeddable":true,"href":"https:\/\/minghanggroup.com\/tr\/wp-json\/wp\/v2\/product_cat?post=4176"},{"taxonomy":"product_tag","embeddable":true,"href":"https:\/\/minghanggroup.com\/tr\/wp-json\/wp\/v2\/product_tag?post=4176"}],"curies":[{"name":"wp","href":"https:\/\/api.w.org\/{rel}","templated":true}]}}