{"id":4170,"date":"2025-12-29T16:38:57","date_gmt":"2025-12-29T08:38:57","guid":{"rendered":"https:\/\/minghanggroup.com\/?post_type=product&#038;p=4170"},"modified":"2025-12-29T16:48:48","modified_gmt":"2025-12-29T08:48:48","slug":"3-oz-perfume-bottles-with-blue-ball-lids-wholesale","status":"publish","type":"product","link":"https:\/\/minghanggroup.com\/tr\/urun\/3-oz-perfume-bottles-with-blue-ball-lids-wholesale\/","title":{"rendered":"3 oz&#039;luk Mavi Kapakl\u0131 Parf\u00fcm \u015ei\u015feleri Toptan Sat\u0131\u015f\u0131"},"content":{"rendered":"<p>Toptan parf\u00fcm \u015fi\u015feleriyle parf\u00fcm koleksiyonunuzu g\u00fczelle\u015ftirin; t\u0131pk\u0131 bu sanat eseri niteli\u011findeki, \u015feffaf camdan yap\u0131lm\u0131\u015f ve \u00e7ekici mavi k\u00fcresel kapa\u011fa sahip 85 ml&#039;lik parf\u00fcm \u015fi\u015fesi gibi.<\/p>\n<h2>\u00dcr\u00fcn \u00d6zellikleri<\/h2>\n<ul>\n<li><strong>Mavi K\u00fcresel Kapak Tasar\u0131m\u0131:<\/strong> Parlak mavi renkteki k\u00fcresel kapak, g\u00f6rsel bir odak noktas\u0131 olu\u015fturman\u0131n yan\u0131 s\u0131ra \u015fi\u015feye sanatsal bir unsur da kat\u0131yor.<\/li>\n<li><strong>Kavisli Cam G\u00f6vde:<\/strong> \u015ei\u015fenin kavisli hatlar\u0131 ve \u015fi\u015fenin ortas\u0131nda yer alan dekoratif doku, tutu\u015fu kolayla\u015ft\u0131r\u0131yor ve minimalist tasar\u0131ma derinlik kat\u0131yor.<\/li>\n<li><strong>\u015eeffaf Malzeme:<\/strong> \u015eeffaf cam malzeme, geride kalan koku miktar\u0131n\u0131 net bir \u015fekilde g\u00f6rmeyi sa\u011flarken, ayn\u0131 zamanda cam\u0131n berrakl\u0131\u011f\u0131n\u0131 ve zarif g\u00f6r\u00fcn\u00fcm\u00fcn\u00fc de ortaya koyuyor.<\/li>\n<\/ul>\n<h2 style=\"text-align: left;\">Temel \u00d6zellikler<\/h2>\n<table class=\"aligncenter\" style=\"border-collapse: collapse; width: 408.02pt;\" border=\"0\" width=\"544\" cellspacing=\"0\" cellpadding=\"0\">\n<tbody>\n<tr style=\"height: 13.50pt;\">\n<td style=\"height: 13.50pt; width: 84.00pt;\" width=\"112\" height=\"18\">\u015eartname<\/td>\n<td style=\"width: 324.00pt;\" width=\"432\">Detaylar<\/td>\n<\/tr>\n<tr style=\"height: 13.50pt;\">\n<td style=\"height: 13.50pt;\" height=\"18\">Kapasite<\/td>\n<td>90 ml (Yakla\u015f\u0131k 3 ons)<\/td>\n<\/tr>\n<tr style=\"height: 13.50pt;\">\n<td style=\"height: 13.50pt;\" height=\"18\">Boyutlar<\/td>\n<td>60\u00d795 mm<\/td>\n<\/tr>\n<tr style=\"height: 13.50pt;\">\n<td style=\"height: 13.50pt;\" height=\"18\">Malzeme<\/td>\n<td>\u015eeffaf Cam G\u00f6vde; Plastik\/Metal Kapak<\/td>\n<\/tr>\n<tr style=\"height: 13.50pt;\">\n<td style=\"height: 13.50pt;\" height=\"18\">Renk Vurgular\u0131<\/td>\n<td>\u015eeffaf Berrak Cam; Parlak Mavi K\u00fcresel Kapak<\/td>\n<\/tr>\n<tr style=\"height: 13.50pt;\">\n<td style=\"height: 13.50pt;\" height=\"18\">Kapatma T\u00fcr\u00fc<\/td>\n<td>Parlak Mavi K\u00fcresel Vidal\u0131 Kapak; Entegre Da\u011f\u0131t\u0131m Sistemi (Koku \u0130\u00e7in)<\/td>\n<\/tr>\n<tr style=\"height: 13.50pt;\">\n<td style=\"height: 13.50pt;\" height=\"18\">\u0130deal \u0130\u00e7in<\/td>\n<td>Toptan Parf\u00fcm \u015ei\u015feleri, Kapakl\u0131 Parf\u00fcm \u015ei\u015feleri<\/td>\n<\/tr>\n<\/tbody>\n<\/table>\n<h2>Ba\u015far\u0131 Hikayesi<\/h2>\n<p>Kaliforniya&#039;n\u0131n en pop\u00fcler ya\u015fam tarz\u0131 markalar\u0131ndan biri, okyanus temal\u0131 bir parf\u00fcm serisi \u00e7\u0131kard\u0131. Ana ambalaj \u00f6\u011fesi olarak 3 oz&#039;luk parf\u00fcm \u015fi\u015femizi kullanmaya karar verdiler ve deniz k\u00f6p\u00fc\u011f\u00fc ye\u015fili buzlu \u015fi\u015fe ile mercan dokulu kapa\u011f\u0131n kullan\u0131m\u0131n\u0131 de\u011fi\u015ftirdiler. 90 ml&#039;lik devasa kapasitesi ve \u00fcst d\u00fczey hissi, \u00f6nceki neslin maliyetine oran\u0131nda bir art\u0131\u015f getirdi. Ay\u0131rt edici kapak tasar\u0131m\u0131, Instagram&#039;daki bahsetmelerde 0&#039;l\u00fck bir art\u0131\u015fa yol a\u00e7t\u0131. Sat\u0131\u015f performans\u0131 ve m\u00fc\u015fteri geri bildirimleri o kadar y\u00fcksekti ki, marka \u00e7ok memnun kald\u0131 ve mevsimlik \u00fcr\u00fcn olarak 175.000 \u015fi\u015fe i\u00e7eren yeni bir \u00fcr\u00fcn daha sipari\u015f etti.<\/p>\n<h2>Toptan Parf\u00fcm \u015ei\u015feleri \u0130\u00e7in \u00d6zelle\u015ftirme Se\u00e7enekleri<\/h2>\n<ul>\n<li>\u00d6zel Cam Renkleri ve Y\u00fczey \u0130\u015flemleri \u2013 \u00c7e\u015fitli cam renklerinde (kehribar, f\u00fcme gri), parlak veya p\u00fcr\u00fczs\u00fcz olarak kullan\u0131labilir.<\/li>\n<li>Kapak Renkleri ve Dokular\u0131 - K\u00fcresel kapa\u011f\u0131n rengini, y\u00fczeyini (parlak, mat) ve dokusunu se\u00e7in.<\/li>\n<li>Cam Lazer \u0130\u015fleme \u2013 \u015ei\u015fenin ortas\u0131ndaki i\u015faretlerin \u00fcst\u00fcne veya alt\u0131na yaprak veya geometrik desenlerden olu\u015fan daireler \u00e7izin.<\/li>\n<li>Metal Dekoratif Halka \u2013 \u015fi\u015fe boynu ile kapa\u011f\u0131 aras\u0131na ince bir metal halka (\u00f6rne\u011fin alt\u0131n, g\u00fcm\u00fc\u015f) yerle\u015ftirin.<\/li>\n<\/ul>","protected":false},"excerpt":{"rendered":"<p>Bu toptan parf\u00fcm \u015fi\u015feleri, hafif l\u00fcks bir tarza sahiptir. Dokulu cam \u00e7er\u00e7eveli ve mavi top kapakl\u0131 85 ml&#039;lik parf\u00fcm \u015fi\u015fesi. Stokta mevcut ve g\u00f6nderime haz\u0131r.<\/p>","protected":false},"featured_media":4171,"template":"","meta":{"postBodyCss":"","postBodyMargin":[],"postBodyPadding":[],"postBodyBackground":{"backgroundType":"classic","gradient":""}},"product_brand":[],"product_cat":[15,16,62],"product_tag":[],"class_list":{"0":"post-4170","1":"product","2":"type-product","3":"status-publish","4":"has-post-thumbnail","6":"product_cat-glass-containers","7":"product_cat-glass-bottles","8":"product_cat-perfume-bottles","10":"first","11":"instock","12":"shipping-taxable","13":"product-type-simple"},"jetpack_sharing_enabled":true,"_links":{"self":[{"href":"https:\/\/minghanggroup.com\/tr\/wp-json\/wp\/v2\/product\/4170","targetHints":{"allow":["GET"]}}],"collection":[{"href":"https:\/\/minghanggroup.com\/tr\/wp-json\/wp\/v2\/product"}],"about":[{"href":"https:\/\/minghanggroup.com\/tr\/wp-json\/wp\/v2\/types\/product"}],"wp:featuredmedia":[{"embeddable":true,"href":"https:\/\/minghanggroup.com\/tr\/wp-json\/wp\/v2\/media\/4171"}],"wp:attachment":[{"href":"https:\/\/minghanggroup.com\/tr\/wp-json\/wp\/v2\/media?parent=4170"}],"wp:term":[{"taxonomy":"product_brand","embeddable":true,"href":"https:\/\/minghanggroup.com\/tr\/wp-json\/wp\/v2\/product_brand?post=4170"},{"taxonomy":"product_cat","embeddable":true,"href":"https:\/\/minghanggroup.com\/tr\/wp-json\/wp\/v2\/product_cat?post=4170"},{"taxonomy":"product_tag","embeddable":true,"href":"https:\/\/minghanggroup.com\/tr\/wp-json\/wp\/v2\/product_tag?post=4170"}],"curies":[{"name":"wp","href":"https:\/\/api.w.org\/{rel}","templated":true}]}}