{"id":4161,"date":"2025-12-29T15:27:49","date_gmt":"2025-12-29T07:27:49","guid":{"rendered":"https:\/\/minghanggroup.com\/?post_type=product&#038;p=4161"},"modified":"2025-12-29T15:46:31","modified_gmt":"2025-12-29T07:46:31","slug":"empty-crystal-perfume-bottles-with-lids-bulk","status":"publish","type":"product","link":"https:\/\/minghanggroup.com\/tr\/urun\/empty-crystal-perfume-bottles-with-lids-bulk\/","title":{"rendered":"55 ml&#039;lik Kapakl\u0131 Bo\u015f Kristal Parf\u00fcm \u015ei\u015feleri (Toptan)"},"content":{"rendered":"<p>Bu bo\u015f parf\u00fcm \u015fi\u015feleri, p\u00fcr\u00fczs\u00fcz, \u015feffaf ve silindirik \u015fekilli camdan (sa\u011flam tabanl\u0131) \u00fcretilmi\u015ftir. Her \u015fi\u015fenin \u00fczerinde elmas kesimli bir kapak bulunur ve a\u00e7\u0131k \u015fi\u015fe, parf\u00fcm\u00fcn\u00fcze m\u00fckemmel bir g\u00f6r\u00fcn\u00fcm kazand\u0131r\u0131r.<\/p>\n<h2>\u00dcr\u00fcn \u00d6zellikleri<\/h2>\n<ul>\n<li><strong>Kristal Kesim Kapak:<\/strong> Elmas dokulu kristal kesimli kapak, \u015fi\u015feye parlak bir g\u00f6r\u00fcn\u00fcm kazand\u0131rman\u0131n yan\u0131 s\u0131ra parf\u00fcm \u015fi\u015fesine koku da verecektir.<\/li>\n<li><strong>Alt\u0131n Y\u00fcz\u00fck:<\/strong> Kapak ve \u015fi\u015feyi birbirine ba\u011flayan alt\u0131n metal halka, tasar\u0131ma g\u00f6rsel bir zenginlik ve sofistike bir zarafet kat\u0131yor.<\/li>\n<li><strong>Kal\u0131nla\u015ft\u0131r\u0131lm\u0131\u015f Taban Tasar\u0131m\u0131:<\/strong> Kal\u0131nla\u015ft\u0131r\u0131lm\u0131\u015f taban, barda\u011f\u0131 daha sa\u011flam hale getirir ve ayn\u0131 zamanda barda\u011f\u0131n dokusunu da iyile\u015ftirir.<\/li>\n<\/ul>\n<h2 style=\"text-align: left;\">Temel \u00d6zellikler<\/h2>\n<table class=\"aligncenter\" style=\"border-collapse: collapse; width: 411.02pt;\" border=\"0\" width=\"548\" cellspacing=\"0\" cellpadding=\"0\">\n<tbody>\n<tr style=\"height: 13.50pt;\">\n<td style=\"height: 13.50pt; width: 87.00pt;\" width=\"116\" height=\"18\">\u015eartname<\/td>\n<td style=\"width: 324.00pt;\" width=\"432\">Detaylar<\/td>\n<\/tr>\n<tr style=\"height: 13.50pt;\">\n<td style=\"height: 13.50pt;\" height=\"18\">Kapasite<\/td>\n<td>55 ml<\/td>\n<\/tr>\n<tr style=\"height: 13.50pt;\">\n<td style=\"height: 13.50pt;\" height=\"18\">Boyutlar<\/td>\n<td>40\u00d7102 mm<\/td>\n<\/tr>\n<tr style=\"height: 13.50pt;\">\n<td style=\"height: 13.50pt;\" height=\"18\">Malzeme<\/td>\n<td>\u015eeffaf Cam G\u00f6vde; Metal Sprey Bile\u015fenleri<\/td>\n<\/tr>\n<tr style=\"height: 13.50pt;\">\n<td style=\"height: 13.50pt;\" height=\"18\">\u015ei\u015fe \u015eekli<\/td>\n<td>A\u011f\u0131rl\u0131kl\u0131 Tabanl\u0131 Silindir<\/td>\n<\/tr>\n<tr style=\"height: 13.50pt;\">\n<td style=\"height: 13.50pt;\" height=\"18\">Renk Vurgular\u0131<\/td>\n<td>\u015eeffaf Cam; Alt\u0131n Metalik Vurgular<\/td>\n<\/tr>\n<tr style=\"height: 13.50pt;\">\n<td style=\"height: 13.50pt;\" height=\"18\">Kapatma T\u00fcr\u00fc<\/td>\n<td>Elmas kesimli, alt\u0131n halkal\u0131 kapak; entegre sprey pompas\u0131<\/td>\n<\/tr>\n<tr style=\"height: 13.50pt;\">\n<td style=\"height: 13.50pt;\" height=\"18\">\u0130deal \u0130\u00e7in<\/td>\n<td>L\u00fcks Parf\u00fcm \u015ei\u015feleri, Kristal Parf\u00fcm \u015ei\u015feleri<\/td>\n<\/tr>\n<\/tbody>\n<\/table>\n<h2>Ba\u015far\u0131 \u00d6rne\u011fi: Avrupa Parf\u00fcm At\u00f6lyesinin \u00d6zel Dolum Program\u0131<\/h2>\n<p>55 ml&#039;lik kristal parf\u00fcm \u015fi\u015felerimiz, Paris&#039;teki prestijli bir parf\u00fcm at\u00f6lyesinde \u00f6zel \u015fi\u015fe olarak se\u00e7ildi; \u015fi\u015fenin g\u00f6vdesi mavi camdan, dekoratif halkas\u0131 ise 24 ayar alt\u0131n kaplamadan yap\u0131ld\u0131. A\u011f\u0131rl\u0131kl\u0131 taban b\u00fcy\u00fck bir ba\u015far\u0131 yakalad\u0131 ve m\u00fc\u015fterilerin &#039;\u0131 yorumlar\u0131nda \u015fi\u015fenin &#034;miras niteli\u011finde&#034; kalitesinden bahsetti. Elmas kesimli kapak da \u00e7ok pop\u00fcler hale gelen bir di\u011fer tasar\u0131m oldu ve sosyal medyada do\u011fal \u0131\u015f\u0131kta \u00e7ekilmi\u015f \u015fi\u015fe foto\u011fraflar\u0131n\u0131n say\u0131s\u0131, etkinlik \u00f6ncesine k\u0131yasla 0 artt\u0131. B\u00f6ylece parf\u00fcm at\u00f6lyesi, bu fikrin kullan\u0131m\u0131n\u0131 art\u0131rmak i\u00e7in 150.000 \u015fi\u015fe daha sipari\u015f etti.<\/p>\n<h2>Kristal Parf\u00fcm \u015ei\u015fesi Ki\u015fiselle\u015ftirme<\/h2>\n<ul>\n<li>\u00d6zel Cam Renkleri \u2013 Z\u00fcmr\u00fct ye\u015fili, ametist veya \u015fampanya rengi de dahil olmak \u00fczere \u00e7e\u015fitli \u00fcst d\u00fczey cam renkleri mevcuttur.<\/li>\n<li>Kristal Kapak Renkleri \u2013 Kapaklar, renkli kristal akrilik (safir, pembe kuvars vb.) ile kristal kesim y\u00f6ntemiyle yap\u0131labilir.<\/li>\n<li>Metal Y\u00fcz\u00fck Kaplamas\u0131 \u2013 \u00d6zel metal kaplamalar aras\u0131nda pembe alt\u0131n, platin veya antik g\u00fcm\u00fc\u015f bulunur.<\/li>\n<li>Cam Lazer \u0130\u015fleme \u2013 Cam y\u00fczeyine karma\u015f\u0131k bir desen, monogram veya rozet i\u015flenebilir.<\/li>\n<\/ul>","protected":false},"excerpt":{"rendered":"<p>\u015eeffaf camdan yap\u0131lm\u0131\u015f, kristal parf\u00fcm \u015fi\u015fesi tasar\u0131m\u0131na sahip bo\u015f parf\u00fcm \u015fi\u015fesi, kaliteli parf\u00fcmler i\u00e7in uygundur. B\u00fcy\u00fck miktarlarda al\u0131mlarda toplu sipari\u015f indirimi uygulanmaktad\u0131r.<\/p>","protected":false},"featured_media":4164,"template":"","meta":{"postBodyCss":"","postBodyMargin":[],"postBodyPadding":[],"postBodyBackground":{"backgroundType":"classic","gradient":""}},"product_brand":[],"product_cat":[15,16,62],"product_tag":[],"class_list":{"0":"post-4161","1":"product","2":"type-product","3":"status-publish","4":"has-post-thumbnail","6":"product_cat-glass-containers","7":"product_cat-glass-bottles","8":"product_cat-perfume-bottles","10":"first","11":"instock","12":"shipping-taxable","13":"product-type-simple"},"jetpack_sharing_enabled":true,"_links":{"self":[{"href":"https:\/\/minghanggroup.com\/tr\/wp-json\/wp\/v2\/product\/4161","targetHints":{"allow":["GET"]}}],"collection":[{"href":"https:\/\/minghanggroup.com\/tr\/wp-json\/wp\/v2\/product"}],"about":[{"href":"https:\/\/minghanggroup.com\/tr\/wp-json\/wp\/v2\/types\/product"}],"wp:featuredmedia":[{"embeddable":true,"href":"https:\/\/minghanggroup.com\/tr\/wp-json\/wp\/v2\/media\/4164"}],"wp:attachment":[{"href":"https:\/\/minghanggroup.com\/tr\/wp-json\/wp\/v2\/media?parent=4161"}],"wp:term":[{"taxonomy":"product_brand","embeddable":true,"href":"https:\/\/minghanggroup.com\/tr\/wp-json\/wp\/v2\/product_brand?post=4161"},{"taxonomy":"product_cat","embeddable":true,"href":"https:\/\/minghanggroup.com\/tr\/wp-json\/wp\/v2\/product_cat?post=4161"},{"taxonomy":"product_tag","embeddable":true,"href":"https:\/\/minghanggroup.com\/tr\/wp-json\/wp\/v2\/product_tag?post=4161"}],"curies":[{"name":"wp","href":"https:\/\/api.w.org\/{rel}","templated":true}]}}