{"id":4156,"date":"2025-12-29T15:35:10","date_gmt":"2025-12-29T07:35:10","guid":{"rendered":"https:\/\/minghanggroup.com\/?post_type=product&#038;p=4156"},"modified":"2025-12-29T17:27:14","modified_gmt":"2025-12-29T09:27:14","slug":"little-perfume-bottles-with-spray-lids-bulk","status":"publish","type":"product","link":"https:\/\/minghanggroup.com\/tr\/urun\/little-perfume-bottles-with-spray-lids-bulk\/","title":{"rendered":"10 ml, 20 ml, 30 ml Sprey Kapakl\u0131 K\u00fc\u00e7\u00fck Parf\u00fcm \u015ei\u015feleri (Toptan)"},"content":{"rendered":"<p>K\u00fc\u00e7\u00fck parf\u00fcm \u015fi\u015feleriniz m\u00fc\u015fterilerin durup bakmas\u0131na neden olmal\u0131. Parf\u00fcm ambalaj\u0131nda \u200b\u200bba\u015far\u0131y\u0131 hedefleyen, her bir k\u00fc\u00e7\u00fck parf\u00fcm \u015fi\u015fesinin markan\u0131z\u0131n imzas\u0131 haline geldi\u011fi, birinci s\u0131n\u0131f 30 ml&#039;lik kolonya \u015fi\u015feleri \u00fcretiyoruz.<\/p>\n<h2>\u00dcr\u00fcn \u00d6zellikleri<\/h2>\n<ul>\n<li><strong>Standart Sap Kaplamas\u0131:<\/strong> Standart bir \u015fi\u015fe boynu tasar\u0131m\u0131, farkl\u0131 p\u00fcsk\u00fcrtme nozullar\u0131 ve kapak tiplerine uyum sa\u011flayabilir; bu da markalar\u0131n farkl\u0131 \u00f6zelle\u015ftirme se\u00e7enekleri olu\u015fturmak i\u00e7in \u00e7e\u015fitli aksesuarlar\u0131 \u00f6zg\u00fcrce kar\u0131\u015ft\u0131r\u0131p e\u015fle\u015ftirebilece\u011fi anlam\u0131na gelir.<\/li>\n<li><strong>P\u00fcr\u00fczs\u00fcz Cam Y\u00fczey:<\/strong> P\u00fcr\u00fczs\u00fcz ve zarif cam y\u00fczey, serigrafi, s\u0131cak bask\u0131 ve etiketleme gibi her t\u00fcrl\u00fc son i\u015flem i\u00e7in m\u00fckemmeldir ve bu sayede markalar\u0131n ki\u015fiselle\u015ftirilmi\u015f tasar\u0131m gereksinimlerini kar\u015f\u0131layabilir.<\/li>\n<li><strong>Kompakt K\u00fc\u00e7\u00fck Boyut Tasar\u0131m\u0131:<\/strong> Kompakt ve yerden tasarruf sa\u011flayan tasar\u0131m\u0131, ta\u015f\u0131ma, depolama ve sat\u0131\u015f noktas\u0131 te\u015fhirinde b\u00fcy\u00fck kolayl\u0131k sa\u011flar; bu nedenle \u00f6zellikle parf\u00fcm serisi numuneleri ve seyahat boyu \u00fcr\u00fcnler i\u00e7in uygundur.<\/li>\n<\/ul>\n<h2>Temel \u00d6zellikler<\/h2>\n<table style=\"border-collapse: collapse; width: 80%; margin-left: auto; margin-right: auto;\" border=\"0\" width=\"144\" cellspacing=\"0\" cellpadding=\"0\">\n<tbody>\n<tr style=\"height: 13.50pt;\">\n<td style=\"height: 13.5pt; width: 54pt; text-align: center;\" width=\"72\" height=\"18\">Kapasite<\/td>\n<td style=\"width: 54pt; text-align: center;\" width=\"72\">10 ml \/ 20 ml \/ 30 ml<\/td>\n<\/tr>\n<tr style=\"height: 13.50pt;\">\n<td style=\"height: 13.5pt; text-align: center;\" height=\"18\">\u015eekil<\/td>\n<td style=\"text-align: center;\">Silindirik<\/td>\n<\/tr>\n<tr style=\"height: 13.50pt;\">\n<td style=\"height: 13.5pt; text-align: center;\" height=\"18\">S\u0131zd\u0131rmazl\u0131k<\/td>\n<td style=\"text-align: center;\">vidal\u0131 boyun + p\u00fcsk\u00fcrtme ba\u015fl\u0131\u011f\u0131<\/td>\n<\/tr>\n<tr style=\"height: 13.50pt;\">\n<td style=\"height: 13.5pt; text-align: center;\" height=\"18\">Malzeme<\/td>\n<td style=\"text-align: center;\">Kristal cam, metal kapak<\/td>\n<\/tr>\n<tr style=\"height: 13.50pt;\">\n<td style=\"height: 13.5pt; text-align: center;\" height=\"18\">Renk Se\u00e7enekleri<\/td>\n<td style=\"text-align: center;\">\u00d6zelle\u015ftirilebilir<\/td>\n<\/tr>\n<\/tbody>\n<\/table>\n<h2>Ba\u015far\u0131 \u00d6rne\u011fi<\/h2>\n<p>Yeni kurulan bir parf\u00fcm markas\u0131, \u00e7e\u015fitli \u00f6zg\u00fcn kokular geli\u015ftirmi\u015fti, ancak orijinal ambalaj\u0131 g\u00f6rsel olarak etkileyici de\u011fildi ve \u00f6ne \u00e7\u0131kmay\u0131 ba\u015faram\u0131yordu. Marka, marka kimli\u011fini vurgulayan \u00f6zel tasarlanm\u0131\u015f kabartmal\u0131 logoya sahip 10 ml, 20 ml ve 30 ml&#039;lik cam parf\u00fcm \u015fi\u015felerimize ge\u00e7i\u015f yapt\u0131. Yeni parf\u00fcm serisinin temas\u0131n\u0131 vurgulamak i\u00e7in \u015fi\u015fenin rengi de kraliyet mavisi olarak de\u011fi\u015ftirildi.<\/p>\n<p>\u0130ki ay i\u00e7inde, seyahat boyu \u00fcr\u00fcn serisinin sat\u0131\u015flar\u0131 artt\u0131. Marka art\u0131k d\u00fczenli olarak toplu sipari\u015fler veriyor ve ayn\u0131 \u015fi\u015fe tasar\u0131m\u0131n\u0131 yeni parf\u00fcm lansman\u0131na da uyguluyor.<\/p>\n<h2>\u00d6zelle\u015ftirme Se\u00e7enekleriniz<\/h2>\n<ol>\n<li><strong>\u015eapka rengi uyumu:<\/strong> Markan\u0131z\u0131n renk paletine uygun alt\u0131n veya g\u00fcm\u00fc\u015f bir \u015fapka se\u00e7in.<\/li>\n<li><strong>Etiket \u00d6zelle\u015ftirme: <\/strong>Marka tan\u0131n\u0131rl\u0131\u011f\u0131n\u0131 an\u0131nda art\u0131rmak i\u00e7in logonuzu silindir \u015feklindeki cam \u015fi\u015feye ekleyin.<\/li>\n<li><strong>Esansiyel Ya\u011f Uyumlulu\u011fu:<\/strong> Vidal\u0131 kapak sistemi, konsantre koku ya\u011flar\u0131 i\u00e7in m\u00fckemmel \u00e7al\u0131\u015f\u0131r.<\/li>\n<li><strong>Premium Dekorasyon: <\/strong>\u015ei\u015feye daha l\u00fcks bir g\u00f6r\u00fcn\u00fcm kazand\u0131rmak i\u00e7in ince bir kabartma deseni ekleyin.<\/li>\n<\/ol>","protected":false},"excerpt":{"rendered":"<p>Bu 30 ml&#039;lik kolonya \u015fi\u015feleri sade bir tasar\u0131ma sahipken, k\u00fc\u00e7\u00fck parf\u00fcm \u015fi\u015feleri seyahat serileri i\u00e7in idealdir. Fabrikadan do\u011frudan sat\u0131\u015f, \u00fccretsiz numuneler, \u00f6zel sipari\u015fler mevcuttur.<\/p>","protected":false},"featured_media":4169,"template":"","meta":{"postBodyCss":"","postBodyMargin":[],"postBodyPadding":[],"postBodyBackground":{"backgroundType":"classic","gradient":""}},"product_brand":[],"product_cat":[15,16,62],"product_tag":[],"class_list":{"0":"post-4156","1":"product","2":"type-product","3":"status-publish","4":"has-post-thumbnail","6":"product_cat-glass-containers","7":"product_cat-glass-bottles","8":"product_cat-perfume-bottles","10":"first","11":"instock","12":"shipping-taxable","13":"product-type-simple"},"jetpack_sharing_enabled":true,"_links":{"self":[{"href":"https:\/\/minghanggroup.com\/tr\/wp-json\/wp\/v2\/product\/4156","targetHints":{"allow":["GET"]}}],"collection":[{"href":"https:\/\/minghanggroup.com\/tr\/wp-json\/wp\/v2\/product"}],"about":[{"href":"https:\/\/minghanggroup.com\/tr\/wp-json\/wp\/v2\/types\/product"}],"wp:featuredmedia":[{"embeddable":true,"href":"https:\/\/minghanggroup.com\/tr\/wp-json\/wp\/v2\/media\/4169"}],"wp:attachment":[{"href":"https:\/\/minghanggroup.com\/tr\/wp-json\/wp\/v2\/media?parent=4156"}],"wp:term":[{"taxonomy":"product_brand","embeddable":true,"href":"https:\/\/minghanggroup.com\/tr\/wp-json\/wp\/v2\/product_brand?post=4156"},{"taxonomy":"product_cat","embeddable":true,"href":"https:\/\/minghanggroup.com\/tr\/wp-json\/wp\/v2\/product_cat?post=4156"},{"taxonomy":"product_tag","embeddable":true,"href":"https:\/\/minghanggroup.com\/tr\/wp-json\/wp\/v2\/product_tag?post=4156"}],"curies":[{"name":"wp","href":"https:\/\/api.w.org\/{rel}","templated":true}]}}