{"id":4151,"date":"2025-12-29T13:34:00","date_gmt":"2025-12-29T05:34:00","guid":{"rendered":"https:\/\/minghanggroup.com\/?post_type=product&#038;p=4151"},"modified":"2025-12-29T14:55:53","modified_gmt":"2025-12-29T06:55:53","slug":"clear-cylindrical-custom-fragrance-bottles-bulk","status":"publish","type":"product","link":"https:\/\/minghanggroup.com\/tr\/urun\/clear-cylindrical-custom-fragrance-bottles-bulk\/","title":{"rendered":"15 ml, 20 ml, 30 ml \u015eeffaf Silindirik \u00d6zel Parf\u00fcm \u015ei\u015feleri (Toptan)"},"content":{"rendered":"<p>Bu \u00f6zel tasar\u0131m parf\u00fcm \u015fi\u015feleri, dar, \u015feffaf silindirik camdan \u00fcretilmi\u015ftir. \u015e\u0131k g\u00fcm\u00fc\u015f tonlu bir a\u011f\u0131zl\u0131\u011fa sahip minimalist kare \u015feffaf kapak, g\u00f6r\u00fcn\u00fcm\u00fc tamamlamak i\u00e7in kullan\u0131lm\u0131\u015ft\u0131r. Bu 30 ml&#039;lik parf\u00fcm \u015fi\u015fesi, modern minimalizm ve sade zarafetin m\u00fckemmel bir kar\u0131\u015f\u0131m\u0131d\u0131r.<\/p>\n<h2>\u00dcr\u00fcn \u00d6zellikleri<\/h2>\n<ul>\n<li><strong>\u015eeffaf Silindir \u015ei\u015fe:<\/strong> \u0130nce yap\u0131s\u0131 yerden tasarruf sa\u011flar, \u015f\u0131kt\u0131r ve markan\u0131z\u0131 sergilemek i\u00e7in geni\u015f bir alan sunar.<\/li>\n<li><strong>Metal u\u00e7lu \u015feffaf kapak:<\/strong> \u015eeffaf kare kapak, g\u00fcm\u00fc\u015f renkli metal bir nozulla birle\u015ftirilerek mekanik bir incelik havas\u0131 kat\u0131yor.<\/li>\n<li><strong>\u00dc\u00e7 Boyut:<\/strong> Deneme boyu, seyahat boyu ve tam boy \u00fcr\u00fcnlerin gereksinimlerini kar\u015f\u0131lamak \u00fczere 15 ml, 20 ml ve 30 ml boyutlar\u0131nda \u00fcr\u00fcnler sat\u0131\u015fa sunulacakt\u0131r.<\/li>\n<\/ul>\n<h2 style=\"text-align: left;\">Temel \u00d6zellikler<\/h2>\n<table class=\"aligncenter\" style=\"border-collapse: collapse; width: 490.52pt;\" border=\"0\" width=\"654\" cellspacing=\"0\" cellpadding=\"0\">\n<tbody>\n<tr style=\"height: 13.50pt;\">\n<td style=\"height: 13.50pt; width: 132.00pt;\" width=\"176\" height=\"18\">\u015eartname<\/td>\n<td style=\"width: 358.50pt;\" width=\"478\">Detaylar<\/td>\n<\/tr>\n<tr style=\"height: 13.50pt;\">\n<td style=\"height: 13.50pt;\" height=\"18\">Boyutlar<\/td>\n<td>15 ml: 25\u00d784 mm; 20 ml: 29\u00d767 mm; 30 ml: 33\u00d798 mm<\/td>\n<\/tr>\n<tr style=\"height: 13.50pt;\">\n<td style=\"height: 13.50pt;\" height=\"18\">Malzeme<\/td>\n<td>\u015eeffaf Cam G\u00f6vde, \u015eeffaf Plastik Kapak, Metal Sprey Bile\u015fenleri<\/td>\n<\/tr>\n<tr style=\"height: 13.50pt;\">\n<td style=\"height: 13.50pt;\" height=\"18\">\u015ei\u015fe \u015eekli<\/td>\n<td>Silindir<\/td>\n<\/tr>\n<tr style=\"height: 13.50pt;\">\n<td style=\"height: 13.50pt;\" height=\"18\">Renk Vurgular\u0131<\/td>\n<td>\u015eeffaf Cam, G\u00fcm\u00fc\u015f Metalik Vurgular<\/td>\n<\/tr>\n<tr style=\"height: 13.50pt;\">\n<td style=\"height: 13.50pt;\" height=\"18\">\u0130\u015f\u00e7ilik \u00d6zelli\u011fi<\/td>\n<td>Y\u00fcksek \u015eeffafl\u0131kta Cam, S\u0131zd\u0131rmaz Sprey Mekanizmas\u0131<\/td>\n<\/tr>\n<tr style=\"height: 13.50pt;\">\n<td style=\"height: 13.50pt;\" height=\"18\">\u0130deal \u0130\u00e7in<\/td>\n<td>\u00d6zel Tasar\u0131m Parf\u00fcm \u015ei\u015feleri, Koku \u015ei\u015feleri<\/td>\n<\/tr>\n<\/tbody>\n<\/table>\n<h2>Bir Ba\u015far\u0131 \u00d6yk\u00fcs\u00fc: Tipik Bir \u0130skandinav Minimalist Markas\u0131n\u0131n Parf\u00fcm \u015ei\u015fesi<\/h2>\n<p>Minimalist tasar\u0131mlar\u0131yla \u00f6ne \u00e7\u0131kan en pop\u00fcler \u0130skandinav ya\u015fam tarz\u0131 markalar\u0131ndan biri, 30 ml&#039;lik parf\u00fcm \u015fi\u015femizi standart tasar\u0131m olarak se\u00e7ti ve buzlu camdan yap\u0131lm\u0131\u015f g\u00f6vdesini ve mat siyah ba\u015fl\u0131\u011f\u0131n\u0131 modifiye etti. Tamamen \u015feffaf olmak, marka de\u011ferlerinin temelini olu\u015fturuyor ve bu da \u015feffaf tasar\u0131mla son derece tutarl\u0131. Sonu\u00e7 olarak, yapt\u0131klar\u0131 anket, \u00fcr\u00fcn kalitesine olan g\u00fcvenin artt\u0131\u011f\u0131n\u0131 ortaya koydu. D\u00fcnya \u00e7ap\u0131nda sevkiyatlarda ,8 ba\u015far\u0131 oran\u0131na sahip s\u0131zd\u0131rmaz pompa ba\u015fl\u0131klar\u0131m\u0131z mevcut. \u00dcr\u00fcn\u00fcn tutarl\u0131l\u0131\u011f\u0131ndan ve piyasadaki performans\u0131ndan etkilenen m\u00fc\u015fterimiz, 200.000 \u015fi\u015felik ek bir sipari\u015f daha verdi.<\/p>\n<h2>Tekli Parf\u00fcm \u015ei\u015feleri<\/h2>\n<ul>\n<li>Cam Rengi veya Tonu \u00d6zelle\u015ftirilebilir \u2013 Amber, f\u00fcme gri veya a\u00e7\u0131k mavi cam se\u00e7enekleri mevcuttur.<\/li>\n<li>\u00d6zel Bak\u0131m Kapa\u011f\u0131 Rengi \u2013 Siyah, beyaz, gri ve di\u011fer renklerde \u015feffaf kare akrilik kapaklar sunacaklar.<\/li>\n<li>Metalik Sprey Kaplama \u2013 Pompa ba\u015fl\u0131\u011f\u0131 kaplamas\u0131 yerine alt\u0131n, pembe alt\u0131n, siyah veya krom se\u00e7eneklerinden birini se\u00e7in.<\/li>\n<li>Cam Serigrafi Bask\u0131 \u2013 Bu i\u015flem, bir logoyu, tasar\u0131m\u0131 veya metni cam y\u00fczeyine basmay\u0131 m\u00fcmk\u00fcn k\u0131lar.<\/li>\n<\/ul>","protected":false},"excerpt":{"rendered":"<p>\u00d6zel tasar\u0131m parf\u00fcm \u015fi\u015feleri, g\u00fcm\u00fc\u015f sprey ba\u015fl\u0131kl\u0131 \u015feffaf camdan 30 ml&#039;lik parf\u00fcm \u015fi\u015fesi. Fabrikadan do\u011frudan tedarik, istikrarl\u0131 kalite ve rekabet\u00e7i fiyatlar sa\u011flar.<\/p>","protected":false},"featured_media":4159,"template":"","meta":{"postBodyCss":"","postBodyMargin":[],"postBodyPadding":[],"postBodyBackground":{"backgroundType":"classic","gradient":""}},"product_brand":[],"product_cat":[15,16,62],"product_tag":[],"class_list":{"0":"post-4151","1":"product","2":"type-product","3":"status-publish","4":"has-post-thumbnail","6":"product_cat-glass-containers","7":"product_cat-glass-bottles","8":"product_cat-perfume-bottles","10":"first","11":"instock","12":"shipping-taxable","13":"product-type-simple"},"jetpack_sharing_enabled":true,"_links":{"self":[{"href":"https:\/\/minghanggroup.com\/tr\/wp-json\/wp\/v2\/product\/4151","targetHints":{"allow":["GET"]}}],"collection":[{"href":"https:\/\/minghanggroup.com\/tr\/wp-json\/wp\/v2\/product"}],"about":[{"href":"https:\/\/minghanggroup.com\/tr\/wp-json\/wp\/v2\/types\/product"}],"wp:featuredmedia":[{"embeddable":true,"href":"https:\/\/minghanggroup.com\/tr\/wp-json\/wp\/v2\/media\/4159"}],"wp:attachment":[{"href":"https:\/\/minghanggroup.com\/tr\/wp-json\/wp\/v2\/media?parent=4151"}],"wp:term":[{"taxonomy":"product_brand","embeddable":true,"href":"https:\/\/minghanggroup.com\/tr\/wp-json\/wp\/v2\/product_brand?post=4151"},{"taxonomy":"product_cat","embeddable":true,"href":"https:\/\/minghanggroup.com\/tr\/wp-json\/wp\/v2\/product_cat?post=4151"},{"taxonomy":"product_tag","embeddable":true,"href":"https:\/\/minghanggroup.com\/tr\/wp-json\/wp\/v2\/product_tag?post=4151"}],"curies":[{"name":"wp","href":"https:\/\/api.w.org\/{rel}","templated":true}]}}