{"id":4150,"date":"2025-12-29T14:03:26","date_gmt":"2025-12-29T06:03:26","guid":{"rendered":"https:\/\/minghanggroup.com\/?post_type=product&#038;p=4150"},"modified":"2026-04-14T10:03:15","modified_gmt":"2026-04-14T02:03:15","slug":"50-ml-perfume-bottles-for-fragrance-packaging-wholesale","status":"publish","type":"product","link":"https:\/\/minghanggroup.com\/tr\/urun\/50-ml-perfume-bottles-for-fragrance-packaging-wholesale\/","title":{"rendered":"50 ml Parf\u00fcm \u015ei\u015feleri (Koku Ambalaj\u0131 Toptan Sat\u0131\u015f\u0131)"},"content":{"rendered":"<p>50 ml&#039;lik parf\u00fcm \u015fi\u015feniz, m\u00fc\u015fterilerin durup bakmas\u0131na neden olmal\u0131. Parf\u00fcm ambalaj\u0131nda \u200b\u200bba\u015far\u0131y\u0131 hedefleyen, birinci s\u0131n\u0131f bo\u015f parf\u00fcm \u015fi\u015feleri \u00fcretiyoruz; her cam parf\u00fcm \u015fi\u015fesi markan\u0131z\u0131n imzas\u0131 haline geliyor.<\/p>\n<h2>\u00dcr\u00fcn \u00d6zellikleri<\/h2>\n<ol>\n<li><strong>Klasik silindirik \u015fi\u015fe \u015fekli: <\/strong>P\u00fcr\u00fczs\u00fcz, ak\u0131c\u0131 hatlar\u0131 ve dengeli oranlar\u0131, \u00e7a\u011fda\u015f esteti\u011fi uyarlanabilirlikle birle\u015ftirerek parf\u00fcm ve kolonya gibi \u00e7e\u015fitli koku \u00fcr\u00fcnlerinde kullan\u0131lmas\u0131n\u0131 m\u00fcmk\u00fcn k\u0131l\u0131yor.<\/li>\n<li><strong>Alt\u0131n renkli p\u00fcsk\u00fcrtme ucu ve kapa\u011f\u0131:<\/strong> Alt\u0131n renkli p\u00fcsk\u00fcrtme ba\u015fl\u0131\u011f\u0131, p\u00fcr\u00fczs\u00fcz ve parlak y\u00fczeyiyle t\u00fcm tasar\u0131ma zarafet ve l\u00fcks kat\u0131yor ve b\u00f6ylece \u00fcr\u00fcn\u00fc sat\u0131\u015f noktas\u0131nda m\u00fc\u015fteri i\u00e7in daha \u00e7ekici hale getiriyor.<\/li>\n<li><strong>P\u00fcr\u00fczs\u00fcz ve rahat bir his:<\/strong> Elinize ald\u0131\u011f\u0131n\u0131zda avucunuza m\u00fckemmel bir \u015fekilde oturarak g\u00fcnl\u00fck kullan\u0131m s\u0131ras\u0131nda konfor ve g\u00fcvenlik hissini art\u0131r\u0131r.<\/li>\n<\/ol>\n<h2>Temel \u00d6zellikler<\/h2>\n<table style=\"border-collapse: collapse; width: 80%; margin-left: auto; margin-right: auto;\" border=\"0\" width=\"432\" cellspacing=\"0\" cellpadding=\"0\">\n<tbody>\n<tr style=\"height: 13.50pt;\">\n<td style=\"height: 13.5pt; width: 54pt; text-align: center;\" width=\"72\" height=\"18\">Kapasite<\/td>\n<td style=\"width: 54pt; text-align: center;\" width=\"72\">Boyut<\/td>\n<td style=\"width: 54pt; text-align: center;\" width=\"72\">Boyun \u00c7ap\u0131<\/td>\n<td style=\"width: 54pt; text-align: center;\" width=\"72\">\u015eekil<\/td>\n<td style=\"width: 54pt; text-align: center;\" width=\"72\">Kapan\u0131\u015f<\/td>\n<td style=\"width: 54pt; text-align: center;\" width=\"72\">Renk Se\u00e7enekleri<\/td>\n<\/tr>\n<tr style=\"height: 13.50pt;\">\n<td style=\"height: 13.5pt; text-align: center;\" height=\"18\">50 ml \/ 1,7 oz<\/td>\n<td style=\"text-align: center;\">43 x 96 mm<\/td>\n<td style=\"text-align: center;\">15 mm<\/td>\n<td style=\"text-align: center;\">E\u011fimli omuzlu silindirik<\/td>\n<td style=\"text-align: center;\">Basmal\u0131 kapakl\u0131 sprey + dald\u0131rma t\u00fcp\u00fc<\/td>\n<td style=\"text-align: center;\">\u00d6zelle\u015ftirilebilir<\/td>\n<\/tr>\n<\/tbody>\n<\/table>\n<h2>Ba\u015far\u0131 \u00d6rne\u011fi<\/h2>\n<p>Ni\u015f bir parf\u00fcm markas\u0131, l\u00fcks konumunu daha iyi yans\u0131tmak i\u00e7in cam bo\u015f parf\u00fcm \u015fi\u015felerini daha kal\u0131n bir taban, alt\u0131n al\u00fcminyum sprey pompas\u0131 ve \u00f6zel logo bask\u0131s\u0131 se\u00e7erek yeniden tasarlad\u0131. Markan\u0131n yeniden tasarlanan ambalaj\u0131n\u0131n piyasaya s\u00fcr\u00fclmesinden \u00fc\u00e7 ay sonra, sat\u0131\u015flarda &#039;luk bir art\u0131\u015f ve \u00e7evrimi\u00e7i tekrarlanan sat\u0131n al\u0131mlarda &#039;l\u0131k bir art\u0131\u015f kaydedildi. Bu da, orijinal hacmin iki kat\u0131 olan ikinci bir sipari\u015fe yol a\u00e7t\u0131.<\/p>\n<h2>\u00d6zelle\u015ftirme Se\u00e7enekleriniz<\/h2>\n<ul>\n<li><strong>Renk Uyumu:<\/strong> Parf\u00fcm ambalaj\u0131n\u0131zda markan\u0131z\u0131n renk paletiyle uyumlu cam renkleri se\u00e7erek, ambalaj\u0131n\u0131z\u0131n uyumlu olmas\u0131n\u0131 sa\u011flay\u0131n.<\/li>\n<li><strong>P\u00fcsk\u00fcrtme Ba\u015fl\u0131\u011f\u0131:<\/strong> Kokular\u0131n dokusunu de\u011fi\u015ftirmek i\u00e7in ince p\u00fcsk\u00fcrtmeli atomiz\u00f6rden standart pompal\u0131 atomiz\u00f6re ge\u00e7in.<\/li>\n<li><strong>\u015eapka Modelleri:<\/strong> Son r\u00f6tu\u015flar\u0131n\u0131z\u0131n g\u00f6r\u00fcn\u00fcm\u00fcn\u00fc iyile\u015ftirmek i\u00e7in metal kapaklar veya dekoratif unsurlar ekleyin.<\/li>\n<li><strong>Etiket Yerle\u015fimi:<\/strong> Kavisli omuz ask\u0131s\u0131na tam olarak uyan benzersiz etiketler olu\u015fturun.<\/li>\n<\/ul>","protected":false},"excerpt":{"rendered":"<p>\u00d6zel parf\u00fcm ambalaj\u0131 i\u00e7in 50 ml&#039;lik parf\u00fcm \u015fi\u015felerini ke\u015ffedin. Bu bo\u015f parf\u00fcm \u015fi\u015feleri, toplu \u00f6zelle\u015ftirme ve \u00fccretsiz numuneleri destekler ve h\u0131zl\u0131 kargo ile g\u00f6nderilir.<\/p>","protected":false},"featured_media":4155,"template":"","meta":{"postBodyCss":"","postBodyMargin":[],"postBodyPadding":[],"postBodyBackground":{"backgroundType":"classic","gradient":""}},"product_brand":[],"product_cat":[15,16,62],"product_tag":[111],"class_list":{"0":"post-4150","1":"product","2":"type-product","3":"status-publish","4":"has-post-thumbnail","6":"product_cat-glass-containers","7":"product_cat-glass-bottles","8":"product_cat-perfume-bottles","9":"product_tag-glass-mist-bottles","11":"first","12":"instock","13":"shipping-taxable","14":"product-type-simple"},"jetpack_sharing_enabled":true,"_links":{"self":[{"href":"https:\/\/minghanggroup.com\/tr\/wp-json\/wp\/v2\/product\/4150","targetHints":{"allow":["GET"]}}],"collection":[{"href":"https:\/\/minghanggroup.com\/tr\/wp-json\/wp\/v2\/product"}],"about":[{"href":"https:\/\/minghanggroup.com\/tr\/wp-json\/wp\/v2\/types\/product"}],"wp:featuredmedia":[{"embeddable":true,"href":"https:\/\/minghanggroup.com\/tr\/wp-json\/wp\/v2\/media\/4155"}],"wp:attachment":[{"href":"https:\/\/minghanggroup.com\/tr\/wp-json\/wp\/v2\/media?parent=4150"}],"wp:term":[{"taxonomy":"product_brand","embeddable":true,"href":"https:\/\/minghanggroup.com\/tr\/wp-json\/wp\/v2\/product_brand?post=4150"},{"taxonomy":"product_cat","embeddable":true,"href":"https:\/\/minghanggroup.com\/tr\/wp-json\/wp\/v2\/product_cat?post=4150"},{"taxonomy":"product_tag","embeddable":true,"href":"https:\/\/minghanggroup.com\/tr\/wp-json\/wp\/v2\/product_tag?post=4150"}],"curies":[{"name":"wp","href":"https:\/\/api.w.org\/{rel}","templated":true}]}}