{"id":4145,"date":"2025-12-29T11:24:44","date_gmt":"2025-12-29T03:24:44","guid":{"rendered":"https:\/\/minghanggroup.com\/?post_type=product&#038;p=4145"},"modified":"2025-12-29T13:33:41","modified_gmt":"2025-12-29T05:33:41","slug":"square-engraved-perfume-bottles-with-black-lids-bulk","status":"publish","type":"product","link":"https:\/\/minghanggroup.com\/tr\/urun\/square-engraved-perfume-bottles-with-black-lids-bulk\/","title":{"rendered":"100 ml Kare \u015eekilli, Siyah Kapakl\u0131, Grav\u00fcrl\u00fc Parf\u00fcm \u015ei\u015feleri (Toptan)"},"content":{"rendered":"<p>\u015eeffaf kare camdan yap\u0131lm\u0131\u015f, son derece sofistike 3 boyutlu elmas kesim tasar\u0131ml\u0131 ve mat siyah silindirik kapakl\u0131 bu grav\u00fcrl\u00fc parf\u00fcm \u015fi\u015feleri, modernizm ile geleneksel parf\u00fcm \u015fi\u015fesi aras\u0131nda inan\u0131lmaz bir z\u0131tl\u0131k olu\u015fturuyor.<\/p>\n<h2>\u00dcr\u00fcn \u00d6zellikleri<\/h2>\n<ul>\n<li><strong>3B Kesim Dokusu:<\/strong> \u015ei\u015fenin y\u00fczeyinde, g\u00f6rsel derinlik katacak ve ayn\u0131 zamanda tutu\u015fu ve kaymay\u0131 \u00f6nleyecek elmas kesimli bir doku bulunacak.<\/li>\n<li><strong>Klasik Siyah Beyaz Renk \u015eemas\u0131:<\/strong> \u015eeffaf cam\u0131n saf siyah kapakla birle\u015fimi sade ama zarif bir g\u00f6r\u00fcn\u00fcm sunar ve her t\u00fcrl\u00fc banyo veya vitrin alan\u0131nda kullan\u0131labilir.<\/li>\n<li><strong>Basit Kare:<\/strong> \u015ei\u015fe tasar\u0131m\u0131, modern minimalist tasar\u0131mla uyumlu olmas\u0131n\u0131n yan\u0131 s\u0131ra, saklama ve sergileme a\u00e7\u0131s\u0131ndan da kolayl\u0131k sa\u011fl\u0131yor.<\/li>\n<\/ul>\n<h2 style=\"text-align: left;\">Temel \u00d6zellikler<\/h2>\n<table class=\"aligncenter\" style=\"border-collapse: collapse; width: 409.52pt;\" border=\"0\" width=\"546\" cellspacing=\"0\" cellpadding=\"0\">\n<tbody>\n<tr style=\"height: 13.50pt;\">\n<td style=\"height: 13.50pt; width: 129.00pt;\" width=\"172\" height=\"18\">\u015eartname<\/td>\n<td style=\"width: 280.50pt;\" width=\"374\">Detaylar<\/td>\n<\/tr>\n<tr style=\"height: 13.50pt;\">\n<td style=\"height: 13.50pt;\" height=\"18\">Kapasite<\/td>\n<td>100 ml<\/td>\n<\/tr>\n<tr style=\"height: 13.50pt;\">\n<td style=\"height: 13.50pt;\" height=\"18\">Boyutlar<\/td>\n<td>55,5\u00d736,5\u00d7102 mm<\/td>\n<\/tr>\n<tr style=\"height: 13.50pt;\">\n<td style=\"height: 13.50pt;\" height=\"18\">Malzeme<\/td>\n<td>\u015eeffaf Cam, Plastik\/Metal Kapak<\/td>\n<\/tr>\n<tr style=\"height: 13.50pt;\">\n<td style=\"height: 13.50pt;\" height=\"18\">\u015ei\u015fe \u015eekli<\/td>\n<td>\u00c7apraz Y\u00fczeyli Kare<\/td>\n<\/tr>\n<tr style=\"height: 13.50pt;\">\n<td style=\"height: 13.50pt;\" height=\"18\">Renk<\/td>\n<td>\u015eeffaf Cam G\u00f6vde, Siyah Silindir Kapak<\/td>\n<\/tr>\n<tr style=\"height: 13.50pt;\">\n<td style=\"height: 13.50pt;\" height=\"18\">\u0130\u015f\u00e7ilik \u00d6zelli\u011fi<\/td>\n<td>Derin 3D \u00c7apraz Elmas Kesim Grav\u00fcr<\/td>\n<\/tr>\n<tr style=\"height: 13.50pt;\">\n<td style=\"height: 13.50pt;\" height=\"18\">\u0130deal \u0130\u00e7in<\/td>\n<td>Grav\u00fcrl\u00fc Parf\u00fcm \u015ei\u015feleri, Toplu Parf\u00fcm \u015ei\u015feleri<\/td>\n<\/tr>\n<\/tbody>\n<\/table>\n<h2>Ba\u015far\u0131 \u00d6yk\u00fcs\u00fc: Modern Koku Markas\u0131n\u0131n L\u00fcks Parf\u00fcm \u015ei\u015fesi<\/h2>\n<p>Yeni nesil parf\u00fcm markalar\u0131ndan biri, \u00fcr\u00fcnlerini paketlemek i\u00e7in 100 ml&#039;lik \u00f6zel tasar\u0131m parf\u00fcm \u015fi\u015femizi se\u00e7ti. Estetik a\u00e7\u0131dan ho\u015f \u015fekillerin yan\u0131 s\u0131ra derin elmas kesim grav\u00fcr\u00fc, \u00fcst d\u00fczey kaymaz tutu\u015f \u00f6zelli\u011fi sunarak m\u00fc\u015fteri yorumlar\u0131na g\u00f6re kazara d\u00fc\u015fmeleri yakla\u015f\u0131k oran\u0131nda azalt\u0131yor. Y\u00fcksek g\u00f6r\u00fcn\u00fcm\u00fc, piyasadaki ortalama fiyattan daha y\u00fcksek bir fiyat\u0131 hakl\u0131 \u00e7\u0131kar\u0131yor. \u015ei\u015fenin kendine \u00f6zg\u00fc dokusu, y\u00fcksek tan\u0131n\u0131rl\u0131k sa\u011flad\u0131 ve sosyal medyada organik olarak 0 oran\u0131nda payla\u015f\u0131m art\u0131\u015f\u0131na yol a\u00e7t\u0131. Daha sonra d\u00fcnya \u00e7ap\u0131nda da\u011f\u0131t\u0131lmak \u00fczere 200.000 \u015fi\u015fe daha sipari\u015f ettiler.<\/p>\n<h2>Toplu Parf\u00fcm \u015ei\u015feleri \u0130\u00e7in \u00d6zelle\u015ftirme \u00d6nerileri<\/h2>\n<ul>\n<li>\u00d6zel olarak i\u015flenecek desenler \u2013 Elmas kesim tasar\u0131m\u0131yla okundu\u011funda standart bir desen olmayan, benzersiz bir \u015fekilde tasarlanm\u0131\u015f, geometrik, \u00e7i\u00e7ekli veya soyut desenler.<\/li>\n<li>Vitrayl\u0131, grav\u00fcrl\u00fc (f\u00fcme gri, kehribar) vitray \u015fi\u015feler sunulan ambalaj tarz\u0131d\u0131r.<\/li>\n<li>Ki\u015fiselle\u015ftirilmi\u015f Kapak Rengi ve Kaplamas\u0131: Marka renklerinizi tamamlayacak kapak rengini se\u00e7in veya mat, parlak veya metalik kaplamalar uygulay\u0131n.<\/li>\n<li>Lazerle i\u015flenmi\u015f logo, marka logosu son derece ince bir \u015fekilde lazerle i\u015flenmi\u015ftir.<\/li>\n<\/ul>","protected":false},"excerpt":{"rendered":"<p>Bu grav\u00fcrl\u00fc parf\u00fcm \u015fi\u015feleri \u015f\u0131k, kare bir tasar\u0131ma sahiptir. Markan\u0131za uygun \u00f6zel logo se\u00e7enekleriyle toplu parf\u00fcm \u015fi\u015feleri tedarik ediyoruz. \u00dccretsiz numuneler.<\/p>","protected":false},"featured_media":4146,"template":"","meta":{"postBodyCss":"","postBodyMargin":[],"postBodyPadding":[],"postBodyBackground":{"backgroundType":"classic","gradient":""}},"product_brand":[],"product_cat":[15,16,62],"product_tag":[],"class_list":{"0":"post-4145","1":"product","2":"type-product","3":"status-publish","4":"has-post-thumbnail","6":"product_cat-glass-containers","7":"product_cat-glass-bottles","8":"product_cat-perfume-bottles","10":"first","11":"instock","12":"shipping-taxable","13":"product-type-simple"},"jetpack_sharing_enabled":true,"_links":{"self":[{"href":"https:\/\/minghanggroup.com\/tr\/wp-json\/wp\/v2\/product\/4145","targetHints":{"allow":["GET"]}}],"collection":[{"href":"https:\/\/minghanggroup.com\/tr\/wp-json\/wp\/v2\/product"}],"about":[{"href":"https:\/\/minghanggroup.com\/tr\/wp-json\/wp\/v2\/types\/product"}],"wp:featuredmedia":[{"embeddable":true,"href":"https:\/\/minghanggroup.com\/tr\/wp-json\/wp\/v2\/media\/4146"}],"wp:attachment":[{"href":"https:\/\/minghanggroup.com\/tr\/wp-json\/wp\/v2\/media?parent=4145"}],"wp:term":[{"taxonomy":"product_brand","embeddable":true,"href":"https:\/\/minghanggroup.com\/tr\/wp-json\/wp\/v2\/product_brand?post=4145"},{"taxonomy":"product_cat","embeddable":true,"href":"https:\/\/minghanggroup.com\/tr\/wp-json\/wp\/v2\/product_cat?post=4145"},{"taxonomy":"product_tag","embeddable":true,"href":"https:\/\/minghanggroup.com\/tr\/wp-json\/wp\/v2\/product_tag?post=4145"}],"curies":[{"name":"wp","href":"https:\/\/api.w.org\/{rel}","templated":true}]}}