{"id":4140,"date":"2025-12-29T11:22:36","date_gmt":"2025-12-29T03:22:36","guid":{"rendered":"https:\/\/minghanggroup.com\/?post_type=product&#038;p=4140"},"modified":"2026-04-14T10:08:31","modified_gmt":"2026-04-14T02:08:31","slug":"100ml-tall-glass-perfume-bottles-for-fragrance-packaging-bulk","status":"publish","type":"product","link":"https:\/\/minghanggroup.com\/tr\/urun\/100ml-tall-glass-perfume-bottles-for-fragrance-packaging-bulk\/","title":{"rendered":"100 ml&#039;lik Uzun Cam Parf\u00fcm \u015ei\u015feleri, Toplu Parf\u00fcm Ambalaj\u0131 \u0130\u00e7in"},"content":{"rendered":"<p>Parf\u00fcm\u00fcn\u00fcz, ilk bak\u0131\u015fta kaliteyi yans\u0131tan bir ambalaj\u0131 hak ediyor. Parf\u00fcm ambalaj\u0131nda \u200b\u200bba\u015far\u0131y\u0131 hedefleyen, her bir cam parf\u00fcm \u015fi\u015fesinin markan\u0131z\u0131n imzas\u0131 haline geldi\u011fi, birinci s\u0131n\u0131f cam parf\u00fcm \u015fi\u015feleri \u00fcretiyoruz.<\/p>\n<h2>\u00dcr\u00fcn \u00d6zellikleri<\/h2>\n<ol>\n<li><strong>Uzun ve zarif tasar\u0131m:<\/strong> Cam parf\u00fcm \u015fi\u015feleri, ince silindirik, y\u00fcksek, ayak \u015feklinde bir tasar\u0131ma sahip olup, p\u00fcr\u00fczs\u00fcz ve d\u00fczg\u00fcn \u015fi\u015fe omuzlar\u0131yla g\u00fc\u00e7l\u00fc bir modernlik hissi uyand\u0131r\u0131yor ve rafta kolayca dikkat \u00e7ekiyor.<\/li>\n<li><strong>Kristal Berrakl\u0131\u011f\u0131:<\/strong> Cam parf\u00fcm \u015fi\u015felerimiz, g\u00f6z al\u0131c\u0131 modern bir esteti\u011fin en \u00f6zg\u00fcn do\u011fas\u0131yla \u00fcretilmi\u015f olup, parf\u00fcm\u00fcn\u00fcz i\u00e7in m\u00fckemmel bir vitrin g\u00f6revi g\u00f6r\u00fcr.<\/li>\n<li><strong>\u00c7ok Y\u00f6nl\u00fc Sprey Sistemi:<\/strong> Entegre p\u00fcsk\u00fcrt\u00fcc\u00fc, homojen bir uygulama i\u00e7in ince bir sis yayar; bu da \u00f6zel parf\u00fcm serileri i\u00e7in en iyi se\u00e7imdir.<\/li>\n<\/ol>\n<h2>Temel \u00d6zellikler<\/h2>\n<table style=\"border-collapse: collapse; width: 80%; margin-left: auto; margin-right: auto;\" border=\"0\" width=\"432\" cellspacing=\"0\" cellpadding=\"0\">\n<tbody>\n<tr style=\"height: 13.50pt;\">\n<td style=\"height: 13.5pt; width: 54pt; text-align: center;\" width=\"72\" height=\"18\">Kapasite<\/td>\n<td style=\"width: 54pt; text-align: center;\" width=\"72\">Boyut<\/td>\n<td style=\"width: 54pt; text-align: center;\" width=\"72\">Boyun \u00c7ap\u0131<\/td>\n<td style=\"width: 54pt; text-align: center;\" width=\"72\">\u015eekil<\/td>\n<td style=\"width: 54pt; text-align: center;\" width=\"72\">Kapatma T\u00fcr\u00fc<\/td>\n<td style=\"width: 54pt; text-align: center;\" width=\"72\">Renk Se\u00e7enekleri<\/td>\n<\/tr>\n<tr style=\"height: 13.50pt;\">\n<td style=\"height: 13.5pt; text-align: center;\" height=\"18\">100 ml<\/td>\n<td style=\"text-align: center;\">40 x 129 mm<\/td>\n<td style=\"text-align: center;\">15 mm<\/td>\n<td style=\"text-align: center;\">Silindirik<\/td>\n<td style=\"text-align: center;\">S\u0131k\u0131\u015ft\u0131rma boyunlu + p\u00fcsk\u00fcrt\u00fcc\u00fc<\/td>\n<td style=\"text-align: center;\">\u00d6zelle\u015ftirilebilir<\/td>\n<\/tr>\n<\/tbody>\n<\/table>\n<h2>Ba\u015far\u0131 \u00d6rne\u011fi<\/h2>\n<p>Yeni bir parf\u00fcm markas\u0131, g\u00fcnl\u00fck parf\u00fcm serisi i\u00e7in standart ambalaj olarak bu silindirik cam parf\u00fcm \u015fi\u015fesini tercih etti. \u015eeffaf \u015fi\u015fe ve minimalist \u00e7izgiler, parf\u00fcm\u00fcn kalitesini vurguluyor ve kolayca tan\u0131nmas\u0131n\u0131 sa\u011fl\u0131yor. \u00dcr\u00fcn\u00fcn e-ticaret ve ki\u015fisel al\u0131\u015fveri\u015f kanallar\u0131ndaki ba\u015far\u0131l\u0131 performans\u0131 sonucunda, ilk \u00e7eyrek sat\u0131\u015flar\u0131 beklentilerin yakla\u015f\u0131k \u00fczerinde ger\u00e7ekle\u015fti ve bunun &#039;inden fazlas\u0131n\u0131 tekrar sipari\u015fler olu\u015fturdu.<\/p>\n<h2>Ki\u015fiselle\u015ftirme Yolunuz<\/h2>\n<p>Bu cam parf\u00fcm \u015fi\u015feleri, marka konumland\u0131rmas\u0131na g\u00f6re kapasite ve oran a\u00e7\u0131s\u0131ndan \u00e7ok esnek bir \u015fekilde ayarlanabilecek \u015fekilde tasarlanm\u0131\u015ft\u0131r; bu sayede farkl\u0131 parf\u00fcm t\u00fcrlerinin veya kanal \u00f6zelliklerinin gereksinimlerini kar\u015f\u0131layabilir. Dokuyu iyile\u015ftirmek i\u00e7in, cam parf\u00fcm \u015fi\u015fesi y\u00fcksek \u015feffafl\u0131kta beyaz malzemeden yap\u0131labilir veya hafif bir atomizasyon i\u015flemi tercih edilebilir. \u015ei\u015fe a\u011fz\u0131, \u00e7e\u015fitli p\u00fcsk\u00fcrtme nozulu sistemlerine, normal p\u00fcsk\u00fcrtme veya ince atomizasyon \u00e7\u00f6z\u00fcmlerine uyumlu olacak \u015fekilde uyarlanabilir, b\u00f6ylece kullan\u0131c\u0131 deneyimi iyile\u015ftirilebilir. G\u00f6r\u00fcn\u00fcm a\u00e7\u0131s\u0131ndan, marka tan\u0131n\u0131rl\u0131\u011f\u0131n\u0131 art\u0131rmak i\u00e7in serigrafi, s\u0131cak bask\u0131, etiketleme veya k\u0131smi p\u00fcsk\u00fcrtme gibi i\u015flemlerin yetenekleriyle donat\u0131lm\u0131\u015ft\u0131r. \u015ei\u015fe kapa\u011f\u0131 da farkl\u0131 renklere veya malzeme kombinasyonlar\u0131na d\u00f6n\u00fc\u015ft\u00fcr\u00fclebilir, b\u00f6ylece genel ambalaj, \u00fcst d\u00fczey, ni\u015f veya kitlesel pazar parf\u00fcmlerinin pazar taleplerine daha uygun hale getirilir.<\/p>","protected":false},"excerpt":{"rendered":"<p>Fabrikadan do\u011frudan temin edilebilen birinci s\u0131n\u0131f cam parf\u00fcm \u015fi\u015feleri. Bu cam parf\u00fcm \u015fi\u015feleri, markalar i\u00e7in toplu sipari\u015f, \u00fccretsiz numune ve k\u00fcresel teslimat\u0131 desteklemektedir.<\/p>","protected":false},"featured_media":4144,"template":"","meta":{"postBodyCss":"","postBodyMargin":[],"postBodyPadding":[],"postBodyBackground":{"backgroundType":"classic","gradient":""}},"product_brand":[],"product_cat":[15,16,62],"product_tag":[111],"class_list":{"0":"post-4140","1":"product","2":"type-product","3":"status-publish","4":"has-post-thumbnail","6":"product_cat-glass-containers","7":"product_cat-glass-bottles","8":"product_cat-perfume-bottles","9":"product_tag-glass-mist-bottles","11":"first","12":"instock","13":"shipping-taxable","14":"product-type-simple"},"jetpack_sharing_enabled":true,"_links":{"self":[{"href":"https:\/\/minghanggroup.com\/tr\/wp-json\/wp\/v2\/product\/4140","targetHints":{"allow":["GET"]}}],"collection":[{"href":"https:\/\/minghanggroup.com\/tr\/wp-json\/wp\/v2\/product"}],"about":[{"href":"https:\/\/minghanggroup.com\/tr\/wp-json\/wp\/v2\/types\/product"}],"wp:featuredmedia":[{"embeddable":true,"href":"https:\/\/minghanggroup.com\/tr\/wp-json\/wp\/v2\/media\/4144"}],"wp:attachment":[{"href":"https:\/\/minghanggroup.com\/tr\/wp-json\/wp\/v2\/media?parent=4140"}],"wp:term":[{"taxonomy":"product_brand","embeddable":true,"href":"https:\/\/minghanggroup.com\/tr\/wp-json\/wp\/v2\/product_brand?post=4140"},{"taxonomy":"product_cat","embeddable":true,"href":"https:\/\/minghanggroup.com\/tr\/wp-json\/wp\/v2\/product_cat?post=4140"},{"taxonomy":"product_tag","embeddable":true,"href":"https:\/\/minghanggroup.com\/tr\/wp-json\/wp\/v2\/product_tag?post=4140"}],"curies":[{"name":"wp","href":"https:\/\/api.w.org\/{rel}","templated":true}]}}