{"id":4134,"date":"2025-12-29T10:07:40","date_gmt":"2025-12-29T02:07:40","guid":{"rendered":"https:\/\/minghanggroup.com\/?post_type=product&#038;p=4134"},"modified":"2025-12-29T17:27:51","modified_gmt":"2025-12-29T09:27:51","slug":"fancy-custom-cologne-bottles-with-gold-lids-bulk","status":"publish","type":"product","link":"https:\/\/minghanggroup.com\/tr\/urun\/fancy-custom-cologne-bottles-with-gold-lids-bulk\/","title":{"rendered":"50 ml ve 100 ml&#039;lik \u00d6zel Tasar\u0131m Alt\u0131n Kapakl\u0131 Parf\u00fcm \u015ei\u015feleri (Toptan Sat\u0131\u015f)"},"content":{"rendered":"<p>Parf\u00fcm\u00fcn\u00fcz\u00fcn ilk bak\u0131\u015fta l\u00fcks bir his uyand\u0131rmas\u0131n\u0131 sa\u011flayacak bir ambalaja ihtiyac\u0131n\u0131z var. Parf\u00fcm ambalaj\u0131nda \u200b\u200bba\u015far\u0131y\u0131 hedefleyen \u00f6zel tasar\u0131m kolonya \u015fi\u015feleri \u00fcretiyoruz; her \u015f\u0131k parf\u00fcm \u015fi\u015fesi markan\u0131z\u0131n imzas\u0131 haline geliyor.<\/p>\n<h2>\u00dcr\u00fcn \u00d6zellikleri<\/h2>\n<ul>\n<li><strong>Y\u00fcksek \u015eeffafl\u0131kta Cam Malzeme:<\/strong>\u015e\u0131k kristal cam parf\u00fcm \u015fi\u015felerimiz, parf\u00fcm\u00fcn orijinal rengini sergilemesi i\u00e7in m\u00fckemmel bir ortamd\u0131r ve bu nedenle an\u0131nda g\u00f6rsel \u00e7ekicilik olarak adland\u0131r\u0131labilir.<\/li>\n<li><strong>Zarif Yuvarlak Sil\u00fcet:<\/strong>\u015e\u0131k parf\u00fcm \u015fi\u015felerimizin p\u00fcr\u00fczs\u00fcz, ak\u0131c\u0131 hatlar\u0131, her rafta \u00f6ne \u00e7\u0131kan modern bir zarafet sunuyor.<\/li>\n<li><strong>Sa\u011flam Taban Tasar\u0131m\u0131:<\/strong>Cam parf\u00fcm \u015fi\u015fesinin kal\u0131nla\u015ft\u0131r\u0131lm\u0131\u015f taban\u0131, \u015fi\u015fenin sadece cam parf\u00fcm \u015fi\u015fesi sergilerinde de\u011fil, g\u00fcnl\u00fck kullan\u0131mda da sergilenmesine olanak tan\u0131r.<\/li>\n<li><strong>Dekoratif Kapak Se\u00e7enekleri:<\/strong>Renk vurgular\u0131na sahip metalik kapaklar se\u00e7erek, tarz\u0131n\u0131za son dokunu\u015fu, yani \u00fcst\u00fcn kaliteyi ekliyorsunuz.<\/li>\n<\/ul>\n<h2>Temel \u00d6zellikler<\/h2>\n<table style=\"border-collapse: collapse; width: 80%; margin-left: auto; margin-right: auto;\" border=\"0\" width=\"360\" cellspacing=\"0\" cellpadding=\"0\">\n<tbody>\n<tr style=\"height: 13.50pt;\">\n<td style=\"height: 13.5pt; width: 54pt; text-align: center;\" width=\"72\" height=\"18\">Kapasite(ml)<\/td>\n<td style=\"width: 54pt; text-align: center;\" width=\"72\">Boyut (mm)<\/td>\n<td style=\"width: 54pt; text-align: center;\" width=\"72\">Boyun \u00c7ap\u0131<\/td>\n<td style=\"width: 54pt; text-align: center;\" width=\"72\">S\u0131zd\u0131rmazl\u0131k Y\u00f6ntemi<\/td>\n<td style=\"width: 54pt; text-align: center;\" width=\"72\">Renk Se\u00e7ene\u011fi<\/td>\n<\/tr>\n<tr style=\"height: 13.50pt;\">\n<td style=\"height: 13.5pt; text-align: center;\" height=\"18\">50<\/td>\n<td style=\"text-align: center;\">43 x 77<\/td>\n<td class=\"et2\" style=\"text-align: center;\" rowspan=\"2\">15 mm<\/td>\n<td class=\"et2\" style=\"text-align: center;\" rowspan=\"2\">Basmal\u0131 boyun + p\u00fcsk\u00fcrt\u00fcc\u00fc<\/td>\n<td class=\"et2\" style=\"text-align: center;\" rowspan=\"2\">\u00d6zelle\u015ftirilebilir<\/td>\n<\/tr>\n<tr style=\"height: 13.50pt;\">\n<td style=\"height: 13.5pt; text-align: center;\" height=\"18\">100<\/td>\n<td style=\"text-align: center;\">52 x 93<\/td>\n<\/tr>\n<\/tbody>\n<\/table>\n<h2>\u015e\u0131k Parf\u00fcm \u015ei\u015felerinin Ba\u015far\u0131 \u00d6yk\u00fcs\u00fc<\/h2>\n<p>S\u0131n\u0131r \u00f6tesi e-ticaret ve butik al\u0131c\u0131 kanallar\u0131n\u0131 hedefleyen bir parf\u00fcm markas\u0131, l\u00fcks serisi i\u00e7in temel ambalaj olarak bu parf\u00fcm \u015fi\u015fesini se\u00e7ti. \u015ei\u015fenin oranlar\u0131n\u0131n ayarlanmas\u0131 ve y\u00fcksek parlakl\u0131kta metalik bir kapak kullan\u0131lmas\u0131yla sunumun genel g\u00f6rsel kalitesi b\u00fcy\u00fck \u00f6l\u00e7\u00fcde art\u0131r\u0131ld\u0131.<\/p>\n<p>\u00dcr\u00fcn lansman\u0131ndan sonra platformun ana tan\u0131t\u0131m faaliyetleri s\u0131ras\u0131nda d\u00f6n\u00fc\u015f\u00fcm oranlar\u0131 \u00f6nemli \u00f6l\u00e7\u00fcde artt\u0131 ve serinin sat\u0131\u015flar\u0131 \u00fc\u00e7 ay i\u00e7inde y\u0131ll\u0131k bazda yakla\u015f\u0131k artt\u0131.<\/p>\n<h2>Ki\u015fiselle\u015ftirme Yolunuz<\/h2>\n<p>Bir an yaratmak, bir parf\u00fcm satmaktan bile daha iyidir. Marka hikayenizle yank\u0131 bulan benzersiz kapak renkleri veya dekoratif desenler, \u00f6zel kolonya \u015fi\u015felerinizi ki\u015fiselle\u015ftirmenize ger\u00e7ekten yard\u0131mc\u0131 olabilir. Esansiyel ya\u011flar veya \u00f6zel parf\u00fcm seriniz, ince bir sis sa\u011flayan basmal\u0131, uyumlu boyun ve atomiz\u00f6r sisteminden en iyi \u015fekilde faydalanacakt\u0131r. Parf\u00fcm ambalaj gereksinimlerinizi kar\u015f\u0131lamak i\u00e7in cam \u015fi\u015fe boyutlar\u0131m\u0131zdan se\u00e7im yapabilir ve toptan sipari\u015flerin sorunsuz g\u00f6nderiminin keyfini \u00e7\u0131karabilirsiniz. \u015e\u0131k parf\u00fcm \u015fi\u015felerinizi metalik kapak kaplamas\u0131yla birinci s\u0131n\u0131f bir hediye gibi hissettirerek her \u015fi\u015feyi l\u00fcks bir hediye jesti haline getirin.<\/p>","protected":false},"excerpt":{"rendered":"<p>Fabrikadan do\u011frudan tedarik\u00e7iden \u00f6zel kolonya \u015fi\u015feleri ve bu \u015f\u0131k parf\u00fcm \u015fi\u015feleri, marka \u00f6zelle\u015ftirmesi i\u00e7in g\u00fcvenilir k\u00fcresel teslimat\u0131 desteklemektedir. \u00dccretsiz numune.<\/p>","protected":false},"featured_media":4137,"template":"","meta":{"postBodyCss":"","postBodyMargin":[],"postBodyPadding":[],"postBodyBackground":{"backgroundType":"classic","gradient":""}},"product_brand":[],"product_cat":[15,16,62],"product_tag":[],"class_list":{"0":"post-4134","1":"product","2":"type-product","3":"status-publish","4":"has-post-thumbnail","6":"product_cat-glass-containers","7":"product_cat-glass-bottles","8":"product_cat-perfume-bottles","10":"first","11":"instock","12":"shipping-taxable","13":"product-type-simple"},"jetpack_sharing_enabled":true,"_links":{"self":[{"href":"https:\/\/minghanggroup.com\/tr\/wp-json\/wp\/v2\/product\/4134","targetHints":{"allow":["GET"]}}],"collection":[{"href":"https:\/\/minghanggroup.com\/tr\/wp-json\/wp\/v2\/product"}],"about":[{"href":"https:\/\/minghanggroup.com\/tr\/wp-json\/wp\/v2\/types\/product"}],"wp:featuredmedia":[{"embeddable":true,"href":"https:\/\/minghanggroup.com\/tr\/wp-json\/wp\/v2\/media\/4137"}],"wp:attachment":[{"href":"https:\/\/minghanggroup.com\/tr\/wp-json\/wp\/v2\/media?parent=4134"}],"wp:term":[{"taxonomy":"product_brand","embeddable":true,"href":"https:\/\/minghanggroup.com\/tr\/wp-json\/wp\/v2\/product_brand?post=4134"},{"taxonomy":"product_cat","embeddable":true,"href":"https:\/\/minghanggroup.com\/tr\/wp-json\/wp\/v2\/product_cat?post=4134"},{"taxonomy":"product_tag","embeddable":true,"href":"https:\/\/minghanggroup.com\/tr\/wp-json\/wp\/v2\/product_tag?post=4134"}],"curies":[{"name":"wp","href":"https:\/\/api.w.org\/{rel}","templated":true}]}}