{"id":4122,"date":"2025-12-26T15:30:44","date_gmt":"2025-12-26T07:30:44","guid":{"rendered":"https:\/\/minghanggroup.com\/?post_type=product&#038;p=4122"},"modified":"2025-12-26T16:12:42","modified_gmt":"2025-12-26T08:12:42","slug":"square-small-perfume-roller-bottles-bulk","status":"publish","type":"product","link":"https:\/\/minghanggroup.com\/tr\/urun\/square-small-perfume-roller-bottles-bulk\/","title":{"rendered":"10 ml Kare K\u00fc\u00e7\u00fck Parf\u00fcm Roll-on \u015ei\u015feleri (Toptan)"},"content":{"rendered":"<p>Bu k\u00fc\u00e7\u00fck parf\u00fcm \u015fi\u015fesi, camdan yap\u0131lm\u0131\u015f minimalist kare g\u00f6vdesi ve geleneksel roll-on tasar\u0131m\u0131yla m\u00fckemmel bir parf\u00fcm \u015fi\u015fesidir. K\u00fc\u00e7\u00fck boyutu ve sa\u011flam malzemesi sayesinde ta\u015f\u0131mas\u0131 da \u00e7ok kolay ve kullan\u0131\u015fl\u0131d\u0131r.<\/p>\n<h2>\u00dcr\u00fcn \u00d6zellikleri<\/h2>\n<ul>\n<li><strong>Uygulanabilir Rollerball Tasar\u0131m\u0131:<\/strong> \u00dcstten bilyal\u0131 aplikat\u00f6r tasar\u0131m\u0131, parf\u00fcm\u00fcn kolay ve basit bir \u015fekilde uygulanmas\u0131n\u0131 sa\u011flar ve sal\u0131nan miktar\u0131 kontrol etmek de kolayd\u0131r.<\/li>\n<li><strong>Kare \u015eeffaf Cam \u015ei\u015fe:<\/strong> Keskin hatlar\u0131 \u015f\u0131k ve modern bir g\u00f6r\u00fcn\u00fcm sunarken, \u015feffaf cam g\u00f6vdesi i\u00e7inde kalan parf\u00fcm miktar\u0131n\u0131 a\u00e7\u0131k\u00e7a g\u00f6steriyor.<\/li>\n<li><strong>10 ml Ta\u015f\u0131nabilir Boyut:<\/strong> K\u00fc\u00e7\u00fck boyutu sayesinde c\u00fczdana, cebe kolayca s\u0131\u011far ve seyahat ederken bile s\u0131z\u0131nt\u0131lar\u0131 etkili bir \u015fekilde \u00f6nler.<\/li>\n<\/ul>\n<h2 style=\"text-align: left;\">Temel \u00d6zellikler<\/h2>\n<table class=\"aligncenter\" style=\"border-collapse: collapse; width: 382.52pt;\" border=\"0\" width=\"510\" cellspacing=\"0\" cellpadding=\"0\">\n<tbody>\n<tr style=\"height: 13.50pt;\">\n<td style=\"height: 13.50pt; width: 111.75pt;\" width=\"149\" height=\"18\">\u015eartname<\/td>\n<td style=\"width: 270.75pt;\" width=\"361\">Detaylar<\/td>\n<\/tr>\n<tr style=\"height: 13.50pt;\">\n<td style=\"height: 13.50pt;\" height=\"18\">Kapasite<\/td>\n<td>10 ml<\/td>\n<\/tr>\n<tr style=\"height: 13.50pt;\">\n<td style=\"height: 13.50pt;\" height=\"18\">\u00d6l\u00e7\u00fcler (G x Y)<\/td>\n<td>1,7\u00d711,2 cm<\/td>\n<\/tr>\n<tr style=\"height: 13.50pt;\">\n<td style=\"height: 13.50pt;\" height=\"18\">Malzeme<\/td>\n<td>\u015eeffaf Cam, Metal Kapak ve Rollerball<\/td>\n<\/tr>\n<tr style=\"height: 13.50pt;\">\n<td style=\"height: 13.50pt;\" height=\"18\">\u015ei\u015fe \u015eekli<\/td>\n<td>Kare Prizma<\/td>\n<\/tr>\n<tr style=\"height: 13.50pt;\">\n<td style=\"height: 13.50pt;\" height=\"18\">Malzeme \u00d6zelli\u011fi<\/td>\n<td>Dayan\u0131kl\u0131, S\u0131zd\u0131rmaz, \u00dcst\u00fcn Kalite Kaplama<\/td>\n<\/tr>\n<tr style=\"height: 13.50pt;\">\n<td style=\"height: 13.50pt;\" height=\"18\">\u0130deal \u0130\u00e7in<\/td>\n<td>Parf\u00fcm Roll-on \u015ei\u015feleri, K\u00fc\u00e7\u00fck Parf\u00fcm \u015ei\u015fesi<\/td>\n<\/tr>\n<\/tbody>\n<\/table>\n<h2>Ba\u015far\u0131 \u00d6yk\u00fcs\u00fc: Bir Aromaterapi Markas\u0131n\u0131n \u00c7ok Satan \u00dcr\u00fcn\u00fc<\/h2>\n<p>10 ml&#039;lik k\u00fc\u00e7\u00fck parf\u00fcm \u015fi\u015femiz, aromaterapi \u00fcr\u00fcnleri satan bir sa\u011fl\u0131k markas\u0131 taraf\u0131ndan se\u00e7ildi. Hassas roll-on tasar\u0131m\u0131, m\u00fckemmel uygulama ve roll-on tasar\u0131m\u0131n\u0131n israf edilmemesini garanti eder. M\u00fc\u015fteri geri bildirimlerine g\u00f6re \u00fcr\u00fcn\u00fcn kullan\u0131m \u00f6mr\u00fc artt\u0131. Su ge\u00e7irmez conta, sevkiyatta ,9 ba\u015far\u0131 oran\u0131 garanti eder ve m\u00fc\u015fterilerden hi\u00e7bir \u015fikayet al\u0131nmam\u0131\u015ft\u0131r. M\u00fc\u015fteri, \u00fcr\u00fcn\u00fcn daha iyi performans\u0131 ve sat\u0131\u015flar\u0131na dayanarak 120.000 \u015fi\u015felik ek bir sipari\u015f daha verdi.<\/p>\n<h2>Parf\u00fcm roll-on \u015fi\u015felerinin ki\u015fiselle\u015ftirme se\u00e7enekleri \u015funlard\u0131r:<\/h2>\n<ul>\n<li>\u00d6zel kapak rengi \u2013 Metal kapak rengini istedi\u011finiz Pantene veya marka rengine g\u00f6re se\u00e7in.<\/li>\n<li>\u015ei\u015fe rengi \u2013 I\u015f\u0131ktan korumak amac\u0131yla kehribar, kobalt mavisi veya ye\u015fil kare cam \u015fi\u015felerde sunulmaktad\u0131r.<\/li>\n<li>Cam \u00fczerine serigrafi bask\u0131 \u2013 Logonuzu veya tasar\u0131m\u0131n\u0131z\u0131 cam \u015fi\u015feye bast\u0131r\u0131n.<\/li>\n<li>Buzlu cam y\u00fczey \u2013 L\u00fcks bir g\u00f6r\u00fcn\u00fcm yaratmak i\u00e7in y\u00fczeyin tamam\u0131 veya bir k\u0131sm\u0131 buzlu hale getirilir.<\/li>\n<\/ul>","protected":false},"excerpt":{"rendered":"<p>Minimalist kare tasar\u0131ml\u0131 10 ml&#039;lik roll-on parf\u00fcm \u015fi\u015felerini ke\u015ffedin. Bu \u015feffaf k\u00fc\u00e7\u00fck parf\u00fcm \u015fi\u015fesi \u015f\u0131k ve seyahat dostudur. \u00dccretsiz numune isteyin!<\/p>","protected":false},"featured_media":4126,"template":"","meta":{"postBodyCss":"","postBodyMargin":[],"postBodyPadding":[],"postBodyBackground":{"backgroundType":"classic","gradient":""}},"product_brand":[],"product_cat":[15,16,62],"product_tag":[],"class_list":{"0":"post-4122","1":"product","2":"type-product","3":"status-publish","4":"has-post-thumbnail","6":"product_cat-glass-containers","7":"product_cat-glass-bottles","8":"product_cat-perfume-bottles","10":"first","11":"instock","12":"shipping-taxable","13":"product-type-simple"},"jetpack_sharing_enabled":true,"_links":{"self":[{"href":"https:\/\/minghanggroup.com\/tr\/wp-json\/wp\/v2\/product\/4122","targetHints":{"allow":["GET"]}}],"collection":[{"href":"https:\/\/minghanggroup.com\/tr\/wp-json\/wp\/v2\/product"}],"about":[{"href":"https:\/\/minghanggroup.com\/tr\/wp-json\/wp\/v2\/types\/product"}],"wp:featuredmedia":[{"embeddable":true,"href":"https:\/\/minghanggroup.com\/tr\/wp-json\/wp\/v2\/media\/4126"}],"wp:attachment":[{"href":"https:\/\/minghanggroup.com\/tr\/wp-json\/wp\/v2\/media?parent=4122"}],"wp:term":[{"taxonomy":"product_brand","embeddable":true,"href":"https:\/\/minghanggroup.com\/tr\/wp-json\/wp\/v2\/product_brand?post=4122"},{"taxonomy":"product_cat","embeddable":true,"href":"https:\/\/minghanggroup.com\/tr\/wp-json\/wp\/v2\/product_cat?post=4122"},{"taxonomy":"product_tag","embeddable":true,"href":"https:\/\/minghanggroup.com\/tr\/wp-json\/wp\/v2\/product_tag?post=4122"}],"curies":[{"name":"wp","href":"https:\/\/api.w.org\/{rel}","templated":true}]}}