{"id":4121,"date":"2025-12-26T16:45:56","date_gmt":"2025-12-26T08:45:56","guid":{"rendered":"https:\/\/minghanggroup.com\/?post_type=product&#038;p=4121"},"modified":"2025-12-26T17:01:06","modified_gmt":"2025-12-26T09:01:06","slug":"custom-empty-cologne-bottles-with-wooden-lids-wholesale","status":"publish","type":"product","link":"https:\/\/minghanggroup.com\/tr\/urun\/custom-empty-cologne-bottles-with-wooden-lids-wholesale\/","title":{"rendered":"30 ml, 50 ml, 100 ml Ah\u015fap Kapakl\u0131 \u00d6zel Bo\u015f Kolonya \u015ei\u015feleri Toptan Sat\u0131\u015f"},"content":{"rendered":"<p>Parf\u00fcm\u00fcn\u00fcz, kokunuz kadar ola\u011fan\u00fcst\u00fc bir ambalaj\u0131 hak ediyor. Parf\u00fcm ambalaj\u0131nda \u200b\u200bba\u015far\u0131y\u0131 hedefleyen, her bo\u015f kolonya \u015fi\u015fesinin markan\u0131z\u0131n imzas\u0131 haline geldi\u011fi, toptan sat\u0131\u015fa y\u00f6nelik birinci s\u0131n\u0131f kolonya \u015fi\u015feleri \u00fcretiyoruz.<\/p>\n<h2>\u00dcr\u00fcn \u00d6zellikleri<\/h2>\n<ol>\n<li><strong>\u015e\u0131k ve Modern Tasar\u0131m:<\/strong> \u015eeffaf cam parf\u00fcm \u015fi\u015felerimizin minimalist ve modern unsurlar\u0131, al\u0131\u015f\u0131lmad\u0131k \u015fekilli k\u00fcresel kapa\u011f\u0131yla birle\u015ferek g\u00fczel ve \u00e7arp\u0131c\u0131 bir g\u00f6rsel kontrast olu\u015fturuyor.<\/li>\n<li><strong>Dayan\u0131kl\u0131 ve \u00c7evre Dostu:<\/strong> Birinci s\u0131n\u0131f, uzun \u00f6m\u00fcrl\u00fc cam ve do\u011fal ah\u015faptan \u00fcretilen bu kolonya \u015fi\u015fesi, koku end\u00fcstrisi i\u00e7in cazibesini kaybetmeyen \u00e7evre dostu bir ambalaj \u00e7\u00f6z\u00fcm\u00fcd\u00fcr.<\/li>\n<li><strong>Ah\u015fap desenli \u015fi\u015fe kapa\u011f\u0131:<\/strong> Ah\u015fap kapak, \u00fcr\u00fcne belirli bir \u015f\u0131kl\u0131k ve incelik katarken, do\u011fal ve \u00e7evre dostu bir hava veriyor ve parf\u00fcm\u00fcn i\u00e7eride taze kalmas\u0131n\u0131 sa\u011flaman\u0131n en hava ge\u00e7irmez ve g\u00fcvenli yolunu sunuyor.<\/li>\n<\/ol>\n<h2>Temel \u00d6zellikler<\/h2>\n<table style=\"border-collapse: collapse; width: 80%; margin-left: auto; margin-right: auto;\" border=\"0\" width=\"288\" cellspacing=\"0\" cellpadding=\"0\">\n<tbody>\n<tr style=\"height: 13.50pt;\">\n<td style=\"height: 13.5pt; width: 54pt; text-align: center;\" width=\"72\" height=\"18\">Kapasite(ml)<\/td>\n<td style=\"width: 54pt; text-align: center;\" width=\"72\">Boyut (mm)<\/td>\n<td style=\"width: 54pt; text-align: center;\" width=\"72\">Boyun \u00c7ap\u0131<\/td>\n<td style=\"width: 54pt; text-align: center;\" width=\"72\">Renk Se\u00e7enekleri<\/td>\n<\/tr>\n<tr style=\"height: 13.50pt;\">\n<td style=\"height: 13.5pt; text-align: center;\" align=\"right\" height=\"18\">30<\/td>\n<td style=\"text-align: center;\">45 x 56<\/td>\n<td class=\"et2\" style=\"text-align: center;\" rowspan=\"3\">15 mm<\/td>\n<td class=\"et2\" style=\"text-align: center;\" rowspan=\"3\">\u00d6zel (sadece cam)<\/td>\n<\/tr>\n<tr style=\"height: 13.50pt;\">\n<td style=\"height: 13.5pt; text-align: center;\" align=\"right\" height=\"18\">50<\/td>\n<td style=\"text-align: center;\">51 x 72<\/td>\n<\/tr>\n<tr style=\"height: 13.50pt;\">\n<td style=\"height: 13.5pt; text-align: center;\" align=\"right\" height=\"18\">100<\/td>\n<td style=\"text-align: center;\">57 x 84<\/td>\n<\/tr>\n<\/tbody>\n<\/table>\n<h2>Ba\u015far\u0131 \u00d6rne\u011fi<\/h2>\n<p>\u00dcst d\u00fczey parf\u00fcm markalar\u0131ndan biri, yeni parf\u00fcm serisi i\u00e7in bu 50 ml&#039;lik bo\u015f ah\u015fap kapakl\u0131 kolonya \u015fi\u015fesini kullanmaya karar verdi. Marka, do\u011fa ve l\u00fcks\u00fcn bir kar\u0131\u015f\u0131m\u0131n\u0131 ifade etmek istedi ve toptan kolonya \u015fi\u015feleri ile g\u00fczel ah\u015fap kapak bu fikir i\u00e7in ideal bir e\u015fle\u015fme oldu. \u015ei\u015fenin sade tasar\u0131m\u0131 ve birinci s\u0131n\u0131f malzemelerin kullan\u0131m\u0131, t\u00fcm \u00fcr\u00fcn\u00fc yeni bir seviyeye ta\u015f\u0131d\u0131 ve b\u00f6ylece markan\u0131n ana sat\u0131\u015f noktas\u0131, markan\u0131n \u00f6z\u00fc haline geldi.<\/p>\n<p>Markan\u0131n yeniden piyasaya s\u00fcr\u00fclmesiyle birlikte sat\u0131\u015f hacmi oran\u0131nda artarken, t\u00fcketiciler \u00fcr\u00fcn ambalaj\u0131n\u0131 ve \u00e7evre dostu malzemelerin kullan\u0131m\u0131n\u0131 da b\u00fcy\u00fck \u00f6l\u00e7\u00fcde takdir etti.<\/p>\n<h2>\u00d6zelle\u015ftirme \u0130pu\u00e7lar\u0131n\u0131z<\/h2>\n<p>Bu parf\u00fcm \u015fi\u015fesini ki\u015fiselle\u015ftirirken, marka bilinirli\u011fini art\u0131rmak i\u00e7in \u00e7e\u015fitli \u00f6zg\u00fcn ki\u015fiselle\u015ftirme fikirleri d\u00fc\u015f\u00fcnebilirsiniz. Bir yol, \u00f6rne\u011fin grav\u00fcr veya kabartma efektleriyle \u015fi\u015fe kabu\u011funa benzersiz dokular veya desenler eklemeyi denemektir. Dokunsal deneyimi geli\u015ftirmenin yan\u0131 s\u0131ra, \u015fi\u015feyi daha yarat\u0131c\u0131 hale getirir. Ayr\u0131ca, \u015fi\u015fenin alt\u0131ndan \u00fcst\u00fcne do\u011fru gradyan efekti olu\u015fturan, b\u00f6ylece hem g\u00f6rsel etki hem de ekstra derinlik sa\u011flayan gradyan renkli cam kullanabilirsiniz. \u015ei\u015fe kapa\u011f\u0131na gelince, markan\u0131n \u00f6zg\u00fcnl\u00fc\u011f\u00fcn\u00fc iletmekle kalmay\u0131p ayn\u0131 zamanda \u00e7evre dostu ve l\u00fcks imaj\u0131n\u0131 da g\u00fc\u00e7lendiren, sisli veya parlak bir y\u00fczey i\u015flemi gibi farkl\u0131 bir y\u00fczey i\u015flemi uygulamaya karar verebilirsiniz. Bunun yan\u0131 s\u0131ra, l\u00fcks hissini art\u0131rmak i\u00e7in metal kakmalar veya de\u011ferli ta\u015f s\u00fcslemeleri de d\u00fc\u015f\u00fcnebilirsiniz.<\/p>","protected":false},"excerpt":{"rendered":"<p>Parf\u00fcm ambalaj ihtiya\u00e7lar\u0131n\u0131z i\u00e7in toptan olarak birinci s\u0131n\u0131f bo\u015f kolonya \u015fi\u015felerini ke\u015ffedin ve toplu \u00f6zelle\u015ftirme hizmetlerinden yararlan\u0131n. Sorular\u0131n\u0131z\u0131 bekliyoruz.<\/p>","protected":false},"featured_media":4129,"template":"","meta":{"postBodyCss":"","postBodyMargin":[],"postBodyPadding":[],"postBodyBackground":{"backgroundType":"classic","gradient":""}},"product_brand":[],"product_cat":[15,16,62],"product_tag":[],"class_list":{"0":"post-4121","1":"product","2":"type-product","3":"status-publish","4":"has-post-thumbnail","6":"product_cat-glass-containers","7":"product_cat-glass-bottles","8":"product_cat-perfume-bottles","10":"first","11":"instock","12":"shipping-taxable","13":"product-type-simple"},"jetpack_sharing_enabled":true,"_links":{"self":[{"href":"https:\/\/minghanggroup.com\/tr\/wp-json\/wp\/v2\/product\/4121","targetHints":{"allow":["GET"]}}],"collection":[{"href":"https:\/\/minghanggroup.com\/tr\/wp-json\/wp\/v2\/product"}],"about":[{"href":"https:\/\/minghanggroup.com\/tr\/wp-json\/wp\/v2\/types\/product"}],"wp:featuredmedia":[{"embeddable":true,"href":"https:\/\/minghanggroup.com\/tr\/wp-json\/wp\/v2\/media\/4129"}],"wp:attachment":[{"href":"https:\/\/minghanggroup.com\/tr\/wp-json\/wp\/v2\/media?parent=4121"}],"wp:term":[{"taxonomy":"product_brand","embeddable":true,"href":"https:\/\/minghanggroup.com\/tr\/wp-json\/wp\/v2\/product_brand?post=4121"},{"taxonomy":"product_cat","embeddable":true,"href":"https:\/\/minghanggroup.com\/tr\/wp-json\/wp\/v2\/product_cat?post=4121"},{"taxonomy":"product_tag","embeddable":true,"href":"https:\/\/minghanggroup.com\/tr\/wp-json\/wp\/v2\/product_tag?post=4121"}],"curies":[{"name":"wp","href":"https:\/\/api.w.org\/{rel}","templated":true}]}}