{"id":4112,"date":"2025-12-26T14:23:16","date_gmt":"2025-12-26T06:23:16","guid":{"rendered":"https:\/\/minghanggroup.com\/?post_type=product&#038;p=4112"},"modified":"2025-12-26T15:30:50","modified_gmt":"2025-12-26T07:30:50","slug":"custom-10ml-small-vintage-perfume-bottles-bulk","status":"publish","type":"product","link":"https:\/\/minghanggroup.com\/tr\/urun\/custom-10ml-small-vintage-perfume-bottles-bulk\/","title":{"rendered":"\u00d6zel Tasar\u0131m 10 ml K\u00fc\u00e7\u00fck Boy Vintage Parf\u00fcm \u015ei\u015feleri (Toptan)"},"content":{"rendered":"<p>Bu antika parf\u00fcm \u015fi\u015fesi, kare, d\u00fcz duvarl\u0131 cam g\u00f6vdesiyle \u00e7ok sade bir geometrik tasar\u0131ma sahip. Metal a\u011f\u0131zl\u0131k alt\u0131n kaplama olup, p\u00fcsk\u00fcl\u00fcn k\u00fcresel s\u00fcslemesi \u015fi\u015feye zarafet ve antika bir hava kat\u0131yor.<\/p>\n<h2>\u00dcr\u00fcn \u00d6zellikleri<\/h2>\n<ul>\n<li><strong>10 ml Vintage Seyahat Boyu:<\/strong> D\u00fcz \u015fi\u015fenin orta boyu (10 ml), l\u00fcks numuneler veya seyahat parf\u00fcmleri olarak kullanmak i\u00e7in idealdir.<\/li>\n<li><strong>Kurba\u011fa Yavrusu \u015eeklinde Dekoratif Sprey:<\/strong> Sevimli \u00e7elenk, renkli bir a\u011fdan yap\u0131lm\u0131\u015ft\u0131r ve alt\u0131n renkli a\u011f\u0131zl\u0131k, hem g\u00fczel hem de kullan\u0131\u015fl\u0131 olan eski bir parf\u00fcm \u015fi\u015fesinin \u015feklini taklit eder.<\/li>\n<li><strong>Kare Cam \u015ei\u015fe:<\/strong> Geometrik \u015fekli, ona modern ve d\u00fczenli bir g\u00f6r\u00fcn\u00fcm kazand\u0131rarak her t\u00fcrl\u00fc banyo dolab\u0131na muhte\u015fem bir katk\u0131 sa\u011flayacakt\u0131r.<\/li>\n<\/ul>\n<h2 style=\"text-align: left;\">Temel \u00d6zellikler<\/h2>\n<table class=\"aligncenter\" style=\"border-collapse: collapse; width: 398.27pt;\" border=\"0\" width=\"531\" cellspacing=\"0\" cellpadding=\"0\">\n<tbody>\n<tr style=\"height: 13.50pt;\">\n<td style=\"height: 13.50pt; width: 111.75pt;\" width=\"149\" height=\"18\">\u015eartname<\/td>\n<td style=\"width: 286.50pt;\" width=\"382\">Detaylar<\/td>\n<\/tr>\n<tr style=\"height: 13.50pt;\">\n<td style=\"height: 13.50pt;\" height=\"18\">Kapasite<\/td>\n<td>10 ml<\/td>\n<\/tr>\n<tr style=\"height: 13.50pt;\">\n<td style=\"height: 13.50pt;\" height=\"18\">\u00d6l\u00e7\u00fcler (G x Y)<\/td>\n<td>1,7\u00d711,2 cm<\/td>\n<\/tr>\n<tr style=\"height: 13.50pt;\">\n<td style=\"height: 13.50pt;\" height=\"18\">Malzeme<\/td>\n<td>\u015eeffaf Cam, Metal Bile\u015fenler<\/td>\n<\/tr>\n<tr style=\"height: 13.50pt;\">\n<td style=\"height: 13.50pt;\" height=\"18\">\u015ei\u015fe \u015eekli<\/td>\n<td>Kare Prizma<\/td>\n<\/tr>\n<tr style=\"height: 13.50pt;\">\n<td style=\"height: 13.50pt;\" height=\"18\">Renk Vurgular\u0131<\/td>\n<td>\u015eeffaf Cam G\u00f6vde, Alt\u0131n Tonlu Sprey Boya<\/td>\n<\/tr>\n<tr style=\"height: 13.50pt;\">\n<td style=\"height: 13.50pt;\" height=\"18\">Malzeme \u00d6zelli\u011fi<\/td>\n<td>Dekoratif, \u00dcst\u00fcn Kalite Kaplama<\/td>\n<\/tr>\n<tr style=\"height: 13.50pt;\">\n<td style=\"height: 13.50pt;\" height=\"18\">\u0130deal \u0130\u00e7in<\/td>\n<td>Antika Parf\u00fcm \u015ei\u015feleri, L\u00fcks Parf\u00fcm \u015ei\u015feleri<\/td>\n<\/tr>\n<\/tbody>\n<\/table>\n<h2>Ba\u015far\u0131 \u00d6yk\u00fcs\u00fc: L\u00fcks Bir Markada \u0130konik Yeni Bir \u00dcr\u00fcn\u00fcn Lansman\u0131<\/h2>\n<p>Yeni bir l\u00fcks parf\u00fcm markas\u0131, benzersiz kokulara sahip \u00fc\u00e7 parf\u00fcm\u00fcn\u00fc piyasaya s\u00fcrd\u00fc ve \u00e7e\u015fitli renklerde p\u00fcsk\u00fcll\u00fc 10 ml&#039;lik parf\u00fcm \u015fi\u015felerinde sat\u0131\u015fa sundu. Markan\u0131n imzas\u0131, p\u00fcsk\u00fcll\u00fc benzersiz kare \u015fi\u015fesiydi ve marka bilinirli\u011fi sadece alt\u0131 ay i\u00e7inde hedef kitlenin &#039;\u0131na ula\u015ft\u0131. \u015ei\u015fenin premium g\u00f6r\u00fcn\u00fcm\u00fc sayesinde de pop\u00fclerlik kazand\u0131 ve m\u00fc\u015fterilerin &#039;u parf\u00fcm\u00fc hediye olarak sat\u0131n ald\u0131. Bu muazzam ba\u015far\u0131n\u0131n ard\u0131ndan marka, 250.000 \u015fi\u015fe daha sipari\u015f etti.<\/p>\n<h2>Vantage Parf\u00fcm \u015ei\u015feleri \u00d6zelle\u015ftirme<\/h2>\n<ul>\n<li>Cam \u015ei\u015fe Renk Se\u00e7enekleri \u2013 Kare cam \u015fi\u015feler kehribar, f\u00fcme gri veya a\u00e7\u0131k pembe gibi farkl\u0131 renklerde mevcuttur.<\/li>\n<li>Cam \u015ei\u015feye Serigrafi Bask\u0131 \u2013 Minimalist bir marka logosu, grafik veya parf\u00fcm ad\u0131n\u0131 cam \u015fi\u015feye bast\u0131r\u0131n.<\/li>\n<li>\u00d6zel Sprey Kaplama \u2013 Di\u011fer marka unsurlar\u0131na (\u00f6rne\u011fin, rose gold, f\u0131r\u00e7alanm\u0131\u015f nikel) sprey nozulu ile son i\u015flem uygulanmas\u0131.<\/li>\n<li>Buzlu Cam Paneller \u2013 Kare cam \u015fi\u015fenin bir veya her iki taraf\u0131na buzlu cam dekorasyon kullanarak ona \u015f\u0131k bir g\u00f6r\u00fcn\u00fcm kazand\u0131r\u0131n.<\/li>\n<\/ul>","protected":false},"excerpt":{"rendered":"<p>Bu 10 ml&#039;lik parf\u00fcm \u015fi\u015fesi, klasik tasar\u0131m\u0131 modern kullan\u0131mla birle\u015ftiriyor. Seyahat spreyleri ve koku \u00f6rnekleri i\u00e7in ideal, zarif bir vintage parf\u00fcm \u015fi\u015fesi. H\u0131zl\u0131 kargo.<\/p>","protected":false},"featured_media":4118,"template":"","meta":{"postBodyCss":"","postBodyMargin":[],"postBodyPadding":[],"postBodyBackground":{"backgroundType":"classic","gradient":""}},"product_brand":[],"product_cat":[15,16,62],"product_tag":[],"class_list":{"0":"post-4112","1":"product","2":"type-product","3":"status-publish","4":"has-post-thumbnail","6":"product_cat-glass-containers","7":"product_cat-glass-bottles","8":"product_cat-perfume-bottles","10":"first","11":"instock","12":"shipping-taxable","13":"product-type-simple"},"jetpack_sharing_enabled":true,"_links":{"self":[{"href":"https:\/\/minghanggroup.com\/tr\/wp-json\/wp\/v2\/product\/4112","targetHints":{"allow":["GET"]}}],"collection":[{"href":"https:\/\/minghanggroup.com\/tr\/wp-json\/wp\/v2\/product"}],"about":[{"href":"https:\/\/minghanggroup.com\/tr\/wp-json\/wp\/v2\/types\/product"}],"wp:featuredmedia":[{"embeddable":true,"href":"https:\/\/minghanggroup.com\/tr\/wp-json\/wp\/v2\/media\/4118"}],"wp:attachment":[{"href":"https:\/\/minghanggroup.com\/tr\/wp-json\/wp\/v2\/media?parent=4112"}],"wp:term":[{"taxonomy":"product_brand","embeddable":true,"href":"https:\/\/minghanggroup.com\/tr\/wp-json\/wp\/v2\/product_brand?post=4112"},{"taxonomy":"product_cat","embeddable":true,"href":"https:\/\/minghanggroup.com\/tr\/wp-json\/wp\/v2\/product_cat?post=4112"},{"taxonomy":"product_tag","embeddable":true,"href":"https:\/\/minghanggroup.com\/tr\/wp-json\/wp\/v2\/product_tag?post=4112"}],"curies":[{"name":"wp","href":"https:\/\/api.w.org\/{rel}","templated":true}]}}