{"id":4111,"date":"2025-12-26T15:07:33","date_gmt":"2025-12-26T07:07:33","guid":{"rendered":"https:\/\/minghanggroup.com\/?post_type=product&#038;p=4111"},"modified":"2025-12-29T11:48:50","modified_gmt":"2025-12-29T03:48:50","slug":"custom-perfume-spray-bottles-with-metallic-lids-bulk","status":"publish","type":"product","link":"https:\/\/minghanggroup.com\/tr\/urun\/custom-perfume-spray-bottles-with-metallic-lids-bulk\/","title":{"rendered":"30 ml, 55 ml, 100 ml \u00d6zel Tasar\u0131m Metal Kapakl\u0131 Parf\u00fcm Sprey \u015ei\u015feleri (Toptan)"},"content":{"rendered":"<p>Parf\u00fcm\u00fcn\u00fcz, onu \u00f6n plana \u00e7\u0131karan bir ambalaj\u0131 hak ediyor. Parf\u00fcm ambalaj\u0131nda \u200b\u200bba\u015far\u0131y\u0131 hedefleyen, her 30 ml&#039;lik parf\u00fcm \u015fi\u015fesinin \u00fcr\u00fcn hikayenizi bir \u00fcst seviyeye ta\u015f\u0131d\u0131\u011f\u0131, birinci s\u0131n\u0131f parf\u00fcm sprey \u015fi\u015feleri \u00fcretiyoruz.<\/p>\n<h2>\u00dcr\u00fcn \u00d6zellikleri<\/h2>\n<ol>\n<li><strong>\u015eeffaf Zarafet: <\/strong>\u00c7a\u011f\u73b0\u4ee3 bir g\u00f6r\u00fcn\u00fcme sahip kristal cam parf\u00fcm sprey \u015fi\u015femiz, parf\u00fcm\u00fcn\u00fcz\u00fcn ger\u00e7ek rengini sergilemek i\u00e7in m\u00fckemmel bir ara\u00e7t\u0131r.<\/li>\n<li><strong>M\u00fckemmel s\u0131zd\u0131rmazl\u0131k performans\u0131, s\u0131z\u0131nt\u0131 korkusu yok: <\/strong>En iyi s\u0131zd\u0131rmazl\u0131k performans\u0131n\u0131 sa\u011flamak i\u00e7in preslenmi\u015f k\u0131vr\u0131ml\u0131 boyun k\u0131sm\u0131, \u00fcst k\u0131sm\u0131 birinci s\u0131n\u0131f olacak \u015fekilde yap\u0131land\u0131r\u0131lm\u0131\u015ft\u0131r.<\/li>\n<li><strong>Sa\u011flam Taban Tasar\u0131m\u0131: <\/strong>Parf\u00fcm \u015fi\u015fesinin \u00f6zel taban tasar\u0131m\u0131, cam veya mermerden yap\u0131lm\u0131\u015f bir zemin veya masa \u00fczerine yerle\u015ftirilse bile son derece sa\u011flam durmas\u0131n\u0131 sa\u011flar.<\/li>\n<\/ol>\n<h2>Temel \u00d6zellikler<\/h2>\n<table style=\"border-collapse: collapse; width: 80%; margin-left: auto; margin-right: auto;\" border=\"0\" width=\"360\" cellspacing=\"0\" cellpadding=\"0\">\n<tbody>\n<tr style=\"height: 13.50pt;\">\n<td style=\"height: 13.5pt; width: 54pt; text-align: center;\" width=\"72\" height=\"18\">Kapasite(ml)<\/td>\n<td style=\"width: 54pt; text-align: center;\" width=\"72\">Boyut (mm)<\/td>\n<td style=\"width: 54pt; text-align: center;\" width=\"72\">Boyun \u00c7ap\u0131<\/td>\n<td style=\"width: 54pt; text-align: center;\" width=\"72\">Kapatma T\u00fcr\u00fc<\/td>\n<td style=\"width: 54pt; text-align: center;\" width=\"72\">Malzeme<\/td>\n<\/tr>\n<tr style=\"height: 13.50pt;\">\n<td style=\"height: 13.5pt; text-align: center;\" align=\"right\" height=\"18\">30<\/td>\n<td style=\"text-align: center;\">45 x 76<\/td>\n<td class=\"et2\" style=\"text-align: center;\" rowspan=\"3\">15 mm<\/td>\n<td class=\"et2\" style=\"text-align: center;\" rowspan=\"3\">S\u0131k\u0131\u015ft\u0131rma Boyunlu + Sprey<\/td>\n<td class=\"et2\" style=\"text-align: center;\" rowspan=\"3\">Kristal cam<\/td>\n<\/tr>\n<tr style=\"height: 13.50pt;\">\n<td style=\"height: 13.5pt; text-align: center;\" align=\"right\" height=\"18\">55<\/td>\n<td style=\"text-align: center;\">46 x 91,4<\/td>\n<\/tr>\n<tr style=\"height: 13.50pt;\">\n<td style=\"height: 13.5pt; text-align: center;\" align=\"right\" height=\"18\">100<\/td>\n<td style=\"text-align: center;\">45 x 126<\/td>\n<\/tr>\n<\/tbody>\n<\/table>\n<h2>Ba\u015far\u0131 \u00d6rne\u011fi<\/h2>\n<p>\u00dcst d\u00fczey bir parf\u00fcm \u015firketi, yeni \u00fcr\u00fcn serisini bu 30 ml&#039;lik parf\u00fcm \u015fi\u015fesiyle tan\u0131tt\u0131. Marka, sade ama \u00e7a\u011fda\u015f \u015fi\u015fe tasar\u0131m\u0131yla l\u00fcks ve \u015f\u0131k bir imaj yaratmak istedi. \u015eeffaf parf\u00fcm sprey \u015fi\u015fesi, parf\u00fcm\u00fcn g\u00fczel renginin g\u00f6r\u00fcnmesini sa\u011flarken, metal sprey kapa\u011f\u0131 da l\u00fcks bir hava katt\u0131; bu da markan\u0131n premium pazar konumland\u0131rmas\u0131yla uyumluydu.<\/p>\n<p>Parf\u00fcm serisinin piyasaya s\u00fcr\u00fclmesinin ard\u0131ndan \u015firket, \u00fc\u00e7 ay i\u00e7inde sat\u0131\u015flar\u0131nda &#039;lik bir art\u0131\u015f kaydetti. M\u00fc\u015fteriler, \u015fi\u015fenin g\u00fczel tasar\u0131m\u0131n\u0131 ve y\u00fcksek kaliteli p\u00fcsk\u00fcrtme mekanizmas\u0131n\u0131 \u00f6vd\u00fc.<\/p>\n<h2>\u00d6zelle\u015ftirme \u0130pu\u00e7lar\u0131n\u0131z<\/h2>\n<p>Markan\u0131z\u0131n tarz\u0131 ve \u00fcr\u00fcn\u00fcn\u00fcz\u00fcn \u00f6zellikleri, parf\u00fcm sprey \u015fi\u015fesini \u00f6zelle\u015ftirirken yapabilece\u011finiz farkl\u0131 se\u00e7imleri belirleyecektir. Parf\u00fcm\u00fcn rengini ve dokusunu ortaya \u00e7\u0131karmak ve b\u00f6ylece daha g\u00f6rsel olarak \u00e7ekici hale getirmek i\u00e7in \u015fi\u015feyi \u015feffaf camdan yapt\u0131rmaya karar verebilirsiniz. L\u00fcks bir izlenim vermek istiyorsan\u0131z, \u015fi\u015feye daha \u015f\u0131k bir g\u00f6r\u00fcn\u00fcm kazand\u0131rmak i\u00e7in g\u00fcm\u00fc\u015f, alt\u0131n veya koyu gibi \u00e7e\u015fitli renklerde metal bir kapak \u00f6zelle\u015ftirebilirsiniz. Ayr\u0131ca, parf\u00fcm\u00fcn her p\u00fcsk\u00fcrt\u00fcld\u00fc\u011f\u00fcnde d\u00fczg\u00fcn ve e\u015fit bir \u015fekilde p\u00fcsk\u00fcrt\u00fclmesini sa\u011flamak i\u00e7in sprey ba\u015fl\u0131\u011f\u0131 \u00f6zelle\u015ftirilebilir, b\u00f6ylece \u00fcr\u00fcn tasarrufu sa\u011flan\u0131r. Markan\u0131n ihtiyac\u0131na g\u00f6re \u015fi\u015fenin \u015fekli veya deseni yarat\u0131c\u0131 bir \u015fekilde d\u00fc\u015f\u00fcn\u00fclebilir, b\u00f6ylece \u00fcr\u00fcn\u00fc ki\u015fiselle\u015ftirebilir ve pazar rekabet g\u00fcc\u00fcn\u00fc art\u0131rabilirsiniz. Ayr\u0131ca, marka logonuzu veya \u00f6zel etiketlerinizi \u015fi\u015feye yerle\u015ftirerek marka bilinirli\u011fini art\u0131rabilir, b\u00f6ylece parf\u00fcm \u015fi\u015fesini sadece bir ara\u00e7 de\u011fil, ayn\u0131 zamanda markan\u0131z\u0131n g\u00fc\u00e7l\u00fc bir temsilcisi haline getirebilirsiniz.<\/p>","protected":false},"excerpt":{"rendered":"<p>\u00d6zel koku ambalaj\u0131 ihtiya\u00e7lar\u0131n\u0131z i\u00e7in birinci s\u0131n\u0131f 30 ml&#039;lik parf\u00fcm \u015fi\u015felerini ke\u015ffedin, do\u011frudan fabrika sat\u0131\u015f\u0131yla parf\u00fcm sprey \u015fi\u015feleri se\u00e7enekleri sunuyoruz.<\/p>","protected":false},"featured_media":4120,"template":"","meta":{"postBodyCss":"","postBodyMargin":[],"postBodyPadding":[],"postBodyBackground":{"backgroundType":"classic","gradient":""}},"product_brand":[],"product_cat":[15,16,62],"product_tag":[],"class_list":{"0":"post-4111","1":"product","2":"type-product","3":"status-publish","4":"has-post-thumbnail","6":"product_cat-glass-containers","7":"product_cat-glass-bottles","8":"product_cat-perfume-bottles","10":"first","11":"instock","12":"shipping-taxable","13":"product-type-simple"},"jetpack_sharing_enabled":true,"_links":{"self":[{"href":"https:\/\/minghanggroup.com\/tr\/wp-json\/wp\/v2\/product\/4111","targetHints":{"allow":["GET"]}}],"collection":[{"href":"https:\/\/minghanggroup.com\/tr\/wp-json\/wp\/v2\/product"}],"about":[{"href":"https:\/\/minghanggroup.com\/tr\/wp-json\/wp\/v2\/types\/product"}],"wp:featuredmedia":[{"embeddable":true,"href":"https:\/\/minghanggroup.com\/tr\/wp-json\/wp\/v2\/media\/4120"}],"wp:attachment":[{"href":"https:\/\/minghanggroup.com\/tr\/wp-json\/wp\/v2\/media?parent=4111"}],"wp:term":[{"taxonomy":"product_brand","embeddable":true,"href":"https:\/\/minghanggroup.com\/tr\/wp-json\/wp\/v2\/product_brand?post=4111"},{"taxonomy":"product_cat","embeddable":true,"href":"https:\/\/minghanggroup.com\/tr\/wp-json\/wp\/v2\/product_cat?post=4111"},{"taxonomy":"product_tag","embeddable":true,"href":"https:\/\/minghanggroup.com\/tr\/wp-json\/wp\/v2\/product_tag?post=4111"}],"curies":[{"name":"wp","href":"https:\/\/api.w.org\/{rel}","templated":true}]}}