{"id":4106,"date":"2025-12-26T13:46:59","date_gmt":"2025-12-26T05:46:59","guid":{"rendered":"https:\/\/minghanggroup.com\/?post_type=product&#038;p=4106"},"modified":"2025-12-26T14:21:29","modified_gmt":"2025-12-26T06:21:29","slug":"small-gold-antique-perfume-bottles-bulk","status":"publish","type":"product","link":"https:\/\/minghanggroup.com\/tr\/urun\/small-gold-antique-perfume-bottles-bulk\/","title":{"rendered":"10 ml K\u00fc\u00e7\u00fck Alt\u0131n Antik Parf\u00fcm \u015ei\u015feleri (Toptan)"},"content":{"rendered":"<p><span class=\"inline cursor-pointer rounded\" data-state=\"closed\"><span class=\"rounded transition-colors hover:bg-yellow-200\/20\">Bunlar\u00a0<span class=\"text-[#00CEC8]\">antika<\/span>\u00a0parf\u00fcm \u015fi\u015feleri\u00a0<span class=\"text-[#00CEC8]\">\u015feffaf malzemeden \u00fcretilmi\u015ftir.<\/span>\u00a0cam ile\u00a0<span class=\"text-[#00CEC8]\">G\u00fczel, yuvarlak, elma \u015feklinde g\u00f6vdeler.<\/span>\u00a0<\/span><\/span><span class=\"inline cursor-pointer rounded\" data-state=\"closed\"><span class=\"rounded transition-colors hover:bg-yellow-200\/20\"><span class=\"text-[#00CEC8]\">Zarif file u\u00e7lu ba\u015fl\u0131klar\u0131 var ve<\/span>\u00a0&#039;d\u0131r&#039;\u00a0<span class=\"text-[#00CEC8]\">g\u00fczelle\u015ftirilmi\u015f<\/span>\u00a0ile\u00a0<span class=\"text-[#00CEC8]\">\u0130nce alt\u0131n s\u00fcslemeler ve \u00e7i\u00e7ek desenleri.<\/span><\/span><\/span><\/p>\n<h2>\u00dcr\u00fcn \u00d6zellikleri<\/h2>\n<ul>\n<li><strong>Klasik Elma \u015eeklinde \u015ei\u015fe:<\/strong> Zarif \u015fi\u015fe formu, yuvarlak elma \u015feklindeki tasar\u0131m\u0131yla klasik vintage parf\u00fcm \u015fi\u015felerinin zarif \u015feklini tam olarak yans\u0131t\u0131yor ve onu olduk\u00e7a tan\u0131nabilir bir bi\u00e7imde temsil ediyor.<\/li>\n<li><strong>Alt\u0131n S\u00fcsleme:<\/strong> \u015ei\u015fenin \u00fczerindeki alt\u0131n detaylar ve ince alt\u0131n i\u015flemeler, vintage l\u00fcks\u00fc ve sanatsal g\u00fczelli\u011fi vurguluyor.<\/li>\n<li><strong>Kam\u0131\u015f \u015eeklinde P\u00fcsk\u00fcrtme Ba\u015fl\u0131\u011f\u0131:<\/strong> Klasik fileli p\u00fcsk\u00fcrtme ba\u015fl\u0131\u011f\u0131, etkili bir sisleme \u00f6zelli\u011fi sa\u011flamakla kalm\u0131yor, ayn\u0131 zamanda olduk\u00e7a zarif bir \u015fekilde retro bir tarz da sunuyor.<\/li>\n<\/ul>\n<h2 style=\"text-align: left;\">Temel \u00d6zellikler<\/h2>\n<table class=\"aligncenter\" style=\"border-collapse: collapse; width: 411.02pt;\" border=\"0\" width=\"548\" cellspacing=\"0\" cellpadding=\"0\">\n<tbody>\n<tr style=\"height: 13.50pt;\">\n<td style=\"height: 13.50pt; width: 111.75pt;\" width=\"149\" height=\"18\">\u015eartname<\/td>\n<td style=\"width: 299.25pt;\" width=\"399\">Detaylar<\/td>\n<\/tr>\n<tr style=\"height: 13.50pt;\">\n<td style=\"height: 13.50pt;\" height=\"18\">Kapasite<\/td>\n<td>10 ml<\/td>\n<\/tr>\n<tr style=\"height: 13.50pt;\">\n<td style=\"height: 13.50pt;\" height=\"18\">\u00d6l\u00e7\u00fcler (\u00c7ap x Y\u00fckseklik)<\/td>\n<td>4\u00d77,1 cm<\/td>\n<\/tr>\n<tr style=\"height: 13.50pt;\">\n<td style=\"height: 13.50pt;\" height=\"18\">Malzeme<\/td>\n<td>\u015eeffaf Cam, Alt\u0131n Detaylar<\/td>\n<\/tr>\n<tr style=\"height: 13.50pt;\">\n<td style=\"height: 13.50pt;\" height=\"18\">\u015ei\u015fe \u015eekli<\/td>\n<td>Yuvarlak Elma<\/td>\n<\/tr>\n<tr style=\"height: 13.50pt;\">\n<td style=\"height: 13.50pt;\" height=\"18\">Kapatma T\u00fcr\u00fc<\/td>\n<td>Dekoratif Alt\u0131n Kapak<\/td>\n<\/tr>\n<tr style=\"height: 13.50pt;\">\n<td style=\"height: 13.50pt;\" height=\"18\">Malzeme \u00d6zelli\u011fi<\/td>\n<td>Dekoratif, \u00dcst\u00fcn Kalite, Zarif G\u00f6rsel \u00c7ekicilik<\/td>\n<\/tr>\n<tr style=\"height: 13.50pt;\">\n<td style=\"height: 13.50pt;\" height=\"18\">\u0130deal \u0130\u00e7in<\/td>\n<td>Antika Parf\u00fcm \u015ei\u015feleri, Vintage Parf\u00fcm \u015ei\u015feleri<\/td>\n<\/tr>\n<\/tbody>\n<\/table>\n<h2>Ba\u015far\u0131 \u00d6yk\u00fcs\u00fc: \u00dcnl\u00fc Bir Parf\u00fcm \u015eirketinin Yeniden Piyasaya S\u00fcr\u00fclmesi<\/h2>\n<p>Eski parf\u00fcm markalar\u0131ndan biri, 1930&#039;lardan kalma eski parf\u00fcm\u00fcn\u00fc yeniden markala\u015ft\u0131rmaya karar verdi. Elma \u015feklinde, 10 ml&#039;lik bu vintage parf\u00fcm \u015fi\u015feleri, benzersiz ambalaj malzemesi olarak se\u00e7ildi. G\u00fczel alt\u0131n kaplama ve \u00f6zel tasar\u0131m, onu an\u0131nda koleksiyon par\u00e7as\u0131 haline getirdi ve ilk parti 48 saat i\u00e7inde sat\u0131ld\u0131. 2 milyondan fazla konu\u015fma ve b\u00fcy\u00fck bir medya ilgisiyle muazzam bir sosyal medya yank\u0131s\u0131 yaratt\u0131. Marka daha sonra bu b\u00fcy\u00fck ba\u015far\u0131y\u0131 kullanarak, kal\u0131c\u0131 bir \u00fcr\u00fcn uzant\u0131s\u0131 olarak 100 bin \u015fi\u015fe daha sipari\u015f etti.<\/p>\n<h2>Vintage Parf\u00fcm \u015ei\u015fesi \u00d6zelle\u015ftirme Gereksinimleri<\/h2>\n<ul>\n<li>\u00d6zel S\u0131cak Bask\u0131 \u2013 \u015ei\u015fenin \u00fczerine kendi s\u0131cak bask\u0131 tasar\u0131m\u0131n\u0131z\u0131 veya monogram\u0131n\u0131z\u0131 bast\u0131r\u0131n.<\/li>\n<li>Renkli cam \u015fi\u015fe \u2013 Renkli cam \u015fi\u015feler elma \u015feklinde olup \u015fu renklerden herhangi birinde olabilir: z\u00fcmr\u00fct ye\u015fili, kobalt mavisi veya ametist.<\/li>\n<li>Emaye Detaylar \u2013 El boyamas\u0131 emayelerle derinlik ve renk katmak i\u00e7in s\u0131cak bask\u0131 tasar\u0131m\u0131n\u0131 uygulay\u0131n.<\/li>\n<li>\u00d6zel P\u00fcsk\u00fcl Tasar\u0131m\u0131 \u2013 Sprey \u015fi\u015fesini s\u00fcsleyen p\u00fcsk\u00fcllerin rengini, malzemesini ve uzunlu\u011funu d\u00fczenleyin.<\/li>\n<\/ul>","protected":false},"excerpt":{"rendered":"<p>Antik parf\u00fcm \u015fi\u015feleriyle markan\u0131z\u0131 bir \u00fcst seviyeye ta\u015f\u0131y\u0131n. Her bir vintage parf\u00fcm \u015fi\u015fesi, incelikli alt\u0131n motifler ve file bir ampul i\u00e7erir. Tamamen \u00f6zelle\u015ftirilebilir se\u00e7enekler.<\/p>","protected":false},"featured_media":4107,"template":"","meta":{"postBodyCss":"","postBodyMargin":[],"postBodyPadding":[],"postBodyBackground":{"backgroundType":"classic","gradient":""}},"product_brand":[],"product_cat":[15,16,62],"product_tag":[],"class_list":{"0":"post-4106","1":"product","2":"type-product","3":"status-publish","4":"has-post-thumbnail","6":"product_cat-glass-containers","7":"product_cat-glass-bottles","8":"product_cat-perfume-bottles","10":"first","11":"instock","12":"shipping-taxable","13":"product-type-simple"},"jetpack_sharing_enabled":true,"_links":{"self":[{"href":"https:\/\/minghanggroup.com\/tr\/wp-json\/wp\/v2\/product\/4106","targetHints":{"allow":["GET"]}}],"collection":[{"href":"https:\/\/minghanggroup.com\/tr\/wp-json\/wp\/v2\/product"}],"about":[{"href":"https:\/\/minghanggroup.com\/tr\/wp-json\/wp\/v2\/types\/product"}],"wp:featuredmedia":[{"embeddable":true,"href":"https:\/\/minghanggroup.com\/tr\/wp-json\/wp\/v2\/media\/4107"}],"wp:attachment":[{"href":"https:\/\/minghanggroup.com\/tr\/wp-json\/wp\/v2\/media?parent=4106"}],"wp:term":[{"taxonomy":"product_brand","embeddable":true,"href":"https:\/\/minghanggroup.com\/tr\/wp-json\/wp\/v2\/product_brand?post=4106"},{"taxonomy":"product_cat","embeddable":true,"href":"https:\/\/minghanggroup.com\/tr\/wp-json\/wp\/v2\/product_cat?post=4106"},{"taxonomy":"product_tag","embeddable":true,"href":"https:\/\/minghanggroup.com\/tr\/wp-json\/wp\/v2\/product_tag?post=4106"}],"curies":[{"name":"wp","href":"https:\/\/api.w.org\/{rel}","templated":true}]}}