{"id":4097,"date":"2025-12-26T11:32:56","date_gmt":"2025-12-26T03:32:56","guid":{"rendered":"https:\/\/minghanggroup.com\/?post_type=product&#038;p=4097"},"modified":"2025-12-26T13:29:04","modified_gmt":"2025-12-26T05:29:04","slug":"small-perfume-travel-bottle-with-refill-design-bulk","status":"publish","type":"product","link":"https:\/\/minghanggroup.com\/tr\/urun\/small-perfume-travel-bottle-with-refill-design-bulk\/","title":{"rendered":"5 ml K\u00fc\u00e7\u00fck Boy Seyahat Boyu Parf\u00fcm \u015ei\u015fesi, Yedek \u015ei\u015fe Tasar\u0131ml\u0131 (Toptan Sat\u0131\u015f)"},"content":{"rendered":"<p>Bunlar, \u015f\u0131k silindir \u015feklinde tasar\u0131ma ve \u00e7ok sa\u011flam metal g\u00f6vdeye sahip, \u00e7e\u015fitli renklerde parf\u00fcm dolum \u015fi\u015feleridir. Alttan doldurma \u00f6zelli\u011fi, kullan\u0131c\u0131 dostu ve kullan\u0131\u015fl\u0131 bir tasar\u0131m olup, yeniden kullan\u0131labilir parf\u00fcm dolum \u015fi\u015fesi ve dayan\u0131kl\u0131 seyahat parf\u00fcm \u015fi\u015fesi olarak kullan\u0131labilir.<\/p>\n<h2>\u00dcr\u00fcn \u00d6zellikleri<\/h2>\n<ul>\n<li><strong>\u00c7ok renkli metalik kaplama:<\/strong> Farkl\u0131 stil se\u00e7eneklerine uygun ve g\u00f6rsel \u015f\u0131kl\u0131\u011f\u0131 art\u0131ran alt\u0131n, mavi ve k\u0131rm\u0131z\u0131 gibi zengin metalik renk se\u00e7enekleri sunmaktad\u0131r.<\/li>\n<li><strong>Mini silindirik format:<\/strong> K\u00fc\u00e7\u00fck silindirik \u015fi\u015fe, \u00e7antaya rahatl\u0131kla s\u0131\u011fabildi\u011fi i\u00e7in g\u00fcnl\u00fck kullan\u0131mda ve k\u0131sa mesafeli seyahatlerde m\u00fckemmeldir.<\/li>\n<li><strong>Kolay taban dolgulu yap\u0131:<\/strong> Kullan\u0131\u015fl\u0131 alttan doldurma sistemi, kirlilik yaratmadan ve tekrar kullanmadan kolay ve pratik doldurma imkan\u0131 sa\u011flar.<\/li>\n<\/ul>\n<h2 style=\"text-align: left;\">Temel \u00d6zellikler<\/h2>\n<table class=\"aligncenter\" style=\"border-collapse: collapse; width: 411.02pt;\" border=\"0\" width=\"548\" cellspacing=\"0\" cellpadding=\"0\">\n<tbody>\n<tr style=\"height: 13.50pt;\">\n<td style=\"height: 13.50pt; width: 111.75pt;\" width=\"149\" height=\"18\">\u015eartname<\/td>\n<td style=\"width: 299.25pt;\" width=\"399\">Detaylar<\/td>\n<\/tr>\n<tr style=\"height: 13.50pt;\">\n<td style=\"height: 13.50pt;\" height=\"18\">Kapasite<\/td>\n<td>5ml<\/td>\n<\/tr>\n<tr style=\"height: 13.50pt;\">\n<td style=\"height: 13.50pt;\" height=\"18\">\u00d6l\u00e7\u00fcler (\u00c7ap x Y\u00fckseklik)<\/td>\n<td>1,9\u00d78,8 cm<\/td>\n<\/tr>\n<tr style=\"height: 13.50pt;\">\n<td style=\"height: 13.50pt;\" height=\"18\">Malzeme<\/td>\n<td>\u0130\u00e7 cam \u015fi\u015fe, d\u0131\u015f metal kasa<\/td>\n<\/tr>\n<tr style=\"height: 13.50pt;\">\n<td style=\"height: 13.50pt;\" height=\"18\">\u015ei\u015fe \u015eekli<\/td>\n<td>D\u00fcz Duvarl\u0131 Silindir<\/td>\n<\/tr>\n<tr style=\"height: 13.50pt;\">\n<td style=\"height: 13.50pt;\" height=\"18\">Renk Se\u00e7enekleri<\/td>\n<td>Alt\u0131n, Pembe Alt\u0131n, G\u00fcm\u00fc\u015f, Siyah, Mavi, K\u0131rm\u0131z\u0131<\/td>\n<\/tr>\n<tr style=\"height: 13.50pt;\">\n<td style=\"height: 13.50pt;\" height=\"18\">Kapatma T\u00fcr\u00fc<\/td>\n<td>G\u00fcvenli Metal Kapak, Alttan Dolum Tasar\u0131m\u0131<\/td>\n<\/tr>\n<tr style=\"height: 13.50pt;\">\n<td style=\"height: 13.50pt;\" height=\"18\">Malzeme \u00d6zelli\u011fi<\/td>\n<td>Koruyucu, Dayan\u0131kl\u0131, \u00dcst\u00fcn Kalitede Metal Kaplama<\/td>\n<\/tr>\n<tr style=\"height: 13.50pt;\">\n<td style=\"height: 13.50pt;\" height=\"18\">\u0130deal \u0130\u00e7in<\/td>\n<td>Seyahat Boyu Parf\u00fcm \u015ei\u015feleri, Parf\u00fcm Yedek \u015ei\u015feleri<\/td>\n<\/tr>\n<\/tbody>\n<\/table>\n<h2>Ba\u015far\u0131 \u00d6yk\u00fcs\u00fc: Otel Zincirine \u00d6zel Parf\u00fcm<\/h2>\n<p>L\u00fcks otel zincirlerinden biri, g\u00fcl alt\u0131n rengi 5 ml&#039;lik seyahat boyu parf\u00fcm \u015fi\u015femizi tercih etti. Uzun \u00f6m\u00fcrl\u00fc metal kasa, yo\u011fun temizli\u011fe ve misafirlerin odalar\u0131 kullanmas\u0131na ra\u011fmen %0,1 hasar oran\u0131yla dayan\u0131kl\u0131l\u0131\u011f\u0131n\u0131 korudu. Bu yeniden doldurma sistemi, otelin tek kullan\u0131ml\u0131k tuvalet malzemeleri plastik at\u0131klar\u0131n\u0131 oran\u0131nda azaltmas\u0131n\u0131 sa\u011flad\u0131. Otel zinciri, misafirlerin memnuniyeti ve i\u015fletme maliyetlerinde tasarruf sa\u011flamas\u0131 nedeniyle uluslararas\u0131 pazarlarda tan\u0131t\u0131m amac\u0131yla 250.000 \u015fi\u015fe daha sat\u0131n ald\u0131.<\/p>\n<h2>Parf\u00fcm Dolum \u015ei\u015felerinin Ki\u015fiselle\u015ftirilmesi<\/h2>\n<ul>\n<li>\u00d6zel Metal Renk E\u015fle\u015ftirme \u2013 PVD kaplamay\u0131 Pantone marka renk kart\u0131n\u0131zla birebir e\u015fle\u015ftirin.<\/li>\n<li>D\u0131\u015f Kasa \u00dczerine Lazer \u0130\u015fleme \u2013 Logonuzu, deseninizi veya metninizi metal \u00fczerine i\u015fleyin.<\/li>\n<li>\u00d6zel Dekoratif Y\u00fcz\u00fck Tasar\u0131m\u0131 \u2013 Merkezdeki metal y\u00fcz\u00fc\u011f\u00fcn tasar\u0131m\u0131n\u0131\/biti\u015fini \u00e7e\u015fitlendirin.<\/li>\n<li>\u015ei\u015fenin i\u00e7 cam\u0131n\u0131n rengi \u2013 Parf\u00fcmlerin veya UV \u0131\u015f\u0131nlar\u0131na duyarl\u0131 bile\u015fenlerin korunmas\u0131 i\u00e7in \u015fi\u015fenin i\u00e7 cam\u0131 renklendirilmi\u015f olabilir (kehribar, kobalt mavisi).<\/li>\n<\/ul>","protected":false},"excerpt":{"rendered":"<p>Basarak doldurma \u00f6zelli\u011fine sahip parf\u00fcm yedek \u015fi\u015felerini ke\u015ffedin. Bu seyahat boyu parf\u00fcm \u015fi\u015fesi, \u00e7e\u015fitli canl\u0131 renklerde stoklar\u0131m\u0131zda mevcuttur. \u00dccretsiz numune talep edin.<\/p>","protected":false},"featured_media":4103,"template":"","meta":{"postBodyCss":"","postBodyMargin":[],"postBodyPadding":[],"postBodyBackground":{"backgroundType":"classic","gradient":""}},"product_brand":[],"product_cat":[15,16,62],"product_tag":[],"class_list":{"0":"post-4097","1":"product","2":"type-product","3":"status-publish","4":"has-post-thumbnail","6":"product_cat-glass-containers","7":"product_cat-glass-bottles","8":"product_cat-perfume-bottles","10":"first","11":"instock","12":"shipping-taxable","13":"product-type-simple"},"jetpack_sharing_enabled":true,"_links":{"self":[{"href":"https:\/\/minghanggroup.com\/tr\/wp-json\/wp\/v2\/product\/4097","targetHints":{"allow":["GET"]}}],"collection":[{"href":"https:\/\/minghanggroup.com\/tr\/wp-json\/wp\/v2\/product"}],"about":[{"href":"https:\/\/minghanggroup.com\/tr\/wp-json\/wp\/v2\/types\/product"}],"wp:featuredmedia":[{"embeddable":true,"href":"https:\/\/minghanggroup.com\/tr\/wp-json\/wp\/v2\/media\/4103"}],"wp:attachment":[{"href":"https:\/\/minghanggroup.com\/tr\/wp-json\/wp\/v2\/media?parent=4097"}],"wp:term":[{"taxonomy":"product_brand","embeddable":true,"href":"https:\/\/minghanggroup.com\/tr\/wp-json\/wp\/v2\/product_brand?post=4097"},{"taxonomy":"product_cat","embeddable":true,"href":"https:\/\/minghanggroup.com\/tr\/wp-json\/wp\/v2\/product_cat?post=4097"},{"taxonomy":"product_tag","embeddable":true,"href":"https:\/\/minghanggroup.com\/tr\/wp-json\/wp\/v2\/product_tag?post=4097"}],"curies":[{"name":"wp","href":"https:\/\/api.w.org\/{rel}","templated":true}]}}