{"id":4092,"date":"2025-12-26T11:58:18","date_gmt":"2025-12-26T03:58:18","guid":{"rendered":"https:\/\/minghanggroup.com\/?post_type=product&#038;p=4092"},"modified":"2025-12-26T16:58:40","modified_gmt":"2025-12-26T08:58:40","slug":"glass-round-perfume-bottle-with-marble-ball-lids-wholesale","status":"publish","type":"product","link":"https:\/\/minghanggroup.com\/tr\/urun\/glass-round-perfume-bottle-with-marble-ball-lids-wholesale\/","title":{"rendered":"30 ml, 50 ml, 100 ml Mermer Top Kapakl\u0131 Yuvarlak Cam Parf\u00fcm \u015ei\u015fesi Toptan Sat\u0131\u015f"},"content":{"rendered":"<p>Parf\u00fcm\u00fcn\u00fcz, kokunuz kadar ola\u011fan\u00fcst\u00fc bir ambalaj\u0131 hak ediyor. Parf\u00fcm ambalaj\u0131nda \u200b\u200bba\u015far\u0131y\u0131 hedefleyen, her bir parf\u00fcm sprey \u015fi\u015fesinin markan\u0131z\u0131n imzas\u0131 haline geldi\u011fi yuvarlak parf\u00fcm \u015fi\u015fesi \u00e7\u00f6z\u00fcmleri \u00fcretiyoruz.<\/p>\n<h2>\u00dcr\u00fcn \u00d6zellikleri<\/h2>\n<ol>\n<li><strong>\u015e\u0131k Silindirik Tasar\u0131m: <\/strong>Sade ve zarif hatlara sahip yuvarlak bir parf\u00fcm \u015fi\u015femiz ve g\u00fczel bir kontrast g\u00f6r\u00fcn\u00fcm sa\u011flayan mermer dokulu bir kapa\u011f\u0131m\u0131z var.<\/li>\n<li><strong>Hassas P\u00fcsk\u00fcrtme Sistemi: <\/strong>Dahili pompa, tutarl\u0131 bir koku uygulamas\u0131 i\u00e7in ince bir sis p\u00fcsk\u00fcrtmede son derece verimlidir ve koku sprey \u015fi\u015felerinizi en g\u00f6z al\u0131c\u0131 hale getirir.<\/li>\n<li><strong>Sa\u011flam Temel \u0130n\u015faat\u0131: <\/strong>Kal\u0131nla\u015ft\u0131r\u0131lm\u0131\u015f taban\u0131 sayesinde yuvarlak parf\u00fcm \u015fi\u015fenizin performans\u0131, ister vitrinde sergilenirken ister g\u00fcnl\u00fck kullan\u0131mda olsun, denge sa\u011flayarak g\u00fcvence alt\u0131na al\u0131nm\u0131\u015ft\u0131r.<\/li>\n<\/ol>\n<h2>Temel \u00d6zellikler<\/h2>\n<table style=\"border-collapse: collapse; width: 80%; margin-left: auto; margin-right: auto;\" border=\"0\" width=\"360\" cellspacing=\"0\" cellpadding=\"0\">\n<tbody>\n<tr style=\"height: 13.50pt;\">\n<td style=\"height: 13.5pt; width: 54pt; text-align: center;\" width=\"72\" height=\"18\">Kapasite(ml)<\/td>\n<td style=\"width: 54pt; text-align: center;\" width=\"72\">Boyut (mm)<\/td>\n<td style=\"width: 54pt; text-align: center;\" width=\"72\">Boyun \u00c7ap\u0131<\/td>\n<td style=\"width: 54pt; text-align: center;\" width=\"72\">Malzeme<\/td>\n<td style=\"width: 54pt; text-align: center;\" width=\"72\">Renk Se\u00e7enekleri<\/td>\n<\/tr>\n<tr style=\"height: 13.50pt;\">\n<td style=\"height: 13.5pt; text-align: center;\" align=\"right\" height=\"18\">30<\/td>\n<td style=\"text-align: center;\">40 \u00d7 82<\/td>\n<td class=\"et2\" style=\"text-align: center;\" rowspan=\"3\">15 mm<\/td>\n<td class=\"et2\" style=\"text-align: center;\" rowspan=\"3\">Kristal cam<\/td>\n<td class=\"et2\" style=\"text-align: center;\" rowspan=\"3\">\u00d6zelle\u015ftirilebilir<\/td>\n<\/tr>\n<tr style=\"height: 13.50pt;\">\n<td style=\"height: 13.5pt; text-align: center;\" align=\"right\" height=\"18\">50<\/td>\n<td style=\"text-align: center;\">45 \u00d7 92<\/td>\n<\/tr>\n<tr style=\"height: 13.50pt;\">\n<td style=\"height: 13.5pt; text-align: center;\" align=\"right\" height=\"18\">100<\/td>\n<td style=\"text-align: center;\">53 \u00d7 110<\/td>\n<\/tr>\n<\/tbody>\n<\/table>\n<h2>Ba\u015far\u0131 \u00d6rne\u011fi<\/h2>\n<p>Bir parf\u00fcm \u015firketi, yeni imza kokusunu piyasaya s\u00fcrmek i\u00e7in bu yuvarlak parf\u00fcm \u015fi\u015felerini b\u00fcy\u00fck miktarlarda tercih etti. \u015eirket, \u00fcr\u00fcn\u00fcn l\u00fcks tonunu y\u00fckseltmek ve ayn\u0131 zamanda g\u00fcvenli\u011fini sa\u011flamak ve da\u011f\u0131t\u0131m\u0131n\u0131 verimli hale getirmek istedi. \u015eeffaf parf\u00fcm sprey \u015fi\u015feleri ve benzersiz yuvarlak kapak, parf\u00fcm\u00fcn safl\u0131\u011f\u0131n\u0131 ve rengini ortaya \u00e7\u0131kararak m\u00fc\u015fterileri cezbediyor ve sonu\u00e7 olarak marka bilinirli\u011fini ve raf \u00e7ekicili\u011fini art\u0131r\u0131yor. Entegre sprey mekanizmas\u0131 ince ve homojen bir sis olu\u015fturarak kullan\u0131c\u0131y\u0131 memnun ediyor ve \u00fcr\u00fcn israf\u0131n\u0131 en aza indiriyor.<\/p>\n<p>\u00dcr\u00fcn lansman\u0131 ve pazarlama faaliyetlerinin ard\u0131ndan \u015firket, birka\u00e7 ay i\u00e7inde parf\u00fcm serisinin sat\u0131\u015flar\u0131nda &#039;lik bir art\u0131\u015f kaydetti.<\/p>\n<h2>\u00d6zelle\u015ftirme \u0130pu\u00e7lar\u0131n\u0131z<\/h2>\n<p>Ki\u015fiselle\u015ftirme konusunda, bu serinin silindirik parf\u00fcm sprey \u015fi\u015feleri, cam y\u00fczeyinin kaplamas\u0131n\u0131n de\u011fi\u015ftirilmesi veya serigrafi bask\u0131 veya grav\u00fcr yoluyla \u00f6zel logolar\u0131n eklenmesiyle \u00e7e\u015fitli marka beklentilerini yans\u0131tacak \u015fekilde ayarlanabilir. Markalar ayr\u0131ca, \u00fcr\u00fcn\u00fcn performans\u0131n\u0131 ve \u00e7ekicili\u011fini vurgulamak i\u00e7in farkl\u0131 sprey pompalar\u0131 ve kapak stilleri se\u00e7ebilir; b\u00f6ylece koku ambalaj\u0131 sadece l\u00fcks, gurur verici ve kullan\u0131m\u0131 kolay bir da\u011f\u0131t\u0131m\u0131n gerekliliklerine uygun olmakla kalmaz, ayn\u0131 zamanda i\u015flevsel ve g\u00f6rsel olarak da \u00e7ekici hale gelir.<\/p>","protected":false},"excerpt":{"rendered":"<p>Y\u00fcksek kaliteli camdan yap\u0131lm\u0131\u015f yuvarlak parf\u00fcm \u015fi\u015fesi. Parf\u00fcm sprey \u015fi\u015feleri do\u011frudan fabrikadan, toplu sipari\u015flerde \u00f6zelle\u015ftirme imkan\u0131, al\u0131c\u0131lar i\u00e7in h\u0131zl\u0131 teslimat.<\/p>","protected":false},"featured_media":4098,"template":"","meta":{"postBodyCss":"","postBodyMargin":[],"postBodyPadding":[],"postBodyBackground":{"backgroundType":"classic","gradient":""}},"product_brand":[],"product_cat":[15,16,62],"product_tag":[],"class_list":{"0":"post-4092","1":"product","2":"type-product","3":"status-publish","4":"has-post-thumbnail","6":"product_cat-glass-containers","7":"product_cat-glass-bottles","8":"product_cat-perfume-bottles","10":"first","11":"instock","12":"shipping-taxable","13":"product-type-simple"},"jetpack_sharing_enabled":true,"_links":{"self":[{"href":"https:\/\/minghanggroup.com\/tr\/wp-json\/wp\/v2\/product\/4092","targetHints":{"allow":["GET"]}}],"collection":[{"href":"https:\/\/minghanggroup.com\/tr\/wp-json\/wp\/v2\/product"}],"about":[{"href":"https:\/\/minghanggroup.com\/tr\/wp-json\/wp\/v2\/types\/product"}],"wp:featuredmedia":[{"embeddable":true,"href":"https:\/\/minghanggroup.com\/tr\/wp-json\/wp\/v2\/media\/4098"}],"wp:attachment":[{"href":"https:\/\/minghanggroup.com\/tr\/wp-json\/wp\/v2\/media?parent=4092"}],"wp:term":[{"taxonomy":"product_brand","embeddable":true,"href":"https:\/\/minghanggroup.com\/tr\/wp-json\/wp\/v2\/product_brand?post=4092"},{"taxonomy":"product_cat","embeddable":true,"href":"https:\/\/minghanggroup.com\/tr\/wp-json\/wp\/v2\/product_cat?post=4092"},{"taxonomy":"product_tag","embeddable":true,"href":"https:\/\/minghanggroup.com\/tr\/wp-json\/wp\/v2\/product_tag?post=4092"}],"curies":[{"name":"wp","href":"https:\/\/api.w.org\/{rel}","templated":true}]}}