{"id":4087,"date":"2025-12-26T10:40:12","date_gmt":"2025-12-26T02:40:12","guid":{"rendered":"https:\/\/minghanggroup.com\/?post_type=product&#038;p=4087"},"modified":"2026-04-14T10:04:14","modified_gmt":"2026-04-14T02:04:14","slug":"custom-glass-perfume-bottles-with-elegant-metal-lids-bulk","status":"publish","type":"product","link":"https:\/\/minghanggroup.com\/tr\/urun\/custom-glass-perfume-bottles-with-elegant-metal-lids-bulk\/","title":{"rendered":"30ml 50ml 100ml Custom Glass Perfume Bottles with Metal Lids Bulk"},"content":{"rendered":"<p>Parf\u00fcm\u00fcn\u00fcz, kendisini en iyi \u015fekilde ifade eden bir ambalaj\u0131 hak ediyor. Parf\u00fcm ambalaj\u0131nda \u200b\u200bba\u015far\u0131y\u0131 hedefleyen, her 50 ml&#039;lik parf\u00fcm \u015fi\u015fesinin markan\u0131z\u0131n imzas\u0131 haline geldi\u011fi cam parf\u00fcm \u015fi\u015feleri \u00fcretiyoruz.<\/p>\n<h2>\u00dcr\u00fcn \u00d6zellikleri<\/h2>\n<ol>\n<li><strong>Modern Minimalist Tasar\u0131m: <\/strong>Kristal cam parf\u00fcm \u015fi\u015felerimizin tasar\u0131m\u0131 son derece sade ve moderndir; bu da kokunuzu sergilemek i\u00e7in idealdir.<\/li>\n<li><strong>\u00dcst\u00fcn Kalite Kristal Cam Malzeme: <\/strong>Bu \u00fcr\u00fcnlerin \u00fcretiminde kullan\u0131lan malzemeler, y\u00fcksek kaliteli kristal camdan \u00fcretilmi\u015ftir; bu cam sa\u011flamd\u0131r, \u0131s\u0131ya dayan\u0131kl\u0131d\u0131r ve u\u00e7ucu ya\u011flar\u0131n veya her t\u00fcrl\u00fc kokunun saklanmas\u0131 i\u00e7in m\u00fckemmeldir.<\/li>\n<li><strong>\u00c7e\u015fitli Boyut Se\u00e7enekleri: <\/strong>\u00c7e\u015fitli \u00fcr\u00fcn serileriniz i\u00e7in ki\u015fisel parf\u00fcm ambalaj\u0131 ihtiya\u00e7lar\u0131n\u0131z\u0131 kar\u015f\u0131lamak \u00fczere 30 ml, 50 ml ve 100 ml se\u00e7eneklerinden birini tercih edebilirsiniz.<\/li>\n<\/ol>\n<h2>Temel \u00d6zellikler<\/h2>\n<table style=\"border-collapse: collapse; width: 80%; margin-left: auto; margin-right: auto;\" border=\"0\" width=\"432\" cellspacing=\"0\" cellpadding=\"0\">\n<tbody>\n<tr style=\"height: 13.50pt;\">\n<td style=\"height: 13.5pt; width: 54pt; text-align: center;\" width=\"72\" height=\"18\">Kapasite(ml)<\/td>\n<td style=\"width: 54pt; text-align: center;\" width=\"72\">Boyut (mm)<\/td>\n<td style=\"width: 54pt; text-align: center;\" width=\"72\">Boyun \u00c7ap\u0131<\/td>\n<td style=\"width: 54pt; text-align: center;\" width=\"72\">Kapatma T\u00fcr\u00fc<\/td>\n<td style=\"width: 54pt; text-align: center;\" width=\"72\">Malzeme<\/td>\n<td style=\"width: 54pt; text-align: center;\" width=\"72\">Renk Se\u00e7enekleri<\/td>\n<\/tr>\n<tr style=\"height: 13.50pt;\">\n<td style=\"height: 13.5pt; text-align: center;\" align=\"right\" height=\"18\">30<\/td>\n<td style=\"text-align: center;\">32 x 98<\/td>\n<td class=\"et2\" style=\"text-align: center;\" rowspan=\"3\">18 mm<\/td>\n<td class=\"et2\" style=\"text-align: center;\" rowspan=\"3\">Vidal\u0131 Boyunlu + P\u00fcsk\u00fcrtme Pompas\u0131<\/td>\n<td class=\"et2\" style=\"text-align: center;\" rowspan=\"3\">Kristal cam<\/td>\n<td class=\"et2\" style=\"text-align: center;\" rowspan=\"3\">\u00d6zelle\u015ftirilebilir<\/td>\n<\/tr>\n<tr style=\"height: 13.50pt;\">\n<td style=\"height: 13.5pt; text-align: center;\" align=\"right\" height=\"18\">50<\/td>\n<td style=\"text-align: center;\">32 x 122<\/td>\n<\/tr>\n<tr style=\"height: 13.50pt;\">\n<td style=\"height: 13.5pt; text-align: center;\" align=\"right\" height=\"18\">100<\/td>\n<td style=\"text-align: center;\">40 x 167<\/td>\n<\/tr>\n<\/tbody>\n<\/table>\n<h2>Ba\u015far\u0131 \u00d6rne\u011fi<\/h2>\n<p>50 ml&#039;lik parf\u00fcm \u015fi\u015felerimiz, yeni parf\u00fcm serisinin lansman\u0131 i\u00e7in bir parf\u00fcm markas\u0131 taraf\u0131ndan ambalaj olarak se\u00e7ildi. Marka, \u00f6zellikle \u00fcr\u00fcn imaj\u0131n\u0131 ve t\u00fcketici deneyimini y\u00fckseltmeye odaklanarak ambalaj i\u00e7in son derece y\u00fcksek standartlar belirledi. \u015e\u0131k ve \u00e7a\u011fda\u015f tasar\u0131m\u0131, \u015feffaf cam malzemesi ve l\u00fcks g\u00fcm\u00fc\u015f kapa\u011f\u0131yla parf\u00fcm \u015fi\u015femiz, markan\u0131n imaj\u0131yla m\u00fckemmel bir uyum sa\u011flarken, p\u00fcsk\u00fcrtme ba\u015fl\u0131\u011f\u0131 tasar\u0131m\u0131 da e\u015fit p\u00fcsk\u00fcrtme sa\u011flayarak ve kullan\u0131m\u0131 kolayla\u015ft\u0131rarak kullan\u0131c\u0131ya kolayl\u0131k sa\u011flad\u0131.<\/p>\n<p>Markan\u0131n ambalajlar\u0131m\u0131z\u0131 kullanmaya ba\u015flamas\u0131ndan sadece \u00fc\u00e7 ay sonra, markan\u0131n parf\u00fcm serisi sat\u0131\u015flar\u0131 artt\u0131 ve yeniden sat\u0131n alma oranlar\u0131 da y\u00fckseldi.<\/p>\n<h2>\u00d6zelle\u015ftirme \u0130pu\u00e7lar\u0131n\u0131z<\/h2>\n<p>Bu cam parf\u00fcm \u015fi\u015fesini ki\u015fiselle\u015ftirirseniz, \u015firketinizin benzersiz marka stilini temsil edecek \u015fekilde tasar\u0131m\u0131n\u0131 da ki\u015fiselle\u015ftirebilirsiniz. \u015eeffaf cam kap, parf\u00fcm\u00fcn rengi ve dokusu sayesinde kesinlikle dikkat \u00e7ekerken, metal kapak geleneksel g\u00fcm\u00fc\u015f, \u015f\u0131k alt\u0131n veya modaya uygun siyah gibi farkl\u0131 tonlarda se\u00e7ilebilir, b\u00f6ylece genel l\u00fcks hava daha da belirginle\u015fir. Kullan\u0131c\u0131 dostu ve do\u011fru kullan\u0131m sa\u011flamak i\u00e7in, her seferinde e\u015fit ve ince p\u00fcsk\u00fcrtme yap\u0131lmas\u0131n\u0131 sa\u011flamak amac\u0131yla p\u00fcsk\u00fcrtme ba\u015fl\u0131\u011f\u0131 stilini de \u00f6zelle\u015ftirmek m\u00fcmk\u00fcnd\u00fcr.<\/p>\n<p>\u015ei\u015fe, markan\u0131z\u0131n hikayesini yans\u0131tacak \u015fekilde \u00f6zelle\u015ftirilebilir; dairesel, dikd\u00f6rtgen veya s\u0131ra d\u0131\u015f\u0131 bir \u015fekil, markan\u0131z\u0131n karakterini iletecektir. Ayr\u0131ca, markan\u0131z\u0131n tek ve e\u015fsiz logosunu veya ill\u00fcstrasyonunu \u015fi\u015feye yerle\u015ftirerek \u00fcr\u00fcn\u00fc al\u0131c\u0131lar i\u00e7in daha tan\u0131n\u0131r hale getirebilir ve her parf\u00fcm \u015fi\u015fesini bir ba\u015fyap\u0131t haline getirebilirsiniz.<\/p>","protected":false},"excerpt":{"rendered":"<p>Discover the stylish glass perfume bottles, choose 30ml 100ml and 50ml perfume bottles for brands and wholesalers. Factory direct supply, bulk customization.<\/p>","protected":false},"featured_media":4091,"template":"","meta":{"postBodyCss":"","postBodyMargin":[],"postBodyPadding":[],"postBodyBackground":{"backgroundType":"classic","gradient":""}},"product_brand":[],"product_cat":[15,16,62],"product_tag":[111],"class_list":{"0":"post-4087","1":"product","2":"type-product","3":"status-publish","4":"has-post-thumbnail","6":"product_cat-glass-containers","7":"product_cat-glass-bottles","8":"product_cat-perfume-bottles","9":"product_tag-glass-mist-bottles","11":"first","12":"instock","13":"shipping-taxable","14":"product-type-simple"},"jetpack_sharing_enabled":true,"_links":{"self":[{"href":"https:\/\/minghanggroup.com\/tr\/wp-json\/wp\/v2\/product\/4087","targetHints":{"allow":["GET"]}}],"collection":[{"href":"https:\/\/minghanggroup.com\/tr\/wp-json\/wp\/v2\/product"}],"about":[{"href":"https:\/\/minghanggroup.com\/tr\/wp-json\/wp\/v2\/types\/product"}],"wp:featuredmedia":[{"embeddable":true,"href":"https:\/\/minghanggroup.com\/tr\/wp-json\/wp\/v2\/media\/4091"}],"wp:attachment":[{"href":"https:\/\/minghanggroup.com\/tr\/wp-json\/wp\/v2\/media?parent=4087"}],"wp:term":[{"taxonomy":"product_brand","embeddable":true,"href":"https:\/\/minghanggroup.com\/tr\/wp-json\/wp\/v2\/product_brand?post=4087"},{"taxonomy":"product_cat","embeddable":true,"href":"https:\/\/minghanggroup.com\/tr\/wp-json\/wp\/v2\/product_cat?post=4087"},{"taxonomy":"product_tag","embeddable":true,"href":"https:\/\/minghanggroup.com\/tr\/wp-json\/wp\/v2\/product_tag?post=4087"}],"curies":[{"name":"wp","href":"https:\/\/api.w.org\/{rel}","templated":true}]}}