{"id":4086,"date":"2025-12-25T17:56:05","date_gmt":"2025-12-25T09:56:05","guid":{"rendered":"https:\/\/minghanggroup.com\/?post_type=product&#038;p=4086"},"modified":"2025-12-26T11:17:07","modified_gmt":"2025-12-26T03:17:07","slug":"miniature-perfume-bottles-with-gold-spray-lids-bulk","status":"publish","type":"product","link":"https:\/\/minghanggroup.com\/tr\/urun\/miniature-perfume-bottles-with-gold-spray-lids-bulk\/","title":{"rendered":"2 ml, 3 ml, 5 ml, 10 ml Minyat\u00fcr Parf\u00fcm \u015ei\u015feleri, Alt\u0131n Sprey Kapakl\u0131, Toplu Sat\u0131\u015f"},"content":{"rendered":"<p>Bu minyat\u00fcr parf\u00fcm \u015fi\u015feleri, \u015feffaf camdan yap\u0131lm\u0131\u015f, p\u00fcr\u00fczs\u00fcz ve d\u00fcz bir g\u00f6vdeye sahiptir ve d\u00f6rt farkl\u0131 boyutta mevcuttur; parf\u00fcm \u00f6rneklerini, seyahat parf\u00fcmlerini veya u\u00e7ucu ya\u011f spreylerini sergilemek i\u00e7in en uygunudur.<\/p>\n<h2>\u00dcr\u00fcn \u00d6zellikleri<\/h2>\n<ul>\n<li><strong>\u00c7e\u015fitli Mini Boylar:<\/strong> Parf\u00fcm, u\u00e7ucu ya\u011f ve di\u011fer \u00fcr\u00fcnlerin farkl\u0131 hacimlerine uygun d\u00f6rt farkl\u0131 y\u00fckseklik se\u00e7ene\u011fi mevcuttur.<\/li>\n<li><strong>Alt\u0131n kapakl\u0131 l\u00fcks \u015feffaf cam \u015fi\u015fe:<\/strong> Alt\u0131n metal kapakl\u0131, tamamen \u015feffaf cam g\u00f6vde, i\u00e7indekileri net bir \u015fekilde yans\u0131tarak son derece sofistike ve l\u00fcks bir g\u00f6r\u00fcn\u00fcm sunuyor.<\/li>\n<li><strong>Basit D\u00fcz Silindir Tasar\u0131m\u0131:<\/strong> Bu, saklama ve ta\u015f\u0131ma kolayl\u0131\u011f\u0131 sa\u011flayan en basit d\u00fcz silindir tasar\u0131m\u0131d\u0131r; bu da seyahat ederken ve hareket halindeyken r\u00f6tu\u015f yaparken \u00e7ok kullan\u0131\u015fl\u0131d\u0131r.<\/li>\n<\/ul>\n<h2 style=\"text-align: left;\">Temel \u00d6zellikler<\/h2>\n<table class=\"aligncenter\" style=\"border-collapse: collapse; width: 482.27pt;\" border=\"0\" width=\"643\" cellspacing=\"0\" cellpadding=\"0\">\n<tbody>\n<tr style=\"height: 13.50pt;\">\n<td style=\"height: 13.50pt; width: 111.75pt;\" width=\"149\" height=\"18\">\u015eartname<\/td>\n<td style=\"width: 370.50pt;\" width=\"494\">Detaylar<\/td>\n<\/tr>\n<tr style=\"height: 13.50pt;\">\n<td style=\"height: 13.50pt;\" height=\"18\">\u00d6l\u00e7\u00fcler (\u00c7ap x Y\u00fckseklik)<\/td>\n<td>2ml: 1,4\u00d73cm; 3ml: 1,4\u00d74cm; 5ml: 1,4\u00d75,5cm; 10ml: 1,4\u00d710cm<\/td>\n<\/tr>\n<tr style=\"height: 13.50pt;\">\n<td style=\"height: 13.50pt;\" height=\"18\">Malzeme<\/td>\n<td>\u015eeffaf Cam G\u00f6vde, Alt\u0131n Tonlu Metal Kapak<\/td>\n<\/tr>\n<tr style=\"height: 13.50pt;\">\n<td style=\"height: 13.50pt;\" height=\"18\">\u015ei\u015fe \u015eekli<\/td>\n<td>D\u00fcz Duvarl\u0131 Silindir<\/td>\n<\/tr>\n<tr style=\"height: 13.50pt;\">\n<td style=\"height: 13.50pt;\" height=\"18\">Malzeme \u00d6zelli\u011fi<\/td>\n<td>Dayan\u0131kl\u0131, Doldurulabilir, \u00dcst\u00fcn Kalite<\/td>\n<\/tr>\n<tr style=\"height: 13.50pt;\">\n<td style=\"height: 13.50pt;\" height=\"18\">\u0130deal \u0130\u00e7in<\/td>\n<td>Parf\u00fcm Numune \u015ei\u015feleri, Mini Parf\u00fcm \u015ei\u015feleri<\/td>\n<\/tr>\n<\/tbody>\n<\/table>\n<h2>Ba\u015far\u0131 Hikayesi<\/h2>\n<p>5 ml&#039;lik parf\u00fcm numune \u015fi\u015felerimiz, abonelik tabanl\u0131 bir parf\u00fcm deneyimi hizmeti \u015firketinin t\u00fcm \u00fcr\u00fcnlerinin standart ambalaj\u0131 olarak kullan\u0131ld\u0131. Geleneksel tasar\u0131m, \u00fcyeler aras\u0131nda yap\u0131lan anketlerde &#039;lik olumlu geri bildirim oran\u0131yla b\u00fcy\u00fck be\u011feni toplad\u0131. Spreyin d\u00f6k\u00fclmeme \u00f6zelli\u011fi, \u00fcr\u00fcnlerin neredeyse k\u0131r\u0131lma noktas\u0131na geldi\u011fi bir d\u00f6nemde ,9&#039;luk bir sevkiyat ba\u015far\u0131s\u0131 sa\u011flad\u0131. Bu ba\u015far\u0131ya dayanarak \u015firket, iki y\u0131l i\u00e7inde artan talebi kar\u015f\u0131lamak i\u00e7in 500.000 adet daha \u015fi\u015fe sipari\u015f etti.<\/p>\n<h2>Minik Parf\u00fcm \u015ei\u015felerinin Ki\u015fiselle\u015ftirilmesi<\/h2>\n<ul>\n<li>Ki\u015fiye \u00f6zel metal kapak \u2013 Pembe alt\u0131n, g\u00fcm\u00fc\u015f veya siyah, \u00e7e\u015fitli PVD kaplama se\u00e7enekleriyle.<\/li>\n<li>Cam \u015fi\u015felerin renkleri \u2013 Kehribar, kobalt mavisi veya ye\u015fil (UV korumal\u0131).<\/li>\n<li>Cam serigrafi bask\u0131 \u2013 Bu i\u015flem, logonuzu, parf\u00fcm ad\u0131n\u0131z\u0131 veya tasar\u0131m\u0131n\u0131z\u0131 cama basmay\u0131 i\u00e7erir.<\/li>\n<li>Lazerle kaz\u0131ma \u2013 Cam y\u00fczeyine karma\u015f\u0131k tasar\u0131mlar, parti numaralar\u0131 veya monogramlar i\u015fleyin.<\/li>\n<li>\u00d6zel p\u00fcsk\u00fcrtme cihazlar\u0131 \u2013 Markan\u0131za uygun \u015fekilde tasarlanm\u0131\u015f p\u00fcsk\u00fcrtme ba\u015fl\u0131klar\u0131na sahip olun.<\/li>\n<\/ul>","protected":false},"excerpt":{"rendered":"<p>Alt\u0131n renkli sprey kapakl\u0131, \u015feffaf camdan minyat\u00fcr parf\u00fcm \u015fi\u015feleri ve parf\u00fcm numune \u015fi\u015feleri. Numune al\u0131m\u0131 ve seyahat i\u00e7in h\u0131zl\u0131 kargo se\u00e7ene\u011fi mevcuttur. \u00dccretsiz numuneler.<\/p>","protected":false},"featured_media":4096,"template":"","meta":{"postBodyCss":"","postBodyMargin":[],"postBodyPadding":[],"postBodyBackground":{"backgroundType":"classic","gradient":""}},"product_brand":[],"product_cat":[15,16,62],"product_tag":[],"class_list":{"0":"post-4086","1":"product","2":"type-product","3":"status-publish","4":"has-post-thumbnail","6":"product_cat-glass-containers","7":"product_cat-glass-bottles","8":"product_cat-perfume-bottles","10":"first","11":"instock","12":"shipping-taxable","13":"product-type-simple"},"jetpack_sharing_enabled":true,"_links":{"self":[{"href":"https:\/\/minghanggroup.com\/tr\/wp-json\/wp\/v2\/product\/4086","targetHints":{"allow":["GET"]}}],"collection":[{"href":"https:\/\/minghanggroup.com\/tr\/wp-json\/wp\/v2\/product"}],"about":[{"href":"https:\/\/minghanggroup.com\/tr\/wp-json\/wp\/v2\/types\/product"}],"wp:featuredmedia":[{"embeddable":true,"href":"https:\/\/minghanggroup.com\/tr\/wp-json\/wp\/v2\/media\/4096"}],"wp:attachment":[{"href":"https:\/\/minghanggroup.com\/tr\/wp-json\/wp\/v2\/media?parent=4086"}],"wp:term":[{"taxonomy":"product_brand","embeddable":true,"href":"https:\/\/minghanggroup.com\/tr\/wp-json\/wp\/v2\/product_brand?post=4086"},{"taxonomy":"product_cat","embeddable":true,"href":"https:\/\/minghanggroup.com\/tr\/wp-json\/wp\/v2\/product_cat?post=4086"},{"taxonomy":"product_tag","embeddable":true,"href":"https:\/\/minghanggroup.com\/tr\/wp-json\/wp\/v2\/product_tag?post=4086"}],"curies":[{"name":"wp","href":"https:\/\/api.w.org\/{rel}","templated":true}]}}