{"id":4076,"date":"2025-12-25T16:33:30","date_gmt":"2025-12-25T08:33:30","guid":{"rendered":"https:\/\/minghanggroup.com\/?post_type=product&#038;p=4076"},"modified":"2025-12-26T09:48:59","modified_gmt":"2025-12-26T01:48:59","slug":"small-refillable-perfume-bottles-bulk","status":"publish","type":"product","link":"https:\/\/minghanggroup.com\/tr\/urun\/small-refillable-perfume-bottles-bulk\/","title":{"rendered":"8 ml K\u00fc\u00e7\u00fck Doldurulabilir Parf\u00fcm \u015ei\u015feleri (Toptan)"},"content":{"rendered":"<p>Bu, parlak metal bir kapa\u011fa sahip, \u015feffaf, silindirik cam g\u00f6vdeli, 8 ml&#039;lik g\u00fczel bir yeniden doldurulabilir parf\u00fcm \u015fi\u015fesidir. Alttan doldurma \u00f6zelli\u011fi sayesinde kolayca doldurulabilir ve k\u00fc\u00e7\u00fck boyutu sayesinde el \u00e7antas\u0131na veya cebe rahatl\u0131kla s\u0131\u011farak \u015f\u0131k ve ta\u015f\u0131mas\u0131 kolay bir \u00fcr\u00fcn ortaya \u00e7\u0131kar\u0131r.<\/p>\n<h2>\u00dcr\u00fcn \u00d6zellikleri<\/h2>\n<ul>\n<li><strong>Dahili ince sis p\u00fcsk\u00fcrtme sistemi:<\/strong> \u0130yi bir p\u00fcsk\u00fcrtme pompas\u0131na sahip ve an\u0131nda ve e\u015fit p\u00fcsk\u00fcrtme sa\u011fl\u0131yor.<\/li>\n<li><strong>\u00dcstten doldurmal\u0131 tasar\u0131m:<\/strong> Alttan doldurma mekanizmas\u0131, \u015fi\u015fenin tasar\u0131m\u0131nda kullan\u0131\u015fl\u0131 bir \u00f6zelliktir \u00e7\u00fcnk\u00fc doldurmay\u0131 kolayla\u015ft\u0131r\u0131r ve \u015fi\u015fenin tekrar kullan\u0131m\u0131n\u0131 da kolayla\u015ft\u0131r\u0131r.<\/li>\n<li><strong>K\u00fc\u00e7\u00fck ve hafif:<\/strong> 8 ml&#039;lik boyutu ve uzun \u00f6m\u00fcrl\u00fc \u015fi\u015fe \u015fekli, onu seyahatte, duru\u015fmada veya sadece yan\u0131n\u0131zda ta\u015f\u0131rken kullanmak i\u00e7in en iyi \u00fcr\u00fcn haline getiriyor.<\/li>\n<\/ul>\n<h2 style=\"text-align: left;\">Temel \u00d6zellikler<\/h2>\n<table class=\"aligncenter\" style=\"border-collapse: collapse; width: 405.02pt;\" border=\"0\" width=\"540\" cellspacing=\"0\" cellpadding=\"0\">\n<tbody>\n<tr style=\"height: 13.50pt;\">\n<td style=\"height: 13.50pt; width: 109.50pt;\" width=\"146\" height=\"18\">\u015eartname<\/td>\n<td style=\"width: 295.50pt;\" width=\"394\">Detaylar<\/td>\n<\/tr>\n<tr style=\"height: 13.50pt;\">\n<td style=\"height: 13.50pt;\" height=\"18\">Kapasite<\/td>\n<td>8 ml<\/td>\n<\/tr>\n<tr style=\"height: 13.50pt;\">\n<td style=\"height: 13.50pt;\" height=\"18\">\u00d6l\u00e7\u00fcler (\u00c7ap x Y\u00fckseklik)<\/td>\n<td>1,7 \u00d7 8,4 cm<\/td>\n<\/tr>\n<tr style=\"height: 13.50pt;\">\n<td style=\"height: 13.50pt;\" height=\"18\">Malzeme<\/td>\n<td>\u015eeffaf Cam G\u00f6vde, Metal Kapak<\/td>\n<\/tr>\n<tr style=\"height: 13.50pt;\">\n<td style=\"height: 13.50pt;\" height=\"18\">Malzeme \u00d6zelli\u011fi<\/td>\n<td>Dayan\u0131kl\u0131, Doldurulabilir, \u00dcst\u00fcn Kalite<\/td>\n<\/tr>\n<tr style=\"height: 13.50pt;\">\n<td style=\"height: 13.50pt;\" height=\"18\">\u0130deal \u0130\u00e7in<\/td>\n<td>Doldurulabilir Parf\u00fcm \u015ei\u015feleri, K\u00fc\u00e7\u00fck Parf\u00fcm \u015ei\u015feleri<\/td>\n<\/tr>\n<\/tbody>\n<\/table>\n<h2>Ba\u015far\u0131 \u00d6yk\u00fcs\u00fc: Bir Parf\u00fcm Markas\u0131 Sadakat Program\u0131<\/h2>\n<p>Do\u011frudan t\u00fcketiciye sat\u0131\u015f yapan bir parf\u00fcm markas\u0131, 8 ml&#039;lik yeniden doldurulabilir parf\u00fcm \u015fi\u015felerimizi sipari\u015f etti. Yeniden doldurulabilir form ba\u015far\u0131l\u0131 oldu; m\u00fc\u015fterilerin d\u00f6rtte \u00fc\u00e7\u00fc yeni \u015fi\u015feler yerine daha ucuz olan yeniden doldurma \u00fcr\u00fcnlerini sat\u0131n ald\u0131, b\u00f6ylece m\u00fc\u015fteri \u00f6mr\u00fc de\u011feri artt\u0131. Mekanizma kolayca \u00e7al\u0131\u015ft\u0131r\u0131labiliyor ve alt k\u0131s\u0131mdan d\u00f6k\u00fclme olmadan yeniden doldurulabiliyor; bu da kullananlar\u0131n &#039;inin kolayca doldurabilece\u011fi anlam\u0131na geliyor. Bu marka \u00e7ok memnun kald\u0131 ve program\u0131 geni\u015fletmek i\u00e7in daha sonra 180.000 \u015fi\u015fe daha sipari\u015f etti.<\/p>\n<h2>K\u00fc\u00e7\u00fck Parf\u00fcm \u015ei\u015feleri Ki\u015fiselle\u015ftirme<\/h2>\n<ul>\n<li>Cam \u015ei\u015fe Renk Se\u00e7imi \u2013 Cam rengi se\u00e7enekleri aras\u0131nda kehribar, ye\u015fil veya buzlu \u015feffaf bulunur.<\/li>\n<li>Cam Serigrafi Bask\u0131 \u2013 Logo veya tasar\u0131m cam y\u00fczeyine bas\u0131l\u0131r.<\/li>\n<li>Lazerle Oyma \u2013 Cam \u00fczerine desenler i\u015fleyerek veya yaz\u0131 yazarak \u00fcst d\u00fczey bir g\u00f6r\u00fcn\u00fcm elde edin.<\/li>\n<li>\u00d6zel P\u00fcsk\u00fcrtme Cihaz\u0131 \u2013 P\u00fcsk\u00fcrtme cihazlar\u0131n\u0131n \u00f6zg\u00fcn \u015fekillerini veya renklerini geli\u015ftirin.<\/li>\n<\/ul>","protected":false},"excerpt":{"rendered":"<p>Kavisli bel tasar\u0131m\u0131na ve metal kapaklara sahip k\u00fc\u00e7\u00fck parf\u00fcm \u015fi\u015felerini ke\u015ffedin. Bu yeniden doldurulabilir parf\u00fcm \u015fi\u015fesi son derece ta\u015f\u0131nabilirdir. Bug\u00fcn \u00fccretsiz numune isteyin!<\/p>","protected":false},"featured_media":4079,"template":"","meta":{"postBodyCss":"","postBodyMargin":[],"postBodyPadding":[],"postBodyBackground":{"backgroundType":"classic","gradient":""}},"product_brand":[],"product_cat":[15,16,62],"product_tag":[],"class_list":{"0":"post-4076","1":"product","2":"type-product","3":"status-publish","4":"has-post-thumbnail","6":"product_cat-glass-containers","7":"product_cat-glass-bottles","8":"product_cat-perfume-bottles","10":"first","11":"instock","12":"shipping-taxable","13":"product-type-simple"},"jetpack_sharing_enabled":true,"_links":{"self":[{"href":"https:\/\/minghanggroup.com\/tr\/wp-json\/wp\/v2\/product\/4076","targetHints":{"allow":["GET"]}}],"collection":[{"href":"https:\/\/minghanggroup.com\/tr\/wp-json\/wp\/v2\/product"}],"about":[{"href":"https:\/\/minghanggroup.com\/tr\/wp-json\/wp\/v2\/types\/product"}],"wp:featuredmedia":[{"embeddable":true,"href":"https:\/\/minghanggroup.com\/tr\/wp-json\/wp\/v2\/media\/4079"}],"wp:attachment":[{"href":"https:\/\/minghanggroup.com\/tr\/wp-json\/wp\/v2\/media?parent=4076"}],"wp:term":[{"taxonomy":"product_brand","embeddable":true,"href":"https:\/\/minghanggroup.com\/tr\/wp-json\/wp\/v2\/product_brand?post=4076"},{"taxonomy":"product_cat","embeddable":true,"href":"https:\/\/minghanggroup.com\/tr\/wp-json\/wp\/v2\/product_cat?post=4076"},{"taxonomy":"product_tag","embeddable":true,"href":"https:\/\/minghanggroup.com\/tr\/wp-json\/wp\/v2\/product_tag?post=4076"}],"curies":[{"name":"wp","href":"https:\/\/api.w.org\/{rel}","templated":true}]}}