{"id":4071,"date":"2025-12-25T16:49:20","date_gmt":"2025-12-25T08:49:20","guid":{"rendered":"https:\/\/minghanggroup.com\/?post_type=product&#038;p=4071"},"modified":"2025-12-25T17:13:24","modified_gmt":"2025-12-25T09:13:24","slug":"100ml-perfume-bottles-with-spray-lids-bulk","status":"publish","type":"product","link":"https:\/\/minghanggroup.com\/tr\/urun\/100ml-perfume-bottles-with-spray-lids-bulk\/","title":{"rendered":"30 ml, 50 ml, 100 ml Sprey Kapakl\u0131 Parf\u00fcm \u015ei\u015feleri (Toptan)"},"content":{"rendered":"<p>Parf\u00fcm\u00fcn\u00fcz daha parlak bir \u015fekilde parlamay\u0131 hak ediyor. Toptan al\u0131c\u0131lar i\u00e7in 100 ml&#039;lik parf\u00fcm \u015fi\u015feleri tasarl\u0131yoruz; her toplu parf\u00fcm \u015fi\u015fesi sipari\u015fi markan\u0131z\u0131n imzas\u0131 haline geliyor.<\/p>\n<h2>\u00dcr\u00fcn \u00d6zellikleri<\/h2>\n<ol>\n<li><strong>P\u00fcsk\u00fcrtme Ba\u015fl\u0131\u011f\u0131: <\/strong>Entegre p\u00fcsk\u00fcrtme ba\u015fl\u0131\u011f\u0131, parf\u00fcm\u00fcn birka\u00e7 saniye i\u00e7inde e\u015fit \u015fekilde yay\u0131lmas\u0131n\u0131 sa\u011flar; b\u00f6ylece kullan\u0131c\u0131, kullan\u0131lan parf\u00fcm miktar\u0131n\u0131 kolayca kontrol edebilir ve daha az israf olur.<\/li>\n<li><strong>Sade ve Modern G\u00f6r\u00fcn\u00fcm: <\/strong>Minimalist silindirik tasar\u0131m, sergilendi\u011finde \u015f\u0131k ve zarif bir g\u00f6r\u00fcn\u00fcm sunarak her parf\u00fcm markas\u0131 i\u00e7in m\u00fckemmel bir \u00e7\u00f6z\u00fcm olabilir.<\/li>\n<li><strong>S\u0131zd\u0131rmaz Tasar\u0131m: <\/strong>S\u0131k\u0131ca kapanan \u015fi\u015fe a\u011fz\u0131 ve y\u00fcksek kaliteli kapa\u011f\u0131, s\u0131v\u0131 s\u0131z\u0131nt\u0131s\u0131n\u0131 \u00f6nleyen ve ayn\u0131 zamanda parf\u00fcm\u00fcn uzun s\u00fcre korunmas\u0131n\u0131 garanti eden ba\u015fl\u0131ca fakt\u00f6rlerdir.<\/li>\n<\/ol>\n<h2>Temel \u00d6zellikler<\/h2>\n<table style=\"border-collapse: collapse; width: 80%; margin-left: auto; margin-right: auto;\" border=\"0\" width=\"360\" cellspacing=\"0\" cellpadding=\"0\">\n<tbody>\n<tr style=\"height: 13.50pt;\">\n<td style=\"height: 13.5pt; width: 54pt; text-align: center;\" width=\"72\" height=\"18\">Kapasite(ml)<\/td>\n<td style=\"width: 54pt; text-align: center;\" width=\"72\">Boyut (mm)<\/td>\n<td style=\"width: 54pt; text-align: center;\" width=\"72\">S\u0131zd\u0131rmazl\u0131k Y\u00f6ntemi<\/td>\n<td style=\"width: 54pt; text-align: center;\" width=\"72\">Malzeme<\/td>\n<td style=\"width: 54pt; text-align: center;\" width=\"72\">Renk Se\u00e7enekleri<\/td>\n<\/tr>\n<tr style=\"height: 13.50pt;\">\n<td style=\"height: 13.5pt; text-align: center;\" align=\"right\" height=\"18\">30<\/td>\n<td style=\"text-align: center;\">36*72<\/td>\n<td class=\"et2\" style=\"text-align: center;\" rowspan=\"3\">S\u0131k\u0131\u015ft\u0131rma Boyunlu + Sprey<\/td>\n<td class=\"et2\" style=\"text-align: center;\" rowspan=\"3\">Kristal cam<\/td>\n<td class=\"et2\" style=\"text-align: center;\" rowspan=\"3\">\u00d6zelle\u015ftirilebilir<\/td>\n<\/tr>\n<tr style=\"height: 13.50pt;\">\n<td style=\"height: 13.5pt; text-align: center;\" align=\"right\" height=\"18\">50<\/td>\n<td style=\"text-align: center;\">43.5*85<\/td>\n<\/tr>\n<tr style=\"height: 13.50pt;\">\n<td style=\"height: 13.5pt; text-align: center;\" align=\"right\" height=\"18\">100<\/td>\n<td style=\"text-align: center;\">51.4*100<\/td>\n<\/tr>\n<\/tbody>\n<\/table>\n<h2>Ba\u015far\u0131 \u00d6rne\u011fi<\/h2>\n<p>Bir parf\u00fcm markas\u0131, yeni koku serisini paketlemek i\u00e7in bu 100 ml&#039;lik parf\u00fcm \u015fi\u015felerini toplu halde kullanmaya karar verdi. Marka, parf\u00fcm\u00fcn saklanmas\u0131 ve da\u011f\u0131t\u0131m\u0131n\u0131 en iyi seviyede tutarken, \u00e7arp\u0131c\u0131 bir tasar\u0131mla \u00fcr\u00fcn\u00fcn premium deneyimini y\u00fckseltmeyi ama\u00e7l\u0131yor. \u015eeffaf cam \u015fi\u015fenin siyah kapakla birle\u015fimi, parf\u00fcm\u00fcn rengini ve parlakl\u0131\u011f\u0131n\u0131 ortaya \u00e7\u0131kararak t\u00fcm ambalaj\u0131n \u00e7ekicili\u011fine katk\u0131da bulunuyor. \u015ei\u015fedeki sprey ba\u015fl\u0131\u011f\u0131 d\u00fczeni, parf\u00fcm da\u011f\u0131t\u0131m\u0131n\u0131n en verimli yoludur ve ayn\u0131 zamanda israf\u0131 da \u00f6nler.<\/p>\n<p>Birka\u00e7 ayl\u0131k pazarlama kampanyas\u0131n\u0131n ard\u0131ndan, marka bu parf\u00fcm serisinin sat\u0131\u015flar\u0131nda &#039;lik bir art\u0131\u015f ya\u015fad\u0131.<\/p>\n<h2>\u00d6zelle\u015ftirme \u0130pu\u00e7lar\u0131n\u0131z<\/h2>\n<p>Bu parf\u00fcm kab\u0131n\u0131 de\u011fi\u015ftirirken, marka konumland\u0131rman\u0131z ve \u00fcr\u00fcn\u00fcn\u00fcz\u00fcn \u00f6zellikleriyle uyumlu ki\u015fiselle\u015ftirilmi\u015f alternatifler se\u00e7ebilirsiniz. Ba\u015flang\u0131\u00e7 \u200b\u200bolarak, parf\u00fcm\u00fcn rengini ve dokusunu sergilemek ve b\u00f6ylece g\u00f6rsel g\u00f6r\u00fcn\u00fcm\u00fcn\u00fc g\u00fczelle\u015ftirmek i\u00e7in \u015fi\u015fe \u00e7ok \u015feffaf camdan yap\u0131labilir.<\/p>\n<p>Kendi tarz\u0131n\u0131za daha uygun bir parf\u00fcm \u015fi\u015fesi istiyorsan\u0131z, marka imaj\u0131 tutarl\u0131l\u0131\u011f\u0131 yaratmak i\u00e7in \u015fi\u015fenin marka logosunu, desenini veya etiketini ki\u015fiselle\u015ftirebilirsiniz. \u015ei\u015fe kapa\u011f\u0131n\u0131n tasar\u0131m\u0131 da ki\u015fiselle\u015ftirmenin \u00f6nemli bir par\u00e7as\u0131d\u0131r; farkl\u0131 pazar gereksinimlerini ve stillerini kar\u015f\u0131lamak i\u00e7in siyah, alt\u0131n veya g\u00fcm\u00fc\u015f bir kapak ya da daha do\u011fal bir g\u00f6r\u00fcn\u00fcme sahip ah\u015fap bir kapak tercih edebilirsiniz.<\/p>","protected":false},"excerpt":{"rendered":"<p>\u015e\u0131k siyah kapakl\u0131 100 ml parf\u00fcm \u015fi\u015fesi, koku i\u00e7in idealdir. \u00dccretsiz numuneler ve do\u011frudan fabrikadan \u00f6zelle\u015ftirme se\u00e7enekleriyle toplu parf\u00fcm \u015fi\u015fesi sipari\u015fleri i\u00e7in m\u00fckemmeldir.<\/p>","protected":false},"featured_media":4084,"template":"","meta":{"postBodyCss":"","postBodyMargin":[],"postBodyPadding":[],"postBodyBackground":{"backgroundType":"classic","gradient":""}},"product_brand":[],"product_cat":[15,16,62],"product_tag":[],"class_list":{"0":"post-4071","1":"product","2":"type-product","3":"status-publish","4":"has-post-thumbnail","6":"product_cat-glass-containers","7":"product_cat-glass-bottles","8":"product_cat-perfume-bottles","10":"first","11":"instock","12":"shipping-taxable","13":"product-type-simple"},"jetpack_sharing_enabled":true,"_links":{"self":[{"href":"https:\/\/minghanggroup.com\/tr\/wp-json\/wp\/v2\/product\/4071","targetHints":{"allow":["GET"]}}],"collection":[{"href":"https:\/\/minghanggroup.com\/tr\/wp-json\/wp\/v2\/product"}],"about":[{"href":"https:\/\/minghanggroup.com\/tr\/wp-json\/wp\/v2\/types\/product"}],"wp:featuredmedia":[{"embeddable":true,"href":"https:\/\/minghanggroup.com\/tr\/wp-json\/wp\/v2\/media\/4084"}],"wp:attachment":[{"href":"https:\/\/minghanggroup.com\/tr\/wp-json\/wp\/v2\/media?parent=4071"}],"wp:term":[{"taxonomy":"product_brand","embeddable":true,"href":"https:\/\/minghanggroup.com\/tr\/wp-json\/wp\/v2\/product_brand?post=4071"},{"taxonomy":"product_cat","embeddable":true,"href":"https:\/\/minghanggroup.com\/tr\/wp-json\/wp\/v2\/product_cat?post=4071"},{"taxonomy":"product_tag","embeddable":true,"href":"https:\/\/minghanggroup.com\/tr\/wp-json\/wp\/v2\/product_tag?post=4071"}],"curies":[{"name":"wp","href":"https:\/\/api.w.org\/{rel}","templated":true}]}}