{"id":4067,"date":"2025-12-25T15:10:01","date_gmt":"2025-12-25T07:10:01","guid":{"rendered":"https:\/\/minghanggroup.com\/?post_type=product&#038;p=4067"},"modified":"2025-12-25T17:16:54","modified_gmt":"2025-12-25T09:16:54","slug":"mini-capsule-travel-perfume-bottles-bulk","status":"publish","type":"product","link":"https:\/\/minghanggroup.com\/tr\/urun\/mini-capsule-travel-perfume-bottles-bulk\/","title":{"rendered":"5 ml Mini Kaps\u00fcl Seyahat Parf\u00fcm \u015ei\u015feleri (Toptan)"},"content":{"rendered":"<p>Bu mini parf\u00fcm \u015fi\u015feleri, parlak metalik bir y\u00fczeye sahip, p\u00fcr\u00fczs\u00fcz ve yuvarlak kaps\u00fcl \u015feklinde tasarlanm\u0131\u015ft\u0131r. \u015ei\u015feler 5 ml kapasiteye sahip oldu\u011fundan k\u00fc\u00e7\u00fck ve ta\u015f\u0131nabilirdir; bir \u00e7antaya, el \u00e7antas\u0131na veya hatta cebe kolayca s\u0131\u011fabilirler.<\/p>\n<h2>\u00dcr\u00fcn \u00d6zellikleri<\/h2>\n<ul>\n<li><strong>5 ml Mini Ta\u015f\u0131nabilirlik:<\/strong> 5 ml kapasiteleri ve kaps\u00fcl \u015fekilleri sayesinde cep veya \u00e7antaya kolayca s\u0131\u011farlar ve g\u00fcnl\u00fck kullan\u0131mda makyaj tazelemek i\u00e7in m\u00fckemmeldirler.<\/li>\n<li><strong>\u00c7e\u015fitli Metalik Renkler:<\/strong> Bunun yan\u0131 s\u0131ra, mor, siyah ve daha bir\u00e7ok metalik renk g\u00f6r\u00fcyoruz; bu renkler sadece g\u00f6rsel olarak daha sofistike olmakla kalm\u0131yor, ayn\u0131 zamanda farkl\u0131 moda zevklerine de hitap ediyor.<\/li>\n<li><strong>Yuvarlak Kaps\u00fcl \u015eekli:<\/strong> Yuvarlak kaps\u00fcl \u015fekli, \u00fcr\u00fcn\u00fcn kullan\u0131m\u0131n\u0131 rahat hale getirirken, ayn\u0131 zamanda \u015f\u0131k ve minimalist g\u00f6r\u00fcn\u00fcm\u00fcn\u00fc de korumas\u0131n\u0131 sa\u011fl\u0131yor.<\/li>\n<\/ul>\n<h2 style=\"text-align: left;\">Temel \u00d6zellikler<\/h2>\n<table class=\"aligncenter\" style=\"border-collapse: collapse; width: 485.27pt;\" border=\"0\" width=\"647\" cellspacing=\"0\" cellpadding=\"0\">\n<tbody>\n<tr style=\"height: 13.50pt;\">\n<td style=\"height: 13.50pt; width: 109.50pt;\" width=\"146\" height=\"18\">\u015eartname<\/td>\n<td style=\"width: 375.75pt;\" width=\"501\">Detaylar<\/td>\n<\/tr>\n<tr style=\"height: 13.50pt;\">\n<td style=\"height: 13.50pt;\" height=\"18\">Kapasite<\/td>\n<td>5ml<\/td>\n<\/tr>\n<tr style=\"height: 13.50pt;\">\n<td style=\"height: 13.50pt;\" height=\"18\">\u00d6l\u00e7\u00fcler (\u00c7ap x Y\u00fckseklik)<\/td>\n<td>1,7\u00d77,5 cm<\/td>\n<\/tr>\n<tr style=\"height: 13.50pt;\">\n<td style=\"height: 13.50pt;\" height=\"18\">Malzeme<\/td>\n<td>\u0130\u00e7 cam \u015fi\u015fe, d\u0131\u015f metal kasa<\/td>\n<\/tr>\n<tr style=\"height: 13.50pt;\">\n<td style=\"height: 13.50pt;\" height=\"18\">\u015ei\u015fe \u015eekli<\/td>\n<td>Yuvarlak Kaps\u00fcl<\/td>\n<\/tr>\n<tr style=\"height: 13.50pt;\">\n<td style=\"height: 13.50pt;\" height=\"18\">\u0130deal \u0130\u00e7in<\/td>\n<td>Parf\u00fcm Numuneleri, Mini Parf\u00fcm \u015ei\u015feleri, Seyahat Boyu Parf\u00fcm \u015ei\u015fesi<\/td>\n<\/tr>\n<\/tbody>\n<\/table>\n<h2>Ba\u015far\u0131 \u00d6yk\u00fcs\u00fc: Ni\u015f Bir Parf\u00fcmc\u00fcn\u00fcn Ke\u015fif Seti<\/h2>\n<p>5 ml&#039;lik mini parf\u00fcm \u015fi\u015felerimiz, Avustralyal\u0131 bir parf\u00fcm \u00fcreticisi taraf\u0131ndan sipari\u015f edildi. Her bir koku, \u00e7e\u015fitli renklerde metalik mini parf\u00fcm \u015fi\u015felerinde sunuldu. K\u00fc\u00e7\u00fck boyut ayr\u0131ca, al\u0131\u015fveri\u015f s\u0131ras\u0131nda seyahat \u00fcr\u00fcnlerine ek olarak yap\u0131lan sat\u0131\u015flara oran\u0131nda katk\u0131 sa\u011flad\u0131. Bu parf\u00fcm koleksiyonu \u00e7ok satan bir \u00fcr\u00fcn oldu ve yeni m\u00fc\u015fterilerin &#039;\u0131 bu parf\u00fcm setini sat\u0131n ald\u0131. Bu ba\u015far\u0131n\u0131n ard\u0131ndan, parf\u00fcm \u00fcreticisi yeni koleksiyonu tan\u0131tmak i\u00e7in 150.000 \u015fi\u015felik bir sipari\u015f daha verdi.<\/p>\n<h2>Ki\u015fiselle\u015ftirilebilir Seyahat Parf\u00fcm \u015ei\u015feleri<\/h2>\n<ul>\n<li>\u00d6zel Metal Rengi \u2013 Metal kasan\u0131n PVD kaplamas\u0131, markan\u0131z\u0131n renkleriyle ayn\u0131 olsun.<\/li>\n<li>Lazer \u0130\u015fleme ile Kasa Bask\u0131s\u0131 \u2013 Logonuzu, tasar\u0131m\u0131n\u0131z\u0131 veya parf\u00fcm ad\u0131n\u0131z\u0131 metal y\u00fczeye i\u015fleyin.<\/li>\n<li>\u00d6zel Pencere \u015eekli, \u015eeffaf pencerenin d\u0131\u015f hatlar\u0131n\u0131 se\u00e7in (\u00f6rne\u011fin oval, damla).<\/li>\n<li>Dokulu Kaymaz Halka: Metal kapa\u011fa, daha iyi kavrama sa\u011flayan ince dokulu bir halka eklenmi\u015ftir.<\/li>\n<\/ul>","protected":false},"excerpt":{"rendered":"<p>\u015e\u0131k g\u00fcm\u00fc\u015f halkal\u0131 mini parf\u00fcm \u015fi\u015felerini ke\u015ffedin. Bu 5 ml&#039;lik seyahat parf\u00fcm \u015fi\u015fesi pembe, alt\u0131n ve daha bir\u00e7ok renkte mevcuttur. T\u00fcm renkler i\u00e7in h\u0131zl\u0131 kargo se\u00e7ene\u011fi bulunmaktad\u0131r.<\/p>","protected":false},"featured_media":4074,"template":"","meta":{"postBodyCss":"","postBodyMargin":[],"postBodyPadding":[],"postBodyBackground":{"backgroundType":"classic","gradient":""}},"product_brand":[],"product_cat":[15,16,62],"product_tag":[],"class_list":{"0":"post-4067","1":"product","2":"type-product","3":"status-publish","4":"has-post-thumbnail","6":"product_cat-glass-containers","7":"product_cat-glass-bottles","8":"product_cat-perfume-bottles","10":"first","11":"instock","12":"shipping-taxable","13":"product-type-simple"},"jetpack_sharing_enabled":true,"_links":{"self":[{"href":"https:\/\/minghanggroup.com\/tr\/wp-json\/wp\/v2\/product\/4067","targetHints":{"allow":["GET"]}}],"collection":[{"href":"https:\/\/minghanggroup.com\/tr\/wp-json\/wp\/v2\/product"}],"about":[{"href":"https:\/\/minghanggroup.com\/tr\/wp-json\/wp\/v2\/types\/product"}],"wp:featuredmedia":[{"embeddable":true,"href":"https:\/\/minghanggroup.com\/tr\/wp-json\/wp\/v2\/media\/4074"}],"wp:attachment":[{"href":"https:\/\/minghanggroup.com\/tr\/wp-json\/wp\/v2\/media?parent=4067"}],"wp:term":[{"taxonomy":"product_brand","embeddable":true,"href":"https:\/\/minghanggroup.com\/tr\/wp-json\/wp\/v2\/product_brand?post=4067"},{"taxonomy":"product_cat","embeddable":true,"href":"https:\/\/minghanggroup.com\/tr\/wp-json\/wp\/v2\/product_cat?post=4067"},{"taxonomy":"product_tag","embeddable":true,"href":"https:\/\/minghanggroup.com\/tr\/wp-json\/wp\/v2\/product_tag?post=4067"}],"curies":[{"name":"wp","href":"https:\/\/api.w.org\/{rel}","templated":true}]}}