{"id":4061,"date":"2025-12-25T15:35:19","date_gmt":"2025-12-25T07:35:19","guid":{"rendered":"https:\/\/minghanggroup.com\/?post_type=product&#038;p=4061"},"modified":"2025-12-25T17:08:46","modified_gmt":"2025-12-25T09:08:46","slug":"empty-perfume-bottles-with-lids-wholesale","status":"publish","type":"product","link":"https:\/\/minghanggroup.com\/tr\/urun\/empty-perfume-bottles-with-lids-wholesale\/","title":{"rendered":"50 ml ve 100 ml&#039;lik Kapakl\u0131 Bo\u015f Parf\u00fcm \u015ei\u015feleri Toptan Sat\u0131\u015f"},"content":{"rendered":"<p>Parf\u00fcm\u00fcn\u00fcz\u00fcn parlamas\u0131n\u0131 sa\u011flayan birinci s\u0131n\u0131f ambalaj\u0131 hak ediyorsunuz. Parf\u00fcm ambalaj\u0131nda \u200b\u200bba\u015far\u0131y\u0131 hedefleyen, her 50 ml&#039;lik parf\u00fcm \u015fi\u015fesinin \u00fcr\u00fcn hikayenizi bir \u00fcst seviyeye ta\u015f\u0131d\u0131\u011f\u0131, \u00f6zel olarak tasarlanm\u0131\u015f bo\u015f parf\u00fcm \u015fi\u015feleri \u00fcretiyoruz.<\/p>\n<h2>\u00dcr\u00fcn \u00d6zellikleri<\/h2>\n<ul>\n<li><strong>\u015e\u0131k ve Modern Tasar\u0131m: <\/strong>Parf\u00fcm\u00fcn\u00fcz i\u00e7in ideal bir sunum \u015fekli olan kristal cam \u015fi\u015felerimizi, g\u00f6rsel olarak \u00e7ekici, \u015f\u0131k ve modern bir g\u00f6r\u00fcn\u00fcme sahip olacak \u015fekilde tasarlad\u0131k.<\/li>\n<li><strong>Hassas P\u00fcsk\u00fcrtme Sistemi: <\/strong>\u00dcr\u00fcnle birlikte gelen p\u00fcsk\u00fcrt\u00fcc\u00fc, l\u00fcks uygulaman\u0131za ince bir sis p\u00fcsk\u00fcrtmede her zaman etkilidir.<\/li>\n<li><strong>\u00dcst\u00fcn Kalite Kristal Cam Malzeme: <\/strong>\u00dcst\u00fcn kaliteli kristal cam kullan\u0131larak \u00fcretilen \u00fcr\u00fcn, yaln\u0131zca sa\u011flam olmakla kalmaz, ayn\u0131 zamanda l\u00fcks parf\u00fcm\u00fcn\u00fczle de m\u00fckemmel bir uyum sa\u011flar.<\/li>\n<li><strong>\u00c7oklu Kapasite Se\u00e7enekleri: <\/strong>Bu tasar\u0131m, parf\u00fcm ambalaj\u0131 konusundaki \u00f6zel ihtiya\u00e7lar\u0131n\u0131z\u0131 kar\u015f\u0131lamak \u00fczere 50 ml ve 100 ml se\u00e7enekleriyle sunulmaktad\u0131r.<\/li>\n<\/ul>\n<h2>Temel \u00d6zellikler<\/h2>\n<table style=\"border-collapse: collapse; width: 80%; margin-left: auto; margin-right: auto;\" border=\"0\" width=\"360\" cellspacing=\"0\" cellpadding=\"0\">\n<tbody>\n<tr style=\"height: 13.50pt;\">\n<td style=\"height: 13.5pt; width: 54pt; text-align: center;\" width=\"72\" height=\"18\">Kapasite(ml)<\/td>\n<td style=\"width: 54pt; text-align: center;\" width=\"72\">Boyut (mm)<\/td>\n<td style=\"width: 54pt; text-align: center;\" width=\"72\">Boyun \u00c7ap\u0131<\/td>\n<td style=\"width: 54pt; text-align: center;\" width=\"72\">S\u0131zd\u0131rmazl\u0131k Y\u00f6ntemi<\/td>\n<td style=\"width: 54pt; text-align: center;\" width=\"72\">Malzeme<\/td>\n<\/tr>\n<tr style=\"height: 13.50pt;\">\n<td style=\"height: 13.5pt; text-align: center;\" align=\"right\" height=\"18\">50<\/td>\n<td style=\"text-align: center;\">37 * 98<\/td>\n<td class=\"et2\" style=\"text-align: center;\" rowspan=\"3\">15 mm<\/td>\n<td class=\"et2\" style=\"text-align: center;\" rowspan=\"3\">S\u0131k\u0131\u015ft\u0131rma Boyunlu + Sprey<\/td>\n<td class=\"et2\" style=\"text-align: center;\" rowspan=\"3\">Kristal cam<\/td>\n<\/tr>\n<tr style=\"height: 13.50pt;\">\n<td style=\"height: 13.5pt; text-align: center;\" align=\"right\" height=\"18\">50<\/td>\n<td style=\"text-align: center;\">32 * 137<\/td>\n<\/tr>\n<tr style=\"height: 13.50pt;\">\n<td style=\"height: 13.5pt; text-align: center;\" align=\"right\" height=\"18\">100<\/td>\n<td style=\"text-align: center;\">39 * 159<\/td>\n<\/tr>\n<\/tbody>\n<\/table>\n<h2>Ba\u015far\u0131 \u00d6rne\u011fi<\/h2>\n<p>L\u00fcks bir marka, yeni koku koleksiyonu i\u00e7in ambalaj olarak bu 50 ml&#039;lik parf\u00fcm \u015fi\u015fesini se\u00e7ti. Marka, sofistike ve modern tasar\u0131m arac\u0131l\u0131\u011f\u0131yla \u00fcst d\u00fczey, zarif bir marka imaj\u0131 yans\u0131tmay\u0131 hedefliyor. \u015ei\u015fe, \u015feffaf cam ve siyah kapaktan olu\u015fuyor; sade ama zarif tasar\u0131m\u0131yla parf\u00fcm\u00fcn kalitesini ve cazibesini m\u00fckemmel bir \u015fekilde sergiliyor.<\/p>\n<p>\u00d6zel tasar\u0131ml\u0131 bu parf\u00fcm \u015fi\u015fesine ge\u00e7ildikten sonra, markan\u0131n parf\u00fcm sat\u0131\u015flar\u0131 \u00f6nemli \u00f6l\u00e7\u00fcde artt\u0131 ve \u00fcr\u00fcn lansman\u0131ndan sonraki \u00fc\u00e7 ay i\u00e7inde &#039;luk bir art\u0131\u015f g\u00f6sterdi.<\/p>\n<h2>\u00d6zelle\u015ftirme \u0130pu\u00e7lar\u0131n\u0131z<\/h2>\n<p>Bu 50 ml&#039;lik parf\u00fcm \u015fi\u015fesini \u00f6zel k\u0131lmak istedi\u011finizde bir\u00e7ok se\u00e7ene\u011finiz var: Markan\u0131z ve satt\u0131\u011f\u0131n\u0131z \u00fcr\u00fcn t\u00fcr\u00fc i\u00e7in en uygun olan\u0131 se\u00e7ebilirsiniz; \u015ei\u015fe, insanlar\u0131n parf\u00fcm\u00fcn rengini ve dokusunu g\u00f6rebilmesi i\u00e7in \u015feffaf, kaliteli camdan yap\u0131labilir; Ayr\u0131ca \u015fi\u015fenin kapa\u011f\u0131n\u0131 ihtiyac\u0131n\u0131za g\u00f6re de\u011fi\u015ftirebilirsiniz. Ah\u015fap kapak do\u011fal ve pahal\u0131 g\u00f6r\u00fcn\u00fcrken, metal veya plastik malzemeler daha modern bir g\u00f6r\u00fcn\u00fcm sa\u011flar; marka kimli\u011finizi g\u00fc\u00e7lendirmek i\u00e7in parf\u00fcm \u015fi\u015fesini marka logonuz veya deseninizle de \u00f6zelle\u015ftirebilirsiniz.<\/p>","protected":false},"excerpt":{"rendered":"<p>50 ml ve 100 ml&#039;lik siyah kapakl\u0131 bo\u015f parf\u00fcm \u015fi\u015feleri, parf\u00fcmler veya kozmetik \u00fcr\u00fcnler i\u00e7in idealdir. Toplu sipari\u015fler i\u00e7in mevcuttur, \u00fccretsiz numuneler ve ki\u015fiselle\u015ftirme se\u00e7enekleri sunulmaktad\u0131r.<\/p>","protected":false},"featured_media":4066,"template":"","meta":{"postBodyCss":"","postBodyMargin":[],"postBodyPadding":[],"postBodyBackground":{"backgroundType":"classic","gradient":""}},"product_brand":[],"product_cat":[15,16,62],"product_tag":[],"class_list":{"0":"post-4061","1":"product","2":"type-product","3":"status-publish","4":"has-post-thumbnail","6":"product_cat-glass-containers","7":"product_cat-glass-bottles","8":"product_cat-perfume-bottles","10":"first","11":"instock","12":"shipping-taxable","13":"product-type-simple"},"jetpack_sharing_enabled":true,"_links":{"self":[{"href":"https:\/\/minghanggroup.com\/tr\/wp-json\/wp\/v2\/product\/4061","targetHints":{"allow":["GET"]}}],"collection":[{"href":"https:\/\/minghanggroup.com\/tr\/wp-json\/wp\/v2\/product"}],"about":[{"href":"https:\/\/minghanggroup.com\/tr\/wp-json\/wp\/v2\/types\/product"}],"wp:featuredmedia":[{"embeddable":true,"href":"https:\/\/minghanggroup.com\/tr\/wp-json\/wp\/v2\/media\/4066"}],"wp:attachment":[{"href":"https:\/\/minghanggroup.com\/tr\/wp-json\/wp\/v2\/media?parent=4061"}],"wp:term":[{"taxonomy":"product_brand","embeddable":true,"href":"https:\/\/minghanggroup.com\/tr\/wp-json\/wp\/v2\/product_brand?post=4061"},{"taxonomy":"product_cat","embeddable":true,"href":"https:\/\/minghanggroup.com\/tr\/wp-json\/wp\/v2\/product_cat?post=4061"},{"taxonomy":"product_tag","embeddable":true,"href":"https:\/\/minghanggroup.com\/tr\/wp-json\/wp\/v2\/product_tag?post=4061"}],"curies":[{"name":"wp","href":"https:\/\/api.w.org\/{rel}","templated":true}]}}