{"id":4060,"date":"2025-12-25T13:58:00","date_gmt":"2025-12-25T05:58:00","guid":{"rendered":"https:\/\/minghanggroup.com\/?post_type=product&#038;p=4060"},"modified":"2025-12-25T18:03:36","modified_gmt":"2025-12-25T10:03:36","slug":"2-in-1-clear-glass-spray-and-rollerball-bottles-bulk","status":"publish","type":"product","link":"https:\/\/minghanggroup.com\/tr\/urun\/2-in-1-clear-glass-spray-and-rollerball-bottles-bulk\/","title":{"rendered":"10 ml 2&#039;si 1 arada \u015eeffaf Cam Sprey ve Roll-on \u015ei\u015feler (Toptan Sat\u0131\u015f)"},"content":{"rendered":"<p>Bu, cam sprey \u015fi\u015fesi ile roll-on \u015fi\u015fesinin en iyi \u00f6zelliklerini bir araya getiren ve kullan\u0131\u015fl\u0131 10 ml kapasiteye sahip \u00e7ok i\u015flevli 2&#039;si 1 arada bir parf\u00fcm \u015fi\u015fesidir.<\/p>\n<h2>\u00dcr\u00fcn \u00d6zellikleri<\/h2>\n<ul>\n<li><strong>\u00c7ift ama\u00e7l\u0131 tasar\u0131m:<\/strong> Bir ucu bilyal\u0131 p\u00fcsk\u00fcrtme \u015fi\u015fesi (noktasal uygulamalar i\u00e7in uygun), di\u011fer ucu ise de\u011fi\u015ftirilebilir sprey \u015fi\u015fesi (geni\u015f alan p\u00fcsk\u00fcrtme i\u00e7in uygun) olup, \u00e7e\u015fitli kullan\u0131m durumlar\u0131n\u0131n gereksinimlerini kar\u015f\u0131lamaktad\u0131r.<\/li>\n<li><strong>\u015eeffaf \u015fi\u015fe g\u00f6vdesi:<\/strong> Bu \u00fcr\u00fcn tamamen \u015feffaf camdan yap\u0131lm\u0131\u015ft\u0131r, bu nedenle \u015fi\u015fenin kapa\u011f\u0131n\u0131 a\u00e7maya gerek kalmadan kalan kahve miktar\u0131n\u0131 kolayca g\u00f6rebilirsiniz, b\u00f6ylece istedi\u011finiz zaman kolayca yeniden doldurabilirsiniz.<\/li>\n<li><strong>\u015e\u0131k ve kompakt \u00e7er\u00e7eve:<\/strong> Mini, d\u00fcz \u015fekli sayesinde ta\u015f\u0131mas\u0131 kolayd\u0131r ve \u00e7antaya rahatl\u0131kla s\u0131\u011far; bu da onu g\u00fcnl\u00fck olarak parf\u00fcm tazelemek i\u00e7in m\u00fckemmel bir se\u00e7enek haline getirir.<\/li>\n<\/ul>\n<h2 style=\"text-align: left;\">Temel \u00d6zellikler<\/h2>\n<table class=\"aligncenter\" style=\"border-collapse: collapse; width: 500.27pt;\" border=\"0\" width=\"667\" cellspacing=\"0\" cellpadding=\"0\">\n<tbody>\n<tr style=\"height: 13.50pt;\">\n<td style=\"height: 13.50pt; width: 116.25pt;\" width=\"155\" height=\"18\">\u015eartname<\/td>\n<td style=\"width: 384.00pt;\" width=\"512\">Detaylar<\/td>\n<\/tr>\n<tr style=\"height: 13.50pt;\">\n<td style=\"height: 13.50pt;\" height=\"18\">Kapasite<\/td>\n<td>10 ml<\/td>\n<\/tr>\n<tr style=\"height: 13.50pt;\">\n<td style=\"height: 13.50pt;\" height=\"18\">\u00d6l\u00e7\u00fcler (\u00c7ap x Y\u00fckseklik)<\/td>\n<td>1,8\u00d710,3 cm<\/td>\n<\/tr>\n<tr style=\"height: 13.50pt;\">\n<td style=\"height: 13.50pt;\" height=\"18\">Malzeme<\/td>\n<td>Clear Glass Body, Metal Lids<\/td>\n<\/tr>\n<tr style=\"height: 13.50pt;\">\n<td style=\"height: 13.50pt;\" height=\"18\">\u015ei\u015fe \u015eekli<\/td>\n<td>D\u00fcz Duvarl\u0131 Silindir<\/td>\n<\/tr>\n<tr style=\"height: 13.50pt;\">\n<td style=\"height: 13.50pt;\" height=\"18\">Kapatma T\u00fcr\u00fc<\/td>\n<td>2&#039;si 1 arada: Bilyal\u0131 Ba\u015fl\u0131k ve De\u011fi\u015ftirilebilir Sprey Pompas\u0131<\/td>\n<\/tr>\n<tr style=\"height: 13.50pt;\">\n<td style=\"height: 13.50pt;\" height=\"18\">Malzeme \u00d6zelli\u011fi<\/td>\n<td>Kimyasallara Dayan\u0131kl\u0131 Cam, Dayan\u0131kl\u0131 Metal Bile\u015fenler<\/td>\n<\/tr>\n<tr style=\"height: 13.50pt;\">\n<td style=\"height: 13.50pt;\" height=\"18\">\u0130deal \u0130\u00e7in<\/td>\n<td>Cam Sprey \u015ei\u015feleri, Roll-on \u015ei\u015feler, \u00d6zel Parf\u00fcm \u015ei\u015feleri<\/td>\n<\/tr>\n<\/tbody>\n<\/table>\n<h2>Ba\u015far\u0131 \u00f6yk\u00fcs\u00fc: Bir Parf\u00fcm Markas\u0131n\u0131n Devrim Niteli\u011findeki Deneme Seti<\/h2>\n<p>T\u00fcketiciden t\u00fcketiciye parf\u00fcm satan bir \u015firket, &#034;Ki\u015fisel Kokunuzu Ke\u015ffedin&#034; adl\u0131 bir deneme paketi haz\u0131rlad\u0131. 10 ml&#039;lik 2&#039;si 1 arada cam sprey \u015fi\u015felerimizi denediler ve \u00e7ift u\u00e7lu tasar\u0131m b\u00fcy\u00fck bir ba\u015far\u0131 yakalad\u0131; kullan\u0131c\u0131lar\u0131n &#039;\u00fc ayn\u0131 anda hem roll-on hem de sprey \u00f6zelliklerinden yararlanarak kullan\u0131c\u0131 etkile\u015fimini art\u0131rd\u0131. Cam g\u00f6vde, her \u015fi\u015fenin 10 ml&#039;lik kapasitesini kolayca g\u00f6sterebiliyor, bu da g\u00fcveni art\u0131r\u0131yor ve bo\u015f \u015fi\u015fe \u015fikayetlerinde &#039;luk bir azalmaya yol a\u00e7\u0131yor. Marka olduk\u00e7a memnun kald\u0131 ve \u00fcr\u00fcn\u00fcn yeni bir serisini olu\u015fturmak i\u00e7in 300.000 \u015fi\u015fe daha sipari\u015f etti.<\/p>\n<h2>Sprey ve Roll-on \u015ei\u015feler \u0130\u00e7in \u00d6zelle\u015ftirme Se\u00e7enekleri<\/h2>\n<ul>\n<li>Renkli cam \u015fi\u015feler, kehribar, kobalt mavisi veya ye\u015fil (UV korumal\u0131).<\/li>\n<li>Serigrafi Bask\u0131 ile Markalama: Markan\u0131z\u0131 tan\u0131tman\u0131n daha uygun fiyatl\u0131 bir yolu, logonuzu veya tasar\u0131m\u0131n\u0131z\u0131 do\u011frudan cam y\u00fczeye basmakt\u0131r.<\/li>\n<li>Lazerle \u0130\u015fleme: Lazer, cam \u00fczerine detayl\u0131 tasar\u0131mlar, monogramlar veya logolar i\u015flemek i\u00e7in kullan\u0131l\u0131r ve bu da cama zengin bir g\u00f6r\u00fcn\u00fcm ve his kazand\u0131r\u0131r.<\/li>\n<li>Tasar\u0131m nozullar\u0131, marka imaj\u0131n\u0131z\u0131 y\u00fckseltmek ve tan\u0131n\u0131rl\u0131\u011f\u0131n\u0131z\u0131 art\u0131rmak i\u00e7in yarat\u0131c\u0131 bir \u015fekilde \u015fekillendirilmi\u015ftir.<\/li>\n<\/ul>","protected":false},"excerpt":{"rendered":"<p>Bu cam sprey \u015fi\u015feleri ve roll-on \u015fi\u015feleri, \u00e7ift kullan\u0131ml\u0131 ta\u015f\u0131nabilirlik sunar. Metal detaylarla s\u00fcslenmi\u015f y\u00fcksek \u015feffafl\u0131kta camdan \u00fcretilmi\u015ftir. Toptan fiyatlar i\u00e7in bug\u00fcn bizimle ileti\u015fime ge\u00e7in.<\/p>","protected":false},"featured_media":4063,"template":"","meta":{"postBodyCss":"","postBodyMargin":[],"postBodyPadding":[],"postBodyBackground":{"backgroundType":"classic","gradient":""}},"product_brand":[],"product_cat":[15,16,62],"product_tag":[],"class_list":{"0":"post-4060","1":"product","2":"type-product","3":"status-publish","4":"has-post-thumbnail","6":"product_cat-glass-containers","7":"product_cat-glass-bottles","8":"product_cat-perfume-bottles","10":"first","11":"instock","12":"shipping-taxable","13":"product-type-simple"},"jetpack_sharing_enabled":true,"_links":{"self":[{"href":"https:\/\/minghanggroup.com\/tr\/wp-json\/wp\/v2\/product\/4060","targetHints":{"allow":["GET"]}}],"collection":[{"href":"https:\/\/minghanggroup.com\/tr\/wp-json\/wp\/v2\/product"}],"about":[{"href":"https:\/\/minghanggroup.com\/tr\/wp-json\/wp\/v2\/types\/product"}],"wp:featuredmedia":[{"embeddable":true,"href":"https:\/\/minghanggroup.com\/tr\/wp-json\/wp\/v2\/media\/4063"}],"wp:attachment":[{"href":"https:\/\/minghanggroup.com\/tr\/wp-json\/wp\/v2\/media?parent=4060"}],"wp:term":[{"taxonomy":"product_brand","embeddable":true,"href":"https:\/\/minghanggroup.com\/tr\/wp-json\/wp\/v2\/product_brand?post=4060"},{"taxonomy":"product_cat","embeddable":true,"href":"https:\/\/minghanggroup.com\/tr\/wp-json\/wp\/v2\/product_cat?post=4060"},{"taxonomy":"product_tag","embeddable":true,"href":"https:\/\/minghanggroup.com\/tr\/wp-json\/wp\/v2\/product_tag?post=4060"}],"curies":[{"name":"wp","href":"https:\/\/api.w.org\/{rel}","templated":true}]}}