{"id":4052,"date":"2025-12-25T11:07:16","date_gmt":"2025-12-25T03:07:16","guid":{"rendered":"https:\/\/minghanggroup.com\/?post_type=product&#038;p=4052"},"modified":"2025-12-25T13:41:29","modified_gmt":"2025-12-25T05:41:29","slug":"2-in-1-glass-small-spray-bottles-with-lids-bulk","status":"publish","type":"product","link":"https:\/\/minghanggroup.com\/tr\/urun\/2-in-1-glass-small-spray-bottles-with-lids-bulk\/","title":{"rendered":"10 ml&#039;lik 2&#039;si 1 arada Kapakl\u0131 K\u00fc\u00e7\u00fck Cam Sprey \u015ei\u015feler (Toptan Sat\u0131\u015f)"},"content":{"rendered":"<p>Bu, iki ayr\u0131 metal par\u00e7adan olu\u015fan, \u00f6zel tasar\u0131ml\u0131, b\u00f6l\u00fcml\u00fc silindirik bir yap\u0131ya sahip \u00e7ok fonksiyonlu bir parf\u00fcm \u015fi\u015fesidir. Bir ucunda ince p\u00fcsk\u00fcrtme ba\u015fl\u0131\u011f\u0131, di\u011fer ucunda ise \u00e7e\u015fitli \u015fekillerde kullan\u0131labilen p\u00fcr\u00fczs\u00fcz bir roll-on aplikat\u00f6r bulunmaktad\u0131r.<\/p>\n<h2>\u00dcr\u00fcn \u00d6zellikleri<\/h2>\n<ul>\n<li><strong>\u00c7ift Ama\u00e7l\u0131 Tasar\u0131m:<\/strong> Bir ucunda bilyal\u0131 aplikat\u00f6r, di\u011fer ucunda ise p\u00fcsk\u00fcrtme ucu bulunan bu cihaz, hem geni\u015f alan p\u00fcsk\u00fcrtme hem de nokta p\u00fcsk\u00fcrtme gereksinimlerini kar\u015f\u0131layabiliyor.<\/li>\n<li><strong>Ta\u015f\u0131nabilir Tasar\u0131m:<\/strong> Silindir \u015feklindeki \u015fi\u015fe ince yap\u0131s\u0131yla kompakt ve \u00e7antada ta\u015f\u0131mas\u0131 kolay olup, istedi\u011finiz zaman parf\u00fcm\u00fcn\u00fcz\u00fc tazeleyebilmenizi sa\u011flar.<\/li>\n<li><strong>Zarif G\u00f6r\u00fcn\u00fcm:<\/strong> B\u00f6lmeli metal \u015fi\u015fe, farkl\u0131 tasar\u0131mlarda ve etkinliklerde kullan\u0131labilecek, moda ve \u015f\u0131kl\u0131\u011f\u0131n bir kar\u0131\u015f\u0131m\u0131 olacak.<\/li>\n<\/ul>\n<h2 style=\"text-align: left;\">Temel \u00d6zellikler<\/h2>\n<table class=\"aligncenter\" style=\"border-collapse: collapse; width: 533.27pt;\" border=\"0\" width=\"711\" cellspacing=\"0\" cellpadding=\"0\">\n<tbody>\n<tr style=\"height: 13.50pt;\">\n<td style=\"height: 13.50pt; width: 116.25pt;\" width=\"155\" height=\"18\">\u015eartname<\/td>\n<td style=\"width: 417.00pt;\" width=\"556\">Detaylar<\/td>\n<\/tr>\n<tr style=\"height: 13.50pt;\">\n<td style=\"height: 13.50pt;\" height=\"18\">Kapasite<\/td>\n<td>10 ml<\/td>\n<\/tr>\n<tr style=\"height: 13.50pt;\">\n<td style=\"height: 13.50pt;\" height=\"18\">\u00d6l\u00e7\u00fcler (\u00c7ap x Y\u00fckseklik)<\/td>\n<td>1,6 cm x 10 cm<\/td>\n<\/tr>\n<tr style=\"height: 13.50pt;\">\n<td style=\"height: 13.50pt;\" height=\"18\">Malzeme<\/td>\n<td>Cam g\u00f6vde, metal kaplama bile\u015fenler<\/td>\n<\/tr>\n<tr style=\"height: 13.50pt;\">\n<td style=\"height: 13.50pt;\" height=\"18\">\u015ei\u015fe \u015eekli<\/td>\n<td>B\u00f6l\u00fcml\u00fc silindir<\/td>\n<\/tr>\n<tr style=\"height: 13.50pt;\">\n<td style=\"height: 13.50pt;\" height=\"18\">Kapatma T\u00fcrleri<\/td>\n<td>Sprey ba\u015fl\u0131\u011f\u0131 ve bilyal\u0131 ba\u015fl\u0131k (2&#039;si 1 arada)<\/td>\n<\/tr>\n<tr style=\"height: 13.50pt;\">\n<td style=\"height: 13.50pt;\" height=\"18\">Temel Tasar\u0131m \u00d6zelli\u011fi<\/td>\n<td>\u00c7ift i\u015flevli tasar\u0131m; Birinci s\u0131n\u0131f metalik kaplamalar (alt\u0131n, g\u00fcm\u00fc\u015f, siyah)<\/td>\n<\/tr>\n<tr style=\"height: 13.50pt;\">\n<td style=\"height: 13.50pt;\" height=\"18\">\u0130deal \u0130\u00e7in<\/td>\n<td>K\u00fc\u00e7\u00fck sprey \u015fi\u015feleri, koku \u00f6rnekleri, roll-on parf\u00fcmler<\/td>\n<\/tr>\n<\/tbody>\n<\/table>\n<h2>Ba\u015far\u0131 \u00d6rne\u011fi: Ni\u015f Bir Parf\u00fcm Markas\u0131n\u0131n \u00c7\u0131\u011f\u0131r A\u00e7mas\u0131.<\/h2>\n<p>Yeni ni\u015f parf\u00fcm markalar\u0131ndan biri, 10 ml&#039;lik 2&#039;si 1 arada sprey \u015fi\u015felerimizi tercih etti. Sonu\u00e7 b\u00fcy\u00fck bir ba\u015far\u0131 oldu; m\u00fc\u015fterilerin &#039;i her iki i\u015flevi de ayn\u0131 anda kulland\u0131, bu da \u00fcr\u00fcn\u00fcn \u00e7ok y\u00f6nl\u00fcl\u00fc\u011f\u00fcn\u00fc b\u00fcy\u00fck \u00f6l\u00e7\u00fcde art\u0131rd\u0131. Y\u00fcksek kaliteli metalik kaplama, \u00fcr\u00fcne beklenen katma de\u011feri sa\u011flad\u0131 ve bu da \u00fcr\u00fcn\u00fcn fiyat\u0131nda &#039;luk bir art\u0131\u015fa yol a\u00e7t\u0131. Bu ba\u015far\u0131n\u0131n ard\u0131ndan, bir sonraki sezonda \u00fcr\u00fcnlerinden 250.000 \u015fi\u015fe daha sipari\u015f verdiler.<\/p>\n<h2>100 Litre \u00d6zel Tasar\u0131m 2&#039;si 1 Arada K\u00fc\u00e7\u00fck Sprey \u015ei\u015feleri<\/h2>\n<ul>\n<li>\u00d6zel Metal Kaplama \u2013 Belirli bir markan\u0131n PVD kaplamas\u0131na tam olarak uyan bir Pantone rengi se\u00e7in.<\/li>\n<li>Merkez Halka Lazer \u0130\u015fleme \u2013 Marka ad\u0131n\u0131z\u0131, tasar\u0131m\u0131n\u0131z\u0131 veya metninizi y\u00fcz\u00fc\u011f\u00fcn merkezindeki metal halkaya kaz\u0131y\u0131n.<\/li>\n<li>Serigrafi Bask\u0131 \u2013 Markan\u0131z\u0131n logosunu veya metnini cam veya plastik \u015fi\u015fe g\u00f6vdesine bast\u0131r\u0131n.<\/li>\n<li>\u00d6zel Meme Ucu Renkleri \u2013 Mat siyah, g\u00fcl alt\u0131n veya \u015feffaf aras\u0131ndan se\u00e7im yap\u0131n.<\/li>\n<\/ul>","protected":false},"excerpt":{"rendered":"<p>Hem sprey hem de roll-on ba\u015fl\u0131\u011f\u0131na sahip 2&#039;si 1 arada k\u00fc\u00e7\u00fck sprey \u015fi\u015felerimizi ke\u015ffedin. Metalik kaplamal\u0131 \u00f6zel parf\u00fcm \u015fi\u015feleri. Dayan\u0131kl\u0131 ve \u015f\u0131k tasar\u0131m. \u00dccretsiz numuneler.<\/p>","protected":false},"featured_media":4057,"template":"","meta":{"postBodyCss":"","postBodyMargin":[],"postBodyPadding":[],"postBodyBackground":{"backgroundType":"classic","gradient":""}},"product_brand":[],"product_cat":[15,16,62],"product_tag":[],"class_list":{"0":"post-4052","1":"product","2":"type-product","3":"status-publish","4":"has-post-thumbnail","6":"product_cat-glass-containers","7":"product_cat-glass-bottles","8":"product_cat-perfume-bottles","10":"first","11":"instock","12":"shipping-taxable","13":"product-type-simple"},"jetpack_sharing_enabled":true,"_links":{"self":[{"href":"https:\/\/minghanggroup.com\/tr\/wp-json\/wp\/v2\/product\/4052","targetHints":{"allow":["GET"]}}],"collection":[{"href":"https:\/\/minghanggroup.com\/tr\/wp-json\/wp\/v2\/product"}],"about":[{"href":"https:\/\/minghanggroup.com\/tr\/wp-json\/wp\/v2\/types\/product"}],"wp:featuredmedia":[{"embeddable":true,"href":"https:\/\/minghanggroup.com\/tr\/wp-json\/wp\/v2\/media\/4057"}],"wp:attachment":[{"href":"https:\/\/minghanggroup.com\/tr\/wp-json\/wp\/v2\/media?parent=4052"}],"wp:term":[{"taxonomy":"product_brand","embeddable":true,"href":"https:\/\/minghanggroup.com\/tr\/wp-json\/wp\/v2\/product_brand?post=4052"},{"taxonomy":"product_cat","embeddable":true,"href":"https:\/\/minghanggroup.com\/tr\/wp-json\/wp\/v2\/product_cat?post=4052"},{"taxonomy":"product_tag","embeddable":true,"href":"https:\/\/minghanggroup.com\/tr\/wp-json\/wp\/v2\/product_tag?post=4052"}],"curies":[{"name":"wp","href":"https:\/\/api.w.org\/{rel}","templated":true}]}}