{"id":4046,"date":"2025-12-25T10:27:39","date_gmt":"2025-12-25T02:27:39","guid":{"rendered":"https:\/\/minghanggroup.com\/?post_type=product&#038;p=4046"},"modified":"2026-03-02T15:23:19","modified_gmt":"2026-03-02T07:23:19","slug":"round-belly-unique-glass-jars-with-lids-bulk","status":"publish","type":"product","link":"https:\/\/minghanggroup.com\/tr\/urun\/round-belly-unique-glass-jars-with-lids-bulk\/","title":{"rendered":"500 ml, 750 ml, 1100 ml Yuvarlak G\u00f6vdeli, Kapakl\u0131, Benzersiz Cam Kavanozlar (Toptan Sat\u0131\u015f)"},"content":{"rendered":"<p>Kapakl\u0131 bu cam kavanozun k\u00fcresel \u015fekli \u00e7ok geleneksel ve eski moda. A\u011f\u0131z k\u0131sm\u0131 yuvarlak ve dolgun olup boyuna do\u011fru inceliyor ve alt k\u0131sm\u0131 biraz yuvarlakla\u015f\u0131yor. Bambu kapak a\u00e7\u0131k renkli, do\u011fal ve s\u0131cak bir g\u00f6r\u00fcn\u00fcme sahip.<\/p>\n<h2>\u00dcr\u00fcn \u00d6zellikleri<\/h2>\n<ul>\n<li><strong>\u00dcst\u00fcn Kalite Borosilikat Cam:<\/strong> \u00c7ok daha dayan\u0131kl\u0131d\u0131r, \u0131s\u0131 \u015fokuna kar\u015f\u0131 diren\u00e7lidir ve deforme olmam\u0131\u015f, kristal berrakl\u0131\u011f\u0131nda bir g\u00f6r\u00fcn\u00fcm elde edebilir.<\/li>\n<li><strong>Do\u011fal Bambu Kapak:<\/strong> Bambu kapak hafiftir, m\u00fckemmel bir s\u0131zd\u0131rmazl\u0131k sa\u011flar ve kavanozun do\u011fal \u015fekline iyi uyum sa\u011flar.<\/li>\n<li><strong>\u00c7oklu Kapasiteler:<\/strong> Farkl\u0131 kuru g\u0131da depolama ihtiya\u00e7lar\u0131n\u0131 kar\u015f\u0131lamak \u00fczere \u00fc\u00e7 farkl\u0131 kapasiteye (500 ml&#039;den 1100 ml&#039;ye kadar) sahiptir.<\/li>\n<\/ul>\n<h2 style=\"text-align: left;\">Temel \u00d6zellikler<\/h2>\n<table class=\"aligncenter\" style=\"border-collapse: collapse; width: 451.52pt;\" border=\"0\" width=\"602\" cellspacing=\"0\" cellpadding=\"0\">\n<tbody>\n<tr style=\"height: 13.50pt;\">\n<td style=\"height: 13.50pt; width: 116.25pt;\" width=\"155\" height=\"18\">\u015eartname<\/td>\n<td style=\"width: 335.25pt;\" width=\"447\">Detaylar<\/td>\n<\/tr>\n<tr style=\"height: 13.50pt;\">\n<td style=\"height: 13.50pt;\" height=\"18\">Boyutlar<\/td>\n<td>500 ml: 10\u00d710,5 cm; 750 ml: 10,5\u00d712 cm; 1100 ml: 11,5\u00d716 cm<\/td>\n<\/tr>\n<tr style=\"height: 13.50pt;\">\n<td style=\"height: 13.50pt;\" height=\"18\">Malzeme<\/td>\n<td>\u00dcst\u00fcn Kalitede Y\u00fcksek Borosilikat Cam<\/td>\n<\/tr>\n<tr style=\"height: 13.50pt;\">\n<td style=\"height: 13.50pt;\" height=\"18\">Kapak Tipi<\/td>\n<td>D\u00fcz Do\u011fal Bambu Kapak<\/td>\n<\/tr>\n<tr style=\"height: 13.50pt;\">\n<td style=\"height: 13.50pt;\" height=\"18\">Temel Malzeme \u00d6zelli\u011fi<\/td>\n<td>Ola\u011fan\u00fcst\u00fc termal \u015fok direnci, m\u00fckemmel berrakl\u0131k<\/td>\n<\/tr>\n<tr style=\"height: 13.50pt;\">\n<td style=\"height: 13.50pt;\" height=\"18\">M\u00fckemmel<\/td>\n<td>Toptan kuru g\u0131da, kahve, \u00e7ay, baharat, at\u0131\u015ft\u0131rmal\u0131klar<\/td>\n<\/tr>\n<\/tbody>\n<\/table>\n<h2>Ba\u015far\u0131 Hikayesi<\/h2>\n<p>Kuzey Amerika&#039;da faaliyet g\u00f6steren \u00fcst d\u00fczey bir g\u0131da \u015firketi, g\u0131dalar\u0131n\u0131 saklamak i\u00e7in 1100 ml&#039;lik y\u00fcksek borosilikat camdan \u00fcretilmi\u015f benzersiz kavanozlar\u0131m\u0131z\u0131 sipari\u015f etti. Sonu\u00e7 ne oldu? Y\u00fcksek borosilikat cam, 220\u00b0C&#039;ye kadar s\u0131cakl\u0131k de\u011fi\u015fimlerine k\u0131r\u0131lmadan dayanabiliyor. Bambu kapak, nemli ko\u015fullarda sakland\u0131\u011f\u0131nda 6 aydan fazla s\u00fcreyle s\u0131zd\u0131rmazl\u0131\u011f\u0131n\u0131 korudu. \u00dcr\u00fcn\u00fcm\u00fczden o kadar memnun kald\u0131lar ki, yeni \u00fcr\u00fcn hatlar\u0131n\u0131 geni\u015fletmek i\u00e7in hemen 200.000 adet daha sipari\u015f verdiler.<\/p>\n<h2>Benzersiz Cam Kavanozlar Ki\u015fiselle\u015ftirme Se\u00e7enekleri<\/h2>\n<ul>\n<li>B markal\u0131 bambu kapak \u2013 Bambu kapa\u011f\u0131n ortas\u0131na marka logonuz s\u0131cak bask\u0131 veya lazerle i\u015flenebilir.<\/li>\n<li>Bask\u0131l\u0131 girdap deseni \u2013 Kavanozun do\u011fal \u00e7izgilerini tekrarlayan muhte\u015fem bir desen bask\u0131s\u0131 yapt\u0131r\u0131n.<\/li>\n<li>\u00d6zel Bambu Boyama \u2013 Bambunun do\u011fal alt\u0131n sar\u0131s\u0131, bal sar\u0131s\u0131 veya gri gibi belirli renklerini se\u00e7in.<\/li>\n<li>Vitray Dekorasyonu \u2013 A\u00e7\u0131k renkli (\u00f6rne\u011fin kehribar) cam g\u00f6vdeler kullan\u0131labilir.<\/li>\n<\/ul>","protected":false},"excerpt":{"rendered":"<p>Yumu\u015fak, yuvarlak hatl\u0131 benzersiz cam kavanozlar sipari\u015f edin. Bu kapakl\u0131 cam kavanoz seti, bambu ve cam\u0131 m\u00fckemmel bir \u015fekilde bir araya getiriyor. Stokta mevcut. \u00dccretsiz numuneler i\u00e7in bizimle ileti\u015fime ge\u00e7in!<\/p>","protected":false},"featured_media":4047,"template":"","meta":{"postBodyCss":"","postBodyMargin":[],"postBodyPadding":[],"postBodyBackground":{"backgroundType":"classic","gradient":""}},"product_brand":[],"product_cat":[15,17,61],"product_tag":[68,67,100],"class_list":{"0":"post-4046","1":"product","2":"type-product","3":"status-publish","4":"has-post-thumbnail","6":"product_cat-glass-containers","7":"product_cat-glass-jars","8":"product_cat-glass-jars-with-lids","9":"product_tag-borosilicate-glass-jars","10":"product_tag-candy-jars","11":"product_tag-glass-coffee-jars","13":"first","14":"instock","15":"shipping-taxable","16":"product-type-simple"},"jetpack_sharing_enabled":true,"_links":{"self":[{"href":"https:\/\/minghanggroup.com\/tr\/wp-json\/wp\/v2\/product\/4046","targetHints":{"allow":["GET"]}}],"collection":[{"href":"https:\/\/minghanggroup.com\/tr\/wp-json\/wp\/v2\/product"}],"about":[{"href":"https:\/\/minghanggroup.com\/tr\/wp-json\/wp\/v2\/types\/product"}],"wp:featuredmedia":[{"embeddable":true,"href":"https:\/\/minghanggroup.com\/tr\/wp-json\/wp\/v2\/media\/4047"}],"wp:attachment":[{"href":"https:\/\/minghanggroup.com\/tr\/wp-json\/wp\/v2\/media?parent=4046"}],"wp:term":[{"taxonomy":"product_brand","embeddable":true,"href":"https:\/\/minghanggroup.com\/tr\/wp-json\/wp\/v2\/product_brand?post=4046"},{"taxonomy":"product_cat","embeddable":true,"href":"https:\/\/minghanggroup.com\/tr\/wp-json\/wp\/v2\/product_cat?post=4046"},{"taxonomy":"product_tag","embeddable":true,"href":"https:\/\/minghanggroup.com\/tr\/wp-json\/wp\/v2\/product_tag?post=4046"}],"curies":[{"name":"wp","href":"https:\/\/api.w.org\/{rel}","templated":true}]}}