{"id":4041,"date":"2025-12-24T15:20:08","date_gmt":"2025-12-24T07:20:08","guid":{"rendered":"https:\/\/minghanggroup.com\/?post_type=product&#038;p=4041"},"modified":"2026-01-20T13:16:34","modified_gmt":"2026-01-20T05:16:34","slug":"high-borosilicate-food-storage-glass-jars-wholesale","status":"publish","type":"product","link":"https:\/\/minghanggroup.com\/tr\/urun\/high-borosilicate-food-storage-glass-jars-wholesale\/","title":{"rendered":"175 ml \u2013 500 ml Y\u00fcksek Borosilikat G\u0131da Saklama Cam Kavanozlar\u0131 Toptan Sat\u0131\u015f"},"content":{"rendered":"<p>\u00dcr\u00fcnlerinizi taze tutan ve markan\u0131z\u0131n parlamas\u0131n\u0131 sa\u011flayan birinci s\u0131n\u0131f ambalaj\u0131 hak ediyorsunuz. Mutfak ba\u015far\u0131s\u0131 i\u00e7in tasarlanm\u0131\u015f, bambu kapakl\u0131 cam g\u0131da saklama kavanozlar\u0131 \u00fcretiyoruz; her bir mutfak saklama kavanozu, \u00fcr\u00fcn hikayenizi bir \u00fcst seviyeye ta\u015f\u0131yor.<\/p>\n<h2>\u00dcr\u00fcn \u00d6zellikleri<\/h2>\n<ol>\n<li><strong>Kapak Tasar\u0131m\u0131: <\/strong>Marka tarz\u0131n\u0131za uygun \u00e7e\u015fitli kapak malzemeleri aras\u0131ndan se\u00e7im yapabilirsiniz. \u00d6rne\u011fin, paslanmaz \u00e7elik veya ah\u015fap kapaklar kullanabilirsiniz, bambu kapaklar ise tercih edilmeyebilir. Bambu kapaklar \u015f\u0131kl\u0131k a\u00e7\u0131s\u0131ndan harikad\u0131r. \u00d6te yandan, paslanmaz \u00e7elik kapaklar daha modern bir g\u00f6r\u00fcn\u00fcm sa\u011flar.<\/li>\n<li><strong>\u00d6zel Marka Logosu: <\/strong>Marka logonuzu cam kavanozlara koyabilirsiniz. Bu, insanlar\u0131n markan\u0131z\u0131 tan\u0131mas\u0131na yard\u0131mc\u0131 olacakt\u0131r. Ayr\u0131ca kavanozlara etiket veya tasar\u0131mlar da ekleyebilirsiniz. Bu, \u00fcr\u00fcn\u00fc sat\u0131n almay\u0131 d\u00fc\u015f\u00fcnen ki\u015filer i\u00e7in ger\u00e7ekten iyi g\u00f6r\u00fcnmesini sa\u011flar. Marka logonuz veya tasar\u0131mlar\u0131n\u0131zla s\u00fcslenmi\u015f cam kavanozlar piyasada \u00f6ne \u00e7\u0131kacakt\u0131r. Marka logonuzun kavanozlarda yer almas\u0131, \u00fcr\u00fcn\u00fcn\u00fcz\u00fc daha \u00e7ekici hale getirmenin bir yoludur.<\/li>\n<li><strong>S\u0131zd\u0131rmazl\u0131k Se\u00e7enekleri: <\/strong>Hava ve nemin i\u00e7eri girmesini \u00f6nleyen daha iyi bir s\u0131zd\u0131rmazl\u0131k i\u00e7in silikon contal\u0131 bambu kapaklar\u0131 tercih edin. Bu kapaklar kuru g\u0131da, \u00e7ay ve neme duyarl\u0131 di\u011fer \u00fcr\u00fcnlerin saklanmas\u0131 i\u00e7in uygundur.<\/li>\n<\/ol>\n<h2>Temel \u00d6zellikler<\/h2>\n<table style=\"border-collapse: collapse; width: 80%; margin-left: auto; margin-right: auto;\" border=\"0\" width=\"288\" cellspacing=\"0\" cellpadding=\"0\">\n<tbody>\n<tr style=\"height: 13.50pt;\">\n<td style=\"height: 13.5pt; width: 54pt; text-align: center;\" width=\"72\" height=\"18\">Kapasite(ml)<\/td>\n<td style=\"width: 54pt; text-align: center;\" width=\"72\">Boyut(cm)<\/td>\n<td style=\"width: 54pt; text-align: center;\" width=\"72\">Malzeme<\/td>\n<td style=\"width: 54pt; text-align: center;\" width=\"72\">\u00d6zellikler<\/td>\n<\/tr>\n<tr style=\"height: 13.50pt;\">\n<td style=\"height: 13.5pt; text-align: center;\" align=\"right\" height=\"18\">175<\/td>\n<td style=\"text-align: center;\">6.5 * 10.0<\/td>\n<td class=\"et2\" style=\"text-align: center;\" rowspan=\"5\">Borosilikat Cam<\/td>\n<td class=\"et2\" style=\"text-align: center;\" rowspan=\"5\">D\u00fcz kenarl\u0131, 65 mm bambu kapak<\/td>\n<\/tr>\n<tr style=\"height: 13.50pt;\">\n<td style=\"height: 13.5pt; text-align: center;\" align=\"right\" height=\"18\">250<\/td>\n<td style=\"text-align: center;\">6.5 * 10.0<\/td>\n<\/tr>\n<tr style=\"height: 13.50pt;\">\n<td style=\"height: 13.5pt; text-align: center;\" align=\"right\" height=\"18\">300<\/td>\n<td style=\"text-align: center;\">6.5 * 12.0<\/td>\n<\/tr>\n<tr style=\"height: 13.50pt;\">\n<td style=\"height: 13.5pt; text-align: center;\" align=\"right\" height=\"18\">380<\/td>\n<td style=\"text-align: center;\">6.5 * 15.0<\/td>\n<\/tr>\n<tr style=\"height: 13.50pt;\">\n<td style=\"height: 13.5pt; text-align: center;\" align=\"right\" height=\"18\">500<\/td>\n<td style=\"text-align: center;\">6.5 * 20.0<\/td>\n<\/tr>\n<\/tbody>\n<\/table>\n<h2>Ba\u015far\u0131 \u00d6rne\u011fi<\/h2>\n<p>Organik g\u0131da markas\u0131, yeni piyasaya s\u00fcrd\u00fc\u011f\u00fc kurutulmu\u015f meyve ve baharat serisi i\u00e7in bu borosilikat cam mutfak saklama kavanozlar\u0131n\u0131 kap ve te\u015fhir stand\u0131 olarak kulland\u0131. Markan\u0131n do\u011fa sevgisi konseptiyle uyumlu olan bambu kapak, ayn\u0131 zamanda m\u00fckemmel bir s\u0131zd\u0131rmazl\u0131k sa\u011flayarak \u00fcr\u00fcn\u00fcn tazeli\u011fini koruyor.<\/p>\n<p>Marka, cam mutfak saklama kavanozlar\u0131na ge\u00e7tikten sonra, \u00f6zellikle premium pazar segmentinde, kuru meyve ve baharat sat\u0131\u015flar\u0131nda kayda de\u011fer bir art\u0131\u015f elde etti. T\u00fcketicilerin \u00e7evre dostu ambalaj ve \u00fcr\u00fcn kalitesine olan be\u011fenisi, ger\u00e7ekle\u015fen a\u011f\u0131zdan a\u011f\u0131za pazarlaman\u0131n ana itici g\u00fcc\u00fc oldu. Kurulumdan sonraki \u00fc\u00e7 ay i\u00e7inde ciro iki kat\u0131na \u00e7\u0131kt\u0131.<\/p>\n<h2>\u00d6zelle\u015ftirme \u0130pu\u00e7lar\u0131n\u0131z<\/h2>\n<p>Bu borosilikat cam mutfak saklama kavanozlar\u0131n\u0131 kendi zevkinize g\u00f6re \u00f6zelle\u015ftirmek istedi\u011finizde, boyutlar\u0131n\u0131 ve \u015fekillerini kullan\u0131m amac\u0131n\u0131za ve markan\u0131z\u0131n tarz\u0131na uyacak \u015fekilde de\u011fi\u015ftirebilirsiniz. Daha b\u00fcy\u00fck cam saklama kavanozlar\u0131, \u00e7ay, kuru meyve veya bir\u00e7ok malzeme gibi \u015feyleri saklamak i\u00e7in idealdir. Daha k\u00fc\u00e7\u00fck borosilikat cam mutfak saklama kavanozlar\u0131 ise baharat veya \u015fekerleme gibi \u015feyleri saklamak i\u00e7in uygundur. Cam saklama kavanozlar\u0131n\u0131n kapaklar\u0131 bambudan yap\u0131lm\u0131\u015ft\u0131r ve bu da \u00e7evre i\u00e7in iyidir. Bambu kapaklar ayr\u0131ca \u00e7ok iyi kapan\u0131r, b\u00f6ylece borosilikat cam saklama kavanozlar\u0131n\u0131n i\u00e7indeki yiyecekler uzun s\u00fcre taze kal\u0131r. Marka bilinirli\u011fini art\u0131rmak i\u00e7in cam kavanozlara marka logonuzu veya etiketinizi de ekleyebilirsiniz. Markan\u0131z kendini \u00fcst d\u00fczey olarak konumland\u0131r\u0131yorsa, \u00fcr\u00fcne daha modern bir hava katmak i\u00e7in \u015feffaf cam se\u00e7ebilir veya benzersiz bir doku eklemek i\u00e7in buzlu cam\u0131 \u00f6zelle\u015ftirebilirsiniz.<\/p>","protected":false},"excerpt":{"rendered":"<p>Kuru g\u0131dalar\u0131 ve baharatlar\u0131 d\u00fczenlemek i\u00e7in ideal, bambu kapakl\u0131 cam g\u0131da saklama kavanozlar\u0131. \u015e\u0131k tasar\u0131m, toplu sipari\u015flerde \u00f6zelle\u015ftirme se\u00e7enekleri mevcuttur. H\u0131zl\u0131 kargo.<\/p>","protected":false},"featured_media":4042,"template":"","meta":{"postBodyCss":"","postBodyMargin":[],"postBodyPadding":[],"postBodyBackground":{"backgroundType":"classic","gradient":""}},"product_brand":[],"product_cat":[15,17,61],"product_tag":[68,69],"class_list":{"0":"post-4041","1":"product","2":"type-product","3":"status-publish","4":"has-post-thumbnail","6":"product_cat-glass-containers","7":"product_cat-glass-jars","8":"product_cat-glass-jars-with-lids","9":"product_tag-borosilicate-glass-jars","10":"product_tag-storage-jars","12":"first","13":"instock","14":"shipping-taxable","15":"product-type-simple"},"jetpack_sharing_enabled":true,"_links":{"self":[{"href":"https:\/\/minghanggroup.com\/tr\/wp-json\/wp\/v2\/product\/4041","targetHints":{"allow":["GET"]}}],"collection":[{"href":"https:\/\/minghanggroup.com\/tr\/wp-json\/wp\/v2\/product"}],"about":[{"href":"https:\/\/minghanggroup.com\/tr\/wp-json\/wp\/v2\/types\/product"}],"wp:featuredmedia":[{"embeddable":true,"href":"https:\/\/minghanggroup.com\/tr\/wp-json\/wp\/v2\/media\/4042"}],"wp:attachment":[{"href":"https:\/\/minghanggroup.com\/tr\/wp-json\/wp\/v2\/media?parent=4041"}],"wp:term":[{"taxonomy":"product_brand","embeddable":true,"href":"https:\/\/minghanggroup.com\/tr\/wp-json\/wp\/v2\/product_brand?post=4041"},{"taxonomy":"product_cat","embeddable":true,"href":"https:\/\/minghanggroup.com\/tr\/wp-json\/wp\/v2\/product_cat?post=4041"},{"taxonomy":"product_tag","embeddable":true,"href":"https:\/\/minghanggroup.com\/tr\/wp-json\/wp\/v2\/product_tag?post=4041"}],"curies":[{"name":"wp","href":"https:\/\/api.w.org\/{rel}","templated":true}]}}