{"id":4036,"date":"2025-12-24T13:55:31","date_gmt":"2025-12-24T05:55:31","guid":{"rendered":"https:\/\/minghanggroup.com\/?post_type=product&#038;p=4036"},"modified":"2026-03-02T15:23:32","modified_gmt":"2026-03-02T07:23:32","slug":"cylindrical-glass-jars-with-lids-and-spoons-bulk","status":"publish","type":"product","link":"https:\/\/minghanggroup.com\/tr\/urun\/cylindrical-glass-jars-with-lids-and-spoons-bulk\/","title":{"rendered":"300 ml, 350 ml, 450 ml Silindir Cam Kavanozlar (Kapakl\u0131 ve Ka\u015f\u0131kl\u0131) (Toptan)"},"content":{"rendered":"<p>Kapakl\u0131 ve ka\u015f\u0131kl\u0131 bu silindirik cam kavanoz, tek par\u00e7a, p\u00fcr\u00fczs\u00fcz ve kabartmas\u0131z camdan \u00fcretilmi\u015ftir. \u015eeffaf borosilikat camdan yap\u0131lm\u0131\u015f olup \u00fc\u00e7 farkl\u0131 boyutta mevcuttur.<\/p>\n<h2>\u00dcr\u00fcn \u00d6zellikleri<\/h2>\n<ul>\n<li><strong>D\u00fcz duvarl\u0131 silindirik:<\/strong> Basit, d\u00fcz duvarl\u0131 tasar\u0131m, depolama alan\u0131ndan tasarruf sa\u011flar, eri\u015fimi ve temizli\u011fi kolayd\u0131r ve \u00e7o\u011fu depolama senaryosu bu basit tasar\u0131mla uyumludur.<\/li>\n<li><strong>\u015eeffaf, saydam kap:<\/strong> Borosilikat cam malzeme, kab\u0131n i\u00e7ini net bir \u015fekilde g\u00f6rmeyi ve kapa\u011f\u0131 a\u00e7maya gerek kalmadan i\u00e7eri\u011fi kolayca belirlemeyi m\u00fcmk\u00fcn k\u0131lar.<\/li>\n<li><strong>Do\u011fal maddelerin dengeli kar\u0131\u015f\u0131m\u0131:<\/strong> Bambu kapak ve ka\u015f\u0131k, sade, do\u011fal ve uyumlu bir estetik sunuyor.<\/li>\n<\/ul>\n<h2 style=\"text-align: left;\">Temel \u00d6zellikler<\/h2>\n<table class=\"aligncenter\" style=\"border-collapse: collapse; width: 497.27pt;\" border=\"0\" width=\"663\" cellspacing=\"0\" cellpadding=\"0\">\n<tbody>\n<tr style=\"height: 13.50pt;\">\n<td style=\"height: 13.50pt; width: 104.25pt;\" width=\"139\" height=\"18\">\u015eartname<\/td>\n<td style=\"width: 393.00pt;\" width=\"524\">Detaylar<\/td>\n<\/tr>\n<tr style=\"height: 13.50pt;\">\n<td style=\"height: 13.50pt;\" height=\"18\">Kapasite<\/td>\n<td>300 ml \/ 350 ml \/ 450 ml<\/td>\n<\/tr>\n<tr style=\"height: 13.50pt;\">\n<td style=\"height: 13.50pt;\" height=\"18\">Boyutlar<\/td>\n<td>6,5\u00d710 cm \/ 6,5\u00d712 cm \/ 6,5\u00d715 cm<\/td>\n<\/tr>\n<tr style=\"height: 13.50pt;\">\n<td style=\"height: 13.50pt;\" height=\"18\">Malzeme<\/td>\n<td>Y\u00fcksek Borosilikat Cam, Bambu<\/td>\n<\/tr>\n<tr style=\"height: 13.50pt;\">\n<td style=\"height: 13.50pt;\" height=\"18\">Kavanoz \u015eekli<\/td>\n<td>D\u00fcz Duvarl\u0131 Silindir<\/td>\n<\/tr>\n<tr style=\"height: 13.50pt;\">\n<td style=\"height: 13.50pt;\" height=\"18\">Kapak Tipi<\/td>\n<td>Entegre Orta Ka\u015f\u0131kl\u0131 Bambu D\u00fcz Kapak<\/td>\n<\/tr>\n<tr style=\"height: 13.50pt;\">\n<td style=\"height: 13.50pt;\" height=\"18\">Malzeme \u00d6zelli\u011fi<\/td>\n<td>Is\u0131 ve Kimyasal Diren\u00e7li, Y\u00fcksek \u015eeffafl\u0131k, Hijyenik<\/td>\n<\/tr>\n<tr style=\"height: 13.50pt;\">\n<td style=\"height: 13.50pt;\" height=\"18\">\u0130deal \u0130\u00e7in<\/td>\n<td>Kapakl\u0131 ve Ka\u015f\u0131kl\u0131 Cam Kavanozlar, Kapakl\u0131 G\u0131da Saklama Kaplar\u0131<\/td>\n<\/tr>\n<\/tbody>\n<\/table>\n<h2>Ba\u015far\u0131 \u00d6yk\u00fcs\u00fc: Total Spice Company \u00c7\u00f6z\u00fcm\u00fc<\/h2>\n<p>Yerel baharat \u015firketlerinden biri, y\u00fcksek kaliteli baharatlar\u0131n\u0131 saklamak i\u00e7in kapakl\u0131 ve ka\u015f\u0131kl\u0131 350 ml&#039;lik cam kavanozumuzu kullanmaya karar verdi. Bu, borosilikat cam \u015fi\u015feyi bambu ka\u015f\u0131kla birle\u015ftiren ve ayr\u0131 bir plastik ka\u015f\u0131\u011f\u0131 ortadan kald\u0131ran, ayr\u0131ca ambalaj at\u0131\u011f\u0131n\u0131 oran\u0131nda azaltan \u00e7\u0131\u011f\u0131r a\u00e7an bir \u00fcr\u00fcnd\u00fcr. Kullan\u0131c\u0131lara bambu ka\u015f\u0131\u011f\u0131n kullan\u0131\u015fl\u0131l\u0131\u011f\u0131yla ilgili memnuniyetleri soruldu\u011funda, m\u00fc\u015fteri memnuniyeti anketleri, s\u00f6z konusu \u00f6zelli\u011fin m\u00fc\u015fteriler taraf\u0131ndan y\u00fcksek puan ald\u0131\u011f\u0131n\u0131 ve puanlamada &#039;l\u0131k bir art\u0131\u015fa yol a\u00e7t\u0131\u011f\u0131n\u0131 ortaya koydu. Buna g\u00f6re, \u015firket taraf\u0131ndan sipari\u015f edilen 280.000 adet kapakl\u0131 ve ka\u015f\u0131kl\u0131 cam kavanozdan olu\u015fan bir sonraki \u00fcr\u00fcn lansman\u0131 ger\u00e7ekle\u015ftirilecektir.<\/p>\n<h2>Kapakl\u0131 Cam Kavanozlar \u00d6zelle\u015ftirme Se\u00e7enekleri<\/h2>\n<ul>\n<li>Bambu Ka\u015f\u0131k Sap\u0131, Lazer \u0130\u015fleme: Bambu mutfak gerecinin g\u00f6r\u00fcnen k\u0131sm\u0131na lazer i\u015fleme ile markan\u0131z\u0131 veya mesaj\u0131n\u0131z\u0131 kaz\u0131y\u0131n.<\/li>\n<li>\u00d6zel Bambu Rengi: Bambu kavanoz kapa\u011f\u0131n\u0131n ve ka\u015f\u0131\u011f\u0131n rengini do\u011fal veya koyu siyah olarak se\u00e7in.<\/li>\n<li>Buzlu Alt Halka: Kavanozun etraf\u0131na ince, k\u00fc\u00e7\u00fck ve zarif bir buz halkas\u0131 yap\u0131n.<\/li>\n<li>\u00d6zel Ka\u015f\u0131k \u015eekli: Ka\u015f\u0131\u011f\u0131n ortadaki deli\u011fe tam oturacak \u015fekilde belirgin bir \u015fekil (\u00f6rne\u011fin oval, yuvarlak) kesin.<\/li>\n<\/ul>","protected":false},"excerpt":{"rendered":"<p>Y\u00fcksek kaliteli, kapakl\u0131 ve ka\u015f\u0131kl\u0131 cam kavanoz seti; do\u011fal bambudan \u00fcretilmi\u015f, farkl\u0131 boyutlarda entegre ka\u015f\u0131k tasar\u0131m\u0131na sahiptir. Toplu sipari\u015flerde indirim uygulan\u0131r.<\/p>","protected":false},"featured_media":4040,"template":"","meta":{"postBodyCss":"","postBodyMargin":[],"postBodyPadding":[],"postBodyBackground":{"backgroundType":"classic","gradient":""}},"product_brand":[],"product_cat":[15,17,61],"product_tag":[68,100,70,69],"class_list":{"0":"post-4036","1":"product","2":"type-product","3":"status-publish","4":"has-post-thumbnail","6":"product_cat-glass-containers","7":"product_cat-glass-jars","8":"product_cat-glass-jars-with-lids","9":"product_tag-borosilicate-glass-jars","10":"product_tag-glass-coffee-jars","11":"product_tag-seasoning-jars","12":"product_tag-storage-jars","14":"first","15":"instock","16":"shipping-taxable","17":"product-type-simple"},"jetpack_sharing_enabled":true,"_links":{"self":[{"href":"https:\/\/minghanggroup.com\/tr\/wp-json\/wp\/v2\/product\/4036","targetHints":{"allow":["GET"]}}],"collection":[{"href":"https:\/\/minghanggroup.com\/tr\/wp-json\/wp\/v2\/product"}],"about":[{"href":"https:\/\/minghanggroup.com\/tr\/wp-json\/wp\/v2\/types\/product"}],"wp:featuredmedia":[{"embeddable":true,"href":"https:\/\/minghanggroup.com\/tr\/wp-json\/wp\/v2\/media\/4040"}],"wp:attachment":[{"href":"https:\/\/minghanggroup.com\/tr\/wp-json\/wp\/v2\/media?parent=4036"}],"wp:term":[{"taxonomy":"product_brand","embeddable":true,"href":"https:\/\/minghanggroup.com\/tr\/wp-json\/wp\/v2\/product_brand?post=4036"},{"taxonomy":"product_cat","embeddable":true,"href":"https:\/\/minghanggroup.com\/tr\/wp-json\/wp\/v2\/product_cat?post=4036"},{"taxonomy":"product_tag","embeddable":true,"href":"https:\/\/minghanggroup.com\/tr\/wp-json\/wp\/v2\/product_tag?post=4036"}],"curies":[{"name":"wp","href":"https:\/\/api.w.org\/{rel}","templated":true}]}}