{"id":4026,"date":"2025-12-24T11:33:20","date_gmt":"2025-12-24T03:33:20","guid":{"rendered":"https:\/\/minghanggroup.com\/?post_type=product&#038;p=4026"},"modified":"2026-01-20T13:18:13","modified_gmt":"2026-01-20T05:18:13","slug":"glass-jar-with-bamboo-lid-for-food-wholesale","status":"publish","type":"product","link":"https:\/\/minghanggroup.com\/tr\/urun\/glass-jar-with-bamboo-lid-for-food-wholesale\/","title":{"rendered":"450 ml, 560 ml, 700 ml, 950 ml Bambu Kapakl\u0131 Cam Kavanoz (G\u0131da Toptan Sat\u0131\u015f\u0131 \u0130\u00e7in)"},"content":{"rendered":"<p>\u00dcr\u00fcnlerinizi taze tutan ve markan\u0131z\u0131n parlamas\u0131n\u0131 sa\u011flayan birinci s\u0131n\u0131f ambalaj\u0131 hak ediyorsunuz. \u00dcr\u00fcn hikayenizi bir \u00fcst seviyeye ta\u015f\u0131yan, saklama kavanozu ba\u015far\u0131s\u0131 i\u00e7in tasarlanm\u0131\u015f bambu kapakl\u0131 cam kavanozlar \u00fcretiyoruz.<\/p>\n<h2>\u00dcr\u00fcn \u00d6zellikleri<\/h2>\n<ol>\n<li><strong>Geni\u015f A\u011f\u0131z Kolayl\u0131\u011f\u0131: <\/strong>85 mm geni\u015fli\u011findeki a\u011fz\u0131 sayesinde, g\u00fcnl\u00fck ihtiya\u00e7lar\u0131n\u0131z\u0131 rahatl\u0131kla doldurabilir, temizleyebilir ve saklama alanlar\u0131na eri\u015febilirsiniz.<\/li>\n<li><strong>Do\u011fal Bambu M\u00fch\u00fcr: <\/strong>Bambu kapakl\u0131 bu kap sayesinde, toplu ve toptan g\u0131da depolamalar\u0131n\u0131z taze ve hijyenik kalacakt\u0131r.<\/li>\n<li><strong>Is\u0131ya ve Dayan\u0131kl\u0131l\u0131\u011fa Sahip: <\/strong>Bu cam saklama kab\u0131, y\u00fcksek \u0131s\u0131ya dayan\u0131kl\u0131 borosilikat camdan yap\u0131lm\u0131\u015ft\u0131r ve g\u0131da g\u00fcvenli\u011fine uygundur; bal, \u015furup ve kahve \u00e7ekirdekleri i\u00e7in idealdir.<\/li>\n<li><strong>Net G\u00f6r\u00fcn\u00fcrl\u00fck Tasar\u0131m\u0131: <\/strong>\u015eeffaf cam sayesinde i\u00e7indekileri hemen g\u00f6rebilirsiniz, bu da saklama kaplar\u0131n\u0131n kullan\u0131m\u0131n\u0131 \u00e7ok kolayla\u015ft\u0131r\u0131r.<\/li>\n<\/ol>\n<h2>Temel \u00d6zellikler<\/h2>\n<table style=\"border-collapse: collapse; width: 80%; margin-left: auto; margin-right: auto;\" border=\"0\" width=\"288\" cellspacing=\"0\" cellpadding=\"0\">\n<tbody>\n<tr style=\"height: 13.50pt;\">\n<td style=\"height: 13.5pt; width: 54pt; text-align: center;\" width=\"72\" height=\"18\">Kapasite(ml)<\/td>\n<td style=\"width: 54pt; text-align: center;\" width=\"72\">Boyut(cm)<\/td>\n<td style=\"width: 54pt; text-align: center;\" width=\"72\">Malzeme<\/td>\n<td style=\"width: 54pt; text-align: center;\" width=\"72\">\u00d6zellikler<\/td>\n<\/tr>\n<tr style=\"height: 13.50pt;\">\n<td style=\"height: 13.5pt; text-align: center;\" align=\"right\" height=\"18\">450<\/td>\n<td style=\"text-align: center;\">8.5*10.0<\/td>\n<td class=\"et2\" style=\"text-align: center;\" rowspan=\"4\">Borosilikat Cam<\/td>\n<td class=\"et2\" style=\"text-align: center;\" rowspan=\"4\">D\u00fcz kenarl\u0131, 85 mm bambu kapak<\/td>\n<\/tr>\n<tr style=\"height: 13.50pt;\">\n<td style=\"height: 13.5pt; text-align: center;\" align=\"right\" height=\"18\">560<\/td>\n<td style=\"text-align: center;\">8.5*12.0<\/td>\n<\/tr>\n<tr style=\"height: 13.50pt;\">\n<td style=\"height: 13.5pt; text-align: center;\" align=\"right\" height=\"18\">700<\/td>\n<td style=\"text-align: center;\">8.5*15.0<\/td>\n<\/tr>\n<tr style=\"height: 13.50pt;\">\n<td style=\"height: 13.5pt; text-align: center;\" align=\"right\" height=\"18\">950<\/td>\n<td style=\"text-align: center;\">8.5*20.0<\/td>\n<\/tr>\n<\/tbody>\n<\/table>\n<h2>Ba\u015far\u0131 \u00d6rne\u011fi<\/h2>\n<p>Bu yiyecek ve at\u0131\u015ft\u0131rmal\u0131k \u015firketi, \u00fcr\u00fcnlerinin yeni g\u00f6r\u00fcn\u00fcm\u00fcn\u00fc olduk\u00e7a \u00e7ekici hale getirmek istiyor. Yiyecekleri bambu kapakl\u0131 cam kavanozlara koyuyorlar. Saklama kavanozlar\u0131 camdan yap\u0131ld\u0131\u011f\u0131 i\u00e7in i\u00e7indeki yiyecekler g\u00f6r\u00fclebiliyor. Bambu kapaklar da ho\u015f bir detay. Bu, \u015firketin d\u00fcnyay\u0131 d\u00fc\u015f\u00fcnd\u00fc\u011f\u00fcn\u00fc ve temiz tutmak istedi\u011fini g\u00f6steriyor. Yiyecek ve at\u0131\u015ft\u0131rmal\u0131k \u015firketi, bu cam saklama kavanozlar\u0131 ve bambu kapaklar\u0131yla insanlara gezegene ba\u011fl\u0131l\u0131klar\u0131n\u0131 g\u00f6stermek istiyor.<\/p>\n<p>Aylar s\u00fcren pazar geri bildirimlerinin ard\u0131ndan, bir m\u00fc\u015fteri bu \u00fcr\u00fcn serisinin sat\u0131\u015flar\u0131nda &#039;lik bir art\u0131\u015f fark etti. T\u00fcketiciler ayr\u0131ca cam saklama kavanozlar\u0131n\u0131n g\u00f6rsel olarak \u00e7ekici ve \u00e7evre dostu oldu\u011funu, bambu kapaklar\u0131n ise l\u00fcks bir dokunu\u015f katt\u0131\u011f\u0131n\u0131 belirtti.<\/p>\n<h2>\u00d6zelle\u015ftirme \u0130pu\u00e7lar\u0131n\u0131z<\/h2>\n<p>Bu borosilikat cam kavanozu bambu kapakla \u00f6zelle\u015ftirerek, kullan\u0131m amac\u0131n\u0131za ve marka imaj\u0131n\u0131za g\u00f6re esnek bir \u015fekilde karar verebilirsiniz. \u00dcr\u00fcn\u00fcn saf ve \u00e7evre dostu \u00f6zelliklerini vurgulamak istiyorsan\u0131z, m\u00fc\u015fterinin dikkatini \u00e7ekmek ve marka imaj\u0131n\u0131z\u0131 y\u00fckseltmek i\u00e7in buzlu veya \u015feffaf caml\u0131 do\u011fal bambu kapak tercih edin. \u00dcr\u00fcnlerin tazeli\u011fini daha iyi korumak istiyorsan\u0131z, nem ve havaya kar\u015f\u0131 kavanozu s\u0131k\u0131ca kapatan silikon s\u0131zd\u0131rmazl\u0131k halkal\u0131 bambu kapak \u00f6neririz. Kapasite a\u00e7\u0131s\u0131ndan, kavanozlar pazar taleplerini kar\u015f\u0131lamak i\u00e7in baharat veya kuru meyve saklamaya uygun farkl\u0131 boyutlarda \u00f6zelle\u015ftirilebilir. Ayr\u0131ca, \u00f6zelle\u015ftirme s\u0131ras\u0131nda marka logonuzun veya tasar\u0131m\u0131n\u0131z\u0131n eklenmesi, kavanozu daha kullan\u0131\u015fl\u0131 hale getirmekle kalmaz, ayn\u0131 zamanda \u00fcr\u00fcn\u00fcn pazardaki tan\u0131n\u0131rl\u0131\u011f\u0131na ve rekabet g\u00fcc\u00fcne de katk\u0131da bulunur.<\/p>","protected":false},"excerpt":{"rendered":"<p>Bambu kapakl\u0131 \u00e7evre dostu cam kavanoz, at\u0131\u015ft\u0131rmal\u0131klar\u0131, kahveyi veya kuru g\u0131dalar\u0131 saklamak i\u00e7in m\u00fckemmeldir. Fabrikadan do\u011frudan sat\u0131\u015f, toplu sipari\u015flerde \u00f6zelle\u015ftirme ve h\u0131zl\u0131 kargo.<\/p>","protected":false},"featured_media":4034,"template":"","meta":{"postBodyCss":"","postBodyMargin":[],"postBodyPadding":[],"postBodyBackground":{"backgroundType":"classic","gradient":""}},"product_brand":[],"product_cat":[15,17,61],"product_tag":[68,67,69],"class_list":{"0":"post-4026","1":"product","2":"type-product","3":"status-publish","4":"has-post-thumbnail","6":"product_cat-glass-containers","7":"product_cat-glass-jars","8":"product_cat-glass-jars-with-lids","9":"product_tag-borosilicate-glass-jars","10":"product_tag-candy-jars","11":"product_tag-storage-jars","13":"first","14":"instock","15":"shipping-taxable","16":"product-type-simple"},"jetpack_sharing_enabled":true,"_links":{"self":[{"href":"https:\/\/minghanggroup.com\/tr\/wp-json\/wp\/v2\/product\/4026","targetHints":{"allow":["GET"]}}],"collection":[{"href":"https:\/\/minghanggroup.com\/tr\/wp-json\/wp\/v2\/product"}],"about":[{"href":"https:\/\/minghanggroup.com\/tr\/wp-json\/wp\/v2\/types\/product"}],"wp:featuredmedia":[{"embeddable":true,"href":"https:\/\/minghanggroup.com\/tr\/wp-json\/wp\/v2\/media\/4034"}],"wp:attachment":[{"href":"https:\/\/minghanggroup.com\/tr\/wp-json\/wp\/v2\/media?parent=4026"}],"wp:term":[{"taxonomy":"product_brand","embeddable":true,"href":"https:\/\/minghanggroup.com\/tr\/wp-json\/wp\/v2\/product_brand?post=4026"},{"taxonomy":"product_cat","embeddable":true,"href":"https:\/\/minghanggroup.com\/tr\/wp-json\/wp\/v2\/product_cat?post=4026"},{"taxonomy":"product_tag","embeddable":true,"href":"https:\/\/minghanggroup.com\/tr\/wp-json\/wp\/v2\/product_tag?post=4026"}],"curies":[{"name":"wp","href":"https:\/\/api.w.org\/{rel}","templated":true}]}}