{"id":4025,"date":"2025-12-24T10:06:48","date_gmt":"2025-12-24T02:06:48","guid":{"rendered":"https:\/\/minghanggroup.com\/?post_type=product&#038;p=4025"},"modified":"2026-03-02T15:23:43","modified_gmt":"2026-03-02T07:23:43","slug":"round-glass-jars-with-bamboo-lids-and-spoons-bulk","status":"publish","type":"product","link":"https:\/\/minghanggroup.com\/tr\/urun\/round-glass-jars-with-bamboo-lids-and-spoons-bulk\/","title":{"rendered":"500 ml, 850 ml, 1150 ml Yuvarlak Cam Kavanozlar, Bambu Kapaklar ve Ka\u015f\u0131klar (Toptan Sat\u0131\u015f)"},"content":{"rendered":"<p>Bu kavanozlar bambu kapakl\u0131 ve ka\u015f\u0131kl\u0131 olup borosilikat camdan \u00fcretilmi\u015ftir. Yumu\u015fak, yuvarlak k\u00fcresel bir \u015fekle sahiptirler ve (malzemelere kolay eri\u015fim i\u00e7in) ayn\u0131 bambu kapak ve ka\u015f\u0131klarla birlikte sunulmaktad\u0131rlar.<\/p>\n<h2>\u00dcr\u00fcn \u00d6zellikleri<\/h2>\n<ul>\n<li><strong>Bambu Kapaklar ve Ka\u015f\u0131klar:<\/strong> Bambu kapaklar ve ka\u015f\u0131klar birbirleriyle uyumlu olup, tarz\u0131 tutarl\u0131 hale getiriyor, malzemelere kolay eri\u015fim sa\u011fl\u0131yor ve do\u011fal stile ba\u011fl\u0131 kal\u0131nmas\u0131n\u0131 m\u00fcmk\u00fcn k\u0131l\u0131yor.<\/li>\n<li><strong>Yuvarlak Davul \u015eeklinde Tasar\u0131m:<\/strong> Yuvarlak, bidon \u015feklindeki tasar\u0131m, kapasiteyi art\u0131r\u0131r ve silindirik cam kavanozlara k\u0131yasla daha yumu\u015fak bir g\u00f6r\u00fcn\u00fcm sunar.<\/li>\n<li><strong>Tamamen \u015eeffaf Kavanozlar:<\/strong> \u00c7\u00fcnk\u00fc y\u00fcksek borosilikatl\u0131 cam malzeme, i\u00e7eri\u011fin net bir \u015fekilde g\u00f6r\u00fclebilmesini ve dolay\u0131s\u0131yla kapa\u011f\u0131 a\u00e7madan kolayca tan\u0131mlanabilmesini sa\u011flar.<\/li>\n<\/ul>\n<h2 style=\"text-align: left;\">Temel \u00d6zellikler<\/h2>\n<table class=\"aligncenter\" style=\"border-collapse: collapse; width: 513.02pt;\" border=\"0\" width=\"684\" cellspacing=\"0\" cellpadding=\"0\">\n<tbody>\n<tr style=\"height: 13.50pt;\">\n<td style=\"height: 13.50pt; width: 100.50pt;\" width=\"134\" height=\"18\">\u015eartname<\/td>\n<td style=\"width: 412.50pt;\" width=\"550\">Detaylar<\/td>\n<\/tr>\n<tr style=\"height: 13.50pt;\">\n<td style=\"height: 13.50pt;\" height=\"18\">Kapasite<\/td>\n<td>500 ml \/ 850 ml \/ 1150 ml<\/td>\n<\/tr>\n<tr style=\"height: 13.50pt;\">\n<td style=\"height: 13.50pt;\" height=\"18\">Boyutlar<\/td>\n<td>7\u00d710,5 cm \/ 7\u00d713 cm \/ 7,5\u00d714 cm<\/td>\n<\/tr>\n<tr style=\"height: 13.50pt;\">\n<td style=\"height: 13.50pt;\" height=\"18\">Malzeme<\/td>\n<td>Y\u00fcksek Borosilikat Cam, Bambu<\/td>\n<\/tr>\n<tr style=\"height: 13.50pt;\">\n<td style=\"height: 13.50pt;\" height=\"18\">Kavanoz \u015eekli<\/td>\n<td>Yuvarlak kar\u0131nl\u0131, dar boyunlu<\/td>\n<\/tr>\n<tr style=\"height: 13.50pt;\">\n<td style=\"height: 13.50pt;\" height=\"18\">Kapak Tipi<\/td>\n<td>Entegre kep\u00e7eli bambu d\u00fcz kapak<\/td>\n<\/tr>\n<tr style=\"height: 13.50pt;\">\n<td style=\"height: 13.50pt;\" height=\"18\">Malzeme \u00d6zelli\u011fi<\/td>\n<td>Y\u00fcksek \u015eeffafl\u0131k, M\u00fckemmel S\u0131cakl\u0131k Dayan\u0131m\u0131 (-20\u2103 ila 150\u2103)<\/td>\n<\/tr>\n<tr style=\"height: 13.50pt;\">\n<td style=\"height: 13.50pt;\" height=\"18\">\u0130deal \u0130\u00e7in<\/td>\n<td>Bambu Kapakl\u0131 ve Ka\u015f\u0131kl\u0131 Cam Kavanozlar, Toplu Cam Kavanozlar<\/td>\n<\/tr>\n<\/tbody>\n<\/table>\n<h2>Ba\u015far\u0131 \u00d6yk\u00fcs\u00fc: Bir Pastac\u0131l\u0131k Malzemeleri \u015eirketinin En \u00c7ok Satan \u00dcr\u00fcn\u00fc<\/h2>\n<p>Evde pasta yap\u0131m\u0131yla u\u011fra\u015fanlara kaliteli malzemeler sunan \u015firketlerden biri, un ve \u015feker \u00fcr\u00fcnleri serisinde kullanmak \u00fczere bambu kapakl\u0131 ve ka\u015f\u0131kl\u0131 850 ml&#039;lik cam kavanozlar\u0131m\u0131z\u0131 se\u00e7ti. Bambu kapaklar\u0131n hava ge\u00e7irmez yap\u0131s\u0131, \u00fcr\u00fcnlerin raf \u00f6mr\u00fcn\u00fc oran\u0131nda uzatt\u0131 ve tamamlay\u0131c\u0131 bambu ka\u015f\u0131klar da b\u00fcy\u00fck bir ba\u015far\u0131 elde etti; m\u00fc\u015fterilerin &#039;i, kay\u0131p ka\u015f\u0131k sorununu \u00e7\u00f6zd\u00fc\u011f\u00fc i\u00e7in yeniden sat\u0131n alman\u0131n temel motivasyonunun bu oldu\u011funu belirtti. Bu muazzam ba\u015far\u0131 \u00fczerine, yeni \u00fcr\u00fcn serisini tan\u0131tmak i\u00e7in 100.000 adet daha \u00fcretim sipari\u015fi verdiler.<\/p>\n<h2>Toptan Cam Kavanozlar \u0130\u00e7in \u00d6zelle\u015ftirme \u00d6nerileri<\/h2>\n<ul>\n<li>Lazerle logo veya yaz\u0131 i\u015flenmi\u015f bambu ka\u015f\u0131klar \u2013 Bambu ka\u015f\u0131\u011f\u0131n sap\u0131na lazer kullanarak logonuzu veya metninizi i\u015fletebilirsiniz.<\/li>\n<li>Serigrafi Bask\u0131l\u0131 Mezuniyet \u0130\u015faretleri \u2013 Kavanozun i\u00e7ine kal\u0131c\u0131 olarak mezuniyet i\u015faretleri bas\u0131l\u0131r.<\/li>\n<li>Buzlu Dekoratif Halka \u2013 Buzlu dekoratif halkay\u0131 kullanarak kavanozun omuz k\u0131sm\u0131n\u0131 s\u00fcsleyin.<\/li>\n<li>\u00d6zel Klips Rengi\/Logo \u2013 Belirli bir renkte klips sipari\u015f etmek veya ka\u015f\u0131k \u00fczerine kal\u0131planm\u0131\u015f bir logo eklemek m\u00fcmk\u00fcnd\u00fcr.<\/li>\n<\/ul>","protected":false},"excerpt":{"rendered":"<p>Bambu kapakl\u0131 ve ka\u015f\u0131kl\u0131 cam kavanozlar\u0131 ke\u015ffedin \u2013 zarif, bombeli \u015fekil, \u015feffaf cam, uyumlu ka\u015f\u0131k klipsi. \u00dccretsiz \u00f6rnekler mevcuttur.<\/p>","protected":false},"featured_media":4027,"template":"","meta":{"postBodyCss":"","postBodyMargin":[],"postBodyPadding":[],"postBodyBackground":{"backgroundType":"classic","gradient":""}},"product_brand":[],"product_cat":[15,17,61],"product_tag":[100],"class_list":{"0":"post-4025","1":"product","2":"type-product","3":"status-publish","4":"has-post-thumbnail","6":"product_cat-glass-containers","7":"product_cat-glass-jars","8":"product_cat-glass-jars-with-lids","9":"product_tag-glass-coffee-jars","11":"first","12":"instock","13":"shipping-taxable","14":"product-type-simple"},"jetpack_sharing_enabled":true,"_links":{"self":[{"href":"https:\/\/minghanggroup.com\/tr\/wp-json\/wp\/v2\/product\/4025","targetHints":{"allow":["GET"]}}],"collection":[{"href":"https:\/\/minghanggroup.com\/tr\/wp-json\/wp\/v2\/product"}],"about":[{"href":"https:\/\/minghanggroup.com\/tr\/wp-json\/wp\/v2\/types\/product"}],"wp:featuredmedia":[{"embeddable":true,"href":"https:\/\/minghanggroup.com\/tr\/wp-json\/wp\/v2\/media\/4027"}],"wp:attachment":[{"href":"https:\/\/minghanggroup.com\/tr\/wp-json\/wp\/v2\/media?parent=4025"}],"wp:term":[{"taxonomy":"product_brand","embeddable":true,"href":"https:\/\/minghanggroup.com\/tr\/wp-json\/wp\/v2\/product_brand?post=4025"},{"taxonomy":"product_cat","embeddable":true,"href":"https:\/\/minghanggroup.com\/tr\/wp-json\/wp\/v2\/product_cat?post=4025"},{"taxonomy":"product_tag","embeddable":true,"href":"https:\/\/minghanggroup.com\/tr\/wp-json\/wp\/v2\/product_tag?post=4025"}],"curies":[{"name":"wp","href":"https:\/\/api.w.org\/{rel}","templated":true}]}}