{"id":4020,"date":"2025-12-24T09:47:21","date_gmt":"2025-12-24T01:47:21","guid":{"rendered":"https:\/\/minghanggroup.com\/?post_type=product&#038;p=4020"},"modified":"2026-03-02T15:23:55","modified_gmt":"2026-03-02T07:23:55","slug":"unique-trapezoidal-glass-jars-and-lids-wholesale","status":"publish","type":"product","link":"https:\/\/minghanggroup.com\/tr\/urun\/unique-trapezoidal-glass-jars-and-lids-wholesale\/","title":{"rendered":"350 ml \u2013 950 ml aras\u0131 benzersiz yamuk \u015fekilli cam kavanozlar ve kapaklar\u0131 toptan sat\u0131\u015f\u0131"},"content":{"rendered":"<p>Bu e\u015fsiz kapakl\u0131 cam kavanozlar, tamamen \u015feffaf borosilikat camdan \u00fcretilmi\u015ftir. Kavanozlar\u0131n \u00fcst k\u0131sm\u0131 daralan, alt k\u0131sm\u0131 \u00e7okgen olan trapezoid (kesik koni) \u015feklinde olup, a\u00e7\u0131k bej bambudan yap\u0131lm\u0131\u015f d\u00fcz bir kapa\u011fa sahiptirler.<\/p>\n<h2>\u00dcr\u00fcn \u00d6zellikleri<\/h2>\n<ul>\n<li><strong>Y\u00fcksek borosilikat cam malzeme:<\/strong> Y\u00fcksek d\u00fczeyde dayan\u0131kl\u0131l\u0131k, termal \u015fok direnci ve net, bozulma i\u00e7ermeyen g\u00f6rsel g\u00f6r\u00fcn\u00fcm sa\u011flar.<\/li>\n<li><strong>S\u0131zd\u0131rmaz bambu kapak:<\/strong> Bu kapak, hava ge\u00e7irmezlik sa\u011flamak i\u00e7in contal\u0131 olarak tasarlanm\u0131\u015ft\u0131r ve ayr\u0131ca temiz ve ho\u015f bir g\u00f6r\u00fcn\u00fcm kazand\u0131r\u0131r.<\/li>\n<li><strong>A\u00e7\u0131sal tasar\u0131m:<\/strong> Trapezoidal a\u00e7\u0131l\u0131 tasar\u0131m, \u00fcstte daralan ve altta geni\u015fleyen trapezoidal \u015fekilli ve alt k\u0131sm\u0131nda \u00e7okgen a\u00e7\u0131l\u0131 bir tasar\u0131ma sahip geleneksel kavanozlardan daha s\u00fcsl\u00fcd\u00fcr.<\/li>\n<\/ul>\n<h2 style=\"text-align: left;\">Temel \u00d6zellikler<\/h2>\n<table class=\"aligncenter\" style=\"border-collapse: collapse; width: 459.02pt;\" border=\"0\" width=\"612\" cellspacing=\"0\" cellpadding=\"0\">\n<tbody>\n<tr style=\"height: 13.50pt;\">\n<td style=\"height: 13.50pt; width: 100.50pt;\" width=\"134\" height=\"18\">\u015eartname<\/td>\n<td style=\"width: 358.50pt;\" width=\"478\">Detaylar<\/td>\n<\/tr>\n<tr style=\"height: 13.50pt;\">\n<td style=\"height: 13.50pt;\" height=\"18\">Kapasite<\/td>\n<td>350 ml \/ 500 ml \/ 750 ml \/ 950 ml<\/td>\n<\/tr>\n<tr style=\"height: 13.50pt;\">\n<td style=\"height: 13.50pt;\" height=\"18\">Boyutlar<\/td>\n<td>10\u00d710,2 cm \/ 11,5\u00d712 cm \/ 12,5\u00d713,7 cm \/ 14\u00d715,2 cm<\/td>\n<\/tr>\n<tr style=\"height: 13.50pt;\">\n<td style=\"height: 13.50pt;\" height=\"18\">Malzeme<\/td>\n<td>Y\u00fcksek Borosilikat Cam<\/td>\n<\/tr>\n<tr style=\"height: 13.50pt;\">\n<td style=\"height: 13.50pt;\" height=\"18\">Kavanoz \u015eekli<\/td>\n<td>\u00c7ok Y\u00fczl\u00fc Kesik Piramit (Geni\u015fleyen Taban)<\/td>\n<\/tr>\n<tr style=\"height: 13.50pt;\">\n<td style=\"height: 13.50pt;\" height=\"18\">Kapak Tipi<\/td>\n<td>Entegre Contal\u0131 Hafif Bambu D\u00fcz Kapak<\/td>\n<\/tr>\n<tr style=\"height: 13.50pt;\">\n<td style=\"height: 13.50pt;\" height=\"18\">Malzeme \u00d6zelli\u011fi<\/td>\n<td>Y\u00fcksek ve D\u00fc\u015f\u00fck S\u0131cakl\u0131klara Dayan\u0131kl\u0131, Y\u00fcksek \u015eeffafl\u0131k<\/td>\n<\/tr>\n<tr style=\"height: 13.50pt;\">\n<td style=\"height: 13.50pt;\" height=\"18\">\u0130deal \u0130\u00e7in<\/td>\n<td>Kapakl\u0131 Benzersiz Cam Kavanozlar, Toptan Cam Kavanoz ve Kapaklar<\/td>\n<\/tr>\n<\/tbody>\n<\/table>\n<h2>Ba\u015far\u0131 \u00d6yk\u00fcs\u00fc: Bir Kahve Kavurma Firmas\u0131n\u0131n Ambalajda M\u00fcnhas\u0131rl\u0131k Hakk\u0131.<\/h2>\n<p>750 ml kapasiteli (kapaklar\u0131yla birlikte) cam kavanozlar\u0131m\u0131z, \u00f6zel bir kahve kavurma firmas\u0131 taraf\u0131ndan s\u0131n\u0131rl\u0131 say\u0131da \u00fcretilen tek k\u00f6kenli kahve \u00e7ekirdeklerini saklamak i\u00e7in ambalaj olarak se\u00e7ildi. Kavanozun geometrik kenarlar\u0131, kahve \u00e7ekirdeklerinin rengini ve parlakl\u0131\u011f\u0131n\u0131 tam olarak sergileyerek sosyal a\u011flarda kutu a\u00e7ma videolar\u0131n\u0131n payla\u015f\u0131m\u0131nda 0&#039;l\u00fck bir art\u0131\u015fa yol a\u00e7t\u0131. Ay\u0131rt edici kavanoz tasar\u0131m\u0131 olduk\u00e7a tan\u0131nabilir ve marka bilinirli\u011fi, k\u00f6r tad\u0131m testinde oran\u0131nda artt\u0131. Pazarda bu kadar b\u00fcy\u00fck bir ilgi g\u00f6rmesinin ard\u0131ndan, f\u0131r\u0131n, sonraki iki hasat sezonunda 150.000 adet daha cam kavanoz sipari\u015fi verdi.<\/p>\n<h2>Cam Kavanozlar ve Kapaklar Toptan M\u00fc\u015fteri Odakl\u0131 \u00dcretim<\/h2>\n<ul>\n<li>Tamamen Bambu Kapaklar (Lazer \u0130\u015flemeli) \u2013 Tamamen bambu kapaklar, lazerle i\u015flenmi\u015f logolar\u0131n yan\u0131 s\u0131ra tamamen bambu kapaklarla da de\u011fi\u015ftirilebilir.<\/li>\n<li>K\u0131smi Buzlu Kaplama \u2013 Etkileyici bir tasar\u0131m olu\u015fturmak i\u00e7in baz\u0131 alternatif panelleri buzlu bir kaplama ile tamamlay\u0131n.<\/li>\n<li>Serigrafi Bask\u0131l\u0131 A\u00e7\u0131sal Desenler \u2013 Kavanozun geometrik \u015feklini an\u0131msatan modern desenlerin aktar\u0131m\u0131.<\/li>\n<li>\u00d6zel Bambu Boyama \u2013 Do\u011fal, krem \u200b\u200brengi veya koyu renkli kapak se\u00e7eneklerinden birini tercih edin.<\/li>\n<li>Dekoratif Vitray Paneller \u2013 Bir veya iki vitray y\u00fczeyli (\u00f6rne\u011fin kehribar) olarak mevcuttur.<\/li>\n<\/ul>","protected":false},"excerpt":{"rendered":"<p>Toptan premium cam kavanoz ve kapaklar; \u015feffaf y\u00fcksek borosilikat camdan, \u00e7okgen tabanl\u0131 ve hava ge\u00e7irmez bambu kapakl\u0131 benzersiz cam kavanozlar sunuyoruz. \u00dccretsiz numune.<\/p>","protected":false},"featured_media":4021,"template":"","meta":{"postBodyCss":"","postBodyMargin":[],"postBodyPadding":[],"postBodyBackground":{"backgroundType":"classic","gradient":""}},"product_brand":[],"product_cat":[15,17,61],"product_tag":[68,100,70,69],"class_list":{"0":"post-4020","1":"product","2":"type-product","3":"status-publish","4":"has-post-thumbnail","6":"product_cat-glass-containers","7":"product_cat-glass-jars","8":"product_cat-glass-jars-with-lids","9":"product_tag-borosilicate-glass-jars","10":"product_tag-glass-coffee-jars","11":"product_tag-seasoning-jars","12":"product_tag-storage-jars","14":"first","15":"instock","16":"shipping-taxable","17":"product-type-simple"},"jetpack_sharing_enabled":true,"_links":{"self":[{"href":"https:\/\/minghanggroup.com\/tr\/wp-json\/wp\/v2\/product\/4020","targetHints":{"allow":["GET"]}}],"collection":[{"href":"https:\/\/minghanggroup.com\/tr\/wp-json\/wp\/v2\/product"}],"about":[{"href":"https:\/\/minghanggroup.com\/tr\/wp-json\/wp\/v2\/types\/product"}],"wp:featuredmedia":[{"embeddable":true,"href":"https:\/\/minghanggroup.com\/tr\/wp-json\/wp\/v2\/media\/4021"}],"wp:attachment":[{"href":"https:\/\/minghanggroup.com\/tr\/wp-json\/wp\/v2\/media?parent=4020"}],"wp:term":[{"taxonomy":"product_brand","embeddable":true,"href":"https:\/\/minghanggroup.com\/tr\/wp-json\/wp\/v2\/product_brand?post=4020"},{"taxonomy":"product_cat","embeddable":true,"href":"https:\/\/minghanggroup.com\/tr\/wp-json\/wp\/v2\/product_cat?post=4020"},{"taxonomy":"product_tag","embeddable":true,"href":"https:\/\/minghanggroup.com\/tr\/wp-json\/wp\/v2\/product_tag?post=4020"}],"curies":[{"name":"wp","href":"https:\/\/api.w.org\/{rel}","templated":true}]}}