{"id":4013,"date":"2025-12-23T16:36:55","date_gmt":"2025-12-23T08:36:55","guid":{"rendered":"https:\/\/minghanggroup.com\/?post_type=product&#038;p=4013"},"modified":"2026-01-20T13:32:24","modified_gmt":"2026-01-20T05:32:24","slug":"wide-mouth-glass-jars-with-95-diameter-lids-for-storage-bulk","status":"publish","type":"product","link":"https:\/\/minghanggroup.com\/tr\/urun\/wide-mouth-glass-jars-with-95-diameter-lids-for-storage-bulk\/","title":{"rendered":"600 ml, 1000 ml, 1200 ml geni\u015f a\u011f\u0131zl\u0131, 95 mm \u00e7ap\u0131nda kapakl\u0131 cam kavanozlar, toplu depolama i\u00e7in."},"content":{"rendered":"<p>\u00dcr\u00fcnlerinizi taze tutan ve markan\u0131z\u0131n parlamas\u0131n\u0131 sa\u011flayan birinci s\u0131n\u0131f ambalaj\u0131 hak ediyorsunuz. G\u0131da saklama ba\u015far\u0131s\u0131 i\u00e7in tasarlanm\u0131\u015f, geni\u015f a\u011f\u0131zl\u0131 cam kavanozlar \u00fcretiyoruz; her bir kap, \u00fcr\u00fcn hikayenizi bir \u00fcst seviyeye ta\u015f\u0131yor.<\/p>\n<h2>\u00dcr\u00fcn \u00d6zellikleri<\/h2>\n<ol>\n<li><strong>Geni\u015f A\u011f\u0131z Kolayl\u0131\u011f\u0131:<\/strong>95 mm geni\u015fli\u011findeki a\u011fz\u0131, g\u00fcnl\u00fck saklama ihtiya\u00e7lar\u0131n\u0131z i\u00e7in doldurmay\u0131, temizlemeyi ve i\u00e7eri\u011fe eri\u015fmeyi zahmetsiz hale getirir.<\/li>\n<li><strong>Is\u0131ya Dayan\u0131kl\u0131l\u0131k:<\/strong>Is\u0131ya dayan\u0131kl\u0131 ve g\u0131da saklama i\u00e7in g\u00fcvenli, dayan\u0131kl\u0131 borosilikat camdan \u00fcretilmi\u015ftir; bal, \u015furup ve sos i\u00e7in m\u00fckemmeldir.<\/li>\n<li><strong>Net G\u00f6r\u00fcn\u00fcrl\u00fck Tasar\u0131m\u0131:<\/strong>\u015eeffaf cam, i\u00e7indekileri an\u0131nda g\u00f6rmenizi sa\u011flayarak depolama kab\u0131n\u0131zdaki envanter y\u00f6netimini zahmetsiz hale getirir.<\/li>\n<li><strong>\u00d6zel Markalama G\u00fcc\u00fc:<\/strong>Logonuzu ekleyerek bu geni\u015f a\u011f\u0131zl\u0131 cam kavanozlar\u0131 toptan sat\u0131\u015f hatt\u0131n\u0131z i\u00e7in benzersiz bir marka ifadesine d\u00f6n\u00fc\u015ft\u00fcr\u00fcn.<\/li>\n<\/ol>\n<h2>Temel \u00d6zellikler<\/h2>\n<table style=\"border-collapse: collapse; width: 80%; margin-left: auto; margin-right: auto;\" border=\"0\" width=\"288\" cellspacing=\"0\" cellpadding=\"0\">\n<tbody>\n<tr style=\"height: 13.50pt;\">\n<td style=\"height: 13.5pt; width: 54pt; text-align: center;\" width=\"72\" height=\"18\">Kapasite(ml)<\/td>\n<td style=\"width: 54pt; text-align: center;\" width=\"72\">Boyut(cm)<\/td>\n<td style=\"width: 54pt; text-align: center;\" width=\"72\">Malzeme<\/td>\n<td style=\"width: 54pt; text-align: center;\" width=\"72\">\u00d6zellikler<\/td>\n<\/tr>\n<tr style=\"height: 13.50pt;\">\n<td style=\"height: 13.5pt; text-align: center;\" align=\"right\" height=\"18\">600<\/td>\n<td style=\"text-align: center;\">9.5 * 10.0<\/td>\n<td class=\"et2\" style=\"text-align: center;\" rowspan=\"3\">Borosilikat Cam<\/td>\n<td class=\"et2\" style=\"text-align: center;\" rowspan=\"3\">D\u00fcz kenarl\u0131, 95 mm paslanmaz \u00e7elik kapak<\/td>\n<\/tr>\n<tr style=\"height: 13.50pt;\">\n<td style=\"height: 13.5pt; text-align: center;\" align=\"right\" height=\"18\">1000<\/td>\n<td style=\"text-align: center;\">9.5 * 15.0<\/td>\n<\/tr>\n<tr style=\"height: 13.50pt;\">\n<td style=\"height: 13.5pt; text-align: center;\" align=\"right\" height=\"18\">1200<\/td>\n<td style=\"text-align: center;\">9.5 * 20.0<\/td>\n<\/tr>\n<\/tbody>\n<\/table>\n<h2>Ba\u015far\u0131 \u00d6rne\u011fi<\/h2>\n<p>Bir g\u0131da perakende ma\u011fazas\u0131, geni\u015f a\u011f\u0131zl\u0131 cam kavanozlar\u0131m\u0131z\u0131 kullanarak sat\u0131\u015flar\u0131n\u0131 art\u0131rd\u0131. Bal, \u015furup ve cam j\u00f6le \u00fcr\u00fcnleri daha kaliteli bir g\u00f6r\u00fcn\u00fcm kazand\u0131 ve g\u0131da saklama kavanozlar\u0131 en \u00e7ok satan \u00fcr\u00fcnler aras\u0131na girdi. &#034;Bu kavanozlar, m\u00fc\u015fterilerin markam\u0131za bak\u0131\u015f a\u00e7\u0131s\u0131n\u0131 de\u011fi\u015ftirdi; art\u0131k her yeni \u00fcr\u00fcn lansman\u0131 i\u00e7in t\u00fcm g\u0131da saklama kavanozlar\u0131n\u0131 toplu olarak tedarik ediyorlar.&#034;<\/p>\n<h2>\u00d6zelle\u015ftirme \u0130pu\u00e7lar\u0131n\u0131z<\/h2>\n<p>Bu y\u00fcksek kaliteli, geni\u015f a\u011f\u0131zl\u0131 borosilikat cam saklama kavanozunu ki\u015fiselle\u015ftirirken, saklama ihtiya\u00e7lar\u0131n\u0131za uygun boyut ve hacmi se\u00e7mek daha iyidir. Daha b\u00fcy\u00fck kavanozlar kuru meyveler, toplu at\u0131\u015ft\u0131rmal\u0131klar veya tah\u0131llar saklamak i\u00e7in idealdir, daha k\u00fc\u00e7\u00fck kavanozlar ise baharatlar, \u015fekerlemeler veya k\u00fc\u00e7\u00fck paketlenmi\u015f g\u0131dalar saklamak i\u00e7in uygundur; uzun s\u00fcreli g\u0131da saklama amac\u0131yla, kab\u0131n neme dayan\u0131kl\u0131 olmas\u0131n\u0131 ve g\u0131dalar\u0131n oksitlenmemesini sa\u011flamak i\u00e7in silikon s\u0131zd\u0131rmazl\u0131k halkal\u0131 paslanmaz \u00e7elik bir kapak se\u00e7ilebilir. Markan\u0131n gereksinimlerine g\u00f6re, daha fazla marka bilinirli\u011fi elde etmek ve daha fazla m\u00fc\u015fteri \u00e7ekmek i\u00e7in kavanozlara logo, desen veya etiket ekleyerek de s\u00fcsleme yapabilirsiniz.<\/p>","protected":false},"excerpt":{"rendered":"<p>Fabrikadan do\u011frudan sat\u0131\u015f, geni\u015f a\u011f\u0131zl\u0131 cam kavanozlar, paslanmaz \u00e7elik kapakl\u0131, at\u0131\u015ft\u0131rmal\u0131klar ve kuru g\u0131dalar i\u00e7in ideal. \u00dccretsiz numuneler ve toplu sipari\u015flerde \u00f6zelle\u015ftirme se\u00e7enekleri mevcuttur.<\/p>","protected":false},"featured_media":4014,"template":"","meta":{"postBodyCss":"","postBodyMargin":[],"postBodyPadding":[],"postBodyBackground":{"backgroundType":"classic","gradient":""}},"product_brand":[],"product_cat":[15,17,61],"product_tag":[68,70,69],"class_list":{"0":"post-4013","1":"product","2":"type-product","3":"status-publish","4":"has-post-thumbnail","6":"product_cat-glass-containers","7":"product_cat-glass-jars","8":"product_cat-glass-jars-with-lids","9":"product_tag-borosilicate-glass-jars","10":"product_tag-seasoning-jars","11":"product_tag-storage-jars","13":"first","14":"instock","15":"shipping-taxable","16":"product-type-simple"},"jetpack_sharing_enabled":true,"_links":{"self":[{"href":"https:\/\/minghanggroup.com\/tr\/wp-json\/wp\/v2\/product\/4013","targetHints":{"allow":["GET"]}}],"collection":[{"href":"https:\/\/minghanggroup.com\/tr\/wp-json\/wp\/v2\/product"}],"about":[{"href":"https:\/\/minghanggroup.com\/tr\/wp-json\/wp\/v2\/types\/product"}],"wp:featuredmedia":[{"embeddable":true,"href":"https:\/\/minghanggroup.com\/tr\/wp-json\/wp\/v2\/media\/4014"}],"wp:attachment":[{"href":"https:\/\/minghanggroup.com\/tr\/wp-json\/wp\/v2\/media?parent=4013"}],"wp:term":[{"taxonomy":"product_brand","embeddable":true,"href":"https:\/\/minghanggroup.com\/tr\/wp-json\/wp\/v2\/product_brand?post=4013"},{"taxonomy":"product_cat","embeddable":true,"href":"https:\/\/minghanggroup.com\/tr\/wp-json\/wp\/v2\/product_cat?post=4013"},{"taxonomy":"product_tag","embeddable":true,"href":"https:\/\/minghanggroup.com\/tr\/wp-json\/wp\/v2\/product_tag?post=4013"}],"curies":[{"name":"wp","href":"https:\/\/api.w.org\/{rel}","templated":true}]}}