{"id":4008,"date":"2025-12-23T15:10:05","date_gmt":"2025-12-23T07:10:05","guid":{"rendered":"https:\/\/minghanggroup.com\/?post_type=product&#038;p=4008"},"modified":"2025-12-23T17:24:10","modified_gmt":"2025-12-23T09:24:10","slug":"empty-glass-food-storage-canisters-with-lids-bulk","status":"publish","type":"product","link":"https:\/\/minghanggroup.com\/tr\/urun\/empty-glass-food-storage-canisters-with-lids-bulk\/","title":{"rendered":"335 ml, 580 ml, 800 ml Kapakl\u0131 Bo\u015f Cam G\u0131da Saklama Kaplar\u0131 (Toptan)"},"content":{"rendered":"<p>Bu kapakl\u0131 g\u0131da saklama kaplar\u0131, tamamen \u015feffaf g\u00f6vdeye ve i\u00e7indeki malzemeleri kontrol edebilmeniz i\u00e7in \u00f6zel dokulu do\u011fal ah\u015fap kapa\u011fa sahip, kristal berrakl\u0131\u011f\u0131nda borosilikat camdan \u00fcretilmi\u015ftir.<\/p>\n<h2>\u00dcr\u00fcn \u00d6zellikleri<\/h2>\n<ul>\n<li><strong>Y\u00fcksek Borosilikat Cam:<\/strong> Daha iyi termal \u015fok, \u00e7izilme ve a\u015f\u0131nma direncine sahiptir.<\/li>\n<li><strong>Do\u011fal Ah\u015fap Desenli Kapak:<\/strong> Do\u011fal doku ve g\u00f6r\u00fcn\u00fcm s\u0131cakl\u0131\u011f\u0131n\u0131n yan\u0131 s\u0131ra, \u00f6zel olarak tasarlanm\u0131\u015f hava ge\u00e7irmez bir s\u0131zd\u0131rmazl\u0131k sa\u011flar.<\/li>\n<li><strong>\u00c7oklu Kapasite Se\u00e7ene\u011fi:<\/strong> Farkl\u0131 saklama ihtiya\u00e7lar\u0131na y\u00f6nelik \u00fc\u00e7 farkl\u0131 kapasite (335 ml ile 800 ml aras\u0131) mevcuttur.<\/li>\n<\/ul>\n<h2 style=\"text-align: left;\">Temel \u00d6zellikler<\/h2>\n<table class=\"aligncenter\" style=\"border-collapse: collapse; width: 392.27pt;\" border=\"0\" width=\"523\" cellspacing=\"0\" cellpadding=\"0\">\n<tbody>\n<tr style=\"height: 13.50pt;\">\n<td style=\"height: 13.50pt; width: 107.25pt;\" width=\"143\" height=\"18\">\u015eartname<\/td>\n<td style=\"width: 285.00pt;\" width=\"380\">Detaylar<\/td>\n<\/tr>\n<tr style=\"height: 13.50pt;\">\n<td style=\"height: 13.50pt;\" height=\"18\">Kapasite<\/td>\n<td>335 ml \/ 580 ml \/ 800 ml<\/td>\n<\/tr>\n<tr style=\"height: 13.50pt;\">\n<td style=\"height: 13.50pt;\" height=\"18\">Boyutlar<\/td>\n<td>8\u00d710cm \/ 8\u00d715cm \/ 8\u00d720cm<\/td>\n<\/tr>\n<tr style=\"height: 13.50pt;\">\n<td style=\"height: 13.50pt;\" height=\"18\">Malzeme<\/td>\n<td>Y\u00fcksek Borosilikat Cam<\/td>\n<\/tr>\n<tr style=\"height: 13.50pt;\">\n<td style=\"height: 13.50pt;\" height=\"18\">Kapak Tipi<\/td>\n<td>Do\u011fal Ah\u015fap Desenli Kapak<\/td>\n<\/tr>\n<tr style=\"height: 13.50pt;\">\n<td style=\"height: 13.50pt;\" height=\"18\">Kapak \u00c7ap\u0131<\/td>\n<td>80 mm (T\u00fcm boyutlarda ayn\u0131)<\/td>\n<\/tr>\n<tr style=\"height: 13.50pt;\">\n<td style=\"height: 13.50pt;\" height=\"18\">Malzeme \u00d6zelli\u011fi<\/td>\n<td>Is\u0131ya ve Kimyasallara Dayan\u0131kl\u0131, Y\u00fcksek \u015eeffafl\u0131k<\/td>\n<\/tr>\n<tr style=\"height: 13.50pt;\">\n<td style=\"height: 13.50pt;\" height=\"18\">\u0130deal \u0130\u00e7in<\/td>\n<td>Kapakl\u0131 Cam Kavanozlar, Toptan Cam Kavanozlar<\/td>\n<\/tr>\n<\/tbody>\n<\/table>\n<h2>Vaka \u00c7al\u0131\u015fmas\u0131<\/h2>\n<p>Kapakl\u0131 580 ml&#039;lik g\u0131da saklama kaplar\u0131m\u0131z, l\u00fcks bir s\u00fcpermarketin y\u00fcksek kaliteli makarna ve tah\u0131llar\u0131n\u0131 paketlemek i\u00e7in kullan\u0131ld\u0131. Ah\u015fap desenli kapaklar, y\u00fcksek d\u00fczeyde s\u0131zd\u0131rmazl\u0131k sa\u011flayarak \u00fcr\u00fcn\u00fcn raf \u00f6mr\u00fcn\u00fc yar\u0131 yar\u0131ya uzatt\u0131 ve sonu\u00e7 olarak israf\u0131 b\u00fcy\u00fck \u00f6l\u00e7\u00fcde azaltt\u0131. Cam ve g\u00fcm\u00fc\u015f tasar\u0131m ve a\u00e7\u0131kl\u0131k, m\u00fc\u015fterilerin toplu \u00fcr\u00fcn b\u00f6l\u00fcm\u00fcne daha fazla odaklanmas\u0131n\u0131 sa\u011flad\u0131 ve kap sat\u0131\u015flar\u0131 artt\u0131. Bu m\u00fckemmel performansa dayanarak, perakendeci t\u00fcm ma\u011fazalar\u0131nda bu fikri uygulamak i\u00e7in 750.000 adet kap sipari\u015f etmek zorunda kald\u0131.<\/p>\n<h2>Ki\u015fiselle\u015ftirilebilen kapakl\u0131 cam kavanozlar<\/h2>\n<ul>\n<li>Masif Ah\u015fap Kapaklar \u2013 Masif bambu, me\u015fe veya ceviz kapaklar.<\/li>\n<li>Kapak Markalamas\u0131 \u2013 Ah\u015fap kapak \u00fczerine kabartma veya lazer kesim logo.<\/li>\n<li>Kabartmal\u0131 Taban Deseni \u2013 Kavanozun taban\u0131na ince kabartmal\u0131 bir desen ekleyin.<\/li>\n<li>Silikon S\u0131zd\u0131rmazl\u0131k Halkas\u0131 Y\u00fckseltmesi \u2013 Yiyeceklerin daha uzun s\u00fcre taze kalmas\u0131 i\u00e7in kapa\u011f\u0131n etraf\u0131na g\u0131da s\u0131n\u0131f\u0131 silikon bir halka eklenmi\u015ftir.<\/li>\n<\/ul>","protected":false},"excerpt":{"rendered":"<p>Y\u00fcksek kaliteli, kapakl\u0131 cam kavanozlar ve do\u011fal ah\u015fap \u00fcst k\u0131s\u0131mlardan olu\u015fan g\u0131da saklama kaplar\u0131. Kilerlerde saklama i\u00e7in idealdir, \u00fccretsiz numuneler mevcuttur.<\/p>","protected":false},"featured_media":4010,"template":"","meta":{"postBodyCss":"","postBodyMargin":[],"postBodyPadding":[],"postBodyBackground":{"backgroundType":"classic","gradient":""}},"product_brand":[],"product_cat":[15,17,61],"product_tag":[],"class_list":{"0":"post-4008","1":"product","2":"type-product","3":"status-publish","4":"has-post-thumbnail","6":"product_cat-glass-containers","7":"product_cat-glass-jars","8":"product_cat-glass-jars-with-lids","10":"first","11":"instock","12":"shipping-taxable","13":"product-type-simple"},"jetpack_sharing_enabled":true,"_links":{"self":[{"href":"https:\/\/minghanggroup.com\/tr\/wp-json\/wp\/v2\/product\/4008","targetHints":{"allow":["GET"]}}],"collection":[{"href":"https:\/\/minghanggroup.com\/tr\/wp-json\/wp\/v2\/product"}],"about":[{"href":"https:\/\/minghanggroup.com\/tr\/wp-json\/wp\/v2\/types\/product"}],"wp:featuredmedia":[{"embeddable":true,"href":"https:\/\/minghanggroup.com\/tr\/wp-json\/wp\/v2\/media\/4010"}],"wp:attachment":[{"href":"https:\/\/minghanggroup.com\/tr\/wp-json\/wp\/v2\/media?parent=4008"}],"wp:term":[{"taxonomy":"product_brand","embeddable":true,"href":"https:\/\/minghanggroup.com\/tr\/wp-json\/wp\/v2\/product_brand?post=4008"},{"taxonomy":"product_cat","embeddable":true,"href":"https:\/\/minghanggroup.com\/tr\/wp-json\/wp\/v2\/product_cat?post=4008"},{"taxonomy":"product_tag","embeddable":true,"href":"https:\/\/minghanggroup.com\/tr\/wp-json\/wp\/v2\/product_tag?post=4008"}],"curies":[{"name":"wp","href":"https:\/\/api.w.org\/{rel}","templated":true}]}}