{"id":4003,"date":"2025-12-23T13:04:02","date_gmt":"2025-12-23T05:04:02","guid":{"rendered":"https:\/\/minghanggroup.com\/?post_type=product&#038;p=4003"},"modified":"2025-12-23T17:22:53","modified_gmt":"2025-12-23T09:22:53","slug":"clesr-empty-small-glass-jars-with-lids-bulk","status":"publish","type":"product","link":"https:\/\/minghanggroup.com\/tr\/urun\/clesr-empty-small-glass-jars-with-lids-bulk\/","title":{"rendered":"120 ml, 210 ml, 260 ml \u015eeffaf Kapakl\u0131 K\u00fc\u00e7\u00fck Cam Kavanozlar (Toptan)"},"content":{"rendered":"<p>Bunlar, koyu ah\u015fap desenli, dokulu kapakl\u0131, borosilikat camdan \u00fcretilmi\u015f k\u00fc\u00e7\u00fck cam kavanozlard\u0131r. \u00dc\u00e7 farkl\u0131 boyutta sunulan bu kavanozlar, mini saklama \u00f6zelli\u011fini \u015f\u0131k ve rustik bir g\u00f6r\u00fcn\u00fcmle birle\u015ftirmek i\u00e7in idealdir.<\/p>\n<h2>\u00dcr\u00fcn \u00d6zellikleri<\/h2>\n<ul>\n<li><strong>Brosilikat Cam:<\/strong> \u00c7ok y\u00fcksek mukavemete, \u0131s\u0131 \u015fokuna dayan\u0131kl\u0131l\u0131\u011fa ve y\u00fcksek \u015feffafl\u0131\u011fa sahiptir.<\/li>\n<li><strong>Koyu Ah\u015fap Desenli Kapak:<\/strong> Ho\u015f bir his veriyor, kavanoza \u015f\u0131k bir dokunu\u015f kat\u0131yor ve ayn\u0131 zamanda kavanozun d\u00fczg\u00fcn bir \u015fekilde kapanmas\u0131n\u0131 sa\u011fl\u0131yor.<\/li>\n<li><strong>\u015eeffaf Kavanoz G\u00f6vdesi:<\/strong> Cam benzeri malzeme, saydam \u00f6zelli\u011fi sayesinde kolayca tan\u0131nabilir, bu nedenle kolayca geri al\u0131nabilir ve y\u0131kanabilir.<\/li>\n<\/ul>\n<h2 style=\"text-align: left;\">Temel \u00d6zellikler<\/h2>\n<table class=\"aligncenter\" style=\"border-collapse: collapse; width: 477.02pt;\" border=\"0\" width=\"636\" cellspacing=\"0\" cellpadding=\"0\">\n<tbody>\n<tr style=\"height: 13.50pt;\">\n<td style=\"height: 13.50pt; width: 107.25pt;\" width=\"143\" height=\"18\">\u015eartname<\/td>\n<td style=\"width: 369.75pt;\" width=\"493\">Detaylar<\/td>\n<\/tr>\n<tr style=\"height: 13.50pt;\">\n<td style=\"height: 13.50pt;\" height=\"18\">Kapasite<\/td>\n<td>120 ml \/ 210 ml \/ 260 ml<\/td>\n<\/tr>\n<tr style=\"height: 13.50pt;\">\n<td style=\"height: 13.50pt;\" height=\"18\">Boyutlar<\/td>\n<td>6,5\u00d75,5 cm \/ 6,5\u00d78 cm \/ 6,5\u00d710,2 cm<\/td>\n<\/tr>\n<tr style=\"height: 13.50pt;\">\n<td style=\"height: 13.50pt;\" height=\"18\">Malzeme<\/td>\n<td>Y\u00fcksek Borosilikat Cam<\/td>\n<\/tr>\n<tr style=\"height: 13.50pt;\">\n<td style=\"height: 13.50pt;\" height=\"18\">Kapak Tipi<\/td>\n<td>Koyu Ah\u015fap Desenli D\u00fcz Kapak<\/td>\n<\/tr>\n<tr style=\"height: 13.50pt;\">\n<td style=\"height: 13.50pt;\" height=\"18\">Kapak \u00c7ap\u0131<\/td>\n<td>65 mm (T\u00fcm boyutlarda ayn\u0131)<\/td>\n<\/tr>\n<tr style=\"height: 13.50pt;\">\n<td style=\"height: 13.50pt;\" height=\"18\">Malzeme \u00d6zelli\u011fi<\/td>\n<td>Is\u0131ya ve Kimyasallara Dayan\u0131kl\u0131, Y\u00fcksek \u015eeffafl\u0131k, \u00c7izilmeye Dayan\u0131kl\u0131<\/td>\n<\/tr>\n<tr style=\"height: 13.50pt;\">\n<td style=\"height: 13.50pt;\" height=\"18\">\u0130deal \u0130\u00e7in<\/td>\n<td>K\u00fc\u00e7\u00fck Cam Kavanozlar, Ah\u015fap Kapakl\u0131 Toplu Cam Kavanozlar<\/td>\n<\/tr>\n<\/tbody>\n<\/table>\n<h2>Ba\u015far\u0131 \u00d6yk\u00fcs\u00fc: Bir Baharat Harmanlama \u015eirketinin Ambalaj Karar\u0131<\/h2>\n<p>210 ml kapasiteli k\u00fc\u00e7\u00fck cam kavanozlar\u0131m\u0131z, profesyonel bir baharat harmanlama \u015firketi taraf\u0131ndan yeni piyasaya s\u00fcr\u00fclen el yap\u0131m\u0131 baharat kar\u0131\u015f\u0131mlar\u0131n\u0131n ambalajlanmas\u0131nda kullan\u0131ld\u0131. Borosilikat cam, ta\u015f\u0131ma a\u00e7\u0131s\u0131ndan \u00e7ok dayan\u0131kl\u0131yd\u0131 ve k\u0131r\u0131lma oran\u0131 minimum %0,3&#039;e d\u00fc\u015f\u00fcr\u00fcld\u00fc. K\u00fc\u00e7\u00fck ve standartla\u015ft\u0131r\u0131lm\u0131\u015f format\u0131, perakende de\u011feri \u00fcr\u00fcnlerini paketlemek i\u00e7in kulland\u0131klar\u0131ndan 45 kat daha fazla olan, muhte\u015fem ve yerden tasarruf sa\u011flayan hediye setleri tasarlamalar\u0131na olanak sa\u011flad\u0131. Y\u00fcksek sat\u0131\u015f hacmi ve olumlu m\u00fc\u015fteri tepkisinin ard\u0131ndan, \u00fcr\u00fcn\u00fcn \u00fclke genelinde tan\u0131t\u0131m\u0131n\u0131 kolayla\u015ft\u0131rmak i\u00e7in 120.000 adet daha kavanoz sipari\u015f ettiler.<\/p>\n<h2>K\u00fc\u00e7\u00fck Cam Kavanoz \u00d6zelle\u015ftirme<\/h2>\n<ul>\n<li>Masif Kapak \u2013 Masif ceviz, abanoz veya akasya a\u011fac\u0131ndan kapaklar ekleyin.<\/li>\n<li>Kapak Grav\u00fcr\u00fc \u2013 Ah\u015fap kapa\u011f\u0131n \u00fczerine lazerle ince logolar, desenler veya yaz\u0131lar i\u015flenir.<\/li>\n<li>Serigrafi Bask\u0131l\u0131 Hacim \u0130\u015faretleri \u2013 K\u00fc\u00e7\u00fck ve \u015f\u0131k \u00f6l\u00e7\u00fc i\u015faretleri ekleyin (\u00f6rne\u011fin, 210 ml).<\/li>\n<li>Silikon S\u0131zd\u0131rmazl\u0131k Halkas\u0131 \u2013 Daha iyi bir s\u0131zd\u0131rmazl\u0131k sa\u011flamak i\u00e7in kapa\u011fa g\u0131da s\u0131n\u0131f\u0131 bir silikon s\u0131zd\u0131rmazl\u0131k halkas\u0131 yerle\u015ftirin.<\/li>\n<\/ul>","protected":false},"excerpt":{"rendered":"<p>\u015eeffaf borosilikat camdan ve ah\u015fap kapaklardan \u00fcretilmi\u015f, \u00e7e\u015fitli boyutlarda k\u00fc\u00e7\u00fck cam kavanozlar. Bu k\u00fc\u00e7\u00fck cam kavanozlar, saklama ihtiya\u00e7lar\u0131na g\u00f6re \u00f6zelle\u015ftirilebilir.<\/p>","protected":false},"featured_media":4005,"template":"","meta":{"postBodyCss":"","postBodyMargin":[],"postBodyPadding":[],"postBodyBackground":{"backgroundType":"classic","gradient":""}},"product_brand":[],"product_cat":[15,17,61],"product_tag":[],"class_list":{"0":"post-4003","1":"product","2":"type-product","3":"status-publish","4":"has-post-thumbnail","6":"product_cat-glass-containers","7":"product_cat-glass-jars","8":"product_cat-glass-jars-with-lids","10":"first","11":"instock","12":"shipping-taxable","13":"product-type-simple"},"jetpack_sharing_enabled":true,"_links":{"self":[{"href":"https:\/\/minghanggroup.com\/tr\/wp-json\/wp\/v2\/product\/4003","targetHints":{"allow":["GET"]}}],"collection":[{"href":"https:\/\/minghanggroup.com\/tr\/wp-json\/wp\/v2\/product"}],"about":[{"href":"https:\/\/minghanggroup.com\/tr\/wp-json\/wp\/v2\/types\/product"}],"wp:featuredmedia":[{"embeddable":true,"href":"https:\/\/minghanggroup.com\/tr\/wp-json\/wp\/v2\/media\/4005"}],"wp:attachment":[{"href":"https:\/\/minghanggroup.com\/tr\/wp-json\/wp\/v2\/media?parent=4003"}],"wp:term":[{"taxonomy":"product_brand","embeddable":true,"href":"https:\/\/minghanggroup.com\/tr\/wp-json\/wp\/v2\/product_brand?post=4003"},{"taxonomy":"product_cat","embeddable":true,"href":"https:\/\/minghanggroup.com\/tr\/wp-json\/wp\/v2\/product_cat?post=4003"},{"taxonomy":"product_tag","embeddable":true,"href":"https:\/\/minghanggroup.com\/tr\/wp-json\/wp\/v2\/product_tag?post=4003"}],"curies":[{"name":"wp","href":"https:\/\/api.w.org\/{rel}","templated":true}]}}