{"id":3993,"date":"2025-12-23T11:02:09","date_gmt":"2025-12-23T03:02:09","guid":{"rendered":"https:\/\/minghanggroup.com\/?post_type=product&#038;p=3993"},"modified":"2026-01-20T13:36:28","modified_gmt":"2026-01-20T05:36:28","slug":"empty-glass-jars-with-lids-bulk","status":"publish","type":"product","link":"https:\/\/minghanggroup.com\/tr\/urun\/empty-glass-jars-with-lids-bulk\/","title":{"rendered":"16oz, 25oz, 32oz Kapakl\u0131 Bo\u015f Cam Kavanozlar (Toptan)"},"content":{"rendered":"<p>Bu 32 oz&#039;luk kapakl\u0131 cam kavanozlar, \u00e7ok \u015feffaf, sa\u011flam ve profesyonel g\u00f6r\u00fcn\u00fcml\u00fc borosilikat camdan \u00fcretilmi\u015ftir. Kavanozla uyumlu bambu ile kaplanm\u0131\u015f d\u00fcz, a\u00e7\u0131k renkli kapak, m\u00fckemmel bir s\u0131zd\u0131rmazl\u0131k sa\u011flarken ayn\u0131 zamanda do\u011fan\u0131n cazibesinden bir par\u00e7a da sunmaktad\u0131r.<\/p>\n<h2>\u00dcr\u00fcn \u00d6zellikleri<\/h2>\n<ul>\n<li><strong>Y\u00fcksek Kaliteli Borosilikat Cam:<\/strong> S\u0131cakl\u0131k de\u011fi\u015fimlerine kar\u015f\u0131 hassas de\u011fildir, kokusuzdur ve dayan\u0131kl\u0131d\u0131r.<\/li>\n<li><strong>A\u00e7\u0131k renkli ah\u015fap s\u0131zd\u0131rmaz kapak tasar\u0131m\u0131:<\/strong> Kapak, iyi bir s\u0131zd\u0131rmazl\u0131k sa\u011flayan ve temiz ve modern bir g\u00f6r\u00fcn\u00fcm sunan bambu deseniyle tasarlanm\u0131\u015ft\u0131r.<\/li>\n<li><strong>\u015eeffaf Kavanoz G\u00f6vdesi:<\/strong> Tamamen \u015feffaf cam kavanoz g\u00f6vdesi, i\u00e7indekilerin g\u00f6r\u00fcnmesini sa\u011flar ve bu sayede kapa\u011f\u0131 a\u00e7maya gerek kalmadan i\u00e7inde ne oldu\u011funu kolayca anlayabilirsiniz.<\/li>\n<\/ul>\n<h2 style=\"text-align: left;\">Temel \u00d6zellikler<\/h2>\n<table class=\"aligncenter\" style=\"border-collapse: collapse; width: 450.77pt;\" border=\"0\" width=\"601\" cellspacing=\"0\" cellpadding=\"0\">\n<tbody>\n<tr style=\"height: 13.50pt;\">\n<td style=\"height: 13.50pt; width: 107.25pt;\" width=\"143\" height=\"18\">\u015eartname<\/td>\n<td style=\"width: 343.50pt;\" width=\"458\">Detaylar<\/td>\n<\/tr>\n<tr style=\"height: 13.50pt;\">\n<td style=\"height: 13.50pt;\" height=\"18\">Kapasite<\/td>\n<td>500 ml (16 oz) \/ 750 ml (25 oz) \/ 1000 ml (32 oz)<\/td>\n<\/tr>\n<tr style=\"height: 13.50pt;\">\n<td style=\"height: 13.50pt;\" height=\"18\">Boyutlar<\/td>\n<td>9\u00d710cm \/ 9\u00d715cm \/ 9\u00d720cm<\/td>\n<\/tr>\n<tr style=\"height: 13.50pt;\">\n<td style=\"height: 13.50pt;\" height=\"18\">Malzeme<\/td>\n<td>Y\u00fcksek Borosilikat Cam<\/td>\n<\/tr>\n<tr style=\"height: 13.50pt;\">\n<td style=\"height: 13.50pt;\" height=\"18\">Kapak Tipi<\/td>\n<td>A\u00e7\u0131k Ah\u015fap Tonlu (Bambu Dokulu) D\u00fcz Kapak<\/td>\n<\/tr>\n<tr style=\"height: 13.50pt;\">\n<td style=\"height: 13.50pt;\" height=\"18\">Kapak \u00c7ap\u0131<\/td>\n<td>90 mm (\u00dcniforma)<\/td>\n<\/tr>\n<tr style=\"height: 13.50pt;\">\n<td style=\"height: 13.50pt;\" height=\"18\">Malzeme \u00d6zelli\u011fi<\/td>\n<td>Is\u0131ya ve Kimyasallara Dayan\u0131kl\u0131, Y\u00fcksek \u015eeffafl\u0131k<\/td>\n<\/tr>\n<tr style=\"height: 13.50pt;\">\n<td style=\"height: 13.50pt;\" height=\"18\">\u0130deal \u0130\u00e7in<\/td>\n<td>Kapakl\u0131 Cam Kavanozlar (Toptan), Ah\u015fap Kapakl\u0131 Bo\u015f Cam Kavanoz<\/td>\n<\/tr>\n<\/tbody>\n<\/table>\n<h2>Ba\u015far\u0131 \u00d6yk\u00fcs\u00fc: Kahve Kavurma Toptan Paketleme Standard\u0131<\/h2>\n<p>B\u00fcy\u00fcyen bir kahve kavurma \u015firketi, kahve \u00e7ekirdeklerinin ana ambalaj\u0131 olarak 32 oz&#039;luk kavanozlar\u0131m\u0131z\u0131 se\u00e7ti. Borosilikat cam\u0131n y\u00fcksek dayan\u0131kl\u0131l\u0131\u011f\u0131, ta\u015f\u0131ma s\u0131ras\u0131nda ve m\u00fc\u015fterilerin elinde cam k\u0131r\u0131lma oranlar\u0131n\u0131 oran\u0131nda azaltt\u0131. Bambu desenli kapak, \u00e7ekirdeklerin birka\u00e7 ay boyunca taze ve \u00e7\u0131t\u0131r kalmas\u0131n\u0131 sa\u011flayan faydal\u0131 bir koruyucu katman sunarak \u00fcr\u00fcn israf\u0131n\u0131 oran\u0131nda azalt\u0131yor. F\u0131r\u0131n daha sonra 150.000 adet daha cam kavanoz sipari\u015fi verdi ve bu ambalaj se\u00e7ene\u011fini di\u011fer \u015fubelerine de yaymay\u0131 planl\u0131yor.<\/p>\n<h2>Kapakl\u0131 Cam Kavanozlar Toplu Sipari\u015f \u00d6zelle\u015ftirme \u00d6nerileri<\/h2>\n<ul>\n<li>G\u0131da s\u0131n\u0131f\u0131 bambu kapaklar: Bambu, dokulu kapa\u011f\u0131n\u0131z\u0131 ger\u00e7ek g\u0131da s\u0131n\u0131f\u0131 bambu kapa\u011fa d\u00f6n\u00fc\u015ft\u00fcrerek daha \u00e7ekici ve do\u011fal hale getirin.<\/li>\n<li>Kapak \u00fczerine s\u0131cak bask\u0131: Logonuzun\/tasar\u0131m\u0131n\u0131z\u0131n s\u0131cak bask\u0131s\u0131n\u0131 kapa\u011f\u0131n tam ortas\u0131na yerle\u015ftirin.<\/li>\n<li>Serigrafi bask\u0131l\u0131 kapasite etiketleri: Hem metrik hem de emperyal birimlerde kal\u0131c\u0131 doldurma sat\u0131rlar\u0131 ekleyin.<\/li>\n<li>Kapak rengi se\u00e7imi: \u0130stedi\u011finiz ah\u015fap desenini se\u00e7in.<\/li>\n<\/ul>","protected":false},"excerpt":{"rendered":"<p>Y\u00fcksek kaliteli kapakl\u0131 cam kavanozlar\u0131 toptan olarak temin edin. 32 oz&#039;luk ve di\u011fer boyutlardaki kavanozlar\u0131m\u0131z dayan\u0131kl\u0131 ve hava ge\u00e7irmezdir. Toplu al\u0131mlar i\u00e7in idealdir. H\u0131zl\u0131 teslimat mevcuttur.<\/p>","protected":false},"featured_media":4000,"template":"","meta":{"postBodyCss":"","postBodyMargin":[],"postBodyPadding":[],"postBodyBackground":{"backgroundType":"classic","gradient":""}},"product_brand":[],"product_cat":[15,17,61],"product_tag":[68,67,70,69],"class_list":{"0":"post-3993","1":"product","2":"type-product","3":"status-publish","4":"has-post-thumbnail","6":"product_cat-glass-containers","7":"product_cat-glass-jars","8":"product_cat-glass-jars-with-lids","9":"product_tag-borosilicate-glass-jars","10":"product_tag-candy-jars","11":"product_tag-seasoning-jars","12":"product_tag-storage-jars","14":"first","15":"instock","16":"shipping-taxable","17":"product-type-simple"},"jetpack_sharing_enabled":true,"_links":{"self":[{"href":"https:\/\/minghanggroup.com\/tr\/wp-json\/wp\/v2\/product\/3993","targetHints":{"allow":["GET"]}}],"collection":[{"href":"https:\/\/minghanggroup.com\/tr\/wp-json\/wp\/v2\/product"}],"about":[{"href":"https:\/\/minghanggroup.com\/tr\/wp-json\/wp\/v2\/types\/product"}],"wp:featuredmedia":[{"embeddable":true,"href":"https:\/\/minghanggroup.com\/tr\/wp-json\/wp\/v2\/media\/4000"}],"wp:attachment":[{"href":"https:\/\/minghanggroup.com\/tr\/wp-json\/wp\/v2\/media?parent=3993"}],"wp:term":[{"taxonomy":"product_brand","embeddable":true,"href":"https:\/\/minghanggroup.com\/tr\/wp-json\/wp\/v2\/product_brand?post=3993"},{"taxonomy":"product_cat","embeddable":true,"href":"https:\/\/minghanggroup.com\/tr\/wp-json\/wp\/v2\/product_cat?post=3993"},{"taxonomy":"product_tag","embeddable":true,"href":"https:\/\/minghanggroup.com\/tr\/wp-json\/wp\/v2\/product_tag?post=3993"}],"curies":[{"name":"wp","href":"https:\/\/api.w.org\/{rel}","templated":true}]}}