{"id":3992,"date":"2025-12-23T11:19:05","date_gmt":"2025-12-23T03:19:05","guid":{"rendered":"https:\/\/minghanggroup.com\/?post_type=product&#038;p=3992"},"modified":"2025-12-23T17:10:05","modified_gmt":"2025-12-23T09:10:05","slug":"high-borosilicate-glass-jars-with-lids-wholesale","status":"publish","type":"product","link":"https:\/\/minghanggroup.com\/tr\/urun\/high-borosilicate-glass-jars-with-lids-wholesale\/","title":{"rendered":"600 ml, 1000 ml, 1350 ml Y\u00fcksek Borosilikat Cam Kavanozlar (Kapakl\u0131) Kuru G\u0131da \u0130\u00e7in Toptan Sat\u0131\u015f"},"content":{"rendered":"<p>\u00dcr\u00fcnlerinizi taze tutmakla kalmay\u0131p ayn\u0131 zamanda markan\u0131z\u0131n g\u00f6rsel olarak da \u00e7ekici g\u00f6r\u00fcnmesini sa\u011flayan l\u00fcks ambalajlara lay\u0131ks\u0131n\u0131z. Her bir kavanozun \u00fcr\u00fcn hikayenizi y\u00fcceltmenin bir arac\u0131 haline geldi\u011fi, do\u011fas\u0131 gere\u011fi ba\u015far\u0131l\u0131 olan kapakl\u0131 cam kavanozlar\u0131 toptan olarak \u00fcretiyoruz.<\/p>\n<h2>\u00dcr\u00fcn \u00d6zellikleri<\/h2>\n<ol>\n<li><strong>Paslanmaz \u00c7elik Kapak Tasar\u0131m\u0131:<\/strong>Y\u00fcksek kaliteli malzemeden \u00fcretilmi\u015f paslanmaz \u00e7elik kapaklar, m\u00fckemmel bir s\u0131zd\u0131rmazl\u0131k sa\u011flaman\u0131n yan\u0131 s\u0131ra, nem ve oksijen giri\u015fini \u00f6nleyerek saklanan \u00fcr\u00fcnlerin uzun s\u00fcre taze kalmas\u0131n\u0131 sa\u011flar.<\/li>\n<li><strong>Temizlemesi Kolay:<\/strong>Toplu halde sat\u0131lan cam saklama kavanozlar\u0131 \u00e7ok kolay temizlenir, koku tutmaz veya renk de\u011fi\u015ftirmez, uzun s\u00fcreli kullan\u0131ma uygundur ve ayn\u0131 zamanda g\u0131da saklama hijyenini ve g\u00fcvenli\u011fini sa\u011flar.<\/li>\n<li><strong>\u00c7ok fonksiyonlu:<\/strong>Kuru meyve, baharat ve \u00e7ay saklamak i\u00e7in m\u00fckemmel olmalar\u0131n\u0131n yan\u0131 s\u0131ra, el sanatlar\u0131, k\u00fc\u00e7\u00fck e\u015fyalar vb. saklamak i\u00e7in de kullan\u0131labilirler, bu nedenle geni\u015f bir uygulama alan\u0131na sahiptirler.<\/li>\n<\/ol>\n<h2>Temel \u00d6zellikler<\/h2>\n<table style=\"border-collapse: collapse; width: 80%; margin-left: auto; margin-right: auto;\" border=\"0\" width=\"288\" cellspacing=\"0\" cellpadding=\"0\">\n<tbody>\n<tr style=\"height: 13.50pt;\">\n<td style=\"height: 13.5pt; width: 54pt; text-align: center;\" width=\"72\" height=\"18\">Kapasite(ml)<\/td>\n<td style=\"width: 54pt; text-align: center;\" width=\"72\">Boyut(cm)<\/td>\n<td style=\"width: 54pt; text-align: center;\" width=\"72\">Malzeme<\/td>\n<td style=\"width: 54pt; text-align: center;\" width=\"72\">\u00d6zellikler<\/td>\n<\/tr>\n<tr style=\"height: 13.50pt;\">\n<td style=\"height: 13.5pt; text-align: center;\" height=\"18\">600<\/td>\n<td style=\"text-align: center;\">9.8 * 10.0<\/td>\n<td class=\"et2\" style=\"text-align: center;\" rowspan=\"3\">Borosilikat Cam<\/td>\n<td class=\"et2\" style=\"text-align: center;\" rowspan=\"3\">D\u00fcz kenarl\u0131, 98 mm paslanmaz \u00e7elik kapak<\/td>\n<\/tr>\n<tr style=\"height: 13.50pt;\">\n<td style=\"height: 13.5pt; text-align: center;\" height=\"18\">1000<\/td>\n<td style=\"text-align: center;\">9.8 * 15.0<\/td>\n<\/tr>\n<tr style=\"height: 13.50pt;\">\n<td style=\"height: 13.5pt; text-align: center;\" height=\"18\">1350<\/td>\n<td style=\"text-align: center;\">9.8 * 20.0<\/td>\n<\/tr>\n<\/tbody>\n<\/table>\n<h2>Toplu Cam Kavanoz Sat\u0131\u015f\u0131n\u0131n Ba\u015far\u0131 \u00d6rne\u011fi<\/h2>\n<p>L\u00fcks bir organik g\u0131da markas\u0131, yeni piyasaya s\u00fcrd\u00fc\u011f\u00fc \u00e7ay ve baharat serisini paketlemek ve sergilemek i\u00e7in bu borosilikat cam kavanozlar\u0131 toplu olarak kulland\u0131. Paslanmaz \u00e7elik kapak eklenmesiyle marka, m\u00fckemmel bir s\u0131zd\u0131rmazl\u0131k sa\u011flaman\u0131n yan\u0131 s\u0131ra, \u015feffaf tasar\u0131m\u0131 sayesinde \u00e7ay ve baharatlar\u0131n t\u00fcm rengini ve dokusunu ortaya \u00e7\u0131kararak daha fazla m\u00fc\u015fteri \u00e7ekti.<\/p>\n<p>\u00dcr\u00fcn yelpazesinin yenilenmesinin ard\u0131ndan markan\u0131n \u00e7ay ve baharat sat\u0131\u015flar\u0131 alt\u0131 ay i\u00e7inde artt\u0131.<\/p>\n<h2>\u00d6zelle\u015ftirme \u0130pu\u00e7lar\u0131n\u0131z<\/h2>\n<p>Bu borosilikat cam kavanozlar\u0131 toplu olarak ki\u015fiselle\u015ftirirken, hedef pazar\u0131n\u0131za ve depolama gereksinimlerinize ba\u011fl\u0131 olarak se\u00e7enekleri esnek bir \u015fekilde se\u00e7meniz \u015fiddetle tavsiye edilir. Bir perakendeci veya restoran sahibi, \u00fcr\u00fcnlerinin \u00f6zelliklerine uyacak \u015fekilde kavanozlar\u0131n kapasitesini ve \u015feklini de\u011fi\u015ftirmeyi d\u00fc\u015f\u00fcnebilir. Daha b\u00fcy\u00fck kavanozlar, toplu kuru g\u0131dalar, tah\u0131llar veya b\u00fcy\u00fck baharat \u015fi\u015feleri i\u00e7in uygun olurken, daha k\u00fc\u00e7\u00fck kavanozlar baharatlar, \u00e7ay veya k\u00fc\u00e7\u00fck paketlenmi\u015f g\u0131dalar i\u00e7in m\u00fckemmel olacakt\u0131r. Ayr\u0131ca, s\u0131zd\u0131rmazl\u0131k kapa\u011f\u0131n\u0131n se\u00e7imi \u00e7ok \u00f6nemlidir. Yiyecekleri uzun s\u00fcre taze tutmak istiyorsan\u0131z, nemi ve havay\u0131 d\u0131\u015far\u0131da tutmak i\u00e7in m\u00fckemmel s\u0131zd\u0131rmazl\u0131k \u00f6zelliklerine sahip paslanmaz \u00e7elik bir kapak tercih etmelisiniz.<\/p>\n<p>Ayr\u0131ca, markan\u0131z\u0131n logosunu, etiketlerini veya desenlerini \u00f6zelle\u015ftirerek pazarda daha fazla \u00fcr\u00fcn tan\u0131n\u0131rl\u0131\u011f\u0131 sa\u011flayabilir ve marka imaj\u0131n\u0131z\u0131 g\u00fc\u00e7lendirebilirsiniz. Ev mutfaklar\u0131 i\u00e7in, i\u015flevselli\u011fin yan\u0131 s\u0131ra, buzlu veya vitray gibi ki\u015fiselle\u015ftirilmi\u015f tasar\u0131mlar da ek bir g\u00fczellik katabilir ve modern bir dokunu\u015f sa\u011flayabilir.<\/p>","protected":false},"excerpt":{"rendered":"<p>Y\u00fcksek borosilikat cam kavanozlar\u0131n toptan sat\u0131\u015f\u0131nda, kuru g\u0131da ve baharat saklamak i\u00e7in ideal olan \u00fcr\u00fcnler sunulmaktad\u0131r. Toplu sipari\u015flerde cam kavanozlara \u00f6zel sipari\u015f imkan\u0131 da mevcuttur.<\/p>","protected":false},"featured_media":3994,"template":"","meta":{"postBodyCss":"","postBodyMargin":[],"postBodyPadding":[],"postBodyBackground":{"backgroundType":"classic","gradient":""}},"product_brand":[],"product_cat":[15,17,61],"product_tag":[],"class_list":{"0":"post-3992","1":"product","2":"type-product","3":"status-publish","4":"has-post-thumbnail","6":"product_cat-glass-containers","7":"product_cat-glass-jars","8":"product_cat-glass-jars-with-lids","10":"first","11":"instock","12":"shipping-taxable","13":"product-type-simple"},"jetpack_sharing_enabled":true,"_links":{"self":[{"href":"https:\/\/minghanggroup.com\/tr\/wp-json\/wp\/v2\/product\/3992","targetHints":{"allow":["GET"]}}],"collection":[{"href":"https:\/\/minghanggroup.com\/tr\/wp-json\/wp\/v2\/product"}],"about":[{"href":"https:\/\/minghanggroup.com\/tr\/wp-json\/wp\/v2\/types\/product"}],"wp:featuredmedia":[{"embeddable":true,"href":"https:\/\/minghanggroup.com\/tr\/wp-json\/wp\/v2\/media\/3994"}],"wp:attachment":[{"href":"https:\/\/minghanggroup.com\/tr\/wp-json\/wp\/v2\/media?parent=3992"}],"wp:term":[{"taxonomy":"product_brand","embeddable":true,"href":"https:\/\/minghanggroup.com\/tr\/wp-json\/wp\/v2\/product_brand?post=3992"},{"taxonomy":"product_cat","embeddable":true,"href":"https:\/\/minghanggroup.com\/tr\/wp-json\/wp\/v2\/product_cat?post=3992"},{"taxonomy":"product_tag","embeddable":true,"href":"https:\/\/minghanggroup.com\/tr\/wp-json\/wp\/v2\/product_tag?post=3992"}],"curies":[{"name":"wp","href":"https:\/\/api.w.org\/{rel}","templated":true}]}}