{"id":3986,"date":"2025-12-23T09:06:08","date_gmt":"2025-12-23T01:06:08","guid":{"rendered":"https:\/\/minghanggroup.com\/?post_type=product&#038;p=3986"},"modified":"2026-01-20T13:37:57","modified_gmt":"2026-01-20T05:37:57","slug":"big-glass-jars-with-wooden-lids-wholesale","status":"publish","type":"product","link":"https:\/\/minghanggroup.com\/tr\/urun\/big-glass-jars-with-wooden-lids-wholesale\/","title":{"rendered":"2750 ml&#039;lik B\u00fcy\u00fck Boy Ah\u015fap Kapakl\u0131 Cam Kavanozlar Toptan Sat\u0131\u015f"},"content":{"rendered":"<p>Bunlar, y\u00fcksek kapasiteli borosilikat camdan yap\u0131lm\u0131\u015f, \u015f\u0131k ve b\u00fcy\u00fck boy kapakl\u0131 cam kavanozlard\u0131r. Kapaklar ayr\u0131ca olduk\u00e7a dokulu koyu ah\u015fap desenle s\u00fcslenmi\u015ftir ve \u015feffaf cam g\u00f6vde, i\u00e7indeki yiyeceklerin i\u00e7eri\u011fini net bir \u015fekilde g\u00f6rmenizi sa\u011flar.<\/p>\n<h2>\u00dcr\u00fcn \u00d6zellikleri<\/h2>\n<ul>\n<li><strong>Y\u00fcksek Is\u0131 \u015eoku Direnci:<\/strong> Bu cam kavanozlar \u0131s\u0131 \u015fokuna kar\u015f\u0131 olduk\u00e7a dayan\u0131kl\u0131d\u0131r ve dondurucudan \u00e7\u0131kar\u0131l\u0131p do\u011frudan f\u0131r\u0131na konuldu\u011funda bile k\u0131r\u0131lmazlar.<\/li>\n<li><strong>G\u00fcvenli S\u0131zd\u0131rmazl\u0131k:<\/strong> Bu hava ge\u00e7irmez kapak, yiyeceklerin tazeli\u011fini korurken nemi d\u0131\u015far\u0131da tutma \u00f6zelli\u011fine sahiptir.<\/li>\n<li><strong>\u015eeffaf ve G\u00f6r\u00fcn\u00fcr Kavanoz G\u00f6vdesi:<\/strong> Bu \u00fcr\u00fcn tamamen \u015feffaf camdan yap\u0131lm\u0131\u015ft\u0131r, bu sayede kapa\u011f\u0131 a\u00e7madan i\u00e7indeki yiyecekleri kolayca g\u00f6rebilir ve tan\u0131mlayabilirsiniz.<\/li>\n<\/ul>\n<h2 style=\"text-align: left;\">Temel \u00d6zellikler<\/h2>\n<table class=\"aligncenter\" style=\"border-collapse: collapse; width: 477.02pt;\" border=\"0\" width=\"636\" cellspacing=\"0\" cellpadding=\"0\">\n<tbody>\n<tr style=\"height: 13.50pt;\">\n<td style=\"height: 13.50pt; width: 107.25pt;\" width=\"143\" height=\"18\">\u015eartname<\/td>\n<td style=\"width: 369.75pt;\" width=\"493\">Detaylar<\/td>\n<\/tr>\n<tr style=\"height: 13.50pt;\">\n<td style=\"height: 13.50pt;\" height=\"18\">Kapasite<\/td>\n<td>2750 ml (2,75 L)<\/td>\n<\/tr>\n<tr style=\"height: 13.50pt;\">\n<td style=\"height: 13.50pt;\" height=\"18\">Boyutlar<\/td>\n<td>14\u00d729,5 cm<\/td>\n<\/tr>\n<tr style=\"height: 13.50pt;\">\n<td style=\"height: 13.50pt;\" height=\"18\">Malzeme<\/td>\n<td>Y\u00fcksek Borosilikat Cam<\/td>\n<\/tr>\n<tr style=\"height: 13.50pt;\">\n<td style=\"height: 13.50pt;\" height=\"18\">Kapak Tipi<\/td>\n<td>Derin Ah\u015fap Desenli D\u00fcz Kapak<\/td>\n<\/tr>\n<tr style=\"height: 13.50pt;\">\n<td style=\"height: 13.50pt;\" height=\"18\">Kapak \u00c7ap\u0131<\/td>\n<td>110 mm (Taban \u00c7ap\u0131)<\/td>\n<\/tr>\n<tr style=\"height: 13.50pt;\">\n<td style=\"height: 13.50pt;\" height=\"18\">Malzeme \u00d6zelli\u011fi<\/td>\n<td>Y\u00fcksek Is\u0131 ve Kimyasal Diren\u00e7, \u00dcst\u00fcn \u015eeffafl\u0131k, Dayan\u0131kl\u0131l\u0131k<\/td>\n<\/tr>\n<tr style=\"height: 13.50pt;\">\n<td style=\"height: 13.50pt;\" height=\"18\">\u0130deal \u0130\u00e7in<\/td>\n<td>Kapakl\u0131 B\u00fcy\u00fck Cam Kavanozlar, Toplu B\u00fcy\u00fck Boy Cam Kavanozlar<\/td>\n<\/tr>\n<\/tbody>\n<\/table>\n<h2>Ba\u015far\u0131 Hikayesi<\/h2>\n<p>Amerikal\u0131 bir \u00f6zel g\u0131da \u00fcreticisi, piyasaya s\u00fcrece\u011fi yeni \u00e7ay ve tah\u0131l \u00fcr\u00fcnleri serisi i\u00e7in ah\u015fap kapakl\u0131 kaliteli cam kavanoz tedarik\u00e7isi bulmak zorundayd\u0131. Peki sonu\u00e7 ne oldu? Bu cam kavanozlar 1500\u00b0C&#039;nin \u00fczerindeki s\u0131cakl\u0131k de\u011fi\u015fimlerinde bile \u00e7atlam\u0131yor; m\u00fckemmel \u015feffafl\u0131klar\u0131 sat\u0131\u015flar\u0131 b\u00fcy\u00fck \u00f6l\u00e7\u00fcde art\u0131rd\u0131; \u00fcr\u00fcnlerin raf \u00f6mr\u00fcnden 40 kat daha uzun s\u00fcre dayanabilen m\u00fckemmel s\u0131zd\u0131rmazl\u0131k \u00f6zellikleri m\u00fc\u015fterileri b\u00fcy\u00fck \u00f6l\u00e7\u00fcde memnun etti ve 200.000 adetlik ek sipari\u015fin de sebebi oldu.<\/p>\n<h2>Kapakl\u0131 B\u00fcy\u00fck Cam Kavanozlar\u0131n Uyarlanmas\u0131na \u0130li\u015fkin \u00d6neriler<\/h2>\n<ul>\n<li>Kapak \u00d6zelle\u015ftirme: \u00c7e\u015fitli ah\u015fap kapaklar aras\u0131ndan se\u00e7im yap\u0131n (\u00f6rne\u011fin a\u00e7\u0131k me\u015fe veya ceviz).<\/li>\n<li>Kapasite Se\u00e7imi: Ba\u015fka kapasitelere mi ihtiyac\u0131n\u0131z var? Kavanozun zarif oranlar\u0131n\u0131 kaybetmeden kapasiteyi de\u011fi\u015ftirebiliyoruz.<\/li>\n<li>Cam Renklendirme: Kavanozlara \u00e7ok hafif renkler (\u00f6rne\u011fin kehribar veya mavi) ekleyerek UV korumas\u0131 sa\u011flamak veya markaya \u00f6zel bir renk kazand\u0131rmak.<\/li>\n<li>Y\u00fczey Dokusu: Kavanoz g\u00f6vdesinin baz\u0131 k\u0131s\u0131mlar\u0131nda asit a\u015f\u0131nd\u0131rma i\u015flemi uygulanm\u0131\u015ft\u0131r; bu da buzlu bir doku olu\u015fturarak tutu\u015fu iyile\u015ftirir.<\/li>\n<li>\u00d6zel S\u0131zd\u0131rmazl\u0131k Geli\u015ftirmesi: Ultra uzun s\u00fcreli tazelik sa\u011flamak i\u00e7in kapa\u011fa dahili nem alma veya vakum s\u0131zd\u0131rmazl\u0131k valfi ekleyin.<\/li>\n<\/ul>","protected":false},"excerpt":{"rendered":"<p>Kapakl\u0131, y\u00fcksek kaliteli b\u00fcy\u00fck cam kavanozlar\u0131m\u0131z\u0131 ke\u015ffedin. Ah\u015fap kapakl\u0131 bu 2,75 litrelik cam kavanozlar dayan\u0131kl\u0131 ve hava ge\u00e7irmezdir. Toplu depolama i\u00e7in m\u00fckemmeldir. \u00dccretsiz \u00f6rnek.<\/p>","protected":false},"featured_media":3988,"template":"","meta":{"postBodyCss":"","postBodyMargin":[],"postBodyPadding":[],"postBodyBackground":{"backgroundType":"classic","gradient":""}},"product_brand":[],"product_cat":[15,17,61],"product_tag":[68,67,69],"class_list":{"0":"post-3986","1":"product","2":"type-product","3":"status-publish","4":"has-post-thumbnail","6":"product_cat-glass-containers","7":"product_cat-glass-jars","8":"product_cat-glass-jars-with-lids","9":"product_tag-borosilicate-glass-jars","10":"product_tag-candy-jars","11":"product_tag-storage-jars","13":"first","14":"instock","15":"shipping-taxable","16":"product-type-simple"},"jetpack_sharing_enabled":true,"_links":{"self":[{"href":"https:\/\/minghanggroup.com\/tr\/wp-json\/wp\/v2\/product\/3986","targetHints":{"allow":["GET"]}}],"collection":[{"href":"https:\/\/minghanggroup.com\/tr\/wp-json\/wp\/v2\/product"}],"about":[{"href":"https:\/\/minghanggroup.com\/tr\/wp-json\/wp\/v2\/types\/product"}],"wp:featuredmedia":[{"embeddable":true,"href":"https:\/\/minghanggroup.com\/tr\/wp-json\/wp\/v2\/media\/3988"}],"wp:attachment":[{"href":"https:\/\/minghanggroup.com\/tr\/wp-json\/wp\/v2\/media?parent=3986"}],"wp:term":[{"taxonomy":"product_brand","embeddable":true,"href":"https:\/\/minghanggroup.com\/tr\/wp-json\/wp\/v2\/product_brand?post=3986"},{"taxonomy":"product_cat","embeddable":true,"href":"https:\/\/minghanggroup.com\/tr\/wp-json\/wp\/v2\/product_cat?post=3986"},{"taxonomy":"product_tag","embeddable":true,"href":"https:\/\/minghanggroup.com\/tr\/wp-json\/wp\/v2\/product_tag?post=3986"}],"curies":[{"name":"wp","href":"https:\/\/api.w.org\/{rel}","templated":true}]}}