{"id":3977,"date":"2025-12-22T17:09:26","date_gmt":"2025-12-22T09:09:26","guid":{"rendered":"https:\/\/minghanggroup.com\/?post_type=product&#038;p=3977"},"modified":"2026-01-20T13:38:40","modified_gmt":"2026-01-20T05:38:40","slug":"high-borosilicate-glass-storage-jars-with-lids-for-snacks-bulk","status":"publish","type":"product","link":"https:\/\/minghanggroup.com\/tr\/urun\/high-borosilicate-glass-storage-jars-with-lids-for-snacks-bulk\/","title":{"rendered":"550 ml \u2013 1950 ml Y\u00fcksek Borosilikat Cam Kapakl\u0131 Saklama Kavanozlar\u0131 (Toptan At\u0131\u015ft\u0131rmal\u0131k Saklama \u0130\u00e7in)"},"content":{"rendered":"<p>\u00dcr\u00fcnlerinizi taze tutacak ve markan\u0131z\u0131n ger\u00e7ekten iyi g\u00f6r\u00fcnmesini sa\u011flayacak ambalajlara ihtiyac\u0131n\u0131z var. Mutfak i\u00e7in m\u00fckemmel olan kapakl\u0131 cam saklama kavanozlar\u0131 \u00fcretiyoruz. Bu geni\u015f a\u011f\u0131zl\u0131 kavanozlar, \u00fcr\u00fcnlerinizin \u00f6ne \u00e7\u0131kmas\u0131na ve markan\u0131z hakk\u0131nda bir hikaye anlatmas\u0131na yard\u0131mc\u0131 olmak i\u00e7in tasarlanm\u0131\u015ft\u0131r. \u00d6nemli olan markan\u0131zd\u0131r ve kapakl\u0131 b\u00fcy\u00fck cam kavanozlar, markan\u0131z\u0131n parlamas\u0131na yard\u0131mc\u0131 olmak i\u00e7in buradad\u0131r.<\/p>\n<h2>\u00dcr\u00fcn \u00d6zellikleri<\/h2>\n<ol>\n<li><strong>Net G\u00f6r\u00fcn\u00fcrl\u00fck Tasar\u0131m\u0131:<\/strong>Mutfak kavanozlar\u0131n\u0131z\u0131n i\u00e7indekileri borosilikat camdan yap\u0131ld\u0131\u011f\u0131 i\u00e7in g\u00f6rebilirsiniz. Bu, geni\u015f a\u011f\u0131zl\u0131 kavanozlar\u0131n\u0131zda ne oldu\u011funu takip etmeyi ger\u00e7ekten kolayla\u015ft\u0131r\u0131r. \u015eeffaf borosilikat cam, mutfak kavanozlar\u0131n\u0131z\u0131n i\u00e7eri\u011fini an\u0131nda g\u00f6rmenizi sa\u011flad\u0131\u011f\u0131 i\u00e7in i\u00e7indekiler konusunda endi\u015felenmenize gerek yok.<\/li>\n<li><strong>Ah\u015fap Kapak Contas\u0131:<\/strong>Bu \u00fcr\u00fcnle birlikte gelen ah\u015fap kapakta bir conta bulunmaktad\u0131r. Bu conta, kapa\u011f\u0131n s\u0131k\u0131ca kapanmas\u0131na yard\u0131mc\u0131 olur. Bu da i\u00e7ine koydu\u011funuz \u015feylerin taze kalaca\u011f\u0131 anlam\u0131na gelir. \u00c7ok miktarda e\u015fya saklamak i\u00e7in ger\u00e7ekten \u00e7ok iyidir. \u0130\u00e7eri\u011fin tazeli\u011fini korumak i\u00e7in contal\u0131 ah\u015fap kapak \u00e7ok \u00f6nemlidir.<\/li>\n<li><strong>\u00c7ok Y\u00f6nl\u00fc Depolama:<\/strong>Bu d\u00fcz kenarl\u0131 cam kavanozlar bal ve \u015furuptan otlara ve kuru \u00fcr\u00fcnlere kadar her \u015feyi saklamak i\u00e7in idealdir; mutfak kavanozlar\u0131 i\u00e7in m\u00fckemmeldir.<\/li>\n<\/ol>\n<h2>Temel \u00d6zellikler<\/h2>\n<table style=\"border-collapse: collapse; width: 80%; margin-left: auto; margin-right: auto;\" border=\"0\" width=\"288\" cellspacing=\"0\" cellpadding=\"0\">\n<tbody>\n<tr style=\"height: 13.50pt;\">\n<td style=\"height: 13.5pt; width: 54pt; text-align: center;\" width=\"72\" height=\"18\">Kapasite(ml)<\/td>\n<td style=\"width: 54pt; text-align: center;\" width=\"72\">Boyut(cm)<\/td>\n<td style=\"width: 54pt; text-align: center;\" width=\"72\">Malzeme<\/td>\n<td style=\"width: 54pt; text-align: center;\" width=\"72\">\u00d6zellikler<\/td>\n<\/tr>\n<tr style=\"height: 13.50pt;\">\n<td style=\"height: 13.5pt; text-align: center;\" align=\"right\" height=\"18\">550<\/td>\n<td style=\"text-align: center;\">10.0 * 10.0<\/td>\n<td class=\"et2\" style=\"text-align: center;\" rowspan=\"6\">Borosilikat Cam<\/td>\n<td class=\"et2\" style=\"text-align: center;\" rowspan=\"6\">D\u00fcz kenarl\u0131, 100 mm ah\u015fap kapak<\/td>\n<\/tr>\n<tr style=\"height: 13.50pt;\">\n<td style=\"height: 13.5pt; text-align: center;\" align=\"right\" height=\"18\">660<\/td>\n<td style=\"text-align: center;\">10.0 * 12.0<\/td>\n<\/tr>\n<tr style=\"height: 13.50pt;\">\n<td style=\"height: 13.5pt; text-align: center;\" align=\"right\" height=\"18\">900<\/td>\n<td style=\"text-align: center;\">10.0 * 15.0<\/td>\n<\/tr>\n<tr style=\"height: 13.50pt;\">\n<td style=\"height: 13.5pt; text-align: center;\" align=\"right\" height=\"18\">1250<\/td>\n<td style=\"text-align: center;\">10.0 * 20.0<\/td>\n<\/tr>\n<tr style=\"height: 13.50pt;\">\n<td style=\"height: 13.5pt; text-align: center;\" align=\"right\" height=\"18\">1500<\/td>\n<td style=\"text-align: center;\">10.0 * 23.0<\/td>\n<\/tr>\n<tr style=\"height: 13.50pt;\">\n<td style=\"height: 13.5pt; text-align: center;\" align=\"right\" height=\"18\">1950<\/td>\n<td style=\"text-align: center;\">10.0 * 28.0<\/td>\n<\/tr>\n<\/tbody>\n<\/table>\n<h2>Ba\u015far\u0131 \u00d6rne\u011fi<\/h2>\n<p>Bu b\u00fcy\u00fck ma\u011faza, yiyecek b\u00f6l\u00fcm\u00fcn\u00fc daha \u00e7ekici hale getirmek i\u00e7in bu cam kavanozlar\u0131 tercih etti. Bu kavanozlar\u0131 at\u0131\u015ft\u0131rmal\u0131klar, \u015fekerlemeler ve makarna gibi \u00fcr\u00fcnleri saklamak i\u00e7in kulland\u0131lar. Kavanozlar harika \u00e7\u00fcnk\u00fc yeniden doldurulmalar\u0131 kolay ve i\u00e7indeki yiyeceklerin sergilenmesi de kolay. Herkes cam\u0131n i\u00e7inden bakarak ne ald\u0131klar\u0131ndan emin olabilir. Dahas\u0131, kavanozlar\u0131n kapaklar\u0131 da her \u015feyi uzun s\u00fcre taze tutuyor.<\/p>\n<p>Ma\u011faza bu kavanozlar\u0131 at\u0131\u015ft\u0131rmal\u0131klar, \u015fekerlemeler, makarna ve di\u011fer kuru g\u0131da \u00fcr\u00fcnleri i\u00e7in verimli bir \u015fekilde kullan\u0131yor. Cam kavanozlar \u015feffaf oldu\u011fundan m\u00fc\u015fteriler yiyecekleri net bir \u015fekilde g\u00f6rebiliyor ve sat\u0131n alma iste\u011fi duyuyorlar. Kavanozlar, yiyecekleri taze tutan kapaklar ve metal klipslerle donat\u0131lm\u0131\u015ft\u0131r.<\/p>\n<p>Bu iyile\u015ftirmeyi uygulamaya koyduktan sonraki d\u00f6rt ay i\u00e7inde, perakendeci kuru g\u0131da ve at\u0131\u015ft\u0131rmal\u0131k sat\u0131\u015flar\u0131nda &#039;lik bir art\u0131\u015f ya\u015fad\u0131; bu yeni ve daha \u00e7ekici \u00fcr\u00fcn sergileme y\u00f6ntemi \u00f6zellikle gen\u00e7 t\u00fcketiciler taraf\u0131ndan be\u011fenildi.<\/p>\n<h2>\u00d6zelle\u015ftirme \u0130pu\u00e7lar\u0131n\u0131z<\/h2>\n<p>Borosilikat saklama kaplar\u0131 se\u00e7erken, kaplar\u0131n boyutunu ve g\u00f6r\u00fcn\u00fcm\u00fcn\u00fc ihtiya\u00e7lar\u0131n\u0131za g\u00f6re uyarlamal\u0131s\u0131n\u0131z. B\u00fcy\u00fck miktarda kuru g\u0131da veya daha b\u00fcy\u00fck \u015feyler saklamay\u0131 planl\u0131yorsan\u0131z, kolayca eri\u015febilece\u011finiz ve yeniden doldurabilece\u011finiz daha b\u00fcy\u00fck hacimli ve geni\u015f a\u011f\u0131zl\u0131 bir kavanoz al\u0131n. Daha k\u00fc\u00e7\u00fck kavanozlar, k\u00fc\u00e7\u00fck \u015feyler veya daha \u00e7ekici bir \u015fekilde sergilenmesi gereken \u00fcr\u00fcnler i\u00e7in daha uygundur. S\u0131zd\u0131rmazl\u0131k \u00e7ok \u00f6nemli oldu\u011fundan, hava ge\u00e7irmezlik sa\u011flayan ve ayn\u0131 zamanda genel g\u00f6r\u00fcn\u00fcm\u00fc iyile\u015ftiren ve do\u011fal bir his veren metal klipsli ve ah\u015fap kapakl\u0131 modelleri se\u00e7meniz \u00f6nerilir. Tasar\u0131m s\u00f6z konusu oldu\u011funda, ah\u015fap kapaklar\u0131 markan\u0131z\u0131n gereksinimlerini kar\u015f\u0131layacak farkl\u0131 renk veya stillere d\u00f6n\u00fc\u015ft\u00fcrebilir ve ayr\u0131ca marka tan\u0131n\u0131rl\u0131\u011f\u0131n\u0131 kolayla\u015ft\u0131rmak ve farkl\u0131 sat\u0131\u015f yerlerine uygun hale getirmek i\u00e7in kavanozlara ki\u015fiselle\u015ftirilmi\u015f logolar veya desenler ekleyebilirsiniz.<\/p>","protected":false},"excerpt":{"rendered":"<p>At\u0131\u015ft\u0131rmal\u0131klar ve kuru g\u0131dalar i\u00e7in ideal, kapakl\u0131 ve geni\u015f a\u011f\u0131zl\u0131 cam saklama kavanozlar\u0131n\u0131n do\u011frudan fabrika sat\u0131\u015flar\u0131. \u00dccretsiz numuneler ve toplu sipari\u015flerde \u00f6zelle\u015ftirme se\u00e7enekleri mevcuttur.<\/p>","protected":false},"featured_media":3985,"template":"","meta":{"postBodyCss":"","postBodyMargin":[],"postBodyPadding":[],"postBodyBackground":{"backgroundType":"classic","gradient":""}},"product_brand":[],"product_cat":[15,17,61],"product_tag":[68,67,70,69],"class_list":{"0":"post-3977","1":"product","2":"type-product","3":"status-publish","4":"has-post-thumbnail","6":"product_cat-glass-containers","7":"product_cat-glass-jars","8":"product_cat-glass-jars-with-lids","9":"product_tag-borosilicate-glass-jars","10":"product_tag-candy-jars","11":"product_tag-seasoning-jars","12":"product_tag-storage-jars","14":"first","15":"instock","16":"shipping-taxable","17":"product-type-simple"},"jetpack_sharing_enabled":true,"_links":{"self":[{"href":"https:\/\/minghanggroup.com\/tr\/wp-json\/wp\/v2\/product\/3977","targetHints":{"allow":["GET"]}}],"collection":[{"href":"https:\/\/minghanggroup.com\/tr\/wp-json\/wp\/v2\/product"}],"about":[{"href":"https:\/\/minghanggroup.com\/tr\/wp-json\/wp\/v2\/types\/product"}],"wp:featuredmedia":[{"embeddable":true,"href":"https:\/\/minghanggroup.com\/tr\/wp-json\/wp\/v2\/media\/3985"}],"wp:attachment":[{"href":"https:\/\/minghanggroup.com\/tr\/wp-json\/wp\/v2\/media?parent=3977"}],"wp:term":[{"taxonomy":"product_brand","embeddable":true,"href":"https:\/\/minghanggroup.com\/tr\/wp-json\/wp\/v2\/product_brand?post=3977"},{"taxonomy":"product_cat","embeddable":true,"href":"https:\/\/minghanggroup.com\/tr\/wp-json\/wp\/v2\/product_cat?post=3977"},{"taxonomy":"product_tag","embeddable":true,"href":"https:\/\/minghanggroup.com\/tr\/wp-json\/wp\/v2\/product_tag?post=3977"}],"curies":[{"name":"wp","href":"https:\/\/api.w.org\/{rel}","templated":true}]}}