{"id":3976,"date":"2025-12-22T16:11:06","date_gmt":"2025-12-22T08:11:06","guid":{"rendered":"https:\/\/minghanggroup.com\/?post_type=product&#038;p=3976"},"modified":"2026-01-20T13:38:59","modified_gmt":"2026-01-20T05:38:59","slug":"clear-large-glass-jars-with-lids-bulk","status":"publish","type":"product","link":"https:\/\/minghanggroup.com\/tr\/urun\/clear-large-glass-jars-with-lids-bulk\/","title":{"rendered":"1250 ml 1950 ml \u015eeffaf B\u00fcy\u00fck Boy Kapakl\u0131 Cam Kavanozlar (Toptan Sat\u0131\u015f)"},"content":{"rendered":"<p>\u00c7ok miktarda saklama kapasitesine sahip bu b\u00fcy\u00fck, kapakl\u0131 cam kavanozlar, dayan\u0131kl\u0131 ve kristal berrakl\u0131\u011f\u0131nda y\u00fcksek borosilikat camdan \u00fcretilmi\u015ftir ve i\u00e7indekiler kolayca g\u00f6r\u00fclebilir. D\u00fcz, koyu renkli ah\u015fap desenli kapak, sadece daha iyi bir s\u0131zd\u0131rmazl\u0131k sa\u011flamakla kalmaz, ayn\u0131 zamanda do\u011fal bir s\u0131cakl\u0131k da sunar.<\/p>\n<h2>\u00dcr\u00fcn \u00d6zellikleri<\/h2>\n<ul>\n<li><strong>\u0130ki Boyut:<\/strong> \u0130ki farkl\u0131 boyut, farkl\u0131 kapasite gereksinimlerine g\u00f6re tasarlanm\u0131\u015ft\u0131r ve bu da depolamada daha fazla esneklik sa\u011flar.<\/li>\n<li><strong>Y\u00fcksek Borosilikat Cam\u0131n Faydalar\u0131:<\/strong> Y\u00fcksek borosilikat camdan \u00fcretilen bu \u00fcr\u00fcn, s\u0131cakl\u0131k de\u011fi\u015fimlerine, kokuya ve dayan\u0131kl\u0131l\u0131\u011fa kar\u015f\u0131 y\u00fcksek diren\u00e7 g\u00f6sterir.<\/li>\n<li><strong>Koyu Ah\u015fap Desenli Kapak Tasar\u0131m\u0131:<\/strong> Ah\u015fap d\u00fcz kapak, hem s\u0131zd\u0131rmazl\u0131k hem de estetik a\u00e7\u0131dan zengin bir dokuya sahip olup, a\u00e7\u0131l\u0131p kapanmas\u0131 da kolayd\u0131r.<\/li>\n<\/ul>\n<h2 style=\"text-align: left;\">Temel \u00d6zellikler<\/h2>\n<table class=\"aligncenter\" style=\"border-collapse: collapse; width: 485.27pt;\" border=\"0\" width=\"647\" cellspacing=\"0\" cellpadding=\"0\">\n<tbody>\n<tr style=\"height: 13.50pt;\">\n<td style=\"height: 13.50pt; width: 107.25pt;\" width=\"143\" height=\"18\">\u015eartname<\/td>\n<td style=\"width: 378.00pt;\" width=\"504\">Detaylar<\/td>\n<\/tr>\n<tr style=\"height: 13.50pt;\">\n<td style=\"height: 13.50pt;\" height=\"18\">Kapasite ve Boyut<\/td>\n<td>1250ml: 11.5\u00d716cm; 1950ml: 13\u00d719.5cm<\/td>\n<\/tr>\n<tr style=\"height: 13.50pt;\">\n<td style=\"height: 13.50pt;\" height=\"18\">Malzeme<\/td>\n<td>Y\u00fcksek Borosilikat Cam<\/td>\n<\/tr>\n<tr style=\"height: 13.50pt;\">\n<td style=\"height: 13.50pt;\" height=\"18\">Kapak Tipi<\/td>\n<td>Derin Ah\u015fap Desenli D\u00fcz Kapak<\/td>\n<\/tr>\n<tr style=\"height: 13.50pt;\">\n<td style=\"height: 13.50pt;\" height=\"18\">Kapak \u00c7ap\u0131<\/td>\n<td>90 mm (D\u00fczg\u00fcn taban \u00e7ap\u0131)<\/td>\n<\/tr>\n<tr style=\"height: 13.50pt;\">\n<td style=\"height: 13.50pt;\" height=\"18\">Malzeme \u00d6zelli\u011fi<\/td>\n<td>Y\u00fcksek Is\u0131 ve Kimyasal Diren\u00e7, \u00dcst\u00fcn \u015eeffafl\u0131k, Dayan\u0131kl\u0131l\u0131k<\/td>\n<\/tr>\n<tr style=\"height: 13.50pt;\">\n<td style=\"height: 13.50pt;\" height=\"18\">\u0130deal \u0130\u00e7in<\/td>\n<td>B\u00fcy\u00fck Boy Kapakl\u0131 Cam Kavanozlar, Toptan Cam Kavanozlar<\/td>\n<\/tr>\n<\/tbody>\n<\/table>\n<h2>Ba\u015far\u0131 \u00d6yk\u00fcs\u00fc: Bir F\u0131r\u0131n\u0131n Toplu Malzeme \u00c7\u00f6z\u00fcm\u00fc<\/h2>\n<p>Kapakl\u0131 1950 ml&#039;lik b\u00fcy\u00fck cam kavanozlar\u0131m\u0131z bir f\u0131r\u0131n i\u015fletmesinde kullan\u0131ld\u0131. \u00d6rnek cam kavanozlar (borosilikat cam), s\u0131cak su ve dezenfektanla g\u00fcnl\u00fck durulama s\u0131ras\u0131nda bu\u011fulanmad\u0131 veya \u00e7atlamad\u0131 ve 12 ay boyunca dayan\u0131kl\u0131l\u0131\u011f\u0131n\u0131n 0&#039;\u00fcn\u00fc korudu. Ah\u015fap desenli hava ge\u00e7irmez kapak, nemi ve ha\u015fereleri etkili bir \u015fekilde koruyarak malzemelerin bozulmas\u0131n\u0131 yakla\u015f\u0131k oran\u0131nda en aza indirdi. Bu y\u00fcksek performans \u00f6zelliklerinin bir sonucu olarak, t\u00fcm depolar\u0131nda standart olarak saklanmak \u00fczere 400.000 adet daha kavanoz sipari\u015f edildi.<\/p>\n<h2>Kapakl\u0131 B\u00fcy\u00fck Cam Kavanozlar Ki\u015fiselle\u015ftirme<\/h2>\n<ul>\n<li>\u00d6zel Kapak Bask\u0131s\u0131 \u2013 Bu hizmete, ah\u015fap kapa\u011f\u0131n y\u00fczeyine \u015firket logonuzun s\u0131cak bask\u0131 veya lazerle kaz\u0131nmas\u0131 se\u00e7ene\u011fi dahildir.<\/li>\n<li>Serigrafi Bask\u0131l\u0131 Kapasite \u0130\u015faretleri - Cam kavanozlar\u0131n \u00fczerinde net ve dayan\u0131kl\u0131 bardak ve litre i\u015faretleri bas\u0131lm\u0131\u015ft\u0131r.<\/li>\n<li>\u00d6zel Ah\u015fap Desenli Boya \u2013 \u0130stedi\u011finiz ah\u015fap desen tonunu se\u00e7in, tonlar abanozdan a\u00e7\u0131k me\u015feye kadar de\u011fi\u015febilir.<\/li>\n<li>Geli\u015ftirilmi\u015f Silikon S\u0131zd\u0131rmazl\u0131k Halkas\u0131 \u2013 Kapaklar, daha iyi s\u0131zd\u0131rmazl\u0131k sa\u011flayan, g\u0131da s\u0131n\u0131f\u0131 silikondan \u00fcretilmi\u015f geli\u015ftirilmi\u015f bir s\u0131zd\u0131rmazl\u0131k halkas\u0131na sahiptir.<\/li>\n<\/ul>\n<p>Toptan \u00fcr\u00fcnlerinizi sistemle\u015ftirmeye haz\u0131r m\u0131s\u0131n\u0131z? Dayan\u0131kl\u0131 ve kullan\u0131\u015fl\u0131 b\u00fcy\u00fck kapasiteli, kapakl\u0131 bu b\u00fcy\u00fck cam kavanozlar\u0131n toptan indirimli fiyatlar\u0131.<\/p>","protected":false},"excerpt":{"rendered":"<p>\u015eeffaf borosilikat camdan \u00fcretilmi\u015f, kapakl\u0131 b\u00fcy\u00fck boy birinci s\u0131n\u0131f cam kavanozlar ve temiz saklama i\u00e7in koyu renkli ah\u015fap d\u00fcz kapaklar. H\u0131zl\u0131 kargo.<\/p>","protected":false},"featured_media":3981,"template":"","meta":{"postBodyCss":"","postBodyMargin":[],"postBodyPadding":[],"postBodyBackground":{"backgroundType":"classic","gradient":""}},"product_brand":[],"product_cat":[15,17,61],"product_tag":[68,67,70,69],"class_list":{"0":"post-3976","1":"product","2":"type-product","3":"status-publish","4":"has-post-thumbnail","6":"product_cat-glass-containers","7":"product_cat-glass-jars","8":"product_cat-glass-jars-with-lids","9":"product_tag-borosilicate-glass-jars","10":"product_tag-candy-jars","11":"product_tag-seasoning-jars","12":"product_tag-storage-jars","14":"first","15":"instock","16":"shipping-taxable","17":"product-type-simple"},"jetpack_sharing_enabled":true,"_links":{"self":[{"href":"https:\/\/minghanggroup.com\/tr\/wp-json\/wp\/v2\/product\/3976","targetHints":{"allow":["GET"]}}],"collection":[{"href":"https:\/\/minghanggroup.com\/tr\/wp-json\/wp\/v2\/product"}],"about":[{"href":"https:\/\/minghanggroup.com\/tr\/wp-json\/wp\/v2\/types\/product"}],"wp:featuredmedia":[{"embeddable":true,"href":"https:\/\/minghanggroup.com\/tr\/wp-json\/wp\/v2\/media\/3981"}],"wp:attachment":[{"href":"https:\/\/minghanggroup.com\/tr\/wp-json\/wp\/v2\/media?parent=3976"}],"wp:term":[{"taxonomy":"product_brand","embeddable":true,"href":"https:\/\/minghanggroup.com\/tr\/wp-json\/wp\/v2\/product_brand?post=3976"},{"taxonomy":"product_cat","embeddable":true,"href":"https:\/\/minghanggroup.com\/tr\/wp-json\/wp\/v2\/product_cat?post=3976"},{"taxonomy":"product_tag","embeddable":true,"href":"https:\/\/minghanggroup.com\/tr\/wp-json\/wp\/v2\/product_tag?post=3976"}],"curies":[{"name":"wp","href":"https:\/\/api.w.org\/{rel}","templated":true}]}}