{"id":3966,"date":"2025-12-22T11:35:06","date_gmt":"2025-12-22T03:35:06","guid":{"rendered":"https:\/\/minghanggroup.com\/?post_type=product&#038;p=3966"},"modified":"2026-01-20T13:39:42","modified_gmt":"2026-01-20T05:39:42","slug":"high-borosilicate-glass-canisters-with-lids-bulk","status":"publish","type":"product","link":"https:\/\/minghanggroup.com\/tr\/urun\/high-borosilicate-glass-canisters-with-lids-bulk\/","title":{"rendered":"500 ml, 800 ml, 1200 ml Y\u00fcksek Borosilikat Cam Kapakl\u0131 Saklama Kaplar\u0131 (Toptan)"},"content":{"rendered":"<p>Bu e\u015fsiz kapakl\u0131 cam kavanozlar, borosilikat camdan yap\u0131lm\u0131\u015f g\u00f6vdelere ve do\u011fal yuvarlak mantar kapaklara sahip olup, s\u0131cak ve rustik bir g\u00f6r\u00fcn\u00fcm sunmaktad\u0131r.<\/p>\n<h2>\u00dcr\u00fcn \u00d6zellikleri<\/h2>\n<ul>\n<li>\u00dcst k\u0131s\u0131mdaki yuvarlak \u015fekil ve yuvarlak mantar, kavisli bir \u015fekilde tasarlanm\u0131\u015f olup, oyunbaz bir g\u00f6r\u00fcn\u00fcm verirken ayn\u0131 zamanda dekoratif bir unsur da olu\u015fturmaktad\u0131r; zira te\u015fhir raflar\u0131 ve masa \u00fcstleri de dahil olmak \u00fczere her t\u00fcrl\u00fc ortamda kullan\u0131labilir ve daha dinamik bir etki yarat\u0131r.<\/li>\n<li>Yuvarlak mantar t\u0131pa, yap\u0131labilecek en iyi s\u0131zd\u0131rmazl\u0131\u011f\u0131 sa\u011flar, ancak \u00f6zel yap\u0131m ah\u015fap bir alternatifi de mevcuttur.<\/li>\n<li>Bu kavanozlar, y\u00fcksek borosilikat cam malzemeden yap\u0131ld\u0131klar\u0131 i\u00e7in \u00e7ok dayan\u0131kl\u0131, \u015feffaf ve \u0131s\u0131ya dayan\u0131kl\u0131d\u0131r ve d\u00fczenli olarak kullan\u0131labilirler.<\/li>\n<\/ul>\n<h2 style=\"text-align: left;\">Temel \u00d6zellikler<\/h2>\n<table class=\"aligncenter\" style=\"border-collapse: collapse; width: 462.02pt;\" border=\"0\" width=\"616\" cellspacing=\"0\" cellpadding=\"0\">\n<tbody>\n<tr style=\"height: 13.50pt;\">\n<td style=\"height: 13.50pt; width: 107.25pt;\" width=\"143\" height=\"18\">\u015eartname<\/td>\n<td style=\"width: 354.75pt;\" width=\"473\">Detaylar<\/td>\n<\/tr>\n<tr style=\"height: 13.50pt;\">\n<td style=\"height: 13.50pt;\" height=\"18\">Kapasite<\/td>\n<td>500 ml \/ 800 ml \/ 1200 ml<\/td>\n<\/tr>\n<tr style=\"height: 13.50pt;\">\n<td style=\"height: 13.50pt;\" height=\"18\">Boyutlar<\/td>\n<td>9\u00d710cm \/ 9\u00d715.5cm \/ 9\u00d720cm<\/td>\n<\/tr>\n<tr style=\"height: 13.50pt;\">\n<td style=\"height: 13.50pt;\" height=\"18\">Malzeme<\/td>\n<td>Y\u00fcksek Borosilikat Cam<\/td>\n<\/tr>\n<tr style=\"height: 13.50pt;\">\n<td style=\"height: 13.50pt;\" height=\"18\">Kavanoz \u015eekli<\/td>\n<td>Yuvarlak, kubbe benzeri tepeye sahip ince g\u00f6vde<\/td>\n<\/tr>\n<tr style=\"height: 13.50pt;\">\n<td style=\"height: 13.50pt;\" height=\"18\">Kapak Tipi<\/td>\n<td>K\u00fcresel Do\u011fal Mantar T\u0131pa (Ah\u015fap Kapak Se\u00e7ene\u011fi Mevcuttur)<\/td>\n<\/tr>\n<tr style=\"height: 13.50pt;\">\n<td style=\"height: 13.50pt;\" height=\"18\">Malzeme \u00d6zelli\u011fi<\/td>\n<td>Y\u00fcksek Is\u0131 ve Kimyasal Diren\u00e7, \u00dcst\u00fcn \u015eeffafl\u0131k<\/td>\n<\/tr>\n<tr style=\"height: 13.50pt;\">\n<td style=\"height: 13.50pt;\" height=\"18\">\u0130deal \u0130\u00e7in<\/td>\n<td>Ah\u015fap Kapakl\u0131 Cam Kavanoz, Hava Ge\u00e7irmez Kapakl\u0131 Cam Kavanozlar<\/td>\n<\/tr>\n<\/tbody>\n<\/table>\n<h2>\u015eirketin Yeniden Markala\u015fmas\u0131: L\u00fcks Bir T\u00fcrk \u00c7ay Markas\u0131<\/h2>\n<p>Premium \u00e7ay markas\u0131, en yeni tek bah\u00e7e koleksiyonunun ambalaj\u0131nda \u200b\u200bart\u0131k sadece 800 ml&#039;lik borosilikat camdan yap\u0131lm\u0131\u015f, ah\u015fap kapakl\u0131 kavanozlar kullan\u0131yor. \u0130lk olarak, s\u00fcrahi \u015feklindeki kavanozlar\u0131n tasar\u0131m\u0131 nedeniyle bu cam kavanozlar\u0131 kapaklarla birle\u015ftirdiler. Borosilikat cam\u0131n y\u00fcksek \u015feffafl\u0131\u011f\u0131, sat\u0131\u015flar\u0131n\u0131 oran\u0131nda art\u0131rd\u0131. Dahas\u0131, yuvarlak mantarlar \u00e7aya m\u00fckemmel bir s\u0131zd\u0131rmazl\u0131k sa\u011flad\u0131 ve aroma daha uzun s\u00fcre korundu. Bu nedenle, kavanozlar pazar\u0131n bu segmentinde ikonik bir \u00fcr\u00fcn haline geldi. \u015eirket taraf\u0131ndan 150.000 adetlik yeni bir sipari\u015f daha verildi.<\/p>\n<h2>Kapakl\u0131 Cam Saklama Kaplar\u0131 \u0130\u00e7in \u00d6zel Tasar\u0131m \u00d6nerileri<\/h2>\n<ul>\n<li><strong>Ah\u015fap Kubbeli \u00dcst K\u0131s\u0131mlar:<\/strong> Mantardan yap\u0131lm\u0131\u015f kapa\u011f\u0131n yerine yuvarlak veya d\u00fcz ah\u015fap bir kubbe \u015feklinde kapak yapabilirsiniz. Kapa\u011f\u0131n t\u00fcr\u00fc, kab\u0131n\u0131z\u0131n mantardan yap\u0131lm\u0131\u015f olandan farkl\u0131 g\u00f6r\u00fcnmesini sa\u011flayacakt\u0131r.<\/li>\n<li><strong>Omuz Ask\u0131s\u0131 Lazer \u0130\u015fleme:<\/strong> Kutunun omuz k\u0131sm\u0131na lazerle kaz\u0131ma y\u00f6ntemiyle logo veya detayl\u0131 bir desen i\u015flenebilir.<\/li>\n<li><strong>Vitray Malzemeleri:<\/strong> \u00dctopik cam: Kab\u0131n \u00fcst k\u0131sm\u0131n\u0131 \u015fekillendirmek i\u00e7in, daha koyu renkli bir camla iki tonlu bir etki yaratacak \u015fekilde, y\u00fcksek berrakl\u0131kta beyaz veya \u015feffaf renkli cam kullan\u0131lmal\u0131d\u0131r.<\/li>\n<li><strong>Mantar T\u0131pa Balmumu M\u00fchr\u00fc:<\/strong> Bu, eski d\u00fcnyan\u0131n nostaljik g\u00f6r\u00fcn\u00fcm\u00fcn\u00fc and\u0131rmak i\u00e7in s\u0131radan mantar t\u0131palara renkli balmumu s\u00fcr\u00fclerek yap\u0131l\u0131r. Bu e\u015fsiz cam kavanozlar ah\u015fap bir kapak kullan\u0131r.<\/li>\n<\/ul>","protected":false},"excerpt":{"rendered":"<p>Y\u00fcksek kaliteli, kapakl\u0131 cam kavanozlar ve ah\u015fap kapakl\u0131 cam kavanozlar, \u015feffaf borosilikat camdan \u00fcretilmi\u015f ve mantar contal\u0131d\u0131r. H\u0131zl\u0131 kargo se\u00e7ene\u011fi mevcuttur.<\/p>","protected":false},"featured_media":3970,"template":"","meta":{"postBodyCss":"","postBodyMargin":[],"postBodyPadding":[],"postBodyBackground":{"backgroundType":"classic","gradient":""}},"product_brand":[],"product_cat":[15,17,61],"product_tag":[68,67,70,69],"class_list":{"0":"post-3966","1":"product","2":"type-product","3":"status-publish","4":"has-post-thumbnail","6":"product_cat-glass-containers","7":"product_cat-glass-jars","8":"product_cat-glass-jars-with-lids","9":"product_tag-borosilicate-glass-jars","10":"product_tag-candy-jars","11":"product_tag-seasoning-jars","12":"product_tag-storage-jars","14":"first","15":"instock","16":"shipping-taxable","17":"product-type-simple"},"jetpack_sharing_enabled":true,"_links":{"self":[{"href":"https:\/\/minghanggroup.com\/tr\/wp-json\/wp\/v2\/product\/3966","targetHints":{"allow":["GET"]}}],"collection":[{"href":"https:\/\/minghanggroup.com\/tr\/wp-json\/wp\/v2\/product"}],"about":[{"href":"https:\/\/minghanggroup.com\/tr\/wp-json\/wp\/v2\/types\/product"}],"wp:featuredmedia":[{"embeddable":true,"href":"https:\/\/minghanggroup.com\/tr\/wp-json\/wp\/v2\/media\/3970"}],"wp:attachment":[{"href":"https:\/\/minghanggroup.com\/tr\/wp-json\/wp\/v2\/media?parent=3966"}],"wp:term":[{"taxonomy":"product_brand","embeddable":true,"href":"https:\/\/minghanggroup.com\/tr\/wp-json\/wp\/v2\/product_brand?post=3966"},{"taxonomy":"product_cat","embeddable":true,"href":"https:\/\/minghanggroup.com\/tr\/wp-json\/wp\/v2\/product_cat?post=3966"},{"taxonomy":"product_tag","embeddable":true,"href":"https:\/\/minghanggroup.com\/tr\/wp-json\/wp\/v2\/product_tag?post=3966"}],"curies":[{"name":"wp","href":"https:\/\/api.w.org\/{rel}","templated":true}]}}