{"id":3958,"date":"2025-12-22T10:11:18","date_gmt":"2025-12-22T02:11:18","guid":{"rendered":"https:\/\/minghanggroup.com\/?post_type=product&#038;p=3958"},"modified":"2026-03-02T15:24:31","modified_gmt":"2026-03-02T07:24:31","slug":"clear-glass-canisters-with-cork-lids-wholesale","status":"publish","type":"product","link":"https:\/\/minghanggroup.com\/tr\/urun\/clear-glass-canisters-with-cork-lids-wholesale\/","title":{"rendered":"150 ml \u2013 1100 ml \u015eeffaf Cam \u015ei\u015feler, Mantar Kapakl\u0131, Toptan Sat\u0131\u015f"},"content":{"rendered":"<p>Bu \u015f\u0131k cam kavanozlar, zamans\u0131z s\u00fct \u015fi\u015fesi tarz\u0131n\u0131 yans\u0131t\u0131yor ve kristal berrakl\u0131\u011f\u0131nda, \u00e7evre dostu y\u00fcksek borosilikat camdan \u00fcretilmi\u015ftir. Do\u011fal mantar t\u0131palar, cam kaplar\u0131n hava ge\u00e7irmez olmas\u0131n\u0131 sa\u011flamakla kalmaz, ayn\u0131 zamanda bu e\u015fsiz cam kavanozlara rustik bir g\u00f6r\u00fcn\u00fcm de kazand\u0131r\u0131r.<\/p>\n<h2>\u00dcr\u00fcn \u00d6zellikleri<\/h2>\n<ul>\n<li><strong>Klasik S\u00fct \u015ei\u015fesi \u015eekli:<\/strong> \u015eeklin ak\u0131\u015f\u0131 \u00e7ok g\u00fczel ve yuvarlak taban\u0131yla birlikte \u00e7ok \u00f6zg\u00fcn ve \u00e7ekici bir tasar\u0131m olu\u015fturuyor.<\/li>\n<li><strong>Do\u011fal Mantar Conta:<\/strong> Do\u011fal mantar, \u00e7ok basit bir s\u0131zd\u0131rmazl\u0131k sa\u011flar ve rustik g\u00f6r\u00fcn\u00fcm\u00fc ho\u015f, taze ve do\u011fal bir dokunu\u015f katar.<\/li>\n<li><strong>\u00dcst\u00fcn Kalite Borosilikat Cam:<\/strong> Cam\u0131 berrak tutarken ayn\u0131 zamanda \u0131s\u0131 \u015fokuna kar\u015f\u0131 da olduk\u00e7a dayan\u0131kl\u0131d\u0131r.<\/li>\n<\/ul>\n<h2 style=\"text-align: left;\">Temel \u00d6zellikler<\/h2>\n<table class=\"aligncenter\" style=\"border-collapse: collapse; width: 462.02pt;\" border=\"0\" width=\"616\" cellspacing=\"0\" cellpadding=\"0\">\n<tbody>\n<tr style=\"height: 13.50pt;\">\n<td style=\"height: 13.50pt; width: 107.25pt;\" width=\"143\" height=\"18\">\u015eartname<\/td>\n<td style=\"width: 354.75pt;\" width=\"473\">Detaylar<\/td>\n<\/tr>\n<tr style=\"height: 13.50pt;\">\n<td style=\"height: 13.50pt;\" height=\"18\">Kapasite<\/td>\n<td>150 ml \/ 300 ml \/ 600 ml \/ 1100 ml<\/td>\n<\/tr>\n<tr style=\"height: 13.50pt;\">\n<td style=\"height: 13.50pt;\" height=\"18\">Boyutlar<\/td>\n<td>6\u00d711cm \/ 6.5\u00d715cm \/ 8\u00d719cm \/ 8.5\u00d726cm<\/td>\n<\/tr>\n<tr style=\"height: 13.50pt;\">\n<td style=\"height: 13.50pt;\" height=\"18\">Malzeme<\/td>\n<td>Y\u00fcksek Borosilikat Cam<\/td>\n<\/tr>\n<tr style=\"height: 13.50pt;\">\n<td style=\"height: 13.50pt;\" height=\"18\">Kapak Tipi<\/td>\n<td>Do\u011fal Mantar T\u0131pa<\/td>\n<\/tr>\n<tr style=\"height: 13.50pt;\">\n<td style=\"height: 13.50pt;\" height=\"18\">Malzeme \u00d6zelli\u011fi<\/td>\n<td>Is\u0131 \u015fokuna dayan\u0131kl\u0131, y\u00fcksek \u015feffafl\u0131k, kimyasal olarak inert<\/td>\n<\/tr>\n<tr style=\"height: 13.50pt;\">\n<td style=\"height: 13.50pt;\" height=\"18\">\u0130deal \u0130\u00e7in<\/td>\n<td>Cam Saklama Kaplar\u0131, Kapakl\u0131 B\u00fcy\u00fck Boy Cam Saklama Kaplar\u0131<\/td>\n<\/tr>\n<\/tbody>\n<\/table>\n<h2>Ba\u015far\u0131 \u00d6yk\u00fcs\u00fc: L\u00fcks Bir S\u00fcpermarkette En \u00c7ok Satan \u00dcr\u00fcn Te\u015fhir Stand\u0131<\/h2>\n<p>\u00dcst s\u0131n\u0131fa hitap eden b\u00fcy\u00fck bir s\u00fcpermarket, toplu kahve ve \u00e7ay b\u00f6l\u00fcm\u00fcnde 600 ml&#039;lik cam kavanozlar\u0131m\u0131z\u0131 \u00f6n plana \u00e7\u0131kard\u0131. Do\u011fal mantar t\u0131palar, s\u0131zd\u0131rmazl\u0131\u011f\u0131 oran\u0131nda art\u0131rarak israf\u0131 b\u00fcy\u00fck \u00f6l\u00e7\u00fcde azaltt\u0131. Bu g\u00f6z al\u0131c\u0131 tasar\u0131ml\u0131 \u00fcr\u00fcn, m\u00fc\u015fterilerin favorisi oldu ve bu da b\u00f6lgedeki m\u00fc\u015fteri trafi\u011finde &#039;lik bir art\u0131\u015fa yol a\u00e7t\u0131. Sat\u0131\u015f verilerine g\u00f6re, bu kavanozlarda sergilenen \u00fcr\u00fcnlerin kendili\u011finden sat\u0131n al\u0131nmas\u0131nda &#039;l\u0131k bir art\u0131\u015f kaydedildi. Bu ba\u015far\u0131n\u0131n ard\u0131ndan s\u00fcpermarket, konsepti t\u00fcm ma\u011faza zincirine yaymak amac\u0131yla 50.000 set daha \u00fcr\u00fcn sipari\u015fi verdi.<\/p>\n<h2>Kapakl\u0131 Cam Saklama Kab\u0131, Ki\u015fiselle\u015ftirme Se\u00e7enekleri<\/h2>\n<ul>\n<li>\u00d6zel Mantar Bask\u0131, Do\u011fal mantar\u0131n \u00fczerine marka logonuzu s\u0131cak bask\u0131 y\u00f6ntemiyle uygulayarak ki\u015fisel bir dokunu\u015f kat\u0131n.<\/li>\n<li>Serigrafi Bask\u0131l\u0131 Kapasite \u0130\u015faretlemesi: \u015ei\u015fenin omuz k\u0131sm\u0131na, se\u00e7ti\u011finiz kelimelerle \u00e7ok hafif ve kal\u0131c\u0131 kapasite i\u015faretlemesi yap\u0131l\u0131r.<\/li>\n<li>Vitray detaylar, UV \u0131\u015f\u0131nlar\u0131na duyarl\u0131 \u00fcr\u00fcnler i\u00e7in a\u00e7\u0131k kehribar veya ye\u015fil cam se\u00e7enekleriyle mevcuttur.<\/li>\n<li>\u00d6zel Mantar Renkleri: \u00c7e\u015fitli do\u011fal tonlar veya renkli balmumu m\u00fch\u00fcrl\u00fc mantarlar aras\u0131ndan se\u00e7im yapabilirsiniz.<\/li>\n<li>Etiket Ask\u0131 Halkas\u0131: \u00dcr\u00fcn etiketlerini asmak i\u00e7in yakaya k\u00fc\u00e7\u00fck bir cam halka veya bir oluk yerle\u015ftirmek bir se\u00e7ene\u011finiz olabilir.<\/li>\n<\/ul>","protected":false},"excerpt":{"rendered":"<p>Zarif cam kavanozlar\u0131m\u0131z\u0131 ke\u015ffedin. Kapakl\u0131 bu s\u00fct \u015fi\u015fesi \u015feklindeki cam kavanoz, do\u011fal mantar contaya sahiptir. Kiler ve mutfak i\u00e7in m\u00fckemmeldir. \u00dccretsiz numuneler.<\/p>","protected":false},"featured_media":3965,"template":"","meta":{"postBodyCss":"","postBodyMargin":[],"postBodyPadding":[],"postBodyBackground":{"backgroundType":"classic","gradient":""}},"product_brand":[],"product_cat":[15,17,61],"product_tag":[68,67,100,70,69],"class_list":{"0":"post-3958","1":"product","2":"type-product","3":"status-publish","4":"has-post-thumbnail","6":"product_cat-glass-containers","7":"product_cat-glass-jars","8":"product_cat-glass-jars-with-lids","9":"product_tag-borosilicate-glass-jars","10":"product_tag-candy-jars","11":"product_tag-glass-coffee-jars","12":"product_tag-seasoning-jars","13":"product_tag-storage-jars","15":"first","16":"instock","17":"shipping-taxable","18":"product-type-simple"},"jetpack_sharing_enabled":true,"_links":{"self":[{"href":"https:\/\/minghanggroup.com\/tr\/wp-json\/wp\/v2\/product\/3958","targetHints":{"allow":["GET"]}}],"collection":[{"href":"https:\/\/minghanggroup.com\/tr\/wp-json\/wp\/v2\/product"}],"about":[{"href":"https:\/\/minghanggroup.com\/tr\/wp-json\/wp\/v2\/types\/product"}],"wp:featuredmedia":[{"embeddable":true,"href":"https:\/\/minghanggroup.com\/tr\/wp-json\/wp\/v2\/media\/3965"}],"wp:attachment":[{"href":"https:\/\/minghanggroup.com\/tr\/wp-json\/wp\/v2\/media?parent=3958"}],"wp:term":[{"taxonomy":"product_brand","embeddable":true,"href":"https:\/\/minghanggroup.com\/tr\/wp-json\/wp\/v2\/product_brand?post=3958"},{"taxonomy":"product_cat","embeddable":true,"href":"https:\/\/minghanggroup.com\/tr\/wp-json\/wp\/v2\/product_cat?post=3958"},{"taxonomy":"product_tag","embeddable":true,"href":"https:\/\/minghanggroup.com\/tr\/wp-json\/wp\/v2\/product_tag?post=3958"}],"curies":[{"name":"wp","href":"https:\/\/api.w.org\/{rel}","templated":true}]}}