{"id":3957,"date":"2025-12-22T10:23:48","date_gmt":"2025-12-22T02:23:48","guid":{"rendered":"https:\/\/minghanggroup.com\/?post_type=product&#038;p=3957"},"modified":"2026-01-20T13:40:21","modified_gmt":"2026-01-20T05:40:21","slug":"straight-sided-huge-glass-jars-with-150mm-lids-bulk","status":"publish","type":"product","link":"https:\/\/minghanggroup.com\/tr\/urun\/straight-sided-huge-glass-jars-with-150mm-lids-bulk\/","title":{"rendered":"3200 ml - 4800 ml D\u00fcz Kenarl\u0131 B\u00fcy\u00fck Boy Cam Kavanozlar, 150 mm Kapakl\u0131, Toplu Sat\u0131\u015f"},"content":{"rendered":"<p>\u00dcr\u00fcnlerinizi taze tutmakla kalmay\u0131p markan\u0131z\u0131n \u00f6ne \u00e7\u0131kmas\u0131na da yard\u0131mc\u0131 olan en y\u00fcksek kalitede ambalaj\u0131 hak ediyorsunuz. Her bir saklama kab\u0131n\u0131n \u00fcr\u00fcn hikayenizi daha \u00fcst bir seviyeye ta\u015f\u0131d\u0131\u011f\u0131, b\u00fcy\u00fck ba\u015far\u0131lar i\u00e7in b\u00fcy\u00fck cam kavanozlar \u00fcretiyoruz.<\/p>\n<h2>\u00dcr\u00fcn \u00d6zellikleri<\/h2>\n<ol>\n<li><strong>Toplu Depolama Kapasitesi:<\/strong> Bal, \u015furup veya m\u00fcsli gibi \u00fcr\u00fcnleri saklamak i\u00e7in ideal olan bu b\u00fcy\u00fck cam kavanozlar, \u00fcr\u00fcn yelpazenizdeki t\u00fcm toplu ve toptan sat\u0131\u015f i\u015flemleri i\u00e7in m\u00fckemmel bir \u00e7\u00f6z\u00fcmd\u00fcr.<\/li>\n<li><strong>Is\u0131ya ve Dayan\u0131kl\u0131l\u0131\u011fa Sahip:<\/strong> G\u00fc\u00e7l\u00fc borosilikat camdan \u00fcretilen bu \u0131s\u0131ya dayan\u0131kl\u0131 cam kavanozlar, ani s\u0131cakl\u0131k de\u011fi\u015fimlerine \u00e7atlamadan dayanabilme \u00f6zelli\u011fiyle m\u00fckemmel g\u0131da saklama kaplar\u0131d\u0131r.<\/li>\n<li><strong>Kolay Eri\u015fim Tasar\u0131m\u0131:<\/strong> 150 mm geni\u015fli\u011findeki a\u011fz\u0131 sayesinde g\u00fcnl\u00fck toptan sat\u0131\u015f i\u015flemleri, doldurma, temizleme ve i\u00e7eri\u011fe eri\u015fme a\u00e7\u0131s\u0131ndan kolayla\u015f\u0131yor.<\/li>\n<\/ol>\n<h2>Temel \u00d6zellikler<\/h2>\n<table style=\"border-collapse: collapse; width: 80%; margin-left: auto; margin-right: auto;\" border=\"0\" width=\"360\" cellspacing=\"0\" cellpadding=\"0\">\n<tbody>\n<tr style=\"height: 13.50pt;\">\n<td style=\"height: 13.5pt; width: 54pt; text-align: center;\" width=\"72\" height=\"18\">Kapasite(ml)<\/td>\n<td style=\"width: 54pt; text-align: center;\" width=\"72\">Boyut (cm)<\/td>\n<td style=\"width: 54pt; text-align: center;\" width=\"72\">A\u011f\u0131z \u00c7ap\u0131<\/td>\n<td style=\"width: 54pt; text-align: center;\" width=\"72\">Malzeme<\/td>\n<td style=\"width: 54pt; text-align: center;\" width=\"72\">\u00d6zellikler<\/td>\n<\/tr>\n<tr style=\"height: 13.50pt;\">\n<td style=\"height: 13.5pt; text-align: center;\" align=\"right\" height=\"18\">3200<\/td>\n<td style=\"text-align: center;\">15.0 x 20.0<\/td>\n<td class=\"et2\" style=\"text-align: center;\" rowspan=\"2\">150 mm<\/td>\n<td class=\"et2\" style=\"text-align: center;\" rowspan=\"2\">Borosilikat<\/td>\n<td class=\"et2\" style=\"text-align: center;\" rowspan=\"2\">D\u00fcz kenarl\u0131, 150 mm kapak<\/td>\n<\/tr>\n<tr style=\"height: 13.50pt;\">\n<td style=\"height: 13.5pt; text-align: center;\" align=\"right\" height=\"18\">4800<\/td>\n<td style=\"text-align: center;\">15.0 x 30.0<\/td>\n<\/tr>\n<\/tbody>\n<\/table>\n<h2>Ba\u015far\u0131 \u00d6rne\u011fi<\/h2>\n<p>Bir g\u0131da bile\u015fenleri toptanc\u0131s\u0131, bu d\u00fcz, kenarl\u0131, yuvarlak, y\u00fcksek borosilikat cam saklama kavanozlar\u0131n\u0131, de\u011fi\u015fimden sonra, b\u00fcy\u00fck miktarlarda baharat tozu ve kuru g\u0131da depolama ve sergileme amac\u0131yla kullanmaya ba\u015flad\u0131. Y\u00fcksek \u015feffafl\u0131klar\u0131 ve geni\u015f kapasiteleri sayesinde, perakende te\u015fhir alanlar\u0131ndaki \u00fcr\u00fcnlerin g\u00f6r\u00fcn\u00fcrl\u00fc\u011f\u00fc \u00f6nemli \u00f6l\u00e7\u00fcde artt\u0131 ve bu da, piyasaya s\u00fcr\u00fclmelerinden sonraki \u00fc\u00e7 ay i\u00e7inde benzer \u00fcr\u00fcnlerin sat\u0131\u015flar\u0131nda yakla\u015f\u0131k &#039;lik bir art\u0131\u015fa yol a\u00e7t\u0131.<\/p>\n<p>Dahas\u0131, m\u00fc\u015fteri ilk sipari\u015fine ek olarak iki adet daha toplu sipari\u015f vermi\u015f olup, bu sayede &#039;\u0131n \u00fczerinde bir yeniden sat\u0131n alma oran\u0131na ula\u015fm\u0131\u015f ve bu kavanoz tipini uzun vadeli, istikrarl\u0131 bir ambalaj \u00e7\u00f6z\u00fcm\u00fc olarak benimsemi\u015ftir.<\/p>\n<h2>\u00d6zelle\u015ftirme \u0130pu\u00e7lar\u0131n\u0131z<\/h2>\n<p>Bu \u00fcr\u00fcn saklama kab\u0131, m\u00fc\u015fterinin sat\u0131\u015f senaryosunun gereksinimlerine ba\u011fl\u0131 olarak son derece esnek bir \u015fekilde de\u011fi\u015ftirilebilir. \u00d6rne\u011fin, kapasitenin a\u00e7\u0131k\u00e7a g\u00f6r\u00fclebilmesi i\u00e7in \u015fi\u015fenin cam\u0131na hacim \u00f6l\u00e7\u00fcleri bas\u0131labilir ve kapak bambu, ah\u015fap veya neme kar\u015f\u0131 daha dayan\u0131kl\u0131 hale getirmek i\u00e7in kal\u0131nla\u015ft\u0131r\u0131lm\u0131\u015f bir s\u0131zd\u0131rmazl\u0131k halkas\u0131ndan yap\u0131labilir. Ayr\u0131ca, m\u00fc\u015fteriler taraf\u0131ndan kolayca fark edilebilecek \u015fekilde, serigrafi bask\u0131, etiketleme veya lazer grav\u00fcr yoluyla kavanoza marka ad\u0131 veya logo yerle\u015ftirme imkan\u0131 da mevcuttur.<\/p>","protected":false},"excerpt":{"rendered":"<p>Y\u00fcksek borosilikat camdan yap\u0131lm\u0131\u015f, 150 mm kapakl\u0131 b\u00fcy\u00fck cam kavanoz. Fabrikadan do\u011frudan tedarik, toplu al\u0131m yapanlar i\u00e7in toplu \u00f6zelle\u015ftirme deste\u011fi. \u00dccretsiz numune.<\/p>","protected":false},"featured_media":3955,"template":"","meta":{"postBodyCss":"","postBodyMargin":[],"postBodyPadding":[],"postBodyBackground":{"backgroundType":"classic","gradient":""}},"product_brand":[],"product_cat":[15,17,61],"product_tag":[68,67,70,69],"class_list":{"0":"post-3957","1":"product","2":"type-product","3":"status-publish","4":"has-post-thumbnail","6":"product_cat-glass-containers","7":"product_cat-glass-jars","8":"product_cat-glass-jars-with-lids","9":"product_tag-borosilicate-glass-jars","10":"product_tag-candy-jars","11":"product_tag-seasoning-jars","12":"product_tag-storage-jars","14":"first","15":"instock","16":"shipping-taxable","17":"product-type-simple"},"jetpack_sharing_enabled":true,"_links":{"self":[{"href":"https:\/\/minghanggroup.com\/tr\/wp-json\/wp\/v2\/product\/3957","targetHints":{"allow":["GET"]}}],"collection":[{"href":"https:\/\/minghanggroup.com\/tr\/wp-json\/wp\/v2\/product"}],"about":[{"href":"https:\/\/minghanggroup.com\/tr\/wp-json\/wp\/v2\/types\/product"}],"wp:featuredmedia":[{"embeddable":true,"href":"https:\/\/minghanggroup.com\/tr\/wp-json\/wp\/v2\/media\/3955"}],"wp:attachment":[{"href":"https:\/\/minghanggroup.com\/tr\/wp-json\/wp\/v2\/media?parent=3957"}],"wp:term":[{"taxonomy":"product_brand","embeddable":true,"href":"https:\/\/minghanggroup.com\/tr\/wp-json\/wp\/v2\/product_brand?post=3957"},{"taxonomy":"product_cat","embeddable":true,"href":"https:\/\/minghanggroup.com\/tr\/wp-json\/wp\/v2\/product_cat?post=3957"},{"taxonomy":"product_tag","embeddable":true,"href":"https:\/\/minghanggroup.com\/tr\/wp-json\/wp\/v2\/product_tag?post=3957"}],"curies":[{"name":"wp","href":"https:\/\/api.w.org\/{rel}","templated":true}]}}