{"id":3949,"date":"2025-12-19T14:31:03","date_gmt":"2025-12-19T06:31:03","guid":{"rendered":"https:\/\/minghanggroup.com\/?post_type=product&#038;p=3949"},"modified":"2026-01-20T13:40:01","modified_gmt":"2026-01-20T05:40:01","slug":"borosilicate-glass-jars-with-wood-lids-bulk","status":"publish","type":"product","link":"https:\/\/minghanggroup.com\/tr\/urun\/borosilicate-glass-jars-with-wood-lids-bulk\/","title":{"rendered":"450 ml \u2013 1550 ml Ah\u015fap Kapakl\u0131 Borosilikat Cam Kavanozlar (Toptan)"},"content":{"rendered":"<p>Bu ah\u015fap kapakl\u0131 cam kavanozlar y\u00fcksek borosilikat camdan \u00fcretilmi\u015ftir. S\u0131\u011f, vidal\u0131 ah\u015fap kapaklar, basit e\u015f merkezli daire desenleriyle s\u00fcslenmi\u015ftir ve b\u00f6ylece hem estetik hem de kullan\u0131\u015fl\u0131l\u0131k sa\u011flamaktad\u0131r.<\/p>\n<h2>\u00dcr\u00fcn \u00d6zellikleri<\/h2>\n<ul>\n<li><strong>Dokulu Ah\u015fap Vidal\u0131 Yap\u0131:<\/strong> Cam kavanozlar, s\u0131k\u0131ca kapanan vidal\u0131 ah\u015fap kapaklarla donat\u0131lm\u0131\u015ft\u0131r; bu sayede tazelik korunur ve nemden uzak tutulur.<\/li>\n<li><strong>Y\u00fcksek Borosilikat Malzeme:<\/strong> Bu cam, ani s\u0131cakl\u0131k de\u011fi\u015fimlerine kar\u015f\u0131 olduk\u00e7a dayan\u0131kl\u0131d\u0131r; normal cama k\u0131yasla k\u0131r\u0131lma veya \u00e7atlama olas\u0131l\u0131\u011f\u0131 daha d\u00fc\u015f\u00fckt\u00fcr.<\/li>\n<li><strong>Sa\u011flam ve \u0130stiflenebilir Yap\u0131:<\/strong> D\u00fcz taban\u0131 ve d\u00fcz duvarlar\u0131 sayesinde, 1550 ml&#039;lik b\u00fcy\u00fck kavanozlar bile g\u00fcvenli ve s\u0131k\u0131 bir \u015fekilde \u00fcst \u00fcste istiflenebilir.<\/li>\n<\/ul>\n<h2 style=\"text-align: left;\">Temel \u00d6zellikler<\/h2>\n<table class=\"aligncenter\" style=\"border-collapse: collapse; width: 535.52pt;\" border=\"0\" width=\"714\" cellspacing=\"0\" cellpadding=\"0\">\n<tbody>\n<tr style=\"height: 13.50pt;\">\n<td style=\"height: 13.50pt; width: 117.00pt;\" width=\"156\" height=\"18\">\u015eartname<\/td>\n<td style=\"width: 418.50pt;\" width=\"558\">Detaylar<\/td>\n<\/tr>\n<tr style=\"height: 13.50pt;\">\n<td style=\"height: 13.50pt;\" height=\"18\">Kapasite<\/td>\n<td>450 ml \/ 750 ml \/ 950 ml \/ 1550 ml<\/td>\n<\/tr>\n<tr style=\"height: 13.50pt;\">\n<td style=\"height: 13.50pt;\" height=\"18\">Boyutlar<\/td>\n<td>9\u00d710cm \/ 9\u00d715cm \/ 9\u00d719cm \/ 9\u00d729.5cm<\/td>\n<\/tr>\n<tr style=\"height: 13.50pt;\">\n<td style=\"height: 13.50pt;\" height=\"18\">Malzeme<\/td>\n<td>Y\u00fcksek borosilikat cam<\/td>\n<\/tr>\n<tr style=\"height: 13.50pt;\">\n<td style=\"height: 13.50pt;\" height=\"18\">Kapak Tipi<\/td>\n<td>Vidal\u0131 ah\u015fap kapak<\/td>\n<\/tr>\n<tr style=\"height: 13.50pt;\">\n<td style=\"height: 13.50pt;\" height=\"18\">Kapak \u00c7ap\u0131<\/td>\n<td>90 mm<\/td>\n<\/tr>\n<tr style=\"height: 13.50pt;\">\n<td style=\"height: 13.50pt;\" height=\"18\">Temel Malzeme \u00d6zelli\u011fi<\/td>\n<td>M\u00fckemmel termal \u015fok direnci, y\u00fcksek dayan\u0131kl\u0131l\u0131k, \u00fcst\u00fcn netlik<\/td>\n<\/tr>\n<tr style=\"height: 13.50pt;\">\n<td style=\"height: 13.50pt;\" height=\"18\">\u0130deal \u0130\u00e7in<\/td>\n<td>Ah\u015fap kapakl\u0131 cam kavanozlar, toptan cam kavanozlar<\/td>\n<\/tr>\n<\/tbody>\n<\/table>\n<h2>Ba\u015far\u0131 \u00d6yk\u00fcs\u00fc: Kalite Tekrarlayan M\u00fc\u015fterileri Nas\u0131l Art\u0131r\u0131r?<\/h2>\n<p>Ah\u015fap kapakl\u0131 y\u00fcksek borosilikat cam kavanozlar\u0131m\u0131z, Kuzey Amerika&#039;daki \u00fcst d\u00fczey bir g\u0131da da\u011f\u0131t\u0131mc\u0131s\u0131n\u0131n tercihi oldu. Ba\u015flang\u0131\u00e7ta 2000 adet sipari\u015f verdiler. Kavanozlar, gereksinimlerine ideal bir \u015fekilde uydu. \u00dcr\u00fcn piyasaya s\u00fcr\u00fcld\u00fckten sonra, nakliye s\u0131ras\u0131nda olu\u015fan hasarlar\u0131 oran\u0131nda azaltt\u0131klar\u0131n\u0131, raf alan\u0131n\u0131 art\u0131rd\u0131klar\u0131n\u0131 ve m\u00fc\u015fterilerin kavanozlar\u0131n tekrar kullan\u0131labilirli\u011finden memnun olduklar\u0131n\u0131 bildirdiler. M\u00fckemmel s\u0131zd\u0131rmazl\u0131k sayesinde \u00e7ay aylarca taze kal\u0131yor. \u00dcr\u00fcn performans\u0131 ve m\u00fc\u015fteri geri bildirimlerine dayanarak, \u00fcr\u00fcn yelpazelerini geni\u015fletmek i\u00e7in hemen 200.000 adetlik bir yeniden sipari\u015f vermeye karar verdiler.<\/p>\n<h2>\u00d6zelle\u015ftirme: Toplu Sipari\u015f \u00d6zelle\u015ftirme \u00d6nerileri<\/h2>\n<p>\u00dcr\u00fcn\u00fcn\u00fcz\u00fc daha ki\u015fisel hale getirmek mi istiyorsunuz? Kapakl\u0131 bu cam kavanozlar, markan\u0131za uyacak \u015fekilde taraf\u0131m\u0131zdan kesinlikle de\u011fi\u015ftirilebilir. \u0130\u015fte \u00fcr\u00fcn i\u00e7in baz\u0131 konseptler:<\/p>\n<ul>\n<li>\u00d6zel Kapak Rengi\/Y\u00fczey Kaplamas\u0131: Ah\u015fap kapaklar\u0131 koyu ceviz veya abanoz tonlar\u0131nda boyayabilir veya marka imaj\u0131n\u0131za uygun renkli bir kaplama ekleyebilirsiniz.<\/li>\n<li>Kapak Markalamas\u0131: \u015eirketinizin logosu, ah\u015fap kapa\u011f\u0131n \u00fczerine do\u011frudan \u0131s\u0131 presleme veya lazerle kaz\u0131ma y\u00f6ntemiyle uygulanabilir; bu da kapa\u011fa \u00e7ok \u015f\u0131k, klasik ve l\u00fcks bir g\u00f6r\u00fcn\u00fcm kazand\u0131r\u0131r.<\/li>\n<li>Serigrafi Bask\u0131: Canl\u0131 grafikler ve marka kimli\u011fi elde etmek i\u00e7in cam g\u00f6vdeye tam renkli, dayan\u0131kl\u0131 bask\u0131lar uygulay\u0131n.<\/li>\n<li>\u00d6zel Kapasite veya Boyut Ayarlamas\u0131: Belirli bir kapasiteye mi ihtiyac\u0131n\u0131z var? \u00dcr\u00fcn\u00fcn\u00fcze m\u00fckemmel \u015fekilde uyacak yeni bir boyut olu\u015fturmak i\u00e7in y\u00fcksekli\u011fi de\u011fi\u015ftirebiliriz.<\/li>\n<\/ul>","protected":false},"excerpt":{"rendered":"<p>\u015eeffaf borosilikat camdan \u00fcretilmi\u015f, ah\u015fap kapakl\u0131 cam kavanozlar ve kapakl\u0131 cam bidonlar, do\u011fal ah\u015fap vidal\u0131 kapaklarla birlikte sunulmaktad\u0131r. Toplu sipari\u015flerde h\u0131zl\u0131 teslimat.<\/p>","protected":false},"featured_media":3953,"template":"","meta":{"postBodyCss":"","postBodyMargin":[],"postBodyPadding":[],"postBodyBackground":{"backgroundType":"classic","gradient":""}},"product_brand":[],"product_cat":[15,17,61],"product_tag":[68,67,70,69],"class_list":{"0":"post-3949","1":"product","2":"type-product","3":"status-publish","4":"has-post-thumbnail","6":"product_cat-glass-containers","7":"product_cat-glass-jars","8":"product_cat-glass-jars-with-lids","9":"product_tag-borosilicate-glass-jars","10":"product_tag-candy-jars","11":"product_tag-seasoning-jars","12":"product_tag-storage-jars","14":"first","15":"instock","16":"shipping-taxable","17":"product-type-simple"},"jetpack_sharing_enabled":true,"_links":{"self":[{"href":"https:\/\/minghanggroup.com\/tr\/wp-json\/wp\/v2\/product\/3949","targetHints":{"allow":["GET"]}}],"collection":[{"href":"https:\/\/minghanggroup.com\/tr\/wp-json\/wp\/v2\/product"}],"about":[{"href":"https:\/\/minghanggroup.com\/tr\/wp-json\/wp\/v2\/types\/product"}],"wp:featuredmedia":[{"embeddable":true,"href":"https:\/\/minghanggroup.com\/tr\/wp-json\/wp\/v2\/media\/3953"}],"wp:attachment":[{"href":"https:\/\/minghanggroup.com\/tr\/wp-json\/wp\/v2\/media?parent=3949"}],"wp:term":[{"taxonomy":"product_brand","embeddable":true,"href":"https:\/\/minghanggroup.com\/tr\/wp-json\/wp\/v2\/product_brand?post=3949"},{"taxonomy":"product_cat","embeddable":true,"href":"https:\/\/minghanggroup.com\/tr\/wp-json\/wp\/v2\/product_cat?post=3949"},{"taxonomy":"product_tag","embeddable":true,"href":"https:\/\/minghanggroup.com\/tr\/wp-json\/wp\/v2\/product_tag?post=3949"}],"curies":[{"name":"wp","href":"https:\/\/api.w.org\/{rel}","templated":true}]}}