{"id":3939,"date":"2025-12-19T10:16:20","date_gmt":"2025-12-19T02:16:20","guid":{"rendered":"https:\/\/minghanggroup.com\/?post_type=product&#038;p=3939"},"modified":"2026-01-20T13:39:51","modified_gmt":"2026-01-20T05:39:51","slug":"square-borosilicate-storage-jars-with-flat-lid-wholesale","status":"publish","type":"product","link":"https:\/\/minghanggroup.com\/tr\/urun\/square-borosilicate-storage-jars-with-flat-lid-wholesale\/","title":{"rendered":"600 ml \u2013 1400 ml Kare Borosilikat Saklama Kavanozlar\u0131, D\u00fcz Kapakl\u0131, Toptan"},"content":{"rendered":"<p>Markan\u0131z, \u00fcr\u00fcnleri taze tutan ve markay\u0131 \u00f6ne \u00e7\u0131karan birinci s\u0131n\u0131f malzemelerden yap\u0131lm\u0131\u015f ambalaj\u0131 hak ediyor. Toptan sat\u0131\u015fta ba\u015far\u0131l\u0131 olan ve her bir saklama kavanozunun \u00fcr\u00fcn hikayenizi g\u00fc\u00e7lendirdi\u011fi cam kavanozlar tasarl\u0131yoruz.<\/p>\n<h2>\u00dcr\u00fcn \u00d6zellikleri<\/h2>\n<ol>\n<li><strong>\u00c7ok Y\u00f6nl\u00fc Depolama Kapasitesi: <\/strong>Bu kare cam saklama kavanozlar\u0131n\u0131 bal, \u015furup, sos veya kuru g\u0131da gibi \u00fcr\u00fcnlerinizi saklamak i\u00e7in kullanabilirsiniz; bu saklama \u00e7\u00f6z\u00fcmleri \u00fcr\u00fcn yelpazenizin her ihtiyac\u0131na m\u00fckemmel uyum sa\u011flar.<\/li>\n<li><strong>Is\u0131ya Dayan\u0131kl\u0131l\u0131k: <\/strong>Y\u00fcksek dayan\u0131kl\u0131l\u0131\u011fa sahip borosilikat camdan \u00fcretilen bu \u0131s\u0131ya dayan\u0131kl\u0131 toptan cam kavanozlar, k\u0131r\u0131lmadan s\u0131cakl\u0131k de\u011fi\u015fimlerine dayanabilir; bu nedenle s\u0131cak ortamlarda saklama i\u00e7in uygundur.<\/li>\n<li><strong>Net G\u00f6r\u00fcn\u00fcrl\u00fck Tasar\u0131m\u0131: <\/strong>\u015eeffaf bir kap, i\u00e7eri\u011fi an\u0131nda g\u00f6rmenizi sa\u011flar; bu da toptan sat\u0131\u015f i\u015flemlerinizde stok y\u00f6netimini \u00e7ok kolayla\u015ft\u0131r\u0131r.<\/li>\n<li><strong>D\u00fcz a\u011f\u0131zl\u0131 tasar\u0131m: <\/strong>Kutunun a\u011f\u0131z \u00e7ap\u0131, \u015fi\u015fe g\u00f6vdesinin \u00e7ap\u0131na e\u015fittir; bu sayede malzemelerin i\u00e7ine konulmas\u0131 ve \u00e7\u0131kar\u0131lmas\u0131 daha kolayd\u0131r. Ayr\u0131ca, d\u00fcz a\u011f\u0131z yap\u0131s\u0131 temizlemeyi ve doldurmay\u0131 kolayla\u015ft\u0131r\u0131r, b\u00f6ylece \u00f6l\u00fc k\u00f6\u015felerde daha az kal\u0131nt\u0131 kal\u0131r.<\/li>\n<\/ol>\n<h2>Temel \u00d6zellikler<\/h2>\n<table style=\"border-collapse: collapse; width: 80%; margin-left: auto; margin-right: auto;\" border=\"0\" width=\"360\" cellspacing=\"0\" cellpadding=\"0\">\n<tbody>\n<tr style=\"height: 13.50pt;\">\n<td style=\"height: 13.5pt; width: 54pt; text-align: center;\" width=\"72\" height=\"18\">Kapasite(ml)<\/td>\n<td style=\"width: 54pt; text-align: center;\" width=\"72\">Boyut (cm)<\/td>\n<td style=\"width: 54pt; text-align: center;\" width=\"72\">A\u011f\u0131z \u00c7ap\u0131 (mm)<\/td>\n<td style=\"width: 54pt; text-align: center;\" width=\"72\">Malzeme<\/td>\n<td style=\"width: 54pt; text-align: center;\" width=\"72\">\u00d6zellikler<\/td>\n<\/tr>\n<tr style=\"height: 13.50pt;\">\n<td style=\"height: 13.5pt; text-align: center;\" align=\"right\" height=\"18\">600<\/td>\n<td style=\"text-align: center;\">10 x 10 x 10,5<\/td>\n<td class=\"et2\" style=\"text-align: center;\" rowspan=\"5\">94\u00d7100<\/td>\n<td class=\"et2\" style=\"text-align: center;\" rowspan=\"5\">Borosilikat<\/td>\n<td class=\"et2\" style=\"text-align: center;\" rowspan=\"5\">Kare, d\u00fcz kenarl\u0131<\/td>\n<\/tr>\n<tr style=\"height: 13.50pt;\">\n<td style=\"height: 13.5pt; text-align: center;\" align=\"right\" height=\"18\">800<\/td>\n<td style=\"text-align: center;\">10 x 10 x 13<\/td>\n<\/tr>\n<tr style=\"height: 13.50pt;\">\n<td style=\"height: 13.5pt; text-align: center;\" align=\"right\" height=\"18\">1000<\/td>\n<td style=\"text-align: center;\">10 x 10 x 16<\/td>\n<\/tr>\n<tr style=\"height: 13.50pt;\">\n<td style=\"height: 13.5pt; text-align: center;\" align=\"right\" height=\"18\">1200<\/td>\n<td style=\"text-align: center;\">10 x 10 x 19<\/td>\n<\/tr>\n<tr style=\"height: 13.50pt;\">\n<td style=\"height: 13.5pt; text-align: center;\" align=\"right\" height=\"18\">1400<\/td>\n<td style=\"text-align: center;\">10 x 10 x 21<\/td>\n<\/tr>\n<\/tbody>\n<\/table>\n<h2>Ba\u015far\u0131 \u00d6rne\u011fi<\/h2>\n<p>Orijinal yuvarlak, s\u0131radan cam kavanozlar kullanan s\u0131n\u0131r \u00f6tesi bir ev e\u015fyas\u0131 markas\u0131n\u0131n yenileme projesinin bir par\u00e7as\u0131 olarak, bu kare, d\u00fcz a\u011f\u0131zl\u0131 borosilikat cam toptan kavanozlar ana de\u011fi\u015fiklik oldu. D\u00fcz a\u011f\u0131zl\u0131 yap\u0131n\u0131n getirdi\u011fi iyile\u015ftirilmi\u015f s\u0131zd\u0131rmazl\u0131k ve daha \u00e7ekici g\u00f6r\u00fcn\u00fcm sayesinde, e-ticaret platformundaki mutfak depolama kategorisindeki m\u00fc\u015fteri d\u00f6n\u00fc\u015f\u00fcm oran\u0131 lansmandan sonraki \u00fc\u00e7 ay i\u00e7inde yakla\u015f\u0131k artt\u0131 ve t\u00fcm saklama kavanozu setinin yeniden sat\u0131n alma oran\u0131 da yakla\u015f\u0131k y\u00fckseldi. Bir\u00e7ok son t\u00fcketici, d\u00fcz a\u011f\u0131zl\u0131 tasar\u0131m\u0131n temizli\u011fi kolayla\u015ft\u0131rd\u0131\u011f\u0131n\u0131 ve daha stabil istifleme sa\u011flad\u0131\u011f\u0131n\u0131 belirtti; bu nedenle bu seri \u00e7ok k\u0131sa s\u00fcrede markan\u0131n uzun vadeli amiral gemisi \u00fcr\u00fcn\u00fc haline geldi ve m\u00fc\u015fteriler alt\u0131 ay i\u00e7inde iki adet daha toplu sipari\u015f vermeye motive oldular.<\/p>\n<h2>\u00d6zelle\u015ftirme \u0130pu\u00e7lar\u0131n\u0131z<\/h2>\n<p>Bu \u00f6zel yap\u0131m kare, d\u00fcz a\u011f\u0131zl\u0131 borosilikat cam saklama kavanozlar\u0131n\u0131n detaylar\u0131, hedef pazara ve kullan\u0131m senaryosuna ba\u011fl\u0131 olarak esnek bir \u015fekilde de\u011fi\u015ftirilebilir. \u00d6rne\u011fin, daha y\u00fcksek \u0131\u015f\u0131k ge\u00e7irgenli\u011fine sahip borosilikat cam se\u00e7ilebilir ve toptan cam kavanozlar\u0131n boyutlar\u0131, g\u0131da perakendecili\u011fi veya hediye kutular\u0131n\u0131n raf d\u00fczenlemelerini g\u00f6rsel olarak daha d\u00fczenli ve \u00e7ekici hale getirmek i\u00e7in optimize edilebilir; kapak konusunda ise, d\u00fcz a\u011f\u0131zl\u0131 yap\u0131ya ek olarak, daha fazla marka tan\u0131n\u0131rl\u0131\u011f\u0131 sa\u011flamak i\u00e7in \u00e7e\u015fitli malzemeler veya renklerde s\u0131zd\u0131rmazl\u0131k halkalar\u0131 ve kapak y\u00fczey i\u015flemleri de\u011fi\u015ftirilebilir.<\/p>","protected":false},"excerpt":{"rendered":"<p>Y\u00fcksek borosilikat camdan \u00fcretilmi\u015f toptan cam kavanozlar. Bu saklama kavanozlar\u0131 \u00f6zelle\u015ftirilebilir, markalar ve perakendeciler i\u00e7in toptan sat\u0131\u015fa sunulmaktad\u0131r. Fabrikadan do\u011frudan sat\u0131\u015f!<\/p>","protected":false},"featured_media":3944,"template":"","meta":{"postBodyCss":"","postBodyMargin":[],"postBodyPadding":[],"postBodyBackground":{"backgroundType":"classic","gradient":""}},"product_brand":[],"product_cat":[15,17,61],"product_tag":[68,67,70,69],"class_list":{"0":"post-3939","1":"product","2":"type-product","3":"status-publish","4":"has-post-thumbnail","6":"product_cat-glass-containers","7":"product_cat-glass-jars","8":"product_cat-glass-jars-with-lids","9":"product_tag-borosilicate-glass-jars","10":"product_tag-candy-jars","11":"product_tag-seasoning-jars","12":"product_tag-storage-jars","14":"first","15":"instock","16":"shipping-taxable","17":"product-type-simple"},"jetpack_sharing_enabled":true,"_links":{"self":[{"href":"https:\/\/minghanggroup.com\/tr\/wp-json\/wp\/v2\/product\/3939","targetHints":{"allow":["GET"]}}],"collection":[{"href":"https:\/\/minghanggroup.com\/tr\/wp-json\/wp\/v2\/product"}],"about":[{"href":"https:\/\/minghanggroup.com\/tr\/wp-json\/wp\/v2\/types\/product"}],"wp:featuredmedia":[{"embeddable":true,"href":"https:\/\/minghanggroup.com\/tr\/wp-json\/wp\/v2\/media\/3944"}],"wp:attachment":[{"href":"https:\/\/minghanggroup.com\/tr\/wp-json\/wp\/v2\/media?parent=3939"}],"wp:term":[{"taxonomy":"product_brand","embeddable":true,"href":"https:\/\/minghanggroup.com\/tr\/wp-json\/wp\/v2\/product_brand?post=3939"},{"taxonomy":"product_cat","embeddable":true,"href":"https:\/\/minghanggroup.com\/tr\/wp-json\/wp\/v2\/product_cat?post=3939"},{"taxonomy":"product_tag","embeddable":true,"href":"https:\/\/minghanggroup.com\/tr\/wp-json\/wp\/v2\/product_tag?post=3939"}],"curies":[{"name":"wp","href":"https:\/\/api.w.org\/{rel}","templated":true}]}}