{"id":3938,"date":"2025-12-19T09:06:50","date_gmt":"2025-12-19T01:06:50","guid":{"rendered":"https:\/\/minghanggroup.com\/?post_type=product&#038;p=3938"},"modified":"2026-01-20T13:40:49","modified_gmt":"2026-01-20T05:40:49","slug":"clear-jars-with-wooden-lids-for-food-storage-bulk","status":"publish","type":"product","link":"https:\/\/minghanggroup.com\/tr\/urun\/clear-jars-with-wooden-lids-for-food-storage-bulk\/","title":{"rendered":"250 ml \u2013 1550 ml Ah\u015fap Kapakl\u0131 \u015eeffaf G\u0131da Saklama Kavanozlar\u0131 (Toptan)"},"content":{"rendered":"<p>Bu ah\u015fap kapakl\u0131 kavanozlar, \u015feffaf borosilikat camdan \u00fcretilmi\u015ftir. Denge sa\u011flamak i\u00e7in yuvarlak kenarlar ve hafif\u00e7e y\u00fckseltilmi\u015f bir taban kullan\u0131lm\u0131\u015ft\u0131r. Do\u011fal dokulara sahip s\u0131cak ah\u015fap desenli kapaklarla bir araya getirilen bu kavanozlar, saklama kolayl\u0131\u011f\u0131 sayesinde en s\u0131radan e\u015fyalar\u0131n\u0131z\u0131 bile herhangi bir odaya ho\u015f bir katk\u0131 haline getirir.<\/p>\n<h2>\u00dcr\u00fcn \u00d6zellikleri<\/h2>\n<ul>\n<li><strong>Y\u00fcksek Borosilikat Cam \u00d6zellikleri:<\/strong> Kavanozlar, y\u00fcksek borosilikat kalitesinde camdan \u00fcretilmi\u015ftir; bu da onlar\u0131 s\u0131cakl\u0131k de\u011fi\u015fimlerine dayan\u0131kl\u0131, kokusuz ve uzun \u00f6m\u00fcrl\u00fc k\u0131lar, b\u00f6ylece hem s\u0131cak hem de so\u011fuk yiyeceklerin g\u00fcvenli bir \u015fekilde saklanmas\u0131 garanti edilir.<\/li>\n<li><strong>Ah\u015fap Desenli D\u00fcz Kapak Tasar\u0131m\u0131:<\/strong> Do\u011fal dokulu ve tek par\u00e7a halinde \u00fcretilmi\u015f ah\u015fap desenli d\u00fcz kapak, s\u0131zd\u0131rmazl\u0131k \u00f6zelliklerini estetik g\u00f6r\u00fcn\u00fcmle birle\u015ftirerek, evinizin genel g\u00f6r\u00fcn\u00fcm\u00fcn\u00fc iyile\u015ftirmenin yan\u0131 s\u0131ra kolay a\u00e7\u0131l\u0131p kapanma imkan\u0131 da sunar.<\/li>\n<li><strong>Y\u00fckseltilmi\u015f Taban Dengesi:<\/strong> Yuvarlakla\u015ft\u0131r\u0131lm\u0131\u015f ve y\u00fckseltilmi\u015f taban yap\u0131s\u0131, dengeye katk\u0131da bulunur; bu nedenle, masa\u00fcstlerine, dolaplara veya di\u011fer te\u015fhir yerlerine yerle\u015ftirildiklerinde devrilmezler.<\/li>\n<\/ul>\n<h2 style=\"text-align: left;\">Temel \u00d6zellikler<\/h2>\n<table class=\"aligncenter\" style=\"border-collapse: collapse; width: 494.27pt;\" border=\"0\" width=\"100%\" cellspacing=\"0\" cellpadding=\"0\">\n<tbody>\n<tr style=\"height: 13.50pt;\">\n<td style=\"height: 13.50pt; width: 150.00pt;\" width=\"200\" height=\"18\">\u00d6zellik<\/td>\n<td style=\"width: 344.25pt;\" width=\"459\">Detaylar<\/td>\n<\/tr>\n<tr style=\"height: 13.50pt;\">\n<td style=\"height: 13.50pt;\" height=\"18\">Kapasite<\/td>\n<td>250 ml \/ 450 ml \/ 750 ml \/ 950 ml \/ 1550 ml<\/td>\n<\/tr>\n<tr style=\"height: 13.50pt;\">\n<td style=\"height: 13.50pt;\" height=\"18\">Boyutlar<\/td>\n<td>7\u00d79 cm \/ 10\u00d79 cm \/ 15\u00d79 cm \/ 19\u00d79 cm \/ 29,5\u00d79 cm<\/td>\n<\/tr>\n<tr style=\"height: 13.50pt;\">\n<td style=\"height: 13.50pt;\" height=\"18\">Malzeme<\/td>\n<td>Y\u00fcksek borosilikat cam<\/td>\n<\/tr>\n<tr style=\"height: 13.50pt;\">\n<td style=\"height: 13.50pt;\" height=\"18\">Kapak Tipi<\/td>\n<td>Do\u011fal ah\u015fap dokusuna sahip, g\u00f6mme montajl\u0131 d\u00fcz ah\u015fap kapak.<\/td>\n<\/tr>\n<tr style=\"height: 13.50pt;\">\n<td style=\"height: 13.50pt;\" height=\"18\">Kapak \u00c7ap\u0131<\/td>\n<td>90 mm (t\u00fcm boyutlarda standart)<\/td>\n<\/tr>\n<tr style=\"height: 13.50pt;\">\n<td style=\"height: 13.50pt;\" height=\"18\">Borosilikat\u0131n Avantajlar\u0131<\/td>\n<td>Is\u0131 \u015fokuna dayan\u0131kl\u0131d\u0131r (\u0394T \u2265 150\u00b0C), kimyasal olarak inerttir.<\/td>\n<\/tr>\n<tr style=\"height: 13.50pt;\">\n<td style=\"height: 13.50pt;\" height=\"18\">\u0130deal \u0130\u00e7in<\/td>\n<td>Ah\u015fap kapakl\u0131 kavanozlar, kapakl\u0131 g\u0131da saklama kaplar\u0131<\/td>\n<\/tr>\n<\/tbody>\n<\/table>\n<h2>Ba\u015far\u0131 \u00d6yk\u00fcs\u00fc: Bir G\u0131da Perakendecisinin G\u00f6rsel Ma\u011fazac\u0131l\u0131k Ba\u015far\u0131 \u00d6yk\u00fcs\u00fc<\/h2>\n<p>\u00d6zel bir g\u0131da perakendecisi, \u015feffaf kavanoz serimizin tamam\u0131n\u0131 kullanarak kuru g\u0131da b\u00f6l\u00fcm\u00fcn\u00fcn g\u00f6rsel d\u00fczenlemesini ger\u00e7ekle\u015ftirdi ve bu da 8.000 adetlik ilk sipari\u015fe yol a\u00e7t\u0131. Sonu\u00e7 m\u00fckemmeldi; borosilikat cam kavanozlar \u00e7ok sa\u011flam oldu\u011fundan, ta\u015f\u0131ma ve temizleme s\u00fcrecinde ana k\u0131r\u0131lma nedeni olan k\u0131r\u0131lma oran\u0131 oran\u0131nda azald\u0131. Ah\u015fap desenli kapaklar, kahve ve baharat gibi \u00fcr\u00fcnler i\u00e7in daha uzun s\u00fcreli s\u0131zd\u0131rmazl\u0131k sa\u011fl\u0131yor. Benzersiz yuvarlak taban tasar\u0131m\u0131, raf\u0131 daha stabil hale getiriyor ve devrilme olas\u0131l\u0131\u011f\u0131n\u0131 &#039;e kadar azalt\u0131yor. M\u00fc\u015fteri, \u00fcr\u00fcn\u00fcn performans\u0131ndan o kadar memnun kald\u0131 ki, t\u00fcm ambalaj zinciri i\u00e7in 150.000 adet cam kavanozluk ek bir sipari\u015f verdi.<\/p>\n<h2>Ah\u015fap Kapakl\u0131 Kavanozlar Ki\u015fiselle\u015ftirme Se\u00e7enekleri<\/h2>\n<ul>\n<li>Ah\u015fap desenli kapa\u011f\u0131 bambu, kay\u0131n veya akasya a\u011fac\u0131ndan yap\u0131lm\u0131\u015f d\u00fcz bir kapakla de\u011fi\u015ftirerek.<\/li>\n<li>Kapak grav\u00fcr\u00fc \u2013 Ah\u015fap kapak y\u00fczeyine m\u00fc\u015fteri logolar\u0131n\u0131n, motiflerinin veya metinlerinin lazerle grav\u00fcrlenmesi.<\/li>\n<li>Serigrafi bask\u0131l\u0131 degrade i\u015faretler \u2013 Kavanozun yan taraf\u0131na bas\u0131lm\u0131\u015f, zarif ve kal\u0131c\u0131 kapasite i\u015faretleri.<\/li>\n<li>Buzlu taban \u2013 Kum p\u00fcsk\u00fcrtme i\u015flemiyle elde edilen, kabartmal\u0131 tabana uygulanan zarif mat bir g\u00f6r\u00fcn\u00fcm.<\/li>\n<li>Renkli silikon s\u0131zd\u0131rmazl\u0131k halkalar\u0131 \u2013 \u00c7e\u015fitli g\u0131da s\u0131n\u0131f\u0131 silikon i\u00e7 s\u0131zd\u0131rmazl\u0131k halkas\u0131 renkleri aras\u0131ndan se\u00e7im yap\u0131labilir.<\/li>\n<\/ul>","protected":false},"excerpt":{"rendered":"<p>Ah\u015fap kapakl\u0131, kristal berrakl\u0131\u011f\u0131nda borosilikat camdan \u00fcretilmi\u015f, \u00e7e\u015fitli boyutlarda, kilerlerde saklamaya uygun birinci s\u0131n\u0131f kavanozlar. \u00dccretsiz numuneler mevcuttur.<\/p>","protected":false},"featured_media":3941,"template":"","meta":{"postBodyCss":"","postBodyMargin":[],"postBodyPadding":[],"postBodyBackground":{"backgroundType":"classic","gradient":""}},"product_brand":[],"product_cat":[15,17,61],"product_tag":[68,67,70,69],"class_list":{"0":"post-3938","1":"product","2":"type-product","3":"status-publish","4":"has-post-thumbnail","6":"product_cat-glass-containers","7":"product_cat-glass-jars","8":"product_cat-glass-jars-with-lids","9":"product_tag-borosilicate-glass-jars","10":"product_tag-candy-jars","11":"product_tag-seasoning-jars","12":"product_tag-storage-jars","14":"first","15":"instock","16":"shipping-taxable","17":"product-type-simple"},"jetpack_sharing_enabled":true,"_links":{"self":[{"href":"https:\/\/minghanggroup.com\/tr\/wp-json\/wp\/v2\/product\/3938","targetHints":{"allow":["GET"]}}],"collection":[{"href":"https:\/\/minghanggroup.com\/tr\/wp-json\/wp\/v2\/product"}],"about":[{"href":"https:\/\/minghanggroup.com\/tr\/wp-json\/wp\/v2\/types\/product"}],"wp:featuredmedia":[{"embeddable":true,"href":"https:\/\/minghanggroup.com\/tr\/wp-json\/wp\/v2\/media\/3941"}],"wp:attachment":[{"href":"https:\/\/minghanggroup.com\/tr\/wp-json\/wp\/v2\/media?parent=3938"}],"wp:term":[{"taxonomy":"product_brand","embeddable":true,"href":"https:\/\/minghanggroup.com\/tr\/wp-json\/wp\/v2\/product_brand?post=3938"},{"taxonomy":"product_cat","embeddable":true,"href":"https:\/\/minghanggroup.com\/tr\/wp-json\/wp\/v2\/product_cat?post=3938"},{"taxonomy":"product_tag","embeddable":true,"href":"https:\/\/minghanggroup.com\/tr\/wp-json\/wp\/v2\/product_tag?post=3938"}],"curies":[{"name":"wp","href":"https:\/\/api.w.org\/{rel}","templated":true}]}}