{"id":3932,"date":"2025-12-17T10:47:24","date_gmt":"2025-12-17T02:47:24","guid":{"rendered":"https:\/\/minghanggroup.com\/?post_type=product&#038;p=3932"},"modified":"2026-03-02T15:24:51","modified_gmt":"2026-03-02T07:24:51","slug":"square-borosilicate-large-glass-jars-with-lids-spoons-bulk","status":"publish","type":"product","link":"https:\/\/minghanggroup.com\/tr\/urun\/square-borosilicate-large-glass-jars-with-lids-spoons-bulk\/","title":{"rendered":"800 ml \u2013 1200 ml Kare Borosilikat B\u00fcy\u00fck Cam Kavanozlar, Kapaklar\u0131 ve Ka\u015f\u0131klar\u0131yla Birlikte (Toptan)"},"content":{"rendered":"<p>Kapakl\u0131 b\u00fcy\u00fck cam kavanozlar sadece \u00fcr\u00fcn saklamakla kalmamal\u0131, ayn\u0131 zamanda marka imaj\u0131n\u0131z\u0131 y\u00fckseltmeli ve \u00fcr\u00fcn kalitesini korumal\u0131d\u0131r. \u0130\u00e7eri\u011fi taze, sunuma haz\u0131r ve raf \u00f6mr\u00fc uzun olacak \u015fekilde tasarlanm\u0131\u015f, markan\u0131z\u0131n rekabet\u00e7i perakende ve toptan pazarlarda \u00f6ne \u00e7\u0131kmas\u0131na yard\u0131mc\u0131 olan birinci s\u0131n\u0131f cam saklama kavanozlar\u0131 \u00fcretiyoruz.<\/p>\n<h2>\u00dcr\u00fcn \u00d6zellikleri<\/h2>\n<ol>\n<li><strong>\u00c7ok Y\u00f6nl\u00fc Depolama: <\/strong>Kapakl\u0131 bu b\u00fcy\u00fck kare cam kavanozlar, bal ve soslardan kahve \u00e7ekirdeklerine ve kuru g\u0131dalara kadar her \u015feyi saklamak i\u00e7in idealdir; her t\u00fcrl\u00fc depolama \u00e7\u00f6z\u00fcm\u00fc i\u00e7in m\u00fckemmeldir.<\/li>\n<li><strong>Is\u0131ya Dayan\u0131kl\u0131l\u0131k: <\/strong>Dayan\u0131kl\u0131 borosilikat camdan \u00fcretilen bu \u0131s\u0131ya dayan\u0131kl\u0131 cam kavanozlar, \u00e7atlamadan s\u0131cakl\u0131k de\u011fi\u015fimlerine dayan\u0131r; g\u0131da saklama i\u00e7in idealdir.<\/li>\n<li><strong>Kullan\u0131m\u0131 Kolay Tasar\u0131m: <\/strong>Geni\u015f a\u011fz\u0131 ve birlikte verilen ka\u015f\u0131\u011f\u0131 sayesinde g\u00fcnl\u00fck saklama ihtiya\u00e7lar\u0131n\u0131z i\u00e7in doldurma, temizleme ve servis etme i\u015flemleri zahmetsiz hale gelir.<\/li>\n<\/ol>\n<h2>Temel \u00d6zellikler<\/h2>\n<table style=\"border-collapse: collapse; width: 80%; margin-left: auto; margin-right: auto;\" border=\"0\" width=\"360\" cellspacing=\"0\" cellpadding=\"0\">\n<tbody>\n<tr style=\"height: 13.50pt;\">\n<td style=\"height: 13.5pt; width: 54pt; text-align: center;\" width=\"72\" height=\"18\">Kapasite(ml)<\/td>\n<td style=\"width: 54pt; text-align: center;\" width=\"72\">Boyut(cm)<\/td>\n<td style=\"width: 54.00pt;\" width=\"72\">Malzeme<\/td>\n<td style=\"width: 54.00pt;\" width=\"72\">\u00d6zellikler<\/td>\n<td style=\"width: 54.00pt;\" width=\"72\">\u00c7ap<\/td>\n<\/tr>\n<tr style=\"height: 13.50pt;\">\n<td style=\"height: 13.5pt; text-align: center;\" height=\"18\">800<\/td>\n<td style=\"text-align: center;\">10 x 10 x 13<\/td>\n<td class=\"et2\" rowspan=\"3\">Borosilikat Cam<\/td>\n<td class=\"et2\" rowspan=\"3\">Kare, ka\u015f\u0131kl\u0131<\/td>\n<td class=\"et2\" rowspan=\"3\">100 mm<\/td>\n<\/tr>\n<tr style=\"height: 13.50pt;\">\n<td style=\"height: 13.5pt; text-align: center;\" height=\"18\">1000 (1 qt)<\/td>\n<td style=\"text-align: center;\">10 x 10 x 16<\/td>\n<\/tr>\n<tr style=\"height: 13.50pt;\">\n<td style=\"height: 13.5pt; text-align: center;\" height=\"18\">1200 (40 oz)<\/td>\n<td style=\"text-align: center;\">10 x 10 x 19<\/td>\n<\/tr>\n<\/tbody>\n<\/table>\n<h2>Ba\u015far\u0131 \u00d6rne\u011fi<\/h2>\n<p>Avrupa&#039;da faaliyet g\u00f6steren bir ev e\u015fyas\u0131 perakendecisi, kapakl\u0131, kare ve d\u00fcz \u00fcstl\u00fc borosilikat b\u00fcy\u00fck cam kavanozlar\u0131 piyasaya s\u00fcrd\u00fckten sonra, kahve \u00e7ekirdekleri ve kuru g\u0131da \u00fcr\u00fcnleri i\u00e7in temel bir te\u015fhir \u00fcr\u00fcn\u00fc olarak \u00f6ne \u00e7\u0131kard\u0131. Seri, \u015feffaf borosilikat cam\u0131, standart 100 mm bambu kapak boyutu ve i\u00e7ine yerle\u015ftirilmi\u015f ah\u015fap ka\u015f\u0131k i\u00e7eren \u00f6zg\u00fcn tasar\u0131m\u0131 sayesinde hem \u00e7evrimd\u0131\u015f\u0131 hem de \u00e7evrimi\u00e7i sat\u0131\u015flarda d\u00f6n\u00fc\u015f\u00fcm oranlar\u0131nda \u00f6nemli bir art\u0131\u015f ya\u015fad\u0131.<\/p>\n<p>Lansmandan sonraki \u00fc\u00e7\u00fcnc\u00fc ayda, bu t\u00fcr saklama kavanozlar\u0131n\u0131n sat\u0131\u015flar\u0131 bir \u00f6nceki y\u0131la g\u00f6re yakla\u015f\u0131k artt\u0131 ve m\u00fc\u015fteri ilk sipari\u015fi tamamlad\u0131ktan sonra iki ek sipari\u015f daha verdi.<\/p>\n<h2>\u00d6zelle\u015ftirme \u0130pu\u00e7lar\u0131n\u0131z<\/h2>\n<p>Y\u00fcksek borosilikat camdan \u00fcretilen bu b\u00fcy\u00fck cam kavanozlar, kahve \u00e7ekirdekleri, \u00e7ay yapraklar\u0131 ve tah\u0131llar gibi farkl\u0131 i\u00e7erikleri kullanabilmek i\u00e7in, hedef pazar konumland\u0131rmas\u0131na g\u00f6re kapasite kar\u0131\u015f\u0131m\u0131n\u0131 esnek bir \u015fekilde de\u011fi\u015ftirerek ve kavanoz y\u00fcksekli\u011fi oran\u0131n\u0131 ayarlayarak ki\u015fiselle\u015ftirilebilir. Bunun yan\u0131 s\u0131ra, marka stilini g\u00fc\u00e7lendirmek i\u00e7in 100 mm&#039;lik kapak i\u00e7in \u00e7e\u015fitli bambu a\u011fac\u0131 desenleri veya y\u00fczey i\u015flemleri se\u00e7ilebilir. Marka g\u00f6r\u00fcn\u00fcrl\u00fc\u011f\u00fc i\u00e7in serigrafi veya lazer markalama i\u00e7in ayr\u0131lm\u0131\u015f bir alana sahip kavanoz g\u00f6vdesi olabilir ve ka\u015f\u0131k sap\u0131 uzunlu\u011fu ve sabitleme y\u00f6ntemi, perakende veya catering kanallar\u0131n\u0131n kullan\u0131m s\u0131kl\u0131\u011f\u0131na g\u00f6re de\u011fi\u015ftirilerek, en etkili \u015fekilde kullan\u0131labilir. Bu nedenle, i\u015flevselli\u011fi korurken, te\u015fhirde daha y\u00fcksek d\u00fczeyde \u00fcr\u00fcn farkl\u0131la\u015ft\u0131rmas\u0131 ve daha iyi te\u015fhir etkinli\u011fi elde etmek m\u00fcmk\u00fcnd\u00fcr.<\/p>","protected":false},"excerpt":{"rendered":"<p>Y\u00fcksek borosilikat camdan yap\u0131lm\u0131\u015f, kapakl\u0131 b\u00fcy\u00fck cam kavanozlar. Mutfak depolama \u00e7\u00f6z\u00fcmleri i\u00e7in \u00f6zelle\u015ftirme ve toptan sat\u0131\u015f sunan fabrika \u00fcreticisi. \u00dccretsiz numune.<\/p>","protected":false},"featured_media":3933,"template":"","meta":{"postBodyCss":"","postBodyMargin":[],"postBodyPadding":[],"postBodyBackground":{"backgroundType":"classic","gradient":""}},"product_brand":[],"product_cat":[15,17,61],"product_tag":[68,67,100,70,69],"class_list":{"0":"post-3932","1":"product","2":"type-product","3":"status-publish","4":"has-post-thumbnail","6":"product_cat-glass-containers","7":"product_cat-glass-jars","8":"product_cat-glass-jars-with-lids","9":"product_tag-borosilicate-glass-jars","10":"product_tag-candy-jars","11":"product_tag-glass-coffee-jars","12":"product_tag-seasoning-jars","13":"product_tag-storage-jars","15":"first","16":"instock","17":"shipping-taxable","18":"product-type-simple"},"jetpack_sharing_enabled":true,"_links":{"self":[{"href":"https:\/\/minghanggroup.com\/tr\/wp-json\/wp\/v2\/product\/3932","targetHints":{"allow":["GET"]}}],"collection":[{"href":"https:\/\/minghanggroup.com\/tr\/wp-json\/wp\/v2\/product"}],"about":[{"href":"https:\/\/minghanggroup.com\/tr\/wp-json\/wp\/v2\/types\/product"}],"wp:featuredmedia":[{"embeddable":true,"href":"https:\/\/minghanggroup.com\/tr\/wp-json\/wp\/v2\/media\/3933"}],"wp:attachment":[{"href":"https:\/\/minghanggroup.com\/tr\/wp-json\/wp\/v2\/media?parent=3932"}],"wp:term":[{"taxonomy":"product_brand","embeddable":true,"href":"https:\/\/minghanggroup.com\/tr\/wp-json\/wp\/v2\/product_brand?post=3932"},{"taxonomy":"product_cat","embeddable":true,"href":"https:\/\/minghanggroup.com\/tr\/wp-json\/wp\/v2\/product_cat?post=3932"},{"taxonomy":"product_tag","embeddable":true,"href":"https:\/\/minghanggroup.com\/tr\/wp-json\/wp\/v2\/product_tag?post=3932"}],"curies":[{"name":"wp","href":"https:\/\/api.w.org\/{rel}","templated":true}]}}