{"id":3922,"date":"2025-12-15T11:39:10","date_gmt":"2025-12-15T03:39:10","guid":{"rendered":"https:\/\/minghanggroup.com\/?post_type=product&#038;p=3922"},"modified":"2025-12-16T11:44:42","modified_gmt":"2025-12-16T03:44:42","slug":"wide-mouth-glass-empty-water-bottles-for-drinking-bulk","status":"publish","type":"product","link":"https:\/\/minghanggroup.com\/tr\/urun\/wide-mouth-glass-empty-water-bottles-for-drinking-bulk\/","title":{"rendered":"550 ml Geni\u015f A\u011f\u0131zl\u0131 Cam Bo\u015f Su \u015ei\u015feleri (Toptan Sat\u0131\u015f)"},"content":{"rendered":"<p>Kolayca y\u0131rt\u0131lan ve markan\u0131z\u0131n ucuz g\u00f6r\u00fcnmesine neden olan plastik \u015fi\u015feleri kullanmay\u0131 b\u0131rak\u0131n. Sadece su ihtiyac\u0131n\u0131z\u0131 kar\u015f\u0131lamakla kalmay\u0131p ayn\u0131 zamanda markan\u0131z\u0131n \u00f6ne \u00e7\u0131kmas\u0131n\u0131 sa\u011flayan y\u00fcksek kaliteli i\u00e7me suyu \u015fi\u015feleri \u00fcretiyoruz. Bu \u00f6zel tasar\u0131m bo\u015f su \u015fi\u015feleri, toptan sat\u0131\u015fta ba\u015far\u0131ya ula\u015fman\u0131z i\u00e7in en iyi se\u00e7imdir.<\/p>\n<h2>\u00dcr\u00fcn \u00d6zellikleri<\/h2>\n<ol>\n<li><strong>Geni\u015f A\u011f\u0131z Kolayl\u0131\u011f\u0131: <\/strong>38 mm geni\u015fli\u011findeki a\u011fz\u0131 sayesinde g\u00fcnl\u00fck su ihtiyac\u0131n\u0131z\u0131 kar\u015f\u0131lamak i\u00e7in suyunuzu doldurabilir, temizleyebilir ve i\u00e7ine meyve veya \u00e7ay yapraklar\u0131 ekleyebilirsiniz.<\/li>\n<li><strong>Dayan\u0131kl\u0131 Borosilikat Cam: <\/strong>\u00dcr\u00fcn, bula\u015f\u0131k makinesinde y\u0131kanabilir, dondurucuda saklanabilir ve \u0131s\u0131 \u015fokuna dayan\u0131kl\u0131, dayan\u0131kl\u0131 borosilikat camdan \u00fcretilmi\u015ftir; art\u0131k s\u0131z\u0131nt\u0131 veya k\u0131r\u0131lma olmayacak.<\/li>\n<li><strong>\u015e\u0131k ve D\u00fcz Tasar\u0131m: <\/strong>Minimalist ve sade tasar\u0131m\u0131, suyunuzun tazeli\u011fini korurken ayn\u0131 zamanda i\u00e7indekileri g\u00f6rmenizi sa\u011flar.<\/li>\n<li><strong>Paslanmaz \u00c7elik Kapak: <\/strong>S\u0131k\u0131ca kapanan paslanmaz \u00e7elik kapak, i\u00e7ece\u011finizi g\u00fcvende tutarak ta\u015f\u0131may\u0131 kolayla\u015ft\u0131r\u0131r ve s\u0131zd\u0131rmaz hale getirir.<\/li>\n<\/ol>\n<h2>Temel \u00d6zellikler<\/h2>\n<table style=\"border-collapse: collapse; width: 80%; margin-left: auto; margin-right: auto;\" border=\"0\" width=\"360\" cellspacing=\"0\" cellpadding=\"0\">\n<tbody>\n<tr style=\"height: 13.50pt;\">\n<td style=\"height: 13.5pt; width: 54pt; text-align: center;\" width=\"72\" height=\"18\">Kapasite<\/td>\n<td style=\"width: 54pt; text-align: center;\" width=\"72\">Boyut (cm)<\/td>\n<td style=\"width: 54pt; text-align: center;\" width=\"72\">\u00c7ap<\/td>\n<td style=\"width: 54pt; text-align: center;\" width=\"72\">Malzeme<\/td>\n<td style=\"width: 54pt; text-align: center;\" width=\"72\">Renk<\/td>\n<\/tr>\n<tr style=\"height: 13.50pt;\">\n<td style=\"height: 13.5pt; text-align: center;\" height=\"18\">550 ml<\/td>\n<td style=\"text-align: center;\">6,6\u00d722,3<\/td>\n<td style=\"text-align: center;\">38 mm<\/td>\n<td style=\"text-align: center;\">Borosilikat<\/td>\n<td style=\"text-align: center;\">Temizle veya \u00d6zel<\/td>\n<\/tr>\n<\/tbody>\n<\/table>\n<h2>Ba\u015far\u0131 \u00d6rne\u011fi<\/h2>\n<p>Yerel bir i\u00e7ecek \u015firketi, so\u011fuk demlenmi\u015f kahve ve bitki \u00e7ay\u0131 serilerini sergilemek i\u00e7in bu geni\u015f a\u011f\u0131zl\u0131 i\u00e7me suyu \u015fi\u015felerinin en iyi ambalaj olaca\u011f\u0131na karar verdi. Geni\u015f a\u011f\u0131zl\u0131 tasar\u0131m, doldurma i\u015flemini \u00e7ok h\u0131zl\u0131 hale getirirken, a\u011f\u0131r ve sa\u011flam \u015fi\u015fe g\u00f6vdesi de yolculuk ve ma\u011faza s\u0131ras\u0131nda k\u0131r\u0131lma durumlar\u0131n\u0131 \u00f6nemli \u00f6l\u00e7\u00fcde azaltt\u0131. Ayr\u0131ca, cam\u0131n \u00e7ok \u015feffaf olmas\u0131, \u00fcr\u00fcn\u00fcn rengini ve i\u00e7indeki malzemeleri g\u00f6r\u00fcn\u00fcr hale getirerek, bir ma\u011fazada m\u00fc\u015fterileri \u00e7ekmenin harika bir yolunu sa\u011flad\u0131.<\/p>\n<p>\u00dcr\u00fcn piyasaya s\u00fcr\u00fcld\u00fckten sonra, ma\u011fazalardaki sat\u0131\u015flar h\u0131zland\u0131 ve tekrar sipari\u015fler gelmeye devam etti.<\/p>\n<h2>\u00d6zelle\u015ftirme \u0130pu\u00e7lar\u0131n\u0131z<\/h2>\n<p>Bu geni\u015f a\u011f\u0131zl\u0131 i\u00e7me suyu \u015fi\u015felerini ki\u015fiselle\u015ftirirken, do\u011frudan i\u00e7me, ta\u015f\u0131ma veya saklama durumuna uygun olarak metal vidal\u0131 kapaklar, plastik kapaklar veya silikon s\u0131zd\u0131rmazl\u0131k kapaklar\u0131 aras\u0131ndan se\u00e7im yapabilirsiniz. \u015ei\u015fe g\u00f6vdesi, marka bilinirli\u011fini art\u0131rmak i\u00e7in serigrafi bask\u0131, etiketleme veya buzlu kaplama yoluyla bask\u0131 yap\u0131labilir ve \u00e7ay s\u00fczge\u00e7leri, pipetler veya koruyucu k\u0131l\u0131flar gibi farkl\u0131 aksesuarlarla birlikte sunulabilir.<\/p>","protected":false},"excerpt":{"rendered":"<p>\u015eeffaf camdan yap\u0131lm\u0131\u015f, i\u00e7ecek doldurmak i\u00e7in ideal bo\u015f su \u015fi\u015feleri. Su \u015fi\u015feleri i\u00e7in \u00f6zelle\u015ftirme ve toptan sat\u0131\u015f hizmeti sunan fabrika \u00fcreticisi.<\/p>","protected":false},"featured_media":3924,"template":"","meta":{"postBodyCss":"","postBodyMargin":[],"postBodyPadding":[],"postBodyBackground":{"backgroundType":"classic","gradient":""}},"product_brand":[],"product_cat":[15,16,60],"product_tag":[],"class_list":{"0":"post-3922","1":"product","2":"type-product","3":"status-publish","4":"has-post-thumbnail","6":"product_cat-glass-containers","7":"product_cat-glass-bottles","8":"product_cat-water-bottles","10":"first","11":"instock","12":"shipping-taxable","13":"product-type-simple"},"jetpack_sharing_enabled":true,"_links":{"self":[{"href":"https:\/\/minghanggroup.com\/tr\/wp-json\/wp\/v2\/product\/3922","targetHints":{"allow":["GET"]}}],"collection":[{"href":"https:\/\/minghanggroup.com\/tr\/wp-json\/wp\/v2\/product"}],"about":[{"href":"https:\/\/minghanggroup.com\/tr\/wp-json\/wp\/v2\/types\/product"}],"wp:featuredmedia":[{"embeddable":true,"href":"https:\/\/minghanggroup.com\/tr\/wp-json\/wp\/v2\/media\/3924"}],"wp:attachment":[{"href":"https:\/\/minghanggroup.com\/tr\/wp-json\/wp\/v2\/media?parent=3922"}],"wp:term":[{"taxonomy":"product_brand","embeddable":true,"href":"https:\/\/minghanggroup.com\/tr\/wp-json\/wp\/v2\/product_brand?post=3922"},{"taxonomy":"product_cat","embeddable":true,"href":"https:\/\/minghanggroup.com\/tr\/wp-json\/wp\/v2\/product_cat?post=3922"},{"taxonomy":"product_tag","embeddable":true,"href":"https:\/\/minghanggroup.com\/tr\/wp-json\/wp\/v2\/product_tag?post=3922"}],"curies":[{"name":"wp","href":"https:\/\/api.w.org\/{rel}","templated":true}]}}