{"id":3916,"date":"2025-12-12T09:23:52","date_gmt":"2025-12-12T01:23:52","guid":{"rendered":"https:\/\/minghanggroup.com\/?post_type=product&#038;p=3916"},"modified":"2026-01-20T13:49:27","modified_gmt":"2026-01-20T05:49:27","slug":"empty-cylinder-small-glass-storage-jars-with-lids-bulk","status":"publish","type":"product","link":"https:\/\/minghanggroup.com\/tr\/urun\/empty-cylinder-small-glass-storage-jars-with-lids-bulk\/","title":{"rendered":"45 ml, 60 ml, 100 ml, 130 ml Bo\u015f Silindir \u015eeklinde K\u00fc\u00e7\u00fck Cam Saklama Kavanozlar\u0131 (Kapakl\u0131) (Toptan)"},"content":{"rendered":"<p>Bu zarif ve sade, kapakl\u0131 k\u00fc\u00e7\u00fck cam saklama kavanozlar\u0131, uzun, silindir \u015feklinde, g\u00fczel ve \u015feffaf camdan \u00fcretilmi\u015ftir. Kompakt tasar\u0131m\u0131 ve hava ge\u00e7irmez yap\u0131s\u0131 sayesinde, d\u00fczenli bir \u015fekilde saklamak istedi\u011finiz \u00e7e\u015fitli k\u00fc\u00e7\u00fck e\u015fyalar i\u00e7in ideal bir saklama \u00e7\u00f6z\u00fcm\u00fcd\u00fcr.<\/p>\n<h2>\u00dcr\u00fcn \u00d6zellikleri<\/h2>\n<ul>\n<li><strong>\u0130nce Silindirik \u015eekil:<\/strong> \u015eeffaf cam ve ince silindirik \u015feklin etkile\u015fimi, i\u00e7indekileri an\u0131nda g\u00f6rebilmenizi sa\u011flayarak depolama alan\u0131n\u0131 etkili bir \u015fekilde g\u00f6rselle\u015ftiriyor.<\/li>\n<li><strong>Ge\u00e7meli S\u0131zd\u0131rmazl\u0131k Tasar\u0131m\u0131:<\/strong> Metal ge\u00e7meli kapak sayesinde m\u00fckemmel bir s\u0131zd\u0131rmazl\u0131k sa\u011flan\u0131r; bu nedenle az miktarda s\u0131v\u0131 ve kuru g\u0131da saklamak iyi bir fikirdir.<\/li>\n<li><strong>\u00c7e\u015fitli kapasiteler mevcuttur:<\/strong> D\u00f6rt farkl\u0131 kapasite se\u00e7ene\u011fiyle farkl\u0131 depolama ihtiya\u00e7lar\u0131 kar\u015f\u0131lanabilir.<\/li>\n<\/ul>\n<h2 style=\"text-align: left;\">Temel \u00d6zellikler<\/h2>\n<table class=\"aligncenter\" style=\"border-collapse: collapse; width: 413.27pt;\" border=\"0\" width=\"551\" cellspacing=\"0\" cellpadding=\"0\">\n<tbody>\n<tr style=\"height: 13.50pt;\">\n<td style=\"height: 13.50pt; width: 86.25pt;\" width=\"115\" height=\"18\">\u015eartname<\/td>\n<td style=\"width: 327.00pt;\" width=\"436\">Detaylar<\/td>\n<\/tr>\n<tr style=\"height: 13.50pt;\">\n<td style=\"height: 13.50pt;\" height=\"18\">Kapasite\u200b<\/td>\n<td>45ml \/ 60ml \/ 100ml \/ 130ml<\/td>\n<\/tr>\n<tr style=\"height: 13.50pt;\">\n<td style=\"height: 13.50pt;\" height=\"18\">Boyutlar\u200b<\/td>\n<td>4.5\u00d76.5cm \/ 4.4\u00d78.5cm \/ 4.4\u00d710.8cm \/ 4.4\u00d713.2cm<\/td>\n<\/tr>\n<tr style=\"height: 13.50pt;\">\n<td style=\"height: 13.50pt;\" height=\"18\">Malzeme<\/td>\n<td>\u015eeffaf Cam<\/td>\n<\/tr>\n<tr style=\"height: 13.50pt;\">\n<td style=\"height: 13.50pt;\" height=\"18\">Jar Shape\u200b<\/td>\n<td>\u0130nce Silindir<\/td>\n<\/tr>\n<tr style=\"height: 13.50pt;\">\n<td style=\"height: 13.50pt;\" height=\"18\">Kapak Tipi\u200b<\/td>\n<td>Tel Halkal\u0131 Metal Kelep\u00e7eli Kapak<\/td>\n<\/tr>\n<tr style=\"height: 13.50pt;\">\n<td style=\"height: 13.50pt;\" height=\"18\">\u0130deal Olanlar \u0130\u00e7in<\/td>\n<td>K\u00fc\u00e7\u00fck cam saklama kavanozlar\u0131, hava ge\u00e7irmez kapakl\u0131 cam kavanoz<\/td>\n<\/tr>\n<\/tbody>\n<\/table>\n<h2>Ba\u015far\u0131 \u00d6yk\u00fcs\u00fc: Bir \u00c7ay Markas\u0131n\u0131n Ambalaj Ba\u015far\u0131 Hikayesi<\/h2>\n<p>\u00c7ay markas\u0131, yeni piyasaya s\u00fcr\u00fclen \u00f6rnek \u00fcr\u00fcn serisi i\u00e7in \u015f\u0131k bir ambalaja ihtiya\u00e7 duyuyordu. Son tercihleri, kapakl\u0131 100 ml&#039;lik k\u00fc\u00e7\u00fck cam saklama kavanozumuz oldu. Sonu\u00e7 olarak, iyi s\u0131zd\u0131rmazl\u0131k sayesinde \u00fcr\u00fcn\u00fcn raf \u00f6mr\u00fc eski ambalaja k\u0131yasla artt\u0131. \u0130nce tasar\u0131m, te\u015fhir alan\u0131ndan tasarruf sa\u011flad\u0131 ve b\u00f6ylece \u00fcr\u00fcn \u00e7e\u015fitlili\u011fi artt\u0131. Bu ba\u015far\u0131y\u0131 s\u00fcrd\u00fcrmek i\u00e7in, yurt d\u0131\u015f\u0131 pazarlar i\u00e7in 300.000 adet daha cam kavanoz sipari\u015fi verdiler.<\/p>\n<h2>Kapakl\u0131 Cam Saklama Kavanozu, \u00d6zelle\u015ftirme Se\u00e7enekleri<\/h2>\n<ul>\n<li>Marka logosu serigrafi bask\u0131s\u0131 \u2013 Uzun \u00f6m\u00fcrl\u00fc seramik m\u00fcrekkep kullan\u0131larak marka logosu bas\u0131lm\u0131\u015ft\u0131r.<\/li>\n<li>Kabartmal\u0131 kapasite i\u015faretleri \u2013 K\u00fc\u00e7\u00fck, zarif, y\u00fckseltilmi\u015f \u00f6l\u00e7ek \u00e7izgileri eklenmi\u015ftir.<\/li>\n<li>Renkli cam se\u00e7enekleri \u2013 Amber veya kobalt mavisi cam mevcuttur.<\/li>\n<li>Buzlu kenar \u2013 \u015e\u0131k mat \u00e7izgiler olu\u015fturur<\/li>\n<\/ul>","protected":false},"excerpt":{"rendered":"<p>Temiz ve d\u00fczenli bir g\u00f6r\u00fcn\u00fcm i\u00e7in tasarlanm\u0131\u015f kapakl\u0131 cam saklama kavanozlar\u0131m\u0131z\u0131 ve k\u00fc\u00e7\u00fck cam saklama kavanozlar\u0131m\u0131z\u0131 ke\u015ffedin. S\u0131v\u0131lar veya baharatlar i\u00e7in m\u00fckemmeldir, h\u0131zl\u0131 kargo se\u00e7ene\u011fiyle sunulmaktad\u0131r.<\/p>","protected":false},"featured_media":3917,"template":"","meta":{"postBodyCss":"","postBodyMargin":[],"postBodyPadding":[],"postBodyBackground":{"backgroundType":"classic","gradient":""}},"product_brand":[],"product_cat":[15,17,59],"product_tag":[66],"class_list":{"0":"post-3916","1":"product","2":"type-product","3":"status-publish","4":"has-post-thumbnail","6":"product_cat-glass-containers","7":"product_cat-glass-jars","8":"product_cat-glass-storage-jars","9":"product_tag-swing-top-jars","11":"first","12":"instock","13":"shipping-taxable","14":"product-type-simple"},"jetpack_sharing_enabled":true,"_links":{"self":[{"href":"https:\/\/minghanggroup.com\/tr\/wp-json\/wp\/v2\/product\/3916","targetHints":{"allow":["GET"]}}],"collection":[{"href":"https:\/\/minghanggroup.com\/tr\/wp-json\/wp\/v2\/product"}],"about":[{"href":"https:\/\/minghanggroup.com\/tr\/wp-json\/wp\/v2\/types\/product"}],"wp:featuredmedia":[{"embeddable":true,"href":"https:\/\/minghanggroup.com\/tr\/wp-json\/wp\/v2\/media\/3917"}],"wp:attachment":[{"href":"https:\/\/minghanggroup.com\/tr\/wp-json\/wp\/v2\/media?parent=3916"}],"wp:term":[{"taxonomy":"product_brand","embeddable":true,"href":"https:\/\/minghanggroup.com\/tr\/wp-json\/wp\/v2\/product_brand?post=3916"},{"taxonomy":"product_cat","embeddable":true,"href":"https:\/\/minghanggroup.com\/tr\/wp-json\/wp\/v2\/product_cat?post=3916"},{"taxonomy":"product_tag","embeddable":true,"href":"https:\/\/minghanggroup.com\/tr\/wp-json\/wp\/v2\/product_tag?post=3916"}],"curies":[{"name":"wp","href":"https:\/\/api.w.org\/{rel}","templated":true}]}}